{"id":542,"date":"2020-01-13T14:41:29","date_gmt":"2020-01-13T14:41:29","guid":{"rendered":"http:\/\/fishing-guides-slovenia.com\/fishing-seasons-in-slovenia\/"},"modified":"2020-01-13T14:41:29","modified_gmt":"2020-01-13T14:41:29","slug":"fiskesaesoner-i-slovenien","status":"publish","type":"page","link":"https:\/\/fishing-guides-slovenia.com\/da\/fishing-seasons-in-slovenia\/","title":{"rendered":"Fiskes\u00e6soner i Slovenien"},"content":{"rendered":"<h3 class=\"wp-block-heading\" id=\"January\"><strong>Januar<\/strong><\/h3>\n\n\n\n<p>I januar er Huchen, kongen af slovenske fisk, konstant p\u00e5 jagt efter bytte, s\u00e5 det er ikke umuligt at fange de store fisk. Men husk p\u00e5, at du har indtil midten af februar til at g\u00f8re det. Hvad ang\u00e5r gedde, er denne slovenske ferskvandsrovdyr aktiv i de kolde vinterm\u00e5neder.<\/p>\n\n\n\n<h3 class=\"wp-block-heading\" id=\"February\"><strong>Februar<\/strong><\/h3>\n\n\n\n<p>I denne frostm\u00e5ned er Huchen og gedder aktive og kan fanges i gode st\u00f8rrelser. Varmt t\u00f8j og t\u00e5lmodighed er p\u00e5kr\u00e6vet.&nbsp;<\/p>\n\n\n\n<figure class=\"wp-block-image\"><img decoding=\"async\" src=\"https:\/\/960335.smushcdn.com\/2671427\/wp-content\/uploads\/2020\/04\/webp_net_resizeimage_9sfN9.webp?lossy=1&amp;strip=1&amp;webp=1\" alt=\"Resultat af morgener med fluefiskeri p\u00e5 So\u010da-floden\"\/><\/figure>\n\n\n\n<h3 class=\"wp-block-heading\" id=\"March\"><strong>Marts<\/strong><\/h3>\n\n\n\n<p>I begyndelsen af denne m\u00e5ned begynder naturen at v\u00e5gne og dermed ogs\u00e5 karpen. Mod slutningen af marts kan visse floder ogs\u00e5 tilbyde \u00f8rreder i rimelige m\u00e6ngder.&nbsp;&nbsp;&nbsp;<\/p>\n\n\n\n<h3 class=\"wp-block-heading\" id=\"April\"><strong>April<\/strong><\/h3>\n\n\n\n<p>S\u00e6sonen for fluefiskeri er officielt \u00e5bnet med alle typer \u00f8rreder i overflod.&nbsp;<\/p>\n\n\n\n<figure class=\"wp-block-image\"><img decoding=\"async\" src=\"https:\/\/960335.smushcdn.com\/2671427\/wp-content\/uploads\/2020\/04\/webp_net_resizeimage_3CyJz.webp?lossy=1&amp;strip=1&amp;webp=1\" alt=\"Lang slank regnbue\u00f8rred fanget i Savinja-floden\"\/><\/figure>\n\n\n\n<h3 class=\"wp-block-heading\" id=\"May\"><strong>maj<\/strong><\/h3>\n\n\n\n<p>Denne vidunderlige tid p\u00e5 \u00e5ret markerer starten p\u00e5 gedde-s\u00e6sonen. Det er den perfekte tid til at fange dette uhyrlige rovdyr. I midten af maj \u00e5bner gr\u00e5s\u00e6slinges\u00e6sonen og l\u00f8ber indtil sent p\u00e5 efter\u00e5ret.&nbsp;&nbsp;<\/p>\n\n\n\n<p>Maj er ogs\u00e5 en god m\u00e5ned for dem, der gerne vil fange en stor Wels Catfish. Sammen med barber er wels mest aktiv om for\u00e5ret, med en beskyttelsesperiode fra 1. maj til 30. juni.&nbsp;<\/p>\n\n\n\n<h3 class=\"wp-block-heading\" id=\"July and August\"><strong>Juli og august<\/strong><\/h3>\n\n\n\n<p>Sommerm\u00e5nederne er mest rigelige. Alle fiskearter kan fanges i denne varme periode. Dagene er l\u00e6ngere, og det samme er tiden til at fiske. Natfiskeri efter karper er altid en glimrende id\u00e9.&nbsp;<\/p>\n\n\n\n<figure class=\"wp-block-image\"><img decoding=\"async\" src=\"https:\/\/960335.smushcdn.com\/2671427\/wp-content\/uploads\/2020\/02\/pike-2.webp?lossy=1&amp;strip=1&amp;webp=1\" alt=\"Fiskeren og hans st\u00f8rste fangst i dag\"\/><\/figure>\n\n\n\n<h3 class=\"wp-block-heading\" id=\"September\"><strong>September<\/strong><\/h3>\n\n\n\n<p>Det tidlige efter\u00e5r begynder langsomt at g\u00e5 p\u00e5 h\u00e6ld, og fiskene har travlt med at fodre sig til vinterhvilen. Efter\u00e5ret er perfekt til at fange fisk af n\u00e6sten alle arter.&nbsp;<\/p>\n\n\n\n<h3 class=\"wp-block-heading\" id=\"October\"><strong>Oktober<\/strong><\/h3>\n\n\n\n<p>I begyndelsen af denne m\u00e5ned er s\u00e6sonen for fangst af kongen af de slovenske farvande, Donaulaksen, igen \u00e5ben. Du kan fange denne fantastiske fisk helt frem til den 15. februar. Sidst i oktober slutter s\u00e6sonen for marmor\u00f8rred. Hvis efter\u00e5rsm\u00e5nederne er varme nok, kan man stadig fange de fleste slovenske fisk indtil november.&nbsp;&nbsp;<\/p>\n\n\n\n<figure class=\"wp-block-image\"><img decoding=\"async\" src=\"https:\/\/960335.smushcdn.com\/2671427\/wp-content\/uploads\/2020\/02\/rainbow-trout-1.webp?lossy=1&amp;strip=1&amp;webp=1\" alt=\"Fisker med regnbue\u00f8rred i h\u00e6nderne\"\/><\/figure>\n\n\n\n<h3 class=\"wp-block-heading\" id=\"November\"><strong>November<\/strong><\/h3>\n\n\n\n<p>Det er den tid, hvor naturen begynder at falde til ro. Det er tid for elskere af fred og ensomhed til at begive sig ud p\u00e5 floder og s\u00f8er med det form\u00e5l at fange karper, \u00f8rreder og \u00f8rreder i trof\u00e6st\u00f8rrelse.<\/p>\n\n\n\n<figure class=\"wp-block-image\"><img decoding=\"async\" src=\"https:\/\/960335.smushcdn.com\/2671427\/wp-content\/uploads\/2020\/03\/Robert-R.webp?lossy=1&amp;strip=1&amp;webp=1\" alt=\"Fiskeri p\u00e5 det slovenske hav\"\/><figcaption>Robert R Fiskeguide<\/figcaption><\/figure>\n\n\n\n<h3 class=\"wp-block-heading\" id=\"December\"><strong>December<\/strong><\/h3>\n\n\n\n<p>Det er den periode, hvor de fleste fisk er mindre aktive, men vinters\u00e6sonen har sine fordele. Den store Huchen kan fanges helt frem til midten af februar, og gedden er stadig en givende fangst indtil slutningen af januar, og en karpe i trof\u00e6st\u00f8rrelse venter stadig i det iskolde vand i Bled-s\u00f8en.<\/p>","protected":false},"excerpt":{"rendered":"<p>Januar I januar er Huchen, kongen af slovenske fisk, konstant p\u00e5 udkig efter bytte, s\u00e5 det er ikke en umulig opgave at fange de store. Men husk p\u00e5, at du har indtil midten af februar til at g\u00f8re det. Hvad ang\u00e5r gedden, er dette slovenske ferskvandsrovdyr aktivt i de kolde vinterm\u00e5neder. Februar I denne iskolde ... <a href=\"https:\/\/fishing-guides-slovenia.com\/da\/fishing-seasons-in-slovenia\/\">Fortsat<\/a><\/p>","protected":false},"author":46,"featured_media":0,"parent":0,"menu_order":12,"comment_status":"open","ping_status":"open","template":"","meta":{"footnotes":""},"class_list":["post-542","page","type-page","status-publish","hentry"],"acf":{"page_subheading":"The good news is that fishing can be enjoyed in Slovenia all year round. Check out the months to enjoy Fly, Carp or Sea fishing in Slovenia."},"_links":{"self":[{"href":"https:\/\/fishing-guides-slovenia.com\/da\/wp-json\/wp\/v2\/pages\/542","targetHints":{"allow":["GET"]}}],"collection":[{"href":"https:\/\/fishing-guides-slovenia.com\/da\/wp-json\/wp\/v2\/pages"}],"about":[{"href":"https:\/\/fishing-guides-slovenia.com\/da\/wp-json\/wp\/v2\/types\/page"}],"author":[{"embeddable":true,"href":"https:\/\/fishing-guides-slovenia.com\/da\/wp-json\/wp\/v2\/users\/46"}],"replies":[{"embeddable":true,"href":"https:\/\/fishing-guides-slovenia.com\/da\/wp-json\/wp\/v2\/comments?post=542"}],"version-history":[{"count":0,"href":"https:\/\/fishing-guides-slovenia.com\/da\/wp-json\/wp\/v2\/pages\/542\/revisions"}],"wp:attachment":[{"href":"https:\/\/fishing-guides-slovenia.com\/da\/wp-json\/wp\/v2\/media?parent=542"}],"curies":[{"name":"wp","href":"https:\/\/api.w.org\/{rel}","templated":true}]}}