{"id":560,"date":"2020-04-22T21:48:47","date_gmt":"2020-04-22T21:48:47","guid":{"rendered":"http:\/\/fishing-guides-slovenia.com\/tailor-made\/"},"modified":"2022-12-05T11:00:38","modified_gmt":"2022-12-05T11:00:38","slug":"skraeddersyet","status":"publish","type":"page","link":"https:\/\/fishing-guides-slovenia.com\/da\/tailor-made\/","title":{"rendered":"Skr\u00e6ddersyet"},"content":{"rendered":"<p>Vi garanterer, at alle produkter p\u00e5 vores hjemmeside er designet til at give dig den&nbsp;<strong>bedste fiskeoplevelse<\/strong>&nbsp;Slovenien har at byde p\u00e5. Da vi er klar over, at det er umuligt at d\u00e6kke alt, og at dine \u00f8nsker kan afvige fra vores tilbud, giver vi dig mulighed for at designe din helt egen fiskeferie.&nbsp;<\/p>\n\n\n\n<p>Du kan helt tilpasse din<strong>Taylor-made fiskeferie i Slovenien<\/strong>efter dine \u00f8nsker, og vi er her for at hj\u00e6lpe dig hele vejen igennem. V\u00e6lg hvor mange dage du vil blive, hvilke farvande du vil fiske i, hvilke fisketeknikker du vil pr\u00f8ve, hvilken form for indkvartering du foretr\u00e6kker... Du kan endda v\u00e6lge hvor eller hvad du vil spise.<\/p>\n\n\n\n<p>Vi er her for at g\u00f8re det hele muligt, for at give dig den<strong>bedste fiskeguider<\/strong>derude og for at sikre, at du vender tilbage en dag. S\u00e5 t\u00f8v ikke med at fort\u00e6lle os alt, hvad du \u00f8nsker, og pr\u00e6cis hvordan du \u00f8nsker det.<\/p>\n\n\n\n<p>Hvordan virker det?<\/p>\n\n\n\n<p>Du kan enten v\u00e6lge en af vores&nbsp;<strong>eksisterende fiskeriferiepakker<\/strong>&nbsp;og \u00e6ndre den efter dine \u00f8nsker, eller vi kan oprette en&nbsp;<strong>en personlig pakke, der er specielt designet til dig<\/strong>.<\/p>\n\n\n\n<p>Det eneste, du skal g\u00f8re, er at&nbsp;<strong>udfylde foresp\u00f8rgslen<\/strong>&nbsp;hvor du angiver alle dine \u00f8nsker, og vi vil kontakte dig for at dr\u00f8fte alle detaljerne i din n\u00e6ste perfekte fiskeferie.<\/p>","protected":false},"excerpt":{"rendered":"<p>Vi garanterer, at alle produkter p\u00e5 vores hjemmeside er designet til at give dig den bedste fiskeoplevelse, Slovenien har at byde p\u00e5. Da vi er klar over, at det er umuligt at d\u00e6kke alt, og at dine \u00f8nsker kan afvige fra vores tilbud, giver vi dig mulighed for at designe din helt egen fiskeferie.  Du kan helt tilpasse ... <a href=\"https:\/\/fishing-guides-slovenia.com\/da\/tailor-made\/\">Fortsat<\/a><\/p>","protected":false},"author":46,"featured_media":1553,"parent":0,"menu_order":28,"comment_status":"open","ping_status":"open","template":"","meta":{"footnotes":""},"class_list":["post-560","page","type-page","status-publish","has-post-thumbnail","hentry"],"acf":{"page_subheading":"Personalise your fishing holidays in Slovenia and get an all-inclusive experience. Everything tailored exactly to your needs and wishes."},"_links":{"self":[{"href":"https:\/\/fishing-guides-slovenia.com\/da\/wp-json\/wp\/v2\/pages\/560","targetHints":{"allow":["GET"]}}],"collection":[{"href":"https:\/\/fishing-guides-slovenia.com\/da\/wp-json\/wp\/v2\/pages"}],"about":[{"href":"https:\/\/fishing-guides-slovenia.com\/da\/wp-json\/wp\/v2\/types\/page"}],"author":[{"embeddable":true,"href":"https:\/\/fishing-guides-slovenia.com\/da\/wp-json\/wp\/v2\/users\/46"}],"replies":[{"embeddable":true,"href":"https:\/\/fishing-guides-slovenia.com\/da\/wp-json\/wp\/v2\/comments?post=560"}],"version-history":[{"count":2,"href":"https:\/\/fishing-guides-slovenia.com\/da\/wp-json\/wp\/v2\/pages\/560\/revisions"}],"predecessor-version":[{"id":1271,"href":"https:\/\/fishing-guides-slovenia.com\/da\/wp-json\/wp\/v2\/pages\/560\/revisions\/1271"}],"wp:featuredmedia":[{"embeddable":true,"href":"https:\/\/fishing-guides-slovenia.com\/da\/wp-json\/wp\/v2\/media\/1553"}],"wp:attachment":[{"href":"https:\/\/fishing-guides-slovenia.com\/da\/wp-json\/wp\/v2\/media?parent=560"}],"curies":[{"name":"wp","href":"https:\/\/api.w.org\/{rel}","templated":true}]}}