{"id":561,"date":"2020-04-22T22:31:31","date_gmt":"2020-04-22T22:31:31","guid":{"rendered":"http:\/\/fishing-guides-slovenia.com\/equipment-rental\/"},"modified":"2022-12-05T09:59:38","modified_gmt":"2022-12-05T09:59:38","slug":"udlejning-af-udstyr","status":"publish","type":"page","link":"https:\/\/fishing-guides-slovenia.com\/da\/equipment-rental\/","title":{"rendered":"Udlejning af udstyr"},"content":{"rendered":"<p><\/p>\n\n\n\n<p>Nogle af jer har allerede planer for jeres fisketur i Slovenien, har allerede alle detaljerne og ved, hvor I skal fiske, men jeres problem er, at I flyver eller har andre problemer med at transportere jeres fiskeudstyr til vores land. Bare rolig, vi kan ogs\u00e5 tage os af det. Specielt til tilf\u00e6lde som dette har vi en masse ekstra udstyr, som det er muligt at leje. Til alle former for fiskeri (undtagen havfiskeri) har vi alt det udstyr, du har brug for, lige fra st\u00e6nger, waders og telte ned til den mindste fluekrog.<\/p>\n\n\n\n<p>Vores bureau ligger i Ljubljana, hvor du kan hente udstyret og aflevere det igen, men mod en ekstra pris kan vi ogs\u00e5 levere udstyret til dig og hente det igen i slutningen af dagen\/sessionen.<\/p>\n\n\n\n<figure class=\"wp-block-image\"><img decoding=\"async\" src=\"https:\/\/960335.smushcdn.com\/2671427\/wp-content\/uploads\/2020\/07\/fishing-equipment.webp?lossy=1&amp;strip=1&amp;webp=1\" alt=\"\"\/><\/figure>\n\n\n\n<h3 class=\"wp-block-heading\" id=\"headline-92-1209\">Udstyr til fluefiskeri<\/h3>\n\n\n\n<ul class=\"wp-block-list\"><li>Stang (Orvis) - 30 \u20ac<\/li><li>Waders - 30 \u20ac<\/li><li>Landingsnet - 5 \u20ac<\/li><li>Fluer (10 i en pakke, du kan beholde dem) - 30 \u20ac<\/li><li>Belly b\u00e5d - 50 \u20ac<\/li><li><strong>Komplet pakke&nbsp;<\/strong>(stang, waders, landingsnet) - 50<\/li><li>Aflevering og afhentning - 40 \u20ac<\/li><\/ul>\n\n\n\n<figure class=\"wp-block-image\"><img decoding=\"async\" src=\"https:\/\/960335.smushcdn.com\/2671427\/wp-content\/uploads\/2020\/04\/fly-fishing-bait.webp?lossy=1&amp;strip=1&amp;webp=1\" alt=\"\"\/><\/figure>\n\n\n\n<h3 class=\"wp-block-heading\" id=\"headline-94-1209\">Karpefiskeriudstyr<\/h3>\n\n\n\n<ul class=\"wp-block-list\"><li>2 st\u00e6nger (Daiwa) - 30 \u20ac<\/li><li>Rod Pod , bid alarmer, swingers - 20 \u20ac<\/li><li>Telt, liggestol, sovepose - 30 \u20ac<\/li><li>Vugge, v\u00e6gtstang, landingsnet, v\u00e6gt, spand - 20 \u20ac<\/li><li>B\u00e5d - 30 \u20ac<\/li><li>Boilies (5kg) - 30 \u20ac<\/li><li>Partikel (10 kg) - 10 \u20ac<\/li><li>Madlavningsudstyr (tallerkner, bestik, komfur, lille bord, k\u00f8letaske) - 20 \u20ac<\/li><li><strong>Komplet pakke Dagssession<\/strong>&nbsp;( 2 st\u00e6nger, stangkapsel, lokkemadalarmer, vugge, v\u00e6gtstrop, landingsnet, v\u00e6gt, spand) - 70 \u20ac<\/li><li><strong>Komplet pakke Fiskekampagner&nbsp;<\/strong>( st\u00e6nger, stangstativ, lokkemad, vugge, v\u00e6gtstang, landingsnet, v\u00e6gt, spand, telt, liggestol, sovepose, madlavningsudstyr) - 100 \u20ac.<\/li><li>Aflevering og afhentning - 40 \u20ac<\/li><\/ul>\n\n\n\n<figure class=\"wp-block-image\"><img decoding=\"async\" src=\"https:\/\/960335.smushcdn.com\/2671427\/wp-content\/uploads\/2020\/01\/bled-carp-1.webp?lossy=1&amp;strip=1&amp;webp=1\" alt=\"\"\/><\/figure>\n\n\n\n<h3 class=\"wp-block-heading\" id=\"headline-97-1209\">Udstyr til spinfiskeri<\/h3>\n\n\n\n<ul class=\"wp-block-list\"><li>Stang (Sportex) - 30 \u20ac<\/li><li>Lokkemad (10) - 20 \u20ac<\/li><li>Waders - 30 \u20ac<\/li><li>Landingsnet - 5 \u20ac<\/li><li><strong>Komplet pakke<\/strong>&nbsp;(stang, agn, waders, landingsnet) - 50\u20ac<\/li><li>Aflevering og afhentning - 40 \u20ac<\/li><\/ul>","protected":false},"excerpt":{"rendered":"<p>Nogle af jer har allerede planer for jeres fisketur i Slovenien, har allerede alle detaljerne og ved, hvor I skal fiske, men jeres problem er, at I skal flyve eller har andre problemer med at transportere jeres fiskeudstyr til vores land. Bare rolig, det kan vi ogs\u00e5 tage os af. Specielt til den slags tilf\u00e6lde har vi ... <a href=\"https:\/\/fishing-guides-slovenia.com\/da\/equipment-rental\/\">Fortsat<\/a><\/p>","protected":false},"author":46,"featured_media":1525,"parent":0,"menu_order":7,"comment_status":"open","ping_status":"open","template":"","meta":{"footnotes":""},"class_list":["post-561","page","type-page","status-publish","has-post-thumbnail","hentry"],"acf":{"page_subheading":"A perfect solution for those, who can\u2019t bring your own equipment with you. We'll have you covered with rods, waders, baits and tents."},"_links":{"self":[{"href":"https:\/\/fishing-guides-slovenia.com\/da\/wp-json\/wp\/v2\/pages\/561","targetHints":{"allow":["GET"]}}],"collection":[{"href":"https:\/\/fishing-guides-slovenia.com\/da\/wp-json\/wp\/v2\/pages"}],"about":[{"href":"https:\/\/fishing-guides-slovenia.com\/da\/wp-json\/wp\/v2\/types\/page"}],"author":[{"embeddable":true,"href":"https:\/\/fishing-guides-slovenia.com\/da\/wp-json\/wp\/v2\/users\/46"}],"replies":[{"embeddable":true,"href":"https:\/\/fishing-guides-slovenia.com\/da\/wp-json\/wp\/v2\/comments?post=561"}],"version-history":[{"count":4,"href":"https:\/\/fishing-guides-slovenia.com\/da\/wp-json\/wp\/v2\/pages\/561\/revisions"}],"predecessor-version":[{"id":1914,"href":"https:\/\/fishing-guides-slovenia.com\/da\/wp-json\/wp\/v2\/pages\/561\/revisions\/1914"}],"wp:featuredmedia":[{"embeddable":true,"href":"https:\/\/fishing-guides-slovenia.com\/da\/wp-json\/wp\/v2\/media\/1525"}],"wp:attachment":[{"href":"https:\/\/fishing-guides-slovenia.com\/da\/wp-json\/wp\/v2\/media?parent=561"}],"curies":[{"name":"wp","href":"https:\/\/api.w.org\/{rel}","templated":true}]}}