{"id":566,"date":"2020-04-23T10:07:09","date_gmt":"2020-04-23T10:07:09","guid":{"rendered":"http:\/\/fishing-guides-slovenia.com\/carp-fishing-season\/"},"modified":"2024-07-30T09:59:21","modified_gmt":"2024-07-30T09:59:21","slug":"saeson-for-karpefiskeri","status":"publish","type":"page","link":"https:\/\/fishing-guides-slovenia.com\/da\/carp-fishing-season\/","title":{"rendered":"Karpefiskeris\u00e6sonen"},"content":{"rendered":"<h2 class=\"wp-block-heading\">Januar<\/h2>\n\n\n\n<p>En m\u00e5ned for de mest ih\u00e6rdige karpefiskere. S\u00f8erne er for det meste frosne, s\u00e5 floderne er perfekte, hvis du \u00f8nsker at fange en vinterkarpe. Med en smule pre-baiting er chancerne for succes slet ikke ringe!<\/p>\n\n\n\n<figure class=\"wp-block-image size-large\"><img loading=\"lazy\" decoding=\"async\" width=\"1024\" height=\"645\" src=\"https:\/\/fishing-guides-slovenia.com\/wp-content\/uploads\/Lake-Bled-in-winter-1024x645.webp\" alt=\"Se over den gotiske kirke p\u00e5 \u00f8en Bled, Slovenien\" class=\"wp-image-2406\" srcset=\"https:\/\/fishing-guides-slovenia.com\/wp-content\/uploads\/Lake-Bled-in-winter-1024x645.webp 1024w, https:\/\/fishing-guides-slovenia.com\/wp-content\/uploads\/Lake-Bled-in-winter-300x189.webp 300w, https:\/\/fishing-guides-slovenia.com\/wp-content\/uploads\/Lake-Bled-in-winter-768x484.webp 768w, https:\/\/fishing-guides-slovenia.com\/wp-content\/uploads\/Lake-Bled-in-winter-1536x968.webp 1536w, https:\/\/fishing-guides-slovenia.com\/wp-content\/uploads\/Lake-Bled-in-winter-18x12.webp 18w, https:\/\/fishing-guides-slovenia.com\/wp-content\/uploads\/Lake-Bled-in-winter.webp 2000w\" sizes=\"auto, (max-width: 1024px) 100vw, 1024px\" \/><figcaption class=\"wp-element-caption\">Bleds\u00f8en om vinteren<\/figcaption><\/figure>\n\n\n\n<h2 class=\"wp-block-heading\">Februar<\/h2>\n\n\n\n<p>I februar afh\u00e6nger karpefiskeriet i Slovenien af, hvor h\u00e5rd vinteren har v\u00e6ret det p\u00e5g\u00e6ldende \u00e5r. For det meste er anden halvdel af februar normalt altid et godt tidspunkt at fange den f\u00f8rste karpe p\u00e5, og hvis forholdene er gode, kan du endda f\u00e5 mange bid p\u00e5 en enkelt dag. Fiskene er stadig lidt s\u00f8vnige, s\u00e5 du kan bruge dette til din fordel og narre en stor karpe til at tage din agn.<\/p>\n\n\n\n<figure class=\"wp-block-image size-large\"><img loading=\"lazy\" decoding=\"async\" width=\"1024\" height=\"682\" src=\"https:\/\/fishing-guides-slovenia.com\/wp-content\/uploads\/carp-1-1-1024x682.webp\" alt=\"\" class=\"wp-image-1947\" srcset=\"https:\/\/fishing-guides-slovenia.com\/wp-content\/uploads\/carp-1-1-1024x682.webp 1024w, https:\/\/fishing-guides-slovenia.com\/wp-content\/uploads\/carp-1-1-300x200.webp 300w, https:\/\/fishing-guides-slovenia.com\/wp-content\/uploads\/carp-1-1-768x511.webp 768w, https:\/\/fishing-guides-slovenia.com\/wp-content\/uploads\/carp-1-1-18x12.webp 18w, https:\/\/fishing-guides-slovenia.com\/wp-content\/uploads\/carp-1-1.webp 1250w\" sizes=\"auto, (max-width: 1024px) 100vw, 1024px\" \/><figcaption class=\"wp-element-caption\">Fiskeguide med en karpe i h\u00e5nden<\/figcaption><\/figure>\n\n\n\n<h2 class=\"wp-block-heading\">Marts<\/h2>\n\n\n\n<p>Marts er en uofficiel \u00e5bning af karpefiskes\u00e6sonen. Vejret bliver varmere, og det samme g\u00f8r vandet, fiskene bliver mere aktive, og de er sultne efter vinters\u00f8vnen, s\u00e5 der er gode betingelser for karpefiskeri. Da karpefiskeri ved Bled-s\u00f8en f\u00f8rst er tilladt i april, er \u0160martinsko-s\u00f8en det perfekte sted at v\u00e6re i et par dage, og s\u00e6sonens f\u00f8rste 20+ fisk er kun et par kast v\u00e6k.<\/p>\n\n\n\n<figure class=\"wp-block-image size-large\"><img loading=\"lazy\" decoding=\"async\" width=\"1024\" height=\"768\" src=\"https:\/\/fishing-guides-slovenia.com\/wp-content\/uploads\/smartinsko-5-days-1024x768.webp\" alt=\"smartinsko 5 dage\" class=\"wp-image-2268\" srcset=\"https:\/\/fishing-guides-slovenia.com\/wp-content\/uploads\/smartinsko-5-days-1024x768.webp 1024w, https:\/\/fishing-guides-slovenia.com\/wp-content\/uploads\/smartinsko-5-days-300x225.webp 300w, https:\/\/fishing-guides-slovenia.com\/wp-content\/uploads\/smartinsko-5-days-768x576.webp 768w, https:\/\/fishing-guides-slovenia.com\/wp-content\/uploads\/smartinsko-5-days-1536x1152.webp 1536w, https:\/\/fishing-guides-slovenia.com\/wp-content\/uploads\/smartinsko-5-days-2048x1536.webp 2048w, https:\/\/fishing-guides-slovenia.com\/wp-content\/uploads\/smartinsko-5-days-16x12.webp 16w, https:\/\/fishing-guides-slovenia.com\/wp-content\/uploads\/smartinsko-5-days-scaled.webp 1920w\" sizes=\"auto, (max-width: 1024px) 100vw, 1024px\" \/><figcaption class=\"wp-element-caption\">\u0160martinsko-s\u00f8en<\/figcaption><\/figure>\n\n\n\n<h2 class=\"wp-block-heading\">April<\/h2>\n\n\n\n<p>En h\u00f8js\u00e6son i de f\u00f8rste seks m\u00e5neder. Hvis der nogensinde er et godt tidspunkt at fange en karpe p\u00e5, s\u00e5 er det nu. Vandtemperaturen stiger til et punkt, hvor fiskene begynder at spise massivt for at forberede sig p\u00e5 gydningen. Dagene bliver l\u00e6ngere, n\u00e6tterne er ikke l\u00e6ngere s\u00e5 kolde, og naturen viser sit v\u00e6rd. Alle karpefiskevande fra vores liste er nu tilg\u00e6ngelige, inklusive Bled-s\u00f8en.<\/p>\n\n\n\n<figure class=\"wp-block-image size-large\"><img loading=\"lazy\" decoding=\"async\" width=\"1024\" height=\"578\" src=\"https:\/\/fishing-guides-slovenia.com\/wp-content\/uploads\/bled-carp-2-1-1024x578.webp\" alt=\"Fisker, der fisker p\u00e5 Bled-s\u00f8en\" class=\"wp-image-1957\" srcset=\"https:\/\/fishing-guides-slovenia.com\/wp-content\/uploads\/bled-carp-2-1-1024x578.webp 1024w, https:\/\/fishing-guides-slovenia.com\/wp-content\/uploads\/bled-carp-2-1-300x169.webp 300w, https:\/\/fishing-guides-slovenia.com\/wp-content\/uploads\/bled-carp-2-1-768x434.webp 768w, https:\/\/fishing-guides-slovenia.com\/wp-content\/uploads\/bled-carp-2-1-18x10.webp 18w, https:\/\/fishing-guides-slovenia.com\/wp-content\/uploads\/bled-carp-2-1.webp 1250w\" sizes=\"auto, (max-width: 1024px) 100vw, 1024px\" \/><figcaption class=\"wp-element-caption\">Fiskeri p\u00e5 den smukke Bled-s\u00f8<\/figcaption><\/figure>\n\n\n\n<h2 class=\"wp-block-heading\">maj<\/h2>\n\n\n\n<p>I nogle s\u00f8er er vandet varmt nok til, at karperne begynder at gyde, men det er normalt ikke tilf\u00e6ldet i Bled-s\u00f8en og \u0160martinsko-s\u00f8en, som er dybere og dermed koldere. Men selv om vandet er lidt varmere end normalt, gyder fiskene i disse s\u00f8er ikke alle p\u00e5 samme tid, s\u00e5 hvis du beslutter dig for at komme til karpefiskeri i Slovenien, er maj et godt tidspunkt at g\u00f8re det p\u00e5.<\/p>\n\n\n\n<figure class=\"wp-block-image size-full\"><img loading=\"lazy\" decoding=\"async\" width=\"1250\" height=\"703\" src=\"https:\/\/fishing-guides-slovenia.com\/wp-content\/uploads\/smartinsko-lake-6.webp\" alt=\"\" class=\"wp-image-1785\" srcset=\"https:\/\/fishing-guides-slovenia.com\/wp-content\/uploads\/smartinsko-lake-6.webp 1250w, https:\/\/fishing-guides-slovenia.com\/wp-content\/uploads\/smartinsko-lake-6-300x169.webp 300w, https:\/\/fishing-guides-slovenia.com\/wp-content\/uploads\/smartinsko-lake-6-1024x576.webp 1024w, https:\/\/fishing-guides-slovenia.com\/wp-content\/uploads\/smartinsko-lake-6-768x432.webp 768w, https:\/\/fishing-guides-slovenia.com\/wp-content\/uploads\/smartinsko-lake-6-18x10.webp 18w\" sizes=\"auto, (max-width: 1250px) 100vw, 1250px\" \/><figcaption class=\"wp-element-caption\">Fang din egen monsterkarpe<\/figcaption><\/figure>\n\n\n\n<h2 class=\"wp-block-heading\">Juni, juli, august<\/h2>\n\n\n\n<p>I begyndelsen af sommeren kan der stadig v\u00e6re tegn p\u00e5 gydning, men forholdene for karpefiskeri i Slovenien er de bedste om sommeren. Varmt vejr, lange dage med korte n\u00e6tter til at genoprette din energi, aktive karper og godt selskab er alt, hvad du kan bede om. S\u00e5 hvis du vil fange store fisk, mens du ser solnedgangen med en \u00f8l i h\u00e5nden, skal du tage til Slovenien for at fiske karper i et par dage.<\/p>\n\n\n\n<figure class=\"wp-block-image size-large\"><img loading=\"lazy\" decoding=\"async\" width=\"1024\" height=\"682\" src=\"https:\/\/fishing-guides-slovenia.com\/wp-content\/uploads\/carp-2-1024x682.webp\" alt=\"\" class=\"wp-image-1486\" srcset=\"https:\/\/fishing-guides-slovenia.com\/wp-content\/uploads\/carp-2-1024x682.webp 1024w, https:\/\/fishing-guides-slovenia.com\/wp-content\/uploads\/carp-2-300x200.webp 300w, https:\/\/fishing-guides-slovenia.com\/wp-content\/uploads\/carp-2-768x512.webp 768w, https:\/\/fishing-guides-slovenia.com\/wp-content\/uploads\/carp-2-18x12.webp 18w, https:\/\/fishing-guides-slovenia.com\/wp-content\/uploads\/carp-2.webp 1250w\" sizes=\"auto, (max-width: 1024px) 100vw, 1024px\" \/><figcaption class=\"wp-element-caption\">En karpe i naturen<\/figcaption><\/figure>\n\n\n\n<h2 class=\"wp-block-heading\">September<\/h2>\n\n\n\n<p>En start p\u00e5 fiskeri efter store karper. Temperaturerne falder en smule, og det giver fiskene et signal om, at de skal begynde at fodre i de kolde m\u00e5neder. Derfor f\u00e5r vi karpefiskere flere bid og tungere fisk. Der er mindre uro p\u00e5 vandet, turisterne er p\u00e5 vej v\u00e6k, s\u00e5 der bliver mere stille, hvilket g\u00f8r det til et ideelt tidspunkt at fiske p\u00e5. Naturen skifter farve til varmere nuancer, og det samme g\u00f8r karperne.<\/p>\n\n\n\n<figure class=\"wp-block-image size-large\"><img loading=\"lazy\" decoding=\"async\" width=\"1024\" height=\"569\" src=\"https:\/\/fishing-guides-slovenia.com\/wp-content\/uploads\/79149652_3868800523145553_1050175643389526016_o-1024x569.webp\" alt=\"\" class=\"wp-image-1390\" srcset=\"https:\/\/fishing-guides-slovenia.com\/wp-content\/uploads\/79149652_3868800523145553_1050175643389526016_o-1024x569.webp 1024w, https:\/\/fishing-guides-slovenia.com\/wp-content\/uploads\/79149652_3868800523145553_1050175643389526016_o-300x167.webp 300w, https:\/\/fishing-guides-slovenia.com\/wp-content\/uploads\/79149652_3868800523145553_1050175643389526016_o-768x427.webp 768w, https:\/\/fishing-guides-slovenia.com\/wp-content\/uploads\/79149652_3868800523145553_1050175643389526016_o-18x10.webp 18w, https:\/\/fishing-guides-slovenia.com\/wp-content\/uploads\/79149652_3868800523145553_1050175643389526016_o.webp 1440w\" sizes=\"auto, (max-width: 1024px) 100vw, 1024px\" \/><figcaption class=\"wp-element-caption\">K\u00f8ligt vejr betyder god s\u00e6son for karpefiskeri<\/figcaption><\/figure>\n\n\n\n<h2 class=\"wp-block-heading\">Oktober<\/h2>\n\n\n\n<p>En god m\u00e5ned til at sl\u00e5 din personlige karperekord og stadig v\u00e6re i stand til at holde den p\u00e5 et billede, uden at dine fingre fryser til is p\u00e5 grund af de lave temperaturer. Fodringen er p\u00e5 sit h\u00f8jeste, og det er karpernes sidste chance for at tage p\u00e5 i v\u00e6gt inden vinteren. Ja, det er lidt koldere, men bel\u00f8nningen er st\u00f8rre, eller skulle vi sige tungere. Det bedste tidspunkt at tage p\u00e5 karpefiskeri i Slovenien er en f\u00e6lles udtalelse fra alle vores karpefiskeguider.<\/p>\n\n\n\n<figure class=\"wp-block-image size-full\"><img loading=\"lazy\" decoding=\"async\" width=\"1250\" height=\"703\" src=\"https:\/\/fishing-guides-slovenia.com\/wp-content\/uploads\/bled-carp-7.webp\" alt=\"\" class=\"wp-image-1446\" srcset=\"https:\/\/fishing-guides-slovenia.com\/wp-content\/uploads\/bled-carp-7.webp 1250w, https:\/\/fishing-guides-slovenia.com\/wp-content\/uploads\/bled-carp-7-300x169.webp 300w, https:\/\/fishing-guides-slovenia.com\/wp-content\/uploads\/bled-carp-7-1024x576.webp 1024w, https:\/\/fishing-guides-slovenia.com\/wp-content\/uploads\/bled-carp-7-768x432.webp 768w, https:\/\/fishing-guides-slovenia.com\/wp-content\/uploads\/bled-carp-7-18x10.webp 18w\" sizes=\"auto, (max-width: 1250px) 100vw, 1250px\" \/><figcaption class=\"wp-element-caption\">T\u00e5lmodighed bliver bel\u00f8nnet<\/figcaption><\/figure>\n\n\n\n<h2 class=\"wp-block-heading\">November<\/h2>\n\n\n\n<p>Hvis du g\u00e5r en tur rundt om s\u00f8en, vil du se mange lokale karpefiskere, og det har de en god grund til. Alle venter p\u00e5 de st\u00f8rste fisk, som stadig er i gang med at spise. Biddene kommer ofte langsomt, men n\u00e5r de g\u00f8r, kan du have dit livs fisk for enden af linen. Det er helt sikkert koldt, men fiskeri p\u00e5 Bled-s\u00f8en om dagen eller camping ved \u0160martinsko-s\u00f8en med et varmeapparat i din bivy kan v\u00e6re udholdeligt, n\u00e5r du tager muligheden for en fangst p\u00e5 30+ kg i betragtning.<\/p>\n\n\n\n<figure class=\"wp-block-image size-large\"><img loading=\"lazy\" decoding=\"async\" width=\"1024\" height=\"524\" src=\"https:\/\/fishing-guides-slovenia.com\/wp-content\/uploads\/bled-carp-fishing-scaled-1024x524.webp\" alt=\"Fiskeri p\u00e5 den smukke s\u00f8 Bled\" class=\"wp-image-2263\" srcset=\"https:\/\/fishing-guides-slovenia.com\/wp-content\/uploads\/bled-carp-fishing-scaled-1024x524.webp 1024w, https:\/\/fishing-guides-slovenia.com\/wp-content\/uploads\/bled-carp-fishing-scaled-300x154.webp 300w, https:\/\/fishing-guides-slovenia.com\/wp-content\/uploads\/bled-carp-fishing-scaled-768x393.webp 768w, https:\/\/fishing-guides-slovenia.com\/wp-content\/uploads\/bled-carp-fishing-scaled-1536x786.webp 1536w, https:\/\/fishing-guides-slovenia.com\/wp-content\/uploads\/bled-carp-fishing-scaled-18x9.webp 18w, https:\/\/fishing-guides-slovenia.com\/wp-content\/uploads\/bled-carp-fishing-scaled.webp 2000w\" sizes=\"auto, (max-width: 1024px) 100vw, 1024px\" \/><figcaption class=\"wp-element-caption\">Du kan fiske ved Bleds\u00f8ens bredder i solnedgangen<\/figcaption><\/figure>\n\n\n\n<h2 class=\"wp-block-heading\">December<\/h2>\n\n\n\n<p>Fiskeriet flytter langsomt til floderne, og de sidste store karper kan fanges i s\u00f8erne, s\u00e5 l\u00e6nge man er vedholdende nok. Hvis du vil pr\u00f8ve at fange et vinterdyr, er vi klar til at guide dig.<\/p>\n\n\n\n<figure class=\"wp-block-image size-large is-resized\"><img loading=\"lazy\" decoding=\"async\" width=\"1024\" height=\"576\" src=\"https:\/\/fishing-guides-slovenia.com\/wp-content\/uploads\/Ljubljanica-River-1024x576.webp\" alt=\"Ljubljanica er en flod i det centrale Slovenien. Ljubljanica udspringer syd for byen Vrhnika og l\u00f8ber ud i floden Sava ca. 10 kilometer nedstr\u00f8ms for Ljubljana.\" class=\"wp-image-2407\" style=\"width:1450px;height:auto\" srcset=\"https:\/\/fishing-guides-slovenia.com\/wp-content\/uploads\/Ljubljanica-River-1024x576.webp 1024w, https:\/\/fishing-guides-slovenia.com\/wp-content\/uploads\/Ljubljanica-River-300x169.webp 300w, https:\/\/fishing-guides-slovenia.com\/wp-content\/uploads\/Ljubljanica-River-768x432.webp 768w, https:\/\/fishing-guides-slovenia.com\/wp-content\/uploads\/Ljubljanica-River-1536x864.webp 1536w, https:\/\/fishing-guides-slovenia.com\/wp-content\/uploads\/Ljubljanica-River-18x10.webp 18w, https:\/\/fishing-guides-slovenia.com\/wp-content\/uploads\/Ljubljanica-River.webp 2000w\" sizes=\"auto, (max-width: 1024px) 100vw, 1024px\" \/><figcaption class=\"wp-element-caption\">Pr\u00f8v lykken p\u00e5 Ljubljanica-floden<\/figcaption><\/figure>","protected":false},"excerpt":{"rendered":"<p>Januar En m\u00e5ned for de mest ih\u00e6rdige karpefiskere. S\u00f8erne er for det meste frosne, s\u00e5 floderne er perfekte, hvis du vil fange en vinterkarpe. Med lidt forfoder er chancerne for succes slet ikke sm\u00e5! Februar I februar afh\u00e6nger karpefiskeriet i Slovenien af, hvor h\u00e5rd vinteren har v\u00e6ret ... <a href=\"https:\/\/fishing-guides-slovenia.com\/da\/carp-fishing-season\/\">Fortsat<\/a><\/p>","protected":false},"author":46,"featured_media":0,"parent":0,"menu_order":4,"comment_status":"open","ping_status":"open","template":"","meta":{"footnotes":""},"class_list":["post-566","page","type-page","status-publish","hentry"],"acf":{"page_subheading":"Slovenia offers year-round fishing. Check out the best months for Carp fishing in Slovenia in order to catch the most and the biggest."},"_links":{"self":[{"href":"https:\/\/fishing-guides-slovenia.com\/da\/wp-json\/wp\/v2\/pages\/566","targetHints":{"allow":["GET"]}}],"collection":[{"href":"https:\/\/fishing-guides-slovenia.com\/da\/wp-json\/wp\/v2\/pages"}],"about":[{"href":"https:\/\/fishing-guides-slovenia.com\/da\/wp-json\/wp\/v2\/types\/page"}],"author":[{"embeddable":true,"href":"https:\/\/fishing-guides-slovenia.com\/da\/wp-json\/wp\/v2\/users\/46"}],"replies":[{"embeddable":true,"href":"https:\/\/fishing-guides-slovenia.com\/da\/wp-json\/wp\/v2\/comments?post=566"}],"version-history":[{"count":6,"href":"https:\/\/fishing-guides-slovenia.com\/da\/wp-json\/wp\/v2\/pages\/566\/revisions"}],"predecessor-version":[{"id":2408,"href":"https:\/\/fishing-guides-slovenia.com\/da\/wp-json\/wp\/v2\/pages\/566\/revisions\/2408"}],"wp:attachment":[{"href":"https:\/\/fishing-guides-slovenia.com\/da\/wp-json\/wp\/v2\/media?parent=566"}],"curies":[{"name":"wp","href":"https:\/\/api.w.org\/{rel}","templated":true}]}}