{"id":567,"date":"2020-04-23T10:14:11","date_gmt":"2020-04-23T10:14:11","guid":{"rendered":"http:\/\/fishing-guides-slovenia.com\/spin-fishing-season\/"},"modified":"2022-10-05T13:11:22","modified_gmt":"2022-10-05T13:11:22","slug":"saeson-for-spinnefiskeri","status":"publish","type":"page","link":"https:\/\/fishing-guides-slovenia.com\/da\/spin-fishing-season\/","title":{"rendered":"S\u00e6son for spinnefiskeri"},"content":{"rendered":"<h2 class=\"wp-block-heading\"><strong>Januar<\/strong><\/h2>\n\n\n\n<p>Det er tiden for ekstreme lystfiskere, der ikke har noget imod kulde og sne og som har \u00f8jnene rettet mod pr\u00e6mien. N\u00e5r det g\u00e6lder spinnefiskeri i Slovenien, er pr\u00e6mien en stor h\u00f8ne, som er kongen af floderne i vinterm\u00e5nederne, eller en stor gedde, som stadig er sulten efter byttet. De bedste floder til spinfiskeri om vinteren er Sava, sava Dolinka og Krka, og hvis du \u00f8nsker en byoplevelse, kan du pr\u00f8ve Urban spinfiskeri p\u00e5 Ljubljanica-floden.<\/p>\n\n\n\n<h2 class=\"wp-block-heading\"><strong>Februar<\/strong><\/h2>\n\n\n\n<p>Huchen-s\u00e6sonen slutter i midten af februar, s\u00e5 husk at bes\u00f8ge vores floder inden da. N\u00e5r du g\u00e5r glip af chancen, m\u00e5 du vente til oktober for at pr\u00f8ve igen. Geddes\u00e6sonen slutter ogs\u00e5 i februar.<\/p>\n\n\n\n<figure class=\"wp-block-image\"><img decoding=\"async\" src=\"https:\/\/960335.smushcdn.com\/2671427\/wp-content\/uploads\/2020\/02\/ljubljanica-spin-2.webp?lossy=1&amp;strip=1&amp;webp=1\" alt=\"Ljubljanica-floden i den slovenske hovedstad\"\/><\/figure>\n\n\n\n<h2 class=\"wp-block-heading\"><strong>Marts<\/strong><\/h2>\n\n\n\n<p>Det er en kedelig m\u00e5ned for spinnefiskeri, og mange fiskearter er ikke p\u00e5 programmet. Det gode er, at havkat bliver mere aktiv p\u00e5 grund af det varmere vejr, og du kan bes\u00f8ge Slovenien for at opleve en kamp med monstereksemplarer, der lever i floderne Sava eller Vipava.<\/p>\n\n\n\n<h2 class=\"wp-block-heading\"><strong>April<\/strong><\/h2>\n\n\n\n<p>Du kan stadig fiske efter havkat eller fors\u00f8ge at lokke en Asp til at tage din madding. Men de fleste spinnefiskere har allerede \u00f8jnene rettet mod maj og dermed starten p\u00e5 geddes\u00e6sonen.<\/p>\n\n\n\n<figure class=\"wp-block-image\"><img decoding=\"async\" src=\"https:\/\/960335.smushcdn.com\/2671427\/wp-content\/uploads\/2020\/02\/vipava-1.webp?lossy=1&amp;strip=1&amp;webp=1\" alt=\"Aftenfiskeri endte med en stor fangst\"\/><\/figure>\n\n\n\n<h2 class=\"wp-block-heading\"><strong>maj<\/strong><\/h2>\n\n\n\n<p>Den tid, som alle spinnefiskere har ventet p\u00e5, s\u00e6sonen for geddefiskeri er endelig kommet. Vandet er fyldt med Spinfiskere, der fors\u00f8ger at fange sultne rovdyr, der lige er kommet ud af gydningen og er klar til at spise. Du kan selvf\u00f8lgelig fange andre arter undervejs, men mange af dem er stadig beskyttet, s\u00e5 du skal straks genuds\u00e6tte dem.<\/p>\n\n\n\n<h2 class=\"wp-block-heading\"><strong>Juni<\/strong><\/h2>\n\n\n\n<p>Gedder er allerede p\u00e5 jagt, og et andet rovdyr, som ogs\u00e5 lever i b\u00e5de floder og s\u00f8er, er igen p\u00e5 listen over m\u00e5l. Det er sandart. Begge dele kan fiskes ved Bled-s\u00f8en, s\u00e5 hvis du er p\u00e5 udkig efter et spinfiskeri eventyr i Slovenien, er det det, vi anbefaler. Catfish er ved at gyde og er af bordet i et stykke tid.<\/p>\n\n\n\n<figure class=\"wp-block-image\"><img decoding=\"async\" src=\"https:\/\/960335.smushcdn.com\/2671427\/wp-content\/uploads\/2020\/02\/sava-3.webp?lossy=1&amp;strip=1&amp;webp=1\" alt=\"Store fisk fra Sava-floden\"\/><\/figure>\n\n\n\n<h2 class=\"wp-block-heading\"><strong>Juli, august<\/strong><\/h2>\n\n\n\n<p>Sommerm\u00e5nederne g\u00e5r h\u00e5nd i h\u00e5nd med spinning. Det varme vejr om morgenen giver dig mulighed for at fiske effektivt og hvile dig i l\u00f8bet af dagen, se nogle sev\u00e6rdigheder og vende tilbage om eftermiddagen, n\u00e5r temperaturen falder, og al den larm fra turisterne p\u00e5 vandet forsvinder.&nbsp;<\/p>\n\n\n\n<h2 class=\"wp-block-heading\"><strong>September<\/strong><\/h2>\n\n\n\n<p>Gedden sl\u00e5r til, n\u00e5r bladene falder ned, er et ordsprog, som vi bruger i Slovenien til spinnefiskeri. Fiskene begynder at spise mere regelm\u00e6ssigt p\u00e5 grund af temperaturfaldet, og chancerne for en god fangst stiger. Hvis du dertil l\u00e6gger naturens farver, der bliver i varme nuancer, er fiskeri om efter\u00e5ret perfekt!<\/p>\n\n\n\n<figure class=\"wp-block-image\"><img decoding=\"async\" src=\"https:\/\/960335.smushcdn.com\/2671427\/wp-content\/uploads\/2020\/02\/sava-1.webp?lossy=1&amp;strip=1&amp;webp=1\" alt=\"\u00d8rred fra Sava-floden\"\/><\/figure>\n\n\n\n<h2 class=\"wp-block-heading\"><strong>Oktober<\/strong><\/h2>\n\n\n\n<p>Oktober handler om Huchen-fiskeri. Den lange ventetid er slut, og flodernes konge er aktiv igen og klar til at blive fanget. Det er sv\u00e6rt, men hvis det lykkes, er gl\u00e6den ubeskrivelig. Hvis du ikke ved, hvordan du fanger den eller ikke aner, hvor du skal starte, vil vores guider hj\u00e6lpe dig og hj\u00e6lpe dig med at lande din f\u00f8rste konge.<\/p>\n\n\n\n<h2 class=\"wp-block-heading\"><strong>November og december<\/strong><\/h2>\n\n\n\n<p>P\u00e5 toppen af Huchen-fiskes\u00e6sonen giver alle de andre lystfiskere plads til de f\u00e5 ekstreme fiskere, der forst\u00e5r at v\u00e6rds\u00e6tte en fangst af en s\u00e5 majest\u00e6tisk skabning som Huchen.<\/p>\n\n\n\n<figure class=\"wp-block-image size-large\"><img decoding=\"async\" src=\"https:\/\/fishing-guides-slovenia.com\/wp-content\/uploads\/image-1-1024x682.webp\" alt=\"\" class=\"wp-image-1281\"\/><\/figure>","protected":false},"excerpt":{"rendered":"<p>Januar Dette er tiden for ekstreme lystfiskere, der ikke har noget imod kulde og sne og har \u00f8jnene rettet mod pr\u00e6mien. I tilf\u00e6lde af spin-fiskeri i Slovenien er pr\u00e6mien en stor Huchen, som er flodernes konge i vinterm\u00e5nederne, eller en stor gedde, som stadig er sulten efter bytte. Bedste ... <a href=\"https:\/\/fishing-guides-slovenia.com\/da\/spin-fishing-season\/\">Fortsat<\/a><\/p>","protected":false},"author":46,"featured_media":0,"parent":0,"menu_order":27,"comment_status":"open","ping_status":"open","template":"","meta":{"footnotes":""},"class_list":["post-567","page","type-page","status-publish","hentry"],"acf":{"page_subheading":"Check out which parts of the year suit most to each freshwater predator in order to maximize your chances to catch Pike, Huchen, Catfish or Zander."},"_links":{"self":[{"href":"https:\/\/fishing-guides-slovenia.com\/da\/wp-json\/wp\/v2\/pages\/567","targetHints":{"allow":["GET"]}}],"collection":[{"href":"https:\/\/fishing-guides-slovenia.com\/da\/wp-json\/wp\/v2\/pages"}],"about":[{"href":"https:\/\/fishing-guides-slovenia.com\/da\/wp-json\/wp\/v2\/types\/page"}],"author":[{"embeddable":true,"href":"https:\/\/fishing-guides-slovenia.com\/da\/wp-json\/wp\/v2\/users\/46"}],"replies":[{"embeddable":true,"href":"https:\/\/fishing-guides-slovenia.com\/da\/wp-json\/wp\/v2\/comments?post=567"}],"version-history":[{"count":1,"href":"https:\/\/fishing-guides-slovenia.com\/da\/wp-json\/wp\/v2\/pages\/567\/revisions"}],"predecessor-version":[{"id":1283,"href":"https:\/\/fishing-guides-slovenia.com\/da\/wp-json\/wp\/v2\/pages\/567\/revisions\/1283"}],"wp:attachment":[{"href":"https:\/\/fishing-guides-slovenia.com\/da\/wp-json\/wp\/v2\/media?parent=567"}],"curies":[{"name":"wp","href":"https:\/\/api.w.org\/{rel}","templated":true}]}}