{"id":569,"date":"2020-04-23T10:22:06","date_gmt":"2020-04-23T10:22:06","guid":{"rendered":"http:\/\/fishing-guides-slovenia.com\/sea-fishing-season\/"},"modified":"2022-10-05T13:17:10","modified_gmt":"2022-10-05T13:17:10","slug":"saeson-for-havfiskeri","status":"publish","type":"page","link":"https:\/\/fishing-guides-slovenia.com\/da\/sea-fishing-season\/","title":{"rendered":"S\u00e6son for havfiskeri"},"content":{"rendered":"<h2 class=\"wp-block-heading\"><strong>Vinter<\/strong><\/h2>\n\n\n\n<p>Store spil Fiskeriet er aktivt om vinteren, og forholdene er ikke ideelle, men for dem, der \u00f8nsker at fange en stor tun eller et andet havmonster, er d\u00e5rligt vejr ikke en hindring. Hvis du foretr\u00e6kker mindre ekstreme former for fiskeri, kan du pr\u00f8ve at fiske efter calamari eller havbars fra den slovenske kyst.<\/p>\n\n\n\n<figure class=\"wp-block-image\"><img decoding=\"async\" src=\"https:\/\/960335.smushcdn.com\/2671427\/wp-content\/uploads\/2020\/04\/webp_net_resizeimage_z8rzO.webp?lossy=1&amp;strip=1&amp;webp=1\" alt=\"En anden fiskeart fanget under tunfiskeri i Adriaterhavet\"\/><\/figure>\n\n\n\n<h2 class=\"wp-block-heading\"><strong>For\u00e5r<\/strong><\/h2>\n\n\n\n<p>om for\u00e5ret, n\u00e5r temperaturen stiger, bliver fiskeaktiviteten bedre og bedre, hvilket betyder, at der fanges st\u00f8rre og flere fisk. Fiskeriet efter storvildt er i fuld gang, s\u00e5 hvis du ikke har besluttet dig for at pr\u00f8ve det om vinteren, s\u00e5 g\u00f8r det om for\u00e5ret, n\u00e5r forholdene er meget bedre. Ogs\u00e5 kystfiskeriet er godt om for\u00e5ret, s\u00e5 hvis du er p\u00e5 udkig efter et eventyr, er du kommet til den rigtige side.<\/p>\n\n\n\n<figure class=\"wp-block-image\"><img decoding=\"async\" src=\"https:\/\/960335.smushcdn.com\/2671427\/wp-content\/uploads\/2020\/04\/webp_net_resizeimage_jFEcQ.webp?lossy=1&amp;strip=1&amp;webp=1\" alt=\"\"\/><\/figure>\n\n\n\n<h2 class=\"wp-block-heading\"><strong>Sommer<\/strong><\/h2>\n\n\n\n<p>Fiskeri efter storvildt er ikke perfekt i sommerm\u00e5nederne, s\u00e5 det er bedre at fokusere p\u00e5 fiskeri efter forskellige arter. I den periode kan du pr\u00f8ve at fiske efter mindre fisk, som p\u00e5 vores havfisketur, og tilbringe noget tid i hyggeligt selskab med dine venner eller familiemedlemmer. En anden mulig form for fiskeri, der er meget popul\u00e6r i de varme sommerm\u00e5neder, er fiskeri med spydgev\u00e6r. Hvis du er en speargun-entusiast og \u00f8nsker at fiske i Adriaterhavet, vil vores havfiskeguider, som ogs\u00e5 elsker denne type fiskeri, tage dig med under overfladen, hvor du vil nyde Adriaterhavets mangfoldige havverden.<\/p>\n\n\n\n<figure class=\"wp-block-image\"><img decoding=\"async\" src=\"https:\/\/960335.smushcdn.com\/2671427\/wp-content\/uploads\/2020\/04\/webp_net_resizeimage_ArFjC.webp?lossy=1&amp;strip=1&amp;webp=1\" alt=\"Adriatisk tun p\u00e5 st\u00f8rrelse med en voksen mand\"\/><\/figure>\n\n\n\n<h2 class=\"wp-block-heading\"><strong>Efter\u00e5r<\/strong><\/h2>\n\n\n\n<p>Om efter\u00e5ret fiskes der efter Mahi mahi ved den slovenske kyst, og eksemplarerne sl\u00e5r ikke nogen rekorder, men k\u00e6mper stadig en god kamp.<br>Tunfiskeriet er tilbage p\u00e5 menuen, og med det alle de andre store arter fra Adriaterhavet. Hvis vinden ikke bl\u00e6ser for h\u00e5rdt, har du en chance for at fange en rigtig stor fisk, s\u00e5 denne tid af \u00e5ret er perfekt til at booke en tur p\u00e5 et par dage og tage med vores guide p\u00e5 hans b\u00e5d til fiskeri efter store fisk.<\/p>","protected":false},"excerpt":{"rendered":"<p>Vinterfiskeri efter store fisk er aktivt om vinteren, og forholdene er ikke ideelle, men for dem, der gerne vil fange en stor tun eller et andet havmonster, er d\u00e5rligt vejr ikke nogen hindring. Hvis du foretr\u00e6kker mindre ekstreme former for fiskeri, kan du pr\u00f8ve at fiske efter calamari eller havaborre fra den slovenske kyst. For\u00e5r i ... <a href=\"https:\/\/fishing-guides-slovenia.com\/da\/sea-fishing-season\/\">Fortsat<\/a><\/p>","protected":false},"author":46,"featured_media":0,"parent":0,"menu_order":26,"comment_status":"open","ping_status":"open","template":"","meta":{"footnotes":""},"class_list":["post-569","page","type-page","status-publish","hentry"],"acf":{"page_subheading":"Check out the best parts of the sea fishing season to help you catch more fish in the Adriatic sea, weather catching Sea Bass, Tuna or Mahi Mahi."},"_links":{"self":[{"href":"https:\/\/fishing-guides-slovenia.com\/da\/wp-json\/wp\/v2\/pages\/569","targetHints":{"allow":["GET"]}}],"collection":[{"href":"https:\/\/fishing-guides-slovenia.com\/da\/wp-json\/wp\/v2\/pages"}],"about":[{"href":"https:\/\/fishing-guides-slovenia.com\/da\/wp-json\/wp\/v2\/types\/page"}],"author":[{"embeddable":true,"href":"https:\/\/fishing-guides-slovenia.com\/da\/wp-json\/wp\/v2\/users\/46"}],"replies":[{"embeddable":true,"href":"https:\/\/fishing-guides-slovenia.com\/da\/wp-json\/wp\/v2\/comments?post=569"}],"version-history":[{"count":1,"href":"https:\/\/fishing-guides-slovenia.com\/da\/wp-json\/wp\/v2\/pages\/569\/revisions"}],"predecessor-version":[{"id":1285,"href":"https:\/\/fishing-guides-slovenia.com\/da\/wp-json\/wp\/v2\/pages\/569\/revisions\/1285"}],"wp:attachment":[{"href":"https:\/\/fishing-guides-slovenia.com\/da\/wp-json\/wp\/v2\/media?parent=569"}],"curies":[{"name":"wp","href":"https:\/\/api.w.org\/{rel}","templated":true}]}}