{"id":571,"date":"2020-06-01T19:31:51","date_gmt":"2020-06-01T19:31:51","guid":{"rendered":"http:\/\/fishing-guides-slovenia.com\/partners\/"},"modified":"2020-06-01T19:31:51","modified_gmt":"2020-06-01T19:31:51","slug":"partnere","status":"publish","type":"page","link":"https:\/\/fishing-guides-slovenia.com\/da\/partners\/","title":{"rendered":"Partnere"},"content":{"rendered":"<h2 class=\"partners-h2\"><strong><a href=\"https:\/\/bearwatchingslovenia.com\/\" target=\"_blank\" rel=\"noreferrer noopener\">BJ\u00d8RNEOBSERVATION SLOVENIEN<\/a><\/strong><\/h2>\n\n\n\n<p>Oplev sp\u00e6ndingen ved at observere bj\u00f8rne i Sloveniens uber\u00f8rte naturskove. F\u00f8lg en vildekspert dybt ind i skoven, hvor du vil m\u00f8de Sloveniens indf\u00f8dte brune bj\u00f8rn gennem de brede vinduer i et sikkert udsigtspunkt i tr\u00e6 - perfekt til at tage fantastiske billeder.<\/p>\n\n\n\n<h2 class=\"partners-h2\"><a href=\"https:\/\/farmlifeslovenia.com\" data-type=\"URL\"><strong>LIVET P\u00c5 G\u00c5RDEN SLOVENIEN<\/strong><\/a><\/h2>\n\n\n\n<p>Tilbring en dag p\u00e5 en typisk slovensk g\u00e5rd, hvor du kan se og opleve en r\u00e6kke aktiviteter p\u00e5 f\u00f8rste h\u00e5nd. Afh\u00e6ngigt af s\u00e6sonen kan du deltage i arbejdet p\u00e5 markerne, skr\u00e6lle majs, samle \u00e6g, lave br\u00f8d, biavl osv.<\/p>\n\n\n\n<h2 class=\"partners-h2\"><a rel=\"noreferrer noopener\" href=\"https:\/\/slovenia-activities.com\/\" target=\"_blank\"><strong>SLOVENIEN AKTIVITETER<\/strong><\/a><\/h2>\n\n\n\n<p>Et bredt udvalg af de bedste ting at lave i Slovenien, fra cykling, vandreture, vinteraktiviteter, klatring, grotteklatring, canyoning, rafting og andre udend\u00f8rsaktiviteter.<\/p>\n\n\n\n<h2 class=\"partners-h2\"><strong><a href=\"https:\/\/wine-tours-slovenia.com\/\" target=\"_blank\" rel=\"noreferrer noopener\">VINREJSER SLOVENIEN<\/a><\/strong><\/h2>\n\n\n\n<p>Vinture er perfekte for b\u00e5de nybegyndere og \u00f8vede vinsmagere. Du beh\u00f8ver ikke nogen forudg\u00e5ende viden. Det eneste, der kr\u00e6ves, er lysten til at slappe af, drikke vin og slappe af endnu mere.<\/p>\n\n\n\n<p>Der findes ikke nogen bedre m\u00e5de at opleve Sloveniens rige vinproduktionstraditioner p\u00e5 f\u00f8rste h\u00e5nd, socialisere med andre rejsende og smage p\u00e5 naturens gl\u00e6der p\u00e5 en enkelt dag.<\/p>\n\n\n\n<h2 class=\"partners-h2\"><strong><a href=\"https:\/\/sloveniaprivatetours.com\/\" target=\"_blank\" rel=\"noreferrer noopener\">SLOVENIEN PRIVATE TURE<\/a><\/strong><\/h2>\n\n\n\n<p>Private ture til Slovenien er din chance for at opleve vores land helt uden stress og i selskab med en professionel lokal chauff\u00f8r og guide, som vil vise dig, hvad Slovenien er for et land.<\/p>\n\n\n\n<h2 class=\"partners-h2\"><a href=\"https:\/\/winetastingljubljana.com\/\" target=\"_blank\" rel=\"noreferrer noopener\"><strong>VINSMAGNING LJUBLJANA<\/strong><\/a><\/h2>\n\n\n\n<p>En enest\u00e5ende vinsmagningsoplevelse i centrum af Sloveniens pulserende hovedstad.<\/p>\n\n\n\n<h2 class=\"partners-h2\"><a href=\"https:\/\/triglavtours.com\/\" target=\"_blank\" rel=\"noreferrer noopener\"><strong>TRIGLAV TOURS<\/strong><\/a><\/h2>\n\n\n\n<p>Guidede vandreture op p\u00e5 Sloveniens h\u00f8jeste bjerg<\/p>\n\n\n\n<h2 class=\"partners-h2\"><strong><a href=\"https:\/\/thebalkantours.com\/\" target=\"_blank\" rel=\"noreferrer noopener\">TURE P\u00c5 BALKAN<\/a><\/strong><\/h2>\n\n\n\n<p>Uforglemmelige ferier p\u00e5 tv\u00e6rs af Balkanlandene.<\/p>\n\n\n\n<h2 class=\"partners-h2\"><strong><a href=\"https:\/\/sloveniacyclingholidays.com\/\" target=\"_blank\" rel=\"noreferrer noopener\">SLOVENIEN CYKELFERIE<\/a><\/strong><\/h2>\n\n\n\n<p>Cycling Holidays Slovenia er et nyt rejsebureau, hvis mission er at give deres kunder mulighed for at opleve Sloveniens forskellige landskaber p\u00e5 cykel.<\/p>\n\n\n\n<h2 class=\"partners-h2\"><strong><a href=\"https:\/\/huttohuthikingslovenia.com\/\" target=\"_blank\" rel=\"noreferrer noopener\">VANDRETURE FRA HYTTE TIL HYTTE I SLOVENIEN<\/a><\/strong><\/h2>\n\n\n\n<p>Guidede og selvledende vandreture p\u00e5 bjergstier med udsigt over alpetoppene og den omkringliggende natur, hvile i hytter og nyde hjemmelavede retter.&nbsp;<\/p>\n\n\n\n<h2 class=\"partners-h2\"><strong><a href=\"https:\/\/walking-holidays-slovenia.com\/\" target=\"_blank\" rel=\"noreferrer noopener\">VANDREFERIER SLOVENIEN<\/a><\/strong><\/h2>\n\n\n\n<p>Vandreturene er designet til at f\u00f8re g\u00e6sterne gennem Sloveniens gr\u00f8nne landskaber, frodige dale og smaragdgr\u00f8nne floder med bjerge som baggrund.<\/p>\n\n\n\n<h2 class=\"partners-h2\"><strong><a href=\"https:\/\/hvarstagdo.com\/\" target=\"_blank\" rel=\"noreferrer noopener\">HVAR STAG DO<\/a><\/strong><\/h2>\n\n\n\n<p>Det bedste sted at arrangere en uforglemmelig polterabend p\u00e5 den utrolige \u00f8 Hvar for at give din ven et par sidste n\u00e6tter med fest, f\u00f8r han gifter sig med sin bror.<\/p>\n\n\n\n<h2 class=\"partners-h2\"><strong><a href=\"https:\/\/croatiatunafishing.com\/\" target=\"_blank\" rel=\"noreferrer noopener\">KROATIEN TUNFISKERI<\/a><\/strong><\/h2>\n\n\n\n<p>Charters til storvildtfiskeri langs hele Kroatiens kystlinje med en uforglemmelig oplevelse af havfiskeri for at fange de st\u00f8rste rovdyr i Adriaterhavet.<\/p>","protected":false},"excerpt":{"rendered":"<p>BEAR WATCHING SLOVENIEN Oplev sp\u00e6ndingen ved at se p\u00e5 bj\u00f8rne i de uber\u00f8rte naturskove i Slovenien. F\u00f8lg en ekspert i dyreliv dybt ind i skoven, hvor du vil m\u00f8de Sloveniens indf\u00f8dte brune bj\u00f8rn gennem de brede vinduer i et sikkert udkigst\u00e5rn af tr\u00e6 - perfekt til at tage fantastiske billeder FARM LIFE SLOVENIEN Tilbring en dag p\u00e5 en ... <a href=\"https:\/\/fishing-guides-slovenia.com\/da\/partners\/\">Fortsat<\/a><\/p>","protected":false},"author":46,"featured_media":0,"parent":0,"menu_order":23,"comment_status":"open","ping_status":"open","template":"","meta":{"footnotes":""},"class_list":["post-571","page","type-page","status-publish","hentry"],"acf":{"page_subheading":""},"_links":{"self":[{"href":"https:\/\/fishing-guides-slovenia.com\/da\/wp-json\/wp\/v2\/pages\/571","targetHints":{"allow":["GET"]}}],"collection":[{"href":"https:\/\/fishing-guides-slovenia.com\/da\/wp-json\/wp\/v2\/pages"}],"about":[{"href":"https:\/\/fishing-guides-slovenia.com\/da\/wp-json\/wp\/v2\/types\/page"}],"author":[{"embeddable":true,"href":"https:\/\/fishing-guides-slovenia.com\/da\/wp-json\/wp\/v2\/users\/46"}],"replies":[{"embeddable":true,"href":"https:\/\/fishing-guides-slovenia.com\/da\/wp-json\/wp\/v2\/comments?post=571"}],"version-history":[{"count":0,"href":"https:\/\/fishing-guides-slovenia.com\/da\/wp-json\/wp\/v2\/pages\/571\/revisions"}],"wp:attachment":[{"href":"https:\/\/fishing-guides-slovenia.com\/da\/wp-json\/wp\/v2\/media?parent=571"}],"curies":[{"name":"wp","href":"https:\/\/api.w.org\/{rel}","templated":true}]}}