{"id":583,"date":"2021-04-26T09:54:07","date_gmt":"2021-04-26T09:54:07","guid":{"rendered":"http:\/\/fishing-guides-slovenia.com\/know-before-you-go\/"},"modified":"2023-07-27T09:44:11","modified_gmt":"2023-07-27T09:44:11","slug":"ved-det-for-du-gar","status":"publish","type":"page","link":"https:\/\/fishing-guides-slovenia.com\/da\/know-before-you-go\/","title":{"rendered":"F\u00e5 det at vide, f\u00f8r du tager af sted"},"content":{"rendered":"<h2 class=\"wp-block-heading\" id=\"block-when-to-go-fishing\">Hvorn\u00e5r skal du fiske?<\/h2>\n\n\n\n<p>Uanset hvilken fangst du foretr\u00e6kker, er det bedste tidspunkt at fiske i Slovenien om for\u00e5ret og efter\u00e5ret. Det er den tid, hvor fiskene begynder at v\u00e5gne op eller begynder at forberede sig p\u00e5 vinteren og derfor spiser overdrevent meget. S\u00f8erne og floderne f\u00e5r f\u00e6rre bes\u00f8gende end om sommeren, hvilket er en s\u00e6rlig vigtig kendsgerning at tage hensyn til, hvis du planl\u00e6gger at fiske i n\u00e6rheden af Sloveniens popul\u00e6re sev\u00e6rdigheder.<br><br>P\u00e5 grund af sin gunstige beliggenhed har Slovenien varme for\u00e5r, og somrene er ikke alt for br\u00e6ndende, hvilket betyder, at man kan fiske hele \u00e5ret rundt. Med undtagelse af Donaulaksen, som man kun kan fiske om vinteren. Du kan l\u00e6se mere om det bedste tidspunkt at fiske p\u00e5 med hensyn til specifikke fisketyper&nbsp;<a href=\"https:\/\/fishing-guides-slovenia.com\/da\/fiskesaesoner-i-slovenien\/\">her<\/a>. &nbsp;<\/p>\n\n\n\n<h2 class=\"wp-block-heading\" id=\"block-what-and-where-to-fish\">Hvad og hvor skal man fiske?<\/h2>\n\n\n\n<p>Slovenien byder p\u00e5 fremragende fiskeforhold p\u00e5\u00a0<a href=\"https:\/\/fishing-guides-slovenia.com\/da\/flod\/\">floder<\/a>,\u00a0<a href=\"https:\/\/fishing-guides-slovenia.com\/da\/soen\/\">s\u00f8er<\/a>\u00a0og\u00a0<a href=\"https:\/\/fishing-guides-slovenia.com\/da\/havet\/adriaterhavet\/\">Adriaterhavet<\/a>, s\u00e5 du kan fange praktisk talt alle de\u00a0<a href=\"https:\/\/fishing-guides-slovenia.com\/da\/fisk\/\">lokale eksemplarer<\/a>\u00a0p\u00e5 alle mulige m\u00e5der. Hvis du kan lide fluefiskeri, er alpine og karstfloder helt sikkert noget for dig. Her kan du finde alt fra marmor\u00f8rred, harris og regnbue\u00f8rred til b\u00e6k\u00f8rred og nogle gange endda barber.<br><br>Vi har forberedt et s\u00e6rligt tilbud til alle karpeelskere ved de ber\u00f8mte s\u00f8er Bled og \u0160martinsko, hvor der tidligere er blevet fanget karper p\u00e5 over 30 kg flere gange. Hvis du er til spinnefiskeri, skal du tage til Bled-s\u00f8en eller Vipava-floden, hvor der er prisvindende havkatfisk.<br><br>Sava-floden er den mest velegnede til jagt p\u00e5 Donaulaks, og du kan pr\u00f8ve lykken med at fange gedder p\u00e5 Ljubljanica-floden. For alle havfiskere, der gerne vil pifte deres sommerferie p\u00e5 den slovenske kyst op, st\u00e5r vores kaptajner til r\u00e5dighed for at tage dig med ud at fiske p\u00e5 det \u00e5bne hav. Hvis du er p\u00e5 udkig efter et s\u00e6rligt eventyr, der s\u00e6tter dine fiskekundskaber p\u00e5 pr\u00f8ve, kan du ogs\u00e5 g\u00e5 p\u00e5 jagt efter tun. \u00a0<\/p>\n\n\n\n<h2 class=\"wp-block-heading\" id=\"block-what-about-permits\">Hvad med tilladelser?<\/h2>\n\n\n\n<p>I Slovenien er alle fiskefarvande, undtagen havet, fordelt mellem fiskeklubber. Hver fiskeklub ejer nogle f\u00e5 floder og s\u00f8er, som den udsteder tilladelser til. I henhold til den nye lov kan de fleste mennesker k\u00f8be en tilladelse online. Du skal blot s\u00f8ge p\u00e5 den type fiskeri og navnet p\u00e5 floden eller s\u00f8en, og de tilladelser, du har brug for, vil dukke op blandt de \u00f8verste s\u00f8geresultater.<br><br>Du kan ogs\u00e5 k\u00f8be tilladelser fysisk p\u00e5 stedet p\u00e5 barer, restauranter eller hoteller i n\u00e6rheden. Priserne \u00e6ndrer sig lidt i \u00e5renes l\u00f8b, og de aktuelle priser for tilladelser til alle vigtige slovenske farvande kan findes p\u00e5&nbsp;<a href=\"https:\/\/fishing-guides-slovenia.com\/da\/fiskerilicenser\/\">her<\/a>. &nbsp;<\/p>\n\n\n\n<h2 class=\"wp-block-heading\" id=\"block-waht-to-take\">Hvad skal du tage med dig?<\/h2>\n\n\n\n<p>Da alle rejser til Slovenien p\u00e5 forskellig vis, kan nogle rejse med store m\u00e6ngder udstyr, mens andre rejser let. Af denne grund har vi besluttet at tilbyde den&nbsp;<a href=\"https:\/\/fishing-guides-slovenia.com\/da\/udlejning-af-udstyr\/\">udlejning<\/a>&nbsp;af alt n\u00f8dvendigt udstyr til enhver form for fiskeri samt specifikt fiskeudstyr, som du tilf\u00e6ldigvis mangler. Det er dog tilr\u00e5deligt at tage endetaklet med, da dette sp\u00f8rgsm\u00e5l er meget f\u00f8lsomt for de fleste fiskeentusiaster, og det er altid bedst at stole p\u00e5 sit eget.<\/p>\n\n\n\n<p>Til fluefiskeri tilbyder vi fremragende hjemmelavede fluer, som vores guider s\u00f8rger for, og til tunfiskeri beh\u00f8ver du slet ikke at medbringe noget som helst, da alt er inkluderet i prisen og leveres p\u00e5 stedet.<\/p>","protected":false},"excerpt":{"rendered":"<p>Hvorn\u00e5r skal man fiske? Uanset hvilken fangst du foretr\u00e6kker, er det bedste tidspunkt at tage p\u00e5 fisketur i Slovenien om for\u00e5ret og efter\u00e5ret. Det er, n\u00e5r fiskene begynder at v\u00e5gne op eller forberede sig p\u00e5 vinteren og derfor spiser meget. S\u00f8erne og floderne har f\u00e6rre bes\u00f8gende end om sommeren, hvilket er et s\u00e6rligt vigtigt faktum at overveje ... <a href=\"https:\/\/fishing-guides-slovenia.com\/da\/know-before-you-go\/\">Fortsat<\/a><\/p>","protected":false},"author":46,"featured_media":1525,"parent":0,"menu_order":20,"comment_status":"open","ping_status":"open","template":"","meta":{"footnotes":""},"class_list":["post-583","page","type-page","status-publish","has-post-thumbnail","hentry"],"acf":{"page_subheading":"A few important information about fishing in Slovenia you should know before the arrival so when you are here, the only thing to focus on is fishing."},"_links":{"self":[{"href":"https:\/\/fishing-guides-slovenia.com\/da\/wp-json\/wp\/v2\/pages\/583","targetHints":{"allow":["GET"]}}],"collection":[{"href":"https:\/\/fishing-guides-slovenia.com\/da\/wp-json\/wp\/v2\/pages"}],"about":[{"href":"https:\/\/fishing-guides-slovenia.com\/da\/wp-json\/wp\/v2\/types\/page"}],"author":[{"embeddable":true,"href":"https:\/\/fishing-guides-slovenia.com\/da\/wp-json\/wp\/v2\/users\/46"}],"replies":[{"embeddable":true,"href":"https:\/\/fishing-guides-slovenia.com\/da\/wp-json\/wp\/v2\/comments?post=583"}],"version-history":[{"count":2,"href":"https:\/\/fishing-guides-slovenia.com\/da\/wp-json\/wp\/v2\/pages\/583\/revisions"}],"predecessor-version":[{"id":2302,"href":"https:\/\/fishing-guides-slovenia.com\/da\/wp-json\/wp\/v2\/pages\/583\/revisions\/2302"}],"wp:featuredmedia":[{"embeddable":true,"href":"https:\/\/fishing-guides-slovenia.com\/da\/wp-json\/wp\/v2\/media\/1525"}],"wp:attachment":[{"href":"https:\/\/fishing-guides-slovenia.com\/da\/wp-json\/wp\/v2\/media?parent=583"}],"curies":[{"name":"wp","href":"https:\/\/api.w.org\/{rel}","templated":true}]}}