{"id":542,"date":"2020-01-13T14:41:29","date_gmt":"2020-01-13T14:41:29","guid":{"rendered":"http:\/\/fishing-guides-slovenia.com\/fishing-seasons-in-slovenia\/"},"modified":"2020-01-13T14:41:29","modified_gmt":"2020-01-13T14:41:29","slug":"fangzeiten-in-slowenien","status":"publish","type":"page","link":"https:\/\/fishing-guides-slovenia.com\/de\/fishing-seasons-in-slovenia\/","title":{"rendered":"Angeln Jahreszeiten in Slowenien"},"content":{"rendered":"<h3 class=\"wp-block-heading\" id=\"January\"><strong>Januar<\/strong><\/h3>\n\n\n\n<p>Im Januar ist der Huchen, der K\u00f6nig der slowenischen Fische, st\u00e4ndig auf der Suche nach Beute, so dass es keine unm\u00f6gliche Aufgabe ist, die gro\u00dfen Fische zu fangen. Aber denken Sie daran, dass Sie bis Mitte Februar Zeit haben, um sie zu fangen. Der Hecht, dieser slowenische S\u00fc\u00dfwasser-Raubfisch, ist auch in den kalten Wintermonaten aktiv.<\/p>\n\n\n\n<h3 class=\"wp-block-heading\" id=\"February\"><strong>Februar<\/strong><\/h3>\n\n\n\n<p>In diesem frostigen Monat sind die Huchen und Hechte aktiv und k\u00f6nnen in beachtlichen Gr\u00f6\u00dfen gefangen werden. Warme Kleidung und Geduld sind erforderlich.&nbsp;<\/p>\n\n\n\n<figure class=\"wp-block-image\"><img decoding=\"async\" src=\"https:\/\/960335.smushcdn.com\/2671427\/wp-content\/uploads\/2020\/04\/webp_net_resizeimage_9sfN9.webp?lossy=1&amp;strip=1&amp;webp=1\" alt=\"Ergebnis des morgendlichen Fliegenfischens am Fluss So\u010da\"\/><\/figure>\n\n\n\n<h3 class=\"wp-block-heading\" id=\"March\"><strong>M\u00e4rz<\/strong><\/h3>\n\n\n\n<p>Anfang dieses Monats beginnt die Natur zu erwachen, und mit ihr die Karpfen. Gegen Ende M\u00e4rz gibt es in einigen Fl\u00fcssen auch Forellen in angemessener Anzahl.&nbsp;&nbsp;&nbsp;<\/p>\n\n\n\n<h3 class=\"wp-block-heading\" id=\"April\"><strong>April<\/strong><\/h3>\n\n\n\n<p>Die Saison f\u00fcr das Fliegenfischen ist offiziell er\u00f6ffnet, und alle Arten von Forellen sind in H\u00fclle und F\u00fclle vorhanden.&nbsp;<\/p>\n\n\n\n<figure class=\"wp-block-image\"><img decoding=\"async\" src=\"https:\/\/960335.smushcdn.com\/2671427\/wp-content\/uploads\/2020\/04\/webp_net_resizeimage_3CyJz.webp?lossy=1&amp;strip=1&amp;webp=1\" alt=\"Lange, schlanke Regenbogenforelle im Fluss Savinja gefangen\"\/><\/figure>\n\n\n\n<h3 class=\"wp-block-heading\" id=\"May\"><strong>Mai<\/strong><\/h3>\n\n\n\n<p>Diese wunderbare Jahreszeit ist der Beginn der Hechtsaison. Es ist die perfekte Zeit, um dieses unversch\u00e4mte Raubtier zu fangen. Mitte Mai wird die \u00c4schensaison er\u00f6ffnet, die bis zum Sp\u00e4therbst dauert.&nbsp;&nbsp;<\/p>\n\n\n\n<p>Der Mai ist auch ideal f\u00fcr diejenigen, die unbedingt einen gro\u00dfen Wels fangen wollen. Zusammen mit der Barbe ist der Wels im Fr\u00fchjahr am aktivsten, mit einer Schutzzeit vom 1. Mai bis zum 30. Juni.&nbsp;<\/p>\n\n\n\n<h3 class=\"wp-block-heading\" id=\"July and August\"><strong>Juli und August<\/strong><\/h3>\n\n\n\n<p>Die Sommermonate sind am fischreichsten. In dieser hei\u00dfen Jahreszeit k\u00f6nnen alle Fischarten gefangen werden. Die Tage sind l\u00e4nger und damit auch die Zeit zum Angeln. Nachtangeln auf Karpfen ist immer eine gute Idee.&nbsp;<\/p>\n\n\n\n<figure class=\"wp-block-image\"><img decoding=\"async\" src=\"https:\/\/960335.smushcdn.com\/2671427\/wp-content\/uploads\/2020\/02\/pike-2.webp?lossy=1&amp;strip=1&amp;webp=1\" alt=\"Fischer und sein gr\u00f6\u00dfter Fang des Tages\"\/><\/figure>\n\n\n\n<h3 class=\"wp-block-heading\" id=\"September\"><strong>September<\/strong><\/h3>\n\n\n\n<p>Der Fr\u00fchherbst geht langsam zu Ende und die Fische bereiten sich auf ihre Winterruhe vor. Der Herbst ist ideal, um Fische fast aller Arten zu fangen.&nbsp;<\/p>\n\n\n\n<h3 class=\"wp-block-heading\" id=\"October\"><strong>Oktober<\/strong><\/h3>\n\n\n\n<p>Zu Beginn dieses Monats ist die Saison f\u00fcr den Fang des K\u00f6nigs der slowenischen Gew\u00e4sser, des Donaulachses, wieder er\u00f6ffnet. Sie k\u00f6nnen diesen herrlichen Fisch bis zum 15. Februar fangen. Ende Oktober geht die Saison der Marmorforelle zu Ende. Wenn die Herbstmonate warm genug sind, k\u00f6nnen die meisten slowenischen Fische noch bis November gefangen werden.&nbsp;&nbsp;<\/p>\n\n\n\n<figure class=\"wp-block-image\"><img decoding=\"async\" src=\"https:\/\/960335.smushcdn.com\/2671427\/wp-content\/uploads\/2020\/02\/rainbow-trout-1.webp?lossy=1&amp;strip=1&amp;webp=1\" alt=\"Fischer h\u00e4lt Regenbogenforelle in den H\u00e4nden\"\/><\/figure>\n\n\n\n<h3 class=\"wp-block-heading\" id=\"November\"><strong>November<\/strong><\/h3>\n\n\n\n<p>Die Zeit, in der die Natur zur Ruhe kommt. Es ist die Zeit, in der sich Liebhaber der Ruhe und Einsamkeit an die Fl\u00fcsse und Seen wagen, um einen Karpfen, eine \u00c4sche oder eine Forelle in Troph\u00e4engr\u00f6\u00dfe zu fangen.<\/p>\n\n\n\n<figure class=\"wp-block-image\"><img decoding=\"async\" src=\"https:\/\/960335.smushcdn.com\/2671427\/wp-content\/uploads\/2020\/03\/Robert-R.webp?lossy=1&amp;strip=1&amp;webp=1\" alt=\"Fischen auf dem slowenischen Meer\"\/><figcaption>Robert R Angelf\u00fchrer<\/figcaption><\/figure>\n\n\n\n<h3 class=\"wp-block-heading\" id=\"December\"><strong>Dezember<\/strong><\/h3>\n\n\n\n<p>In dieser Zeit sind die meisten Fische weniger aktiv, aber die Wintersaison hat auch ihre Vorteile. Der gro\u00dfe Huchen kann bis Mitte Februar gefangen werden, der Hecht bleibt bis Ende Januar ein lohnender Fang und ein Karpfen in Troph\u00e4engr\u00f6\u00dfe wartet immer noch in den eisigen Gew\u00e4ssern des Bleder Sees.<\/p>","protected":false},"excerpt":{"rendered":"<p>Januar Im Januar ist der Huchen, der K\u00f6nig der slowenischen Fische, st\u00e4ndig auf der Suche nach Beute, so dass es keine unm\u00f6gliche Aufgabe ist, die gro\u00dfen Fische zu fangen. Aber denken Sie daran, dass Sie bis Mitte Februar Zeit haben, um sie zu fangen. Was den Hecht betrifft, so ist dieser slowenische S\u00fc\u00dfwasserraubfisch in den kalten Wintermonaten aktiv. Februar W\u00e4hrend dieser eisigen Zeit ... <a href=\"https:\/\/fishing-guides-slovenia.com\/de\/fishing-seasons-in-slovenia\/\">Fortsetzung<\/a><\/p>","protected":false},"author":46,"featured_media":0,"parent":0,"menu_order":12,"comment_status":"open","ping_status":"open","template":"","meta":{"footnotes":""},"class_list":["post-542","page","type-page","status-publish","hentry"],"acf":{"page_subheading":"The good news is that fishing can be enjoyed in Slovenia all year round. Check out the months to enjoy Fly, Carp or Sea fishing in Slovenia."},"_links":{"self":[{"href":"https:\/\/fishing-guides-slovenia.com\/de\/wp-json\/wp\/v2\/pages\/542","targetHints":{"allow":["GET"]}}],"collection":[{"href":"https:\/\/fishing-guides-slovenia.com\/de\/wp-json\/wp\/v2\/pages"}],"about":[{"href":"https:\/\/fishing-guides-slovenia.com\/de\/wp-json\/wp\/v2\/types\/page"}],"author":[{"embeddable":true,"href":"https:\/\/fishing-guides-slovenia.com\/de\/wp-json\/wp\/v2\/users\/46"}],"replies":[{"embeddable":true,"href":"https:\/\/fishing-guides-slovenia.com\/de\/wp-json\/wp\/v2\/comments?post=542"}],"version-history":[{"count":0,"href":"https:\/\/fishing-guides-slovenia.com\/de\/wp-json\/wp\/v2\/pages\/542\/revisions"}],"wp:attachment":[{"href":"https:\/\/fishing-guides-slovenia.com\/de\/wp-json\/wp\/v2\/media?parent=542"}],"curies":[{"name":"wp","href":"https:\/\/api.w.org\/{rel}","templated":true}]}}