{"id":560,"date":"2020-04-22T21:48:47","date_gmt":"2020-04-22T21:48:47","guid":{"rendered":"http:\/\/fishing-guides-slovenia.com\/tailor-made\/"},"modified":"2022-12-05T11:00:38","modified_gmt":"2022-12-05T11:00:38","slug":"masgeschneidert","status":"publish","type":"page","link":"https:\/\/fishing-guides-slovenia.com\/de\/tailor-made\/","title":{"rendered":"Ma\u00dfgeschneidert"},"content":{"rendered":"<p>Wir garantieren, dass jedes Produkt auf unserer Website entwickelt wurde, um Ihnen die&nbsp;<strong>bestes Angelerlebnis<\/strong>&nbsp;Slowenien zu bieten hat. Da wir uns bewusst sind, dass es unm\u00f6glich ist, alles abzudecken und dass Ihre W\u00fcnsche von unserem Angebot abweichen k\u00f6nnen, bieten wir Ihnen die M\u00f6glichkeit, Ihren ganz pers\u00f6nlichen Angelurlaub zu gestalten.&nbsp;<\/p>\n\n\n\n<p>Sie k\u00f6nnen Ihr System vollst\u00e4ndig anpassen<strong>Taylor-made Fishing Holidays in Slowenien<\/strong>nach Ihren W\u00fcnschen, und wir sind hier, um Ihnen bei jedem Schritt zu helfen. W\u00e4hlen Sie, wie viele Tage Sie bleiben m\u00f6chten, in welchen Gew\u00e4ssern Sie angeln m\u00f6chten, welche Angeltechniken Sie ausprobieren m\u00f6chten, welche Art von Unterkunft Sie bevorzugen... Sie k\u00f6nnen sogar w\u00e4hlen, wo oder was Sie essen m\u00f6chten.<\/p>\n\n\n\n<p>Wir sind hier, um das alles m\u00f6glich zu machen, um Ihnen die<strong>beste Angelf\u00fchrer<\/strong>und daf\u00fcr sorgen, dass Sie eines Tages wiederkommen. Also z\u00f6gern Sie nicht, uns alles zu sagen, was Sie wollen, und zwar genau so, wie Sie es wollen.<\/p>\n\n\n\n<p>Wie funktioniert das?<\/p>\n\n\n\n<p>Sie k\u00f6nnen sich entweder f\u00fcr eines unserer&nbsp;<strong>bestehende Angelurlaubs-Pakete<\/strong>&nbsp;und modifizieren es nach Ihren W\u00fcnschen, oder wir k\u00f6nnen eine&nbsp;<strong>Individuelles Paket speziell f\u00fcr Sie zusammengestellt<\/strong>.<\/p>\n\n\n\n<p>Alles, was Sie tun m\u00fcssen, ist&nbsp;<strong>F\u00fcllen Sie die Anfrage aus<\/strong>&nbsp;wo Sie alle Ihre W\u00fcnsche angeben und wir werden uns mit Ihnen in Verbindung setzen, um jedes Detail Ihres n\u00e4chsten perfekten Angelurlaubs zu besprechen.<\/p>","protected":false},"excerpt":{"rendered":"<p>Wir garantieren Ihnen, dass jedes Produkt auf unserer Website so gestaltet wurde, dass Sie das beste Angelerlebnis haben, das Slowenien zu bieten hat. Da wir uns bewusst sind, dass es unm\u00f6glich ist, alles abzudecken und dass Ihre W\u00fcnsche von unserem Angebot abweichen k\u00f6nnen, bieten wir Ihnen die M\u00f6glichkeit, Ihren ganz eigenen Angelurlaub zu gestalten.  Sie k\u00f6nnen Ihren Urlaub komplett individuell gestalten ... <a href=\"https:\/\/fishing-guides-slovenia.com\/de\/tailor-made\/\">Fortsetzung<\/a><\/p>","protected":false},"author":46,"featured_media":1553,"parent":0,"menu_order":28,"comment_status":"open","ping_status":"open","template":"","meta":{"footnotes":""},"class_list":["post-560","page","type-page","status-publish","has-post-thumbnail","hentry"],"acf":{"page_subheading":"Personalise your fishing holidays in Slovenia and get an all-inclusive experience. Everything tailored exactly to your needs and wishes."},"_links":{"self":[{"href":"https:\/\/fishing-guides-slovenia.com\/de\/wp-json\/wp\/v2\/pages\/560","targetHints":{"allow":["GET"]}}],"collection":[{"href":"https:\/\/fishing-guides-slovenia.com\/de\/wp-json\/wp\/v2\/pages"}],"about":[{"href":"https:\/\/fishing-guides-slovenia.com\/de\/wp-json\/wp\/v2\/types\/page"}],"author":[{"embeddable":true,"href":"https:\/\/fishing-guides-slovenia.com\/de\/wp-json\/wp\/v2\/users\/46"}],"replies":[{"embeddable":true,"href":"https:\/\/fishing-guides-slovenia.com\/de\/wp-json\/wp\/v2\/comments?post=560"}],"version-history":[{"count":2,"href":"https:\/\/fishing-guides-slovenia.com\/de\/wp-json\/wp\/v2\/pages\/560\/revisions"}],"predecessor-version":[{"id":1271,"href":"https:\/\/fishing-guides-slovenia.com\/de\/wp-json\/wp\/v2\/pages\/560\/revisions\/1271"}],"wp:featuredmedia":[{"embeddable":true,"href":"https:\/\/fishing-guides-slovenia.com\/de\/wp-json\/wp\/v2\/media\/1553"}],"wp:attachment":[{"href":"https:\/\/fishing-guides-slovenia.com\/de\/wp-json\/wp\/v2\/media?parent=560"}],"curies":[{"name":"wp","href":"https:\/\/api.w.org\/{rel}","templated":true}]}}