{"id":561,"date":"2020-04-22T22:31:31","date_gmt":"2020-04-22T22:31:31","guid":{"rendered":"http:\/\/fishing-guides-slovenia.com\/equipment-rental\/"},"modified":"2022-12-05T09:59:38","modified_gmt":"2022-12-05T09:59:38","slug":"gerateverleih","status":"publish","type":"page","link":"https:\/\/fishing-guides-slovenia.com\/de\/equipment-rental\/","title":{"rendered":"Vermietung von Ausr\u00fcstung"},"content":{"rendered":"<p><\/p>\n\n\n\n<p>Einige von Ihnen haben bereits Pl\u00e4ne f\u00fcr Ihren Angelausflug in Slowenien, haben bereits alle Details und wissen, wo Sie angeln wollen, aber Ihr Problem ist, dass Sie fliegen m\u00fcssen oder andere Probleme haben, Ihre Angelausr\u00fcstung in unser Land zu transportieren. Keine Sorge, auch das k\u00f6nnen wir f\u00fcr Sie regeln. Speziell f\u00fcr solche F\u00e4lle haben wir eine Menge an zus\u00e4tzlicher Ausr\u00fcstung, die man mieten kann. F\u00fcr jede Art des Angelns (mit Ausnahme des Meeresangelns) haben wir die gesamte Ausr\u00fcstung, die Sie ben\u00f6tigen, von Ruten, Wathosen und Zelten bis hin zum kleinsten Fliegenhaken.<\/p>\n\n\n\n<p>Unsere Agentur befindet sich in Ljubljana, wo Sie die Ausr\u00fcstung abholen und wieder abgeben k\u00f6nnen. Gegen einen Aufpreis k\u00f6nnen wir Ihnen die Ausr\u00fcstung auch liefern und am Ende des Tages\/der Veranstaltung wieder abholen.<\/p>\n\n\n\n<figure class=\"wp-block-image\"><img decoding=\"async\" src=\"https:\/\/960335.smushcdn.com\/2671427\/wp-content\/uploads\/2020\/07\/fishing-equipment.webp?lossy=1&amp;strip=1&amp;webp=1\" alt=\"\"\/><\/figure>\n\n\n\n<h3 class=\"wp-block-heading\" id=\"headline-92-1209\">Fliegenfischer-Ausr\u00fcstung<\/h3>\n\n\n\n<ul class=\"wp-block-list\"><li>Rute (Orvis) - 30 \u20ac<\/li><li>Wathosen - 30 \u20ac<\/li><li>Kescher - 5 \u20ac<\/li><li>Fliegen (10 St\u00fcck in einem Paket, Sie k\u00f6nnen sie behalten) - 30 \u20ac<\/li><li>Belly Boot - 50 \u20ac<\/li><li><strong>Vollst\u00e4ndiges Paket&nbsp;<\/strong>(Rute, Wathose, Kescher) - 50<\/li><li>Hinbringen und Abholen - 40 \u20ac<\/li><\/ul>\n\n\n\n<figure class=\"wp-block-image\"><img decoding=\"async\" src=\"https:\/\/960335.smushcdn.com\/2671427\/wp-content\/uploads\/2020\/04\/fly-fishing-bait.webp?lossy=1&amp;strip=1&amp;webp=1\" alt=\"\"\/><\/figure>\n\n\n\n<h3 class=\"wp-block-heading\" id=\"headline-94-1209\">Ausr\u00fcstung zum Karpfenangeln<\/h3>\n\n\n\n<ul class=\"wp-block-list\"><li>2 Ruten (Daiwa) - 30 \u20ac<\/li><li>Rod Pod, Bissanzeiger, Swinger - 20 \u20ac<\/li><li>Zelt, Liegestuhl, Schlafsack - 30 \u20ac<\/li><li>Wiege, Gewichtsschlinge, Kescher, Waage, Eimer - 20 \u20ac<\/li><li>Boot - 30 \u20ac<\/li><li>Boilies (5kg) - 30 \u20ac<\/li><li>Teilchen (10kg) - 10 \u20ac<\/li><li>Kochausr\u00fcstung (Geschirr, Besteck, Kocher, kleiner Tisch, K\u00fchltasche) - 20 \u20ac<\/li><li><strong>Komplettpaket Tagessitzung<\/strong>&nbsp;(2 Ruten, Rutenhalter, K\u00f6deralarm, Wiege, Gewichtsschlinge, Kescher, Waage, Eimer) - 70 \u20ac<\/li><li><strong>Komplettpaket Fischereikampagnen&nbsp;<\/strong>(Ruten, Rodpod, K\u00f6deralarm, Wiege, Gewichtsschlinge, Kescher, Waage, Eimer, Zelt, Liegestuhl, Schlafsack, Kochausr\u00fcstung) - 100 \u20ac<\/li><li>Hinbringen und Abholen - 40 \u20ac<\/li><\/ul>\n\n\n\n<figure class=\"wp-block-image\"><img decoding=\"async\" src=\"https:\/\/960335.smushcdn.com\/2671427\/wp-content\/uploads\/2020\/01\/bled-carp-1.webp?lossy=1&amp;strip=1&amp;webp=1\" alt=\"\"\/><\/figure>\n\n\n\n<h3 class=\"wp-block-heading\" id=\"headline-97-1209\">Ausr\u00fcstung zum Spinnfischen<\/h3>\n\n\n\n<ul class=\"wp-block-list\"><li>Rute (Sportex) - 30 \u20ac<\/li><li>K\u00f6der (10) - 20 \u20ac<\/li><li>Wathosen - 30 \u20ac<\/li><li>Kescher - 5 \u20ac<\/li><li><strong>Vollst\u00e4ndiges Paket<\/strong>&nbsp;(Rute, K\u00f6der, Wathose, Kescher) - 50\u20ac<\/li><li>Hinbringen und Abholen - 40 \u20ac<\/li><\/ul>","protected":false},"excerpt":{"rendered":"<p>Einige von Ihnen haben bereits Pl\u00e4ne f\u00fcr Ihren Angelausflug in Slowenien, haben bereits alle Details und wissen, wo Sie angeln wollen, aber Ihr Problem ist, dass Sie fliegen m\u00fcssen oder andere Probleme haben, Ihre Angelausr\u00fcstung in unser Land zu transportieren. Keine Sorge, auch das k\u00f6nnen wir f\u00fcr Sie regeln. Speziell f\u00fcr solche F\u00e4lle haben wir ... <a href=\"https:\/\/fishing-guides-slovenia.com\/de\/equipment-rental\/\">Fortsetzung<\/a><\/p>","protected":false},"author":46,"featured_media":1525,"parent":0,"menu_order":7,"comment_status":"open","ping_status":"open","template":"","meta":{"footnotes":""},"class_list":["post-561","page","type-page","status-publish","has-post-thumbnail","hentry"],"acf":{"page_subheading":"A perfect solution for those, who can\u2019t bring your own equipment with you. We'll have you covered with rods, waders, baits and tents."},"_links":{"self":[{"href":"https:\/\/fishing-guides-slovenia.com\/de\/wp-json\/wp\/v2\/pages\/561","targetHints":{"allow":["GET"]}}],"collection":[{"href":"https:\/\/fishing-guides-slovenia.com\/de\/wp-json\/wp\/v2\/pages"}],"about":[{"href":"https:\/\/fishing-guides-slovenia.com\/de\/wp-json\/wp\/v2\/types\/page"}],"author":[{"embeddable":true,"href":"https:\/\/fishing-guides-slovenia.com\/de\/wp-json\/wp\/v2\/users\/46"}],"replies":[{"embeddable":true,"href":"https:\/\/fishing-guides-slovenia.com\/de\/wp-json\/wp\/v2\/comments?post=561"}],"version-history":[{"count":4,"href":"https:\/\/fishing-guides-slovenia.com\/de\/wp-json\/wp\/v2\/pages\/561\/revisions"}],"predecessor-version":[{"id":1914,"href":"https:\/\/fishing-guides-slovenia.com\/de\/wp-json\/wp\/v2\/pages\/561\/revisions\/1914"}],"wp:featuredmedia":[{"embeddable":true,"href":"https:\/\/fishing-guides-slovenia.com\/de\/wp-json\/wp\/v2\/media\/1525"}],"wp:attachment":[{"href":"https:\/\/fishing-guides-slovenia.com\/de\/wp-json\/wp\/v2\/media?parent=561"}],"curies":[{"name":"wp","href":"https:\/\/api.w.org\/{rel}","templated":true}]}}