{"id":566,"date":"2020-04-23T10:07:09","date_gmt":"2020-04-23T10:07:09","guid":{"rendered":"http:\/\/fishing-guides-slovenia.com\/carp-fishing-season\/"},"modified":"2024-07-30T09:59:21","modified_gmt":"2024-07-30T09:59:21","slug":"karpfenangelsaison","status":"publish","type":"page","link":"https:\/\/fishing-guides-slovenia.com\/de\/carp-fishing-season\/","title":{"rendered":"Karpfenangelsaison"},"content":{"rendered":"<h2 class=\"wp-block-heading\">Januar<\/h2>\n\n\n\n<p>Ein Monat f\u00fcr die hartn\u00e4ckigsten Karpfenangler. Die Seen sind gr\u00f6\u00dftenteils zugefroren, so dass die Fl\u00fcsse perfekt sind, wenn Sie einen Winterkarpfen fangen wollen. Mit ein bisschen Vork\u00f6dern sind die Erfolgschancen gar nicht so gering!<\/p>\n\n\n\n<figure class=\"wp-block-image size-large\"><img loading=\"lazy\" decoding=\"async\" width=\"1024\" height=\"645\" src=\"https:\/\/fishing-guides-slovenia.com\/wp-content\/uploads\/Lake-Bled-in-winter-1024x645.webp\" alt=\"Blick auf die gotische Kirche auf der Insel Bled im See, Slowenien\" class=\"wp-image-2406\" srcset=\"https:\/\/fishing-guides-slovenia.com\/wp-content\/uploads\/Lake-Bled-in-winter-1024x645.webp 1024w, https:\/\/fishing-guides-slovenia.com\/wp-content\/uploads\/Lake-Bled-in-winter-300x189.webp 300w, https:\/\/fishing-guides-slovenia.com\/wp-content\/uploads\/Lake-Bled-in-winter-768x484.webp 768w, https:\/\/fishing-guides-slovenia.com\/wp-content\/uploads\/Lake-Bled-in-winter-1536x968.webp 1536w, https:\/\/fishing-guides-slovenia.com\/wp-content\/uploads\/Lake-Bled-in-winter-18x12.webp 18w, https:\/\/fishing-guides-slovenia.com\/wp-content\/uploads\/Lake-Bled-in-winter.webp 2000w\" sizes=\"auto, (max-width: 1024px) 100vw, 1024px\" \/><figcaption class=\"wp-element-caption\">Der Bleder See im Winter<\/figcaption><\/figure>\n\n\n\n<h2 class=\"wp-block-heading\">Februar<\/h2>\n\n\n\n<p>Im Februar h\u00e4ngt das Karpfenangeln in Slowenien davon ab, wie streng der Winter in diesem Jahr war. Meistens ist die zweite Februarh\u00e4lfte eine gute Zeit, um einen ersten Karpfen zu fangen. Wenn die Bedingungen gut sind, kann man sogar viele Bisse an einem einzigen Tag bekommen. Die Fische sind noch etwas schl\u00e4frig, was Sie zu Ihrem Vorteil nutzen k\u00f6nnen, um einen gro\u00dfen Karpfen dazu zu bringen, Ihren K\u00f6der zu nehmen.<\/p>\n\n\n\n<figure class=\"wp-block-image size-large\"><img loading=\"lazy\" decoding=\"async\" width=\"1024\" height=\"682\" src=\"https:\/\/fishing-guides-slovenia.com\/wp-content\/uploads\/carp-1-1-1024x682.webp\" alt=\"\" class=\"wp-image-1947\" srcset=\"https:\/\/fishing-guides-slovenia.com\/wp-content\/uploads\/carp-1-1-1024x682.webp 1024w, https:\/\/fishing-guides-slovenia.com\/wp-content\/uploads\/carp-1-1-300x200.webp 300w, https:\/\/fishing-guides-slovenia.com\/wp-content\/uploads\/carp-1-1-768x511.webp 768w, https:\/\/fishing-guides-slovenia.com\/wp-content\/uploads\/carp-1-1-18x12.webp 18w, https:\/\/fishing-guides-slovenia.com\/wp-content\/uploads\/carp-1-1.webp 1250w\" sizes=\"auto, (max-width: 1024px) 100vw, 1024px\" \/><figcaption class=\"wp-element-caption\">Angelf\u00fchrer h\u00e4lt einen Karpfen<\/figcaption><\/figure>\n\n\n\n<h2 class=\"wp-block-heading\">M\u00e4rz<\/h2>\n\n\n\n<p>Der M\u00e4rz ist der inoffizielle Beginn der Karpfenangelsaison. Das Wetter wird w\u00e4rmer und damit auch das Wasser, die Fische werden aktiver und sind hungrig aus dem Winterschlaf, so dass die Bedingungen f\u00fcr das Karpfenangeln gut sind. Da das Karpfenangeln am Bleder See erst im April erlaubt ist, ist der \u0160martinsko-See der perfekte Ort f\u00fcr ein paar Tage, und die ersten 20+ Fische der Saison sind nur ein paar W\u00fcrfe entfernt.<\/p>\n\n\n\n<figure class=\"wp-block-image size-large\"><img loading=\"lazy\" decoding=\"async\" width=\"1024\" height=\"768\" src=\"https:\/\/fishing-guides-slovenia.com\/wp-content\/uploads\/smartinsko-5-days-1024x768.webp\" alt=\"smartinsko 5 Tage\" class=\"wp-image-2268\" srcset=\"https:\/\/fishing-guides-slovenia.com\/wp-content\/uploads\/smartinsko-5-days-1024x768.webp 1024w, https:\/\/fishing-guides-slovenia.com\/wp-content\/uploads\/smartinsko-5-days-300x225.webp 300w, https:\/\/fishing-guides-slovenia.com\/wp-content\/uploads\/smartinsko-5-days-768x576.webp 768w, https:\/\/fishing-guides-slovenia.com\/wp-content\/uploads\/smartinsko-5-days-1536x1152.webp 1536w, https:\/\/fishing-guides-slovenia.com\/wp-content\/uploads\/smartinsko-5-days-2048x1536.webp 2048w, https:\/\/fishing-guides-slovenia.com\/wp-content\/uploads\/smartinsko-5-days-16x12.webp 16w, https:\/\/fishing-guides-slovenia.com\/wp-content\/uploads\/smartinsko-5-days-scaled.webp 1920w\" sizes=\"auto, (max-width: 1024px) 100vw, 1024px\" \/><figcaption class=\"wp-element-caption\">\u0160martinsko-See<\/figcaption><\/figure>\n\n\n\n<h2 class=\"wp-block-heading\">April<\/h2>\n\n\n\n<p>In den ersten sechs Monaten ist Hochsaison. Wenn es jemals eine Zeit gibt, einen Karpfen zu fangen, dann ist es jetzt. Die Wassertemperaturen steigen bis zu einem Punkt, an dem die Fische mit der massiven Nahrungsaufnahme beginnen, um sich auf das Laichen vorzubereiten. Die Tage werden l\u00e4nger, die N\u00e4chte sind nicht mehr so kalt und die Natur zeigt sich von ihrer besten Seite. Alle Karpfengew\u00e4sser aus unserer Liste sind jetzt verf\u00fcgbar, einschlie\u00dflich des Bleder Sees.<\/p>\n\n\n\n<figure class=\"wp-block-image size-large\"><img loading=\"lazy\" decoding=\"async\" width=\"1024\" height=\"578\" src=\"https:\/\/fishing-guides-slovenia.com\/wp-content\/uploads\/bled-carp-2-1-1024x578.webp\" alt=\"Angler beim Fischen am Bleder See\" class=\"wp-image-1957\" srcset=\"https:\/\/fishing-guides-slovenia.com\/wp-content\/uploads\/bled-carp-2-1-1024x578.webp 1024w, https:\/\/fishing-guides-slovenia.com\/wp-content\/uploads\/bled-carp-2-1-300x169.webp 300w, https:\/\/fishing-guides-slovenia.com\/wp-content\/uploads\/bled-carp-2-1-768x434.webp 768w, https:\/\/fishing-guides-slovenia.com\/wp-content\/uploads\/bled-carp-2-1-18x10.webp 18w, https:\/\/fishing-guides-slovenia.com\/wp-content\/uploads\/bled-carp-2-1.webp 1250w\" sizes=\"auto, (max-width: 1024px) 100vw, 1024px\" \/><figcaption class=\"wp-element-caption\">Angeln am sch\u00f6nen Bleder See<\/figcaption><\/figure>\n\n\n\n<h2 class=\"wp-block-heading\">Mai<\/h2>\n\n\n\n<p>In einigen Seen ist das Wasser so warm, dass die Karpfen mit dem Laichen beginnen, aber normalerweise ist das nicht der Fall im Bleder See und im \u0160martinsko-See, die tiefer und damit k\u00e4lter sind. Aber auch wenn das Wasser etwas w\u00e4rmer ist als sonst, laichen die Fische in diesen Seen nicht alle gleichzeitig. Wenn Sie also beschlie\u00dfen, zum Karpfenangeln nach Slowenien zu kommen, ist der Mai eine gute Zeit daf\u00fcr.<\/p>\n\n\n\n<figure class=\"wp-block-image size-full\"><img loading=\"lazy\" decoding=\"async\" width=\"1250\" height=\"703\" src=\"https:\/\/fishing-guides-slovenia.com\/wp-content\/uploads\/smartinsko-lake-6.webp\" alt=\"\" class=\"wp-image-1785\" srcset=\"https:\/\/fishing-guides-slovenia.com\/wp-content\/uploads\/smartinsko-lake-6.webp 1250w, https:\/\/fishing-guides-slovenia.com\/wp-content\/uploads\/smartinsko-lake-6-300x169.webp 300w, https:\/\/fishing-guides-slovenia.com\/wp-content\/uploads\/smartinsko-lake-6-1024x576.webp 1024w, https:\/\/fishing-guides-slovenia.com\/wp-content\/uploads\/smartinsko-lake-6-768x432.webp 768w, https:\/\/fishing-guides-slovenia.com\/wp-content\/uploads\/smartinsko-lake-6-18x10.webp 18w\" sizes=\"auto, (max-width: 1250px) 100vw, 1250px\" \/><figcaption class=\"wp-element-caption\">Fangen Sie Ihren eigenen Monsterkarpfen<\/figcaption><\/figure>\n\n\n\n<h2 class=\"wp-block-heading\">Juni, Juli, August<\/h2>\n\n\n\n<p>Zu Beginn des Sommers kann es noch Anzeichen f\u00fcr das Laichen geben, aber die Bedingungen f\u00fcr das Karpfenangeln in Slowenien sind im Sommer am besten. Warmes Wetter, lange Tage mit kurzen N\u00e4chten, um Ihre Energie wiederherzustellen, aktive Karpfen und gute Gesellschaft sind alles, was Sie sich w\u00fcnschen k\u00f6nnen. Wenn Sie also gro\u00dfe Fische fangen wollen, w\u00e4hrend Sie den Sonnenuntergang mit einem Bier in der Hand beobachten, dann kommen Sie f\u00fcr ein paar Tage zum Karpfenangeln nach Slowenien.<\/p>\n\n\n\n<figure class=\"wp-block-image size-large\"><img loading=\"lazy\" decoding=\"async\" width=\"1024\" height=\"682\" src=\"https:\/\/fishing-guides-slovenia.com\/wp-content\/uploads\/carp-2-1024x682.webp\" alt=\"\" class=\"wp-image-1486\" srcset=\"https:\/\/fishing-guides-slovenia.com\/wp-content\/uploads\/carp-2-1024x682.webp 1024w, https:\/\/fishing-guides-slovenia.com\/wp-content\/uploads\/carp-2-300x200.webp 300w, https:\/\/fishing-guides-slovenia.com\/wp-content\/uploads\/carp-2-768x512.webp 768w, https:\/\/fishing-guides-slovenia.com\/wp-content\/uploads\/carp-2-18x12.webp 18w, https:\/\/fishing-guides-slovenia.com\/wp-content\/uploads\/carp-2.webp 1250w\" sizes=\"auto, (max-width: 1024px) 100vw, 1024px\" \/><figcaption class=\"wp-element-caption\">Ein Karpfen in freier Wildbahn<\/figcaption><\/figure>\n\n\n\n<h2 class=\"wp-block-heading\">September<\/h2>\n\n\n\n<p>Der Beginn des Angelns auf gro\u00dfe Karpfen. Die Temperaturen sinken ein wenig, und das ist das Signal f\u00fcr die Fische, sich auf die k\u00e4lteren Monate vorzubereiten. Folglich bekommen wir Karpfenangler mehr Bisse und schwerere Fische. Auf dem Wasser ist weniger los, die Touristen verlassen das Wasser und es kehrt Ruhe ein, eine ideale Zeit zum Angeln. Die Natur wechselt ihre Farben in w\u00e4rmere T\u00f6ne, und das gilt auch f\u00fcr die Karpfen.<\/p>\n\n\n\n<figure class=\"wp-block-image size-large\"><img loading=\"lazy\" decoding=\"async\" width=\"1024\" height=\"569\" src=\"https:\/\/fishing-guides-slovenia.com\/wp-content\/uploads\/79149652_3868800523145553_1050175643389526016_o-1024x569.webp\" alt=\"\" class=\"wp-image-1390\" srcset=\"https:\/\/fishing-guides-slovenia.com\/wp-content\/uploads\/79149652_3868800523145553_1050175643389526016_o-1024x569.webp 1024w, https:\/\/fishing-guides-slovenia.com\/wp-content\/uploads\/79149652_3868800523145553_1050175643389526016_o-300x167.webp 300w, https:\/\/fishing-guides-slovenia.com\/wp-content\/uploads\/79149652_3868800523145553_1050175643389526016_o-768x427.webp 768w, https:\/\/fishing-guides-slovenia.com\/wp-content\/uploads\/79149652_3868800523145553_1050175643389526016_o-18x10.webp 18w, https:\/\/fishing-guides-slovenia.com\/wp-content\/uploads\/79149652_3868800523145553_1050175643389526016_o.webp 1440w\" sizes=\"auto, (max-width: 1024px) 100vw, 1024px\" \/><figcaption class=\"wp-element-caption\">K\u00fchles Wetter bedeutet gute Karpfenangelsaison<\/figcaption><\/figure>\n\n\n\n<h2 class=\"wp-block-heading\">Oktober<\/h2>\n\n\n\n<p>Ein idealer Monat, um Ihren pers\u00f6nlichen Karpfenrekord zu brechen und ihn f\u00fcr ein Foto festzuhalten, ohne dass Ihre Finger von den niedrigen Temperaturen gefroren sind. Die F\u00fctterungsaktivit\u00e4t ist am h\u00f6chsten, die letzte Chance f\u00fcr Karpfen, vor dem Winter an Gewicht zuzulegen. Ja, es ist etwas k\u00e4lter, aber die Belohnungen sind gr\u00f6\u00dfer, oder sollten wir sagen schwerer. Die beste Zeit zum Karpfenangeln in Slowenien ist eine gemeinsame Meinung aller unserer Karpfenangelf\u00fchrer.<\/p>\n\n\n\n<figure class=\"wp-block-image size-full\"><img loading=\"lazy\" decoding=\"async\" width=\"1250\" height=\"703\" src=\"https:\/\/fishing-guides-slovenia.com\/wp-content\/uploads\/bled-carp-7.webp\" alt=\"\" class=\"wp-image-1446\" srcset=\"https:\/\/fishing-guides-slovenia.com\/wp-content\/uploads\/bled-carp-7.webp 1250w, https:\/\/fishing-guides-slovenia.com\/wp-content\/uploads\/bled-carp-7-300x169.webp 300w, https:\/\/fishing-guides-slovenia.com\/wp-content\/uploads\/bled-carp-7-1024x576.webp 1024w, https:\/\/fishing-guides-slovenia.com\/wp-content\/uploads\/bled-carp-7-768x432.webp 768w, https:\/\/fishing-guides-slovenia.com\/wp-content\/uploads\/bled-carp-7-18x10.webp 18w\" sizes=\"auto, (max-width: 1250px) 100vw, 1250px\" \/><figcaption class=\"wp-element-caption\">Geduld wird belohnt<\/figcaption><\/figure>\n\n\n\n<h2 class=\"wp-block-heading\">November<\/h2>\n\n\n\n<p>Wenn Sie einen Spaziergang um den See machen, werden Sie viele einheimische Karpfenangler sehen, und sie haben einen guten Grund daf\u00fcr. Alle warten auf die gr\u00f6\u00dften Fische, die noch am Fressen sind. Die Bisse kommen in der Regel langsam, aber wenn sie kommen, k\u00f6nnen Sie den Fisch Ihres Lebens am Ende der Leine haben. Sicherlich ist es kalt, aber wenn man tags\u00fcber am Bleder See angelt oder am \u0160martinsko-See mit einer Heizung im Biwak zeltet, kann das ertr\u00e4glich sein, wenn man die M\u00f6glichkeit eines Fangs von \u00fcber 30 kg in Betracht zieht.<\/p>\n\n\n\n<figure class=\"wp-block-image size-large\"><img loading=\"lazy\" decoding=\"async\" width=\"1024\" height=\"524\" src=\"https:\/\/fishing-guides-slovenia.com\/wp-content\/uploads\/bled-carp-fishing-scaled-1024x524.webp\" alt=\"Angeln am sch\u00f6nen Bleder See\" class=\"wp-image-2263\" srcset=\"https:\/\/fishing-guides-slovenia.com\/wp-content\/uploads\/bled-carp-fishing-scaled-1024x524.webp 1024w, https:\/\/fishing-guides-slovenia.com\/wp-content\/uploads\/bled-carp-fishing-scaled-300x154.webp 300w, https:\/\/fishing-guides-slovenia.com\/wp-content\/uploads\/bled-carp-fishing-scaled-768x393.webp 768w, https:\/\/fishing-guides-slovenia.com\/wp-content\/uploads\/bled-carp-fishing-scaled-1536x786.webp 1536w, https:\/\/fishing-guides-slovenia.com\/wp-content\/uploads\/bled-carp-fishing-scaled-18x9.webp 18w, https:\/\/fishing-guides-slovenia.com\/wp-content\/uploads\/bled-carp-fishing-scaled.webp 2000w\" sizes=\"auto, (max-width: 1024px) 100vw, 1024px\" \/><figcaption class=\"wp-element-caption\">Sie k\u00f6nnen am Ufer des Bleder Sees bei Sonnenuntergang angeln<\/figcaption><\/figure>\n\n\n\n<h2 class=\"wp-block-heading\">Dezember<\/h2>\n\n\n\n<p>Das Angeln verlagert sich langsam in die Fl\u00fcsse, und die letzten gro\u00dfen Karpfen k\u00f6nnen in den Seen gefangen werden, wenn man nur hartn\u00e4ckig genug ist. Wenn Sie einen Versuch f\u00fcr einen Winter-Bestie wollen, sind wir bereit, Sie zu f\u00fchren.<\/p>\n\n\n\n<figure class=\"wp-block-image size-large is-resized\"><img loading=\"lazy\" decoding=\"async\" width=\"1024\" height=\"576\" src=\"https:\/\/fishing-guides-slovenia.com\/wp-content\/uploads\/Ljubljanica-River-1024x576.webp\" alt=\"Die Ljubljanica ist ein Fluss in Zentralslowenien. Die Ljubljanica entspringt s\u00fcdlich der Stadt Vrhnika und m\u00fcndet etwa 10 Kilometer flussabw\u00e4rts von Ljubljana in die Save.\" class=\"wp-image-2407\" style=\"width:1450px;height:auto\" srcset=\"https:\/\/fishing-guides-slovenia.com\/wp-content\/uploads\/Ljubljanica-River-1024x576.webp 1024w, https:\/\/fishing-guides-slovenia.com\/wp-content\/uploads\/Ljubljanica-River-300x169.webp 300w, https:\/\/fishing-guides-slovenia.com\/wp-content\/uploads\/Ljubljanica-River-768x432.webp 768w, https:\/\/fishing-guides-slovenia.com\/wp-content\/uploads\/Ljubljanica-River-1536x864.webp 1536w, https:\/\/fishing-guides-slovenia.com\/wp-content\/uploads\/Ljubljanica-River-18x10.webp 18w, https:\/\/fishing-guides-slovenia.com\/wp-content\/uploads\/Ljubljanica-River.webp 2000w\" sizes=\"auto, (max-width: 1024px) 100vw, 1024px\" \/><figcaption class=\"wp-element-caption\">Versuchen Sie Ihr Gl\u00fcck auf dem Fluss Ljubljanica<\/figcaption><\/figure>","protected":false},"excerpt":{"rendered":"<p>Januar Ein Monat f\u00fcr die hartn\u00e4ckigsten Karpfenangler. Die Seen sind gr\u00f6\u00dftenteils zugefroren, so dass die Fl\u00fcsse perfekt sind, wenn Sie einen Winterkarpfen fangen wollen. Mit ein wenig Vork\u00f6derung sind die Erfolgschancen gar nicht so gering! Februar Im Februar h\u00e4ngt das Karpfenangeln in Slowenien davon ab, wie hart der Winter war ... <a href=\"https:\/\/fishing-guides-slovenia.com\/de\/carp-fishing-season\/\">Fortsetzung<\/a><\/p>","protected":false},"author":46,"featured_media":0,"parent":0,"menu_order":4,"comment_status":"open","ping_status":"open","template":"","meta":{"footnotes":""},"class_list":["post-566","page","type-page","status-publish","hentry"],"acf":{"page_subheading":"Slovenia offers year-round fishing. Check out the best months for Carp fishing in Slovenia in order to catch the most and the biggest."},"_links":{"self":[{"href":"https:\/\/fishing-guides-slovenia.com\/de\/wp-json\/wp\/v2\/pages\/566","targetHints":{"allow":["GET"]}}],"collection":[{"href":"https:\/\/fishing-guides-slovenia.com\/de\/wp-json\/wp\/v2\/pages"}],"about":[{"href":"https:\/\/fishing-guides-slovenia.com\/de\/wp-json\/wp\/v2\/types\/page"}],"author":[{"embeddable":true,"href":"https:\/\/fishing-guides-slovenia.com\/de\/wp-json\/wp\/v2\/users\/46"}],"replies":[{"embeddable":true,"href":"https:\/\/fishing-guides-slovenia.com\/de\/wp-json\/wp\/v2\/comments?post=566"}],"version-history":[{"count":6,"href":"https:\/\/fishing-guides-slovenia.com\/de\/wp-json\/wp\/v2\/pages\/566\/revisions"}],"predecessor-version":[{"id":2408,"href":"https:\/\/fishing-guides-slovenia.com\/de\/wp-json\/wp\/v2\/pages\/566\/revisions\/2408"}],"wp:attachment":[{"href":"https:\/\/fishing-guides-slovenia.com\/de\/wp-json\/wp\/v2\/media?parent=566"}],"curies":[{"name":"wp","href":"https:\/\/api.w.org\/{rel}","templated":true}]}}