{"id":567,"date":"2020-04-23T10:14:11","date_gmt":"2020-04-23T10:14:11","guid":{"rendered":"http:\/\/fishing-guides-slovenia.com\/spin-fishing-season\/"},"modified":"2022-10-05T13:11:22","modified_gmt":"2022-10-05T13:11:22","slug":"spinnfischer-saison","status":"publish","type":"page","link":"https:\/\/fishing-guides-slovenia.com\/de\/spin-fishing-season\/","title":{"rendered":"Spinnfischen Saison"},"content":{"rendered":"<h2 class=\"wp-block-heading\"><strong>Januar<\/strong><\/h2>\n\n\n\n<p>Dies ist die Zeit f\u00fcr Extremangler, denen K\u00e4lte und Schnee nichts ausmachen und die den Preis im Auge haben. Im Falle des Spinnfischens in Slowenien ist der Preis ein gro\u00dfer Huchen, der in den Wintermonaten der K\u00f6nig der Fl\u00fcsse ist, oder ein gro\u00dfer Hecht, der immer noch hungrig auf Beute ist. Die besten Fl\u00fcsse f\u00fcr das Spinnfischen im Winter sind die Save, die Save Dolinka und die Krka. Wenn Sie eine urbane Erfahrung machen wollen, versuchen Sie das Spinnfischen am Fluss Ljubljanica.<\/p>\n\n\n\n<h2 class=\"wp-block-heading\"><strong>Februar<\/strong><\/h2>\n\n\n\n<p>Die Huchensaison endet Mitte Februar, also denken Sie daran, unsere Fl\u00fcsse vorher zu besuchen. Wenn Sie die Chance verpassen, m\u00fcssen Sie bis Oktober warten, um es erneut zu versuchen. Die Hechtsaison endet ebenfalls im Februar.<\/p>\n\n\n\n<figure class=\"wp-block-image\"><img decoding=\"async\" src=\"https:\/\/960335.smushcdn.com\/2671427\/wp-content\/uploads\/2020\/02\/ljubljanica-spin-2.webp?lossy=1&amp;strip=1&amp;webp=1\" alt=\"Der Fluss Ljubljanica in der slowenischen Hauptstadt\"\/><\/figure>\n\n\n\n<h2 class=\"wp-block-heading\"><strong>M\u00e4rz<\/strong><\/h2>\n\n\n\n<p>Ein langweiliger Monat f\u00fcr das Spinnfischen, viele Fischarten sind vom Tisch. Das Gute ist, dass der Wels aufgrund des w\u00e4rmeren Wetters aktiver wird und Sie nach Slowenien reisen k\u00f6nnen, um einen Kampf mit Monsterexemplaren zu erleben, die in den Fl\u00fcssen Sava oder Vipava leben.<\/p>\n\n\n\n<h2 class=\"wp-block-heading\"><strong>April<\/strong><\/h2>\n\n\n\n<p>Es ist noch Zeit mit wenigen Angelm\u00f6glichkeiten. Sie k\u00f6nnen immer noch auf Wels angeln oder versuchen, einen Rapfen zu verf\u00fchren, der Ihren K\u00f6der nimmt. Aber die meisten Spinnangler haben schon den Mai im Blick und damit den Beginn der Hechtsaison.<\/p>\n\n\n\n<figure class=\"wp-block-image\"><img decoding=\"async\" src=\"https:\/\/960335.smushcdn.com\/2671427\/wp-content\/uploads\/2020\/02\/vipava-1.webp?lossy=1&amp;strip=1&amp;webp=1\" alt=\"Abendliches Angeln endete mit einem gro\u00dfen Fang\"\/><\/figure>\n\n\n\n<h2 class=\"wp-block-heading\"><strong>Mai<\/strong><\/h2>\n\n\n\n<p>Die Zeit, auf die alle Spinnfischer gewartet haben, die Hechtsaison ist endlich da. Die Gew\u00e4sser sind voll von Spinnanglern, die versuchen, hungrige Raubfische zu fangen, die gerade aus der Laichzeit kommen und zum Verzehr bereit sind. Nat\u00fcrlich kann man unterwegs auch andere Arten fangen, aber viele von ihnen sind noch gesch\u00fctzt, so dass man sie sofort wieder freilassen muss.<\/p>\n\n\n\n<h2 class=\"wp-block-heading\"><strong>Juni<\/strong><\/h2>\n\n\n\n<p>Der Hecht ist bereits auf der Jagd, und ein weiteres Raubtier, das sich ebenfalls in Fl\u00fcssen und Seen aufh\u00e4lt, steht wieder auf der Zielliste. Es ist der Zander. Beide k\u00f6nnen am Bleder See geangelt werden. Wenn Sie also auf der Suche nach einem Abenteuer beim Spinnfischen in Slowenien sind, empfehlen wir Ihnen genau das. Der Wels laicht gerade und ist f\u00fcr einige Zeit vom Tisch.<\/p>\n\n\n\n<figure class=\"wp-block-image\"><img decoding=\"async\" src=\"https:\/\/960335.smushcdn.com\/2671427\/wp-content\/uploads\/2020\/02\/sava-3.webp?lossy=1&amp;strip=1&amp;webp=1\" alt=\"Gro\u00dfe Fische aus dem Fluss Sava\"\/><\/figure>\n\n\n\n<h2 class=\"wp-block-heading\"><strong>Juli, August<\/strong><\/h2>\n\n\n\n<p>Die Sommermonate gehen Hand in Hand mit dem Spinnfischen. Das warme Wetter am Morgen erm\u00f6glicht es Ihnen, effektiv zu fischen und sich tags\u00fcber auszuruhen, einige Sehensw\u00fcrdigkeiten zu besichtigen und am Nachmittag zur\u00fcckzukehren, wenn die Temperaturen fallen und der ganze Trubel der Touristen am Wasser verschwindet.&nbsp;<\/p>\n\n\n\n<h2 class=\"wp-block-heading\"><strong>September<\/strong><\/h2>\n\n\n\n<p>Der Hecht schl\u00e4gt zu, wenn die Bl\u00e4tter fallen - das ist ein Sprichwort, das wir in Slowenien beim Spinnfischen verwenden. Die Fische beginnen aufgrund des Temperaturr\u00fcckgangs regelm\u00e4\u00dfiger zu fressen und die Chancen auf einen guten Fang steigen. Wenn man dann noch die Farben der Natur sieht, die sich in warme T\u00f6ne verwandeln, ist das Angeln im Herbst perfekt!<\/p>\n\n\n\n<figure class=\"wp-block-image\"><img decoding=\"async\" src=\"https:\/\/960335.smushcdn.com\/2671427\/wp-content\/uploads\/2020\/02\/sava-1.webp?lossy=1&amp;strip=1&amp;webp=1\" alt=\"Forelle aus dem Fluss Sava\"\/><\/figure>\n\n\n\n<h2 class=\"wp-block-heading\"><strong>Oktober<\/strong><\/h2>\n\n\n\n<p>Der Oktober steht ganz im Zeichen des Huchenfischens. Das lange Warten hat ein Ende, und der K\u00f6nig der Fl\u00fcsse ist wieder aktiv und bereit, von Ihnen gefangen zu werden. Es ist schwer, aber wenn man Erfolg hat, ist die Freude unbeschreiblich. Wenn Sie nicht wissen, wie man ihn f\u00e4ngt oder keine Ahnung haben, wo Sie anfangen sollen, helfen Ihnen unsere Guides, Ihren ersten K\u00f6nig zu fangen.<\/p>\n\n\n\n<h2 class=\"wp-block-heading\"><strong>November und Dezember<\/strong><\/h2>\n\n\n\n<p>Auf dem H\u00f6hepunkt der Huchen-Angelsaison machen alle anderen Angler Platz f\u00fcr die wenigen, die den Fang einer so majest\u00e4tischen Kreatur wie dem Huchen zu sch\u00e4tzen wissen.<\/p>\n\n\n\n<figure class=\"wp-block-image size-large\"><img decoding=\"async\" src=\"https:\/\/fishing-guides-slovenia.com\/wp-content\/uploads\/image-1-1024x682.webp\" alt=\"\" class=\"wp-image-1281\"\/><\/figure>","protected":false},"excerpt":{"rendered":"<p>Januar Dies ist die Zeit f\u00fcr Extremangler, denen K\u00e4lte und Schnee nichts ausmachen und die den Preis im Auge haben. Im Falle des Spinnfischens in Slowenien ist der Preis ein gro\u00dfer Huchen, der in den Wintermonaten der K\u00f6nig der Fl\u00fcsse ist, oder ein gro\u00dfer Hecht, der immer noch hungrig auf Beute ist. Am besten ... <a href=\"https:\/\/fishing-guides-slovenia.com\/de\/spin-fishing-season\/\">Fortsetzung<\/a><\/p>","protected":false},"author":46,"featured_media":0,"parent":0,"menu_order":27,"comment_status":"open","ping_status":"open","template":"","meta":{"footnotes":""},"class_list":["post-567","page","type-page","status-publish","hentry"],"acf":{"page_subheading":"Check out which parts of the year suit most to each freshwater predator in order to maximize your chances to catch Pike, Huchen, Catfish or Zander."},"_links":{"self":[{"href":"https:\/\/fishing-guides-slovenia.com\/de\/wp-json\/wp\/v2\/pages\/567","targetHints":{"allow":["GET"]}}],"collection":[{"href":"https:\/\/fishing-guides-slovenia.com\/de\/wp-json\/wp\/v2\/pages"}],"about":[{"href":"https:\/\/fishing-guides-slovenia.com\/de\/wp-json\/wp\/v2\/types\/page"}],"author":[{"embeddable":true,"href":"https:\/\/fishing-guides-slovenia.com\/de\/wp-json\/wp\/v2\/users\/46"}],"replies":[{"embeddable":true,"href":"https:\/\/fishing-guides-slovenia.com\/de\/wp-json\/wp\/v2\/comments?post=567"}],"version-history":[{"count":1,"href":"https:\/\/fishing-guides-slovenia.com\/de\/wp-json\/wp\/v2\/pages\/567\/revisions"}],"predecessor-version":[{"id":1283,"href":"https:\/\/fishing-guides-slovenia.com\/de\/wp-json\/wp\/v2\/pages\/567\/revisions\/1283"}],"wp:attachment":[{"href":"https:\/\/fishing-guides-slovenia.com\/de\/wp-json\/wp\/v2\/media?parent=567"}],"curies":[{"name":"wp","href":"https:\/\/api.w.org\/{rel}","templated":true}]}}