{"id":569,"date":"2020-04-23T10:22:06","date_gmt":"2020-04-23T10:22:06","guid":{"rendered":"http:\/\/fishing-guides-slovenia.com\/sea-fishing-season\/"},"modified":"2022-10-05T13:17:10","modified_gmt":"2022-10-05T13:17:10","slug":"seefischereisaison","status":"publish","type":"page","link":"https:\/\/fishing-guides-slovenia.com\/de\/sea-fishing-season\/","title":{"rendered":"Saison der Seefischerei"},"content":{"rendered":"<h2 class=\"wp-block-heading\"><strong>Winter<\/strong><\/h2>\n\n\n\n<p>Die Bedingungen sind nicht ideal, aber f\u00fcr diejenigen, die einen gro\u00dfen Thunfisch oder ein anderes Meeresungeheuer fangen wollen, ist schlechtes Wetter kein Hindernis. Wenn Sie weniger extreme Varianten des Angelns bevorzugen, k\u00f6nnen Sie versuchen, an der slowenischen K\u00fcste Calamari oder Seebarsche zu fangen.<\/p>\n\n\n\n<figure class=\"wp-block-image\"><img decoding=\"async\" src=\"https:\/\/960335.smushcdn.com\/2671427\/wp-content\/uploads\/2020\/04\/webp_net_resizeimage_z8rzO.webp?lossy=1&amp;strip=1&amp;webp=1\" alt=\"Eine weitere Fischart, die beim Thunfischfang in der Adria gefangen wurde\"\/><\/figure>\n\n\n\n<h2 class=\"wp-block-heading\"><strong>Fr\u00fchling<\/strong><\/h2>\n\n\n\n<p>Im Fr\u00fchjahr, wenn die Temperaturen steigen, wird die Fischaktivit\u00e4t immer besser, was bedeutet, dass man gr\u00f6\u00dfere und mehr Fische fangen kann. Das Angeln auf Gro\u00dfwild ist in vollem Gange. Wenn Sie sich also im Winter noch nicht dazu entschlossen haben, es zu versuchen, tun Sie es im Fr\u00fchjahr, wenn die Bedingungen viel besser sind. Auch die K\u00fcstenfischerei ist im Fr\u00fchjahr gut, wenn Sie also auf der Suche nach einem Abenteuer sind, sind Sie auf der richtigen Seite.<\/p>\n\n\n\n<figure class=\"wp-block-image\"><img decoding=\"async\" src=\"https:\/\/960335.smushcdn.com\/2671427\/wp-content\/uploads\/2020\/04\/webp_net_resizeimage_jFEcQ.webp?lossy=1&amp;strip=1&amp;webp=1\" alt=\"\"\/><\/figure>\n\n\n\n<h2 class=\"wp-block-heading\"><strong>Sommer<\/strong><\/h2>\n\n\n\n<p>Das Angeln auf Gro\u00dfwild ist in den Sommermonaten nicht ideal, daher ist es besser, sich auf das Angeln verschiedener Arten zu konzentrieren. In dieser Zeit k\u00f6nnen Sie versuchen, kleinere Fische zu angeln, wie auf unserer Angeltour im Meer, und einige Zeit in der angenehmen Gesellschaft Ihrer Freunde oder Familienmitglieder verbringen. Eine andere Art des Angelns, die in den hei\u00dfen Sommermonaten sehr beliebt ist, ist das Fischen mit einer Speerflinte. Wenn Sie sich f\u00fcr das Fischen mit der Speerflinte begeistern und in der Adria fischen m\u00f6chten, werden unsere Meeresanglerf\u00fchrer, die auch diese Art des Fischens lieben, Sie unter die Oberfl\u00e4che f\u00fchren, wo Sie die vielf\u00e4ltige Welt der Adria genie\u00dfen werden.<\/p>\n\n\n\n<figure class=\"wp-block-image\"><img decoding=\"async\" src=\"https:\/\/960335.smushcdn.com\/2671427\/wp-content\/uploads\/2020\/04\/webp_net_resizeimage_ArFjC.webp?lossy=1&amp;strip=1&amp;webp=1\" alt=\"Adriatischer Thunfisch von der Gr\u00f6\u00dfe eines erwachsenen Mannes\"\/><\/figure>\n\n\n\n<h2 class=\"wp-block-heading\"><strong>Herbst<\/strong><\/h2>\n\n\n\n<p>Im Herbst wird an der slowenischen K\u00fcste auf Mahi mahi geangelt. Die Exemplare brechen zwar keine Rekorde, schlagen sich aber dennoch wacker.<br>Der Thunfischfang steht wieder auf der Speisekarte, und mit ihm alle anderen gro\u00dfen Arten des adriatischen Meeres. Wenn der Wind nicht zu stark bl\u00e4st, haben Sie die Chance, einen echten Brocken Fisch zu fangen. Daher ist diese Zeit des Jahres ideal, um einen mehrt\u00e4gigen Ausflug zu buchen und unseren Big Game Fishing Guide auf seinem Boot zu begleiten.<\/p>","protected":false},"excerpt":{"rendered":"<p>Winter Big Games Fishing ist im Winter aktiv, die Bedingungen sind nicht ideal, aber f\u00fcr diejenigen, die einen gro\u00dfen Thunfisch oder ein anderes Meeresungeheuer fangen wollen, ist schlechtes Wetter kein Hindernis. Wenn Sie weniger extreme Varianten des Angelns bevorzugen, k\u00f6nnen Sie versuchen, an der slowenischen K\u00fcste Calamari oder Seebarsche zu fangen. Fr\u00fchling in ... <a href=\"https:\/\/fishing-guides-slovenia.com\/de\/sea-fishing-season\/\">Fortsetzung<\/a><\/p>","protected":false},"author":46,"featured_media":0,"parent":0,"menu_order":26,"comment_status":"open","ping_status":"open","template":"","meta":{"footnotes":""},"class_list":["post-569","page","type-page","status-publish","hentry"],"acf":{"page_subheading":"Check out the best parts of the sea fishing season to help you catch more fish in the Adriatic sea, weather catching Sea Bass, Tuna or Mahi Mahi."},"_links":{"self":[{"href":"https:\/\/fishing-guides-slovenia.com\/de\/wp-json\/wp\/v2\/pages\/569","targetHints":{"allow":["GET"]}}],"collection":[{"href":"https:\/\/fishing-guides-slovenia.com\/de\/wp-json\/wp\/v2\/pages"}],"about":[{"href":"https:\/\/fishing-guides-slovenia.com\/de\/wp-json\/wp\/v2\/types\/page"}],"author":[{"embeddable":true,"href":"https:\/\/fishing-guides-slovenia.com\/de\/wp-json\/wp\/v2\/users\/46"}],"replies":[{"embeddable":true,"href":"https:\/\/fishing-guides-slovenia.com\/de\/wp-json\/wp\/v2\/comments?post=569"}],"version-history":[{"count":1,"href":"https:\/\/fishing-guides-slovenia.com\/de\/wp-json\/wp\/v2\/pages\/569\/revisions"}],"predecessor-version":[{"id":1285,"href":"https:\/\/fishing-guides-slovenia.com\/de\/wp-json\/wp\/v2\/pages\/569\/revisions\/1285"}],"wp:attachment":[{"href":"https:\/\/fishing-guides-slovenia.com\/de\/wp-json\/wp\/v2\/media?parent=569"}],"curies":[{"name":"wp","href":"https:\/\/api.w.org\/{rel}","templated":true}]}}