{"id":583,"date":"2021-04-26T09:54:07","date_gmt":"2021-04-26T09:54:07","guid":{"rendered":"http:\/\/fishing-guides-slovenia.com\/know-before-you-go\/"},"modified":"2023-07-27T09:44:11","modified_gmt":"2023-07-27T09:44:11","slug":"wissen-bevor-sie-gehen","status":"publish","type":"page","link":"https:\/\/fishing-guides-slovenia.com\/de\/know-before-you-go\/","title":{"rendered":"Wissen, bevor Sie gehen"},"content":{"rendered":"<h2 class=\"wp-block-heading\" id=\"block-when-to-go-fishing\">Wann soll ich angeln gehen?<\/h2>\n\n\n\n<p>Unabh\u00e4ngig davon, welchen Fang Sie bevorzugen, ist die beste Zeit zum Angeln in Slowenien im Fr\u00fchjahr und im Herbst. Zu dieser Zeit erwachen die Fische oder bereiten sich auf den Winter vor und sind daher besonders futterfreudig. Die Seen und Fl\u00fcsse werden weniger besucht als im Sommer, was besonders wichtig ist, wenn Sie in der N\u00e4he der beliebten Sehensw\u00fcrdigkeiten Sloweniens angeln wollen.<br><br>Aufgrund seiner g\u00fcnstigen Lage hat Slowenien warme Quellen und nicht zu hei\u00dfe Sommer, so dass das Angeln das ganze Jahr \u00fcber m\u00f6glich ist. Mit Ausnahme des Donaulachses, den man nur im Winter angeln kann. Lesen Sie mehr \u00fcber die beste Zeit zum Angeln in Bezug auf die einzelnen Fischarten&nbsp;<a href=\"https:\/\/fishing-guides-slovenia.com\/de\/fangzeiten-in-slowenien\/\">hier<\/a>. &nbsp;<\/p>\n\n\n\n<h2 class=\"wp-block-heading\" id=\"block-what-and-where-to-fish\">Was und wo fischen?<\/h2>\n\n\n\n<p>Slowenien bietet hervorragende Angelbedingungen auf\u00a0<a href=\"https:\/\/fishing-guides-slovenia.com\/de\/fluss\/\">Fl\u00fcsse<\/a>,\u00a0<a href=\"https:\/\/fishing-guides-slovenia.com\/de\/see\/\">Seen<\/a>\u00a0und die\u00a0<a href=\"https:\/\/fishing-guides-slovenia.com\/de\/meer\/adriatisches-meer-3\/\">Adriatisches Meer<\/a>Sie k\u00f6nnen also praktisch jede der\u00a0<a href=\"https:\/\/fishing-guides-slovenia.com\/de\/fisch\/\">lokale Exemplare<\/a>\u00a0in jeder erdenklichen Hinsicht. Wenn Sie gerne mit der Fliege angeln, sind die Alpen- und Karstfl\u00fcsse genau das Richtige f\u00fcr Sie. Dort finden Sie alles von Marmorforellen, \u00c4schen und Regenbogenforellen bis hin zu Bachforellen und manchmal sogar Barben.<br><br>Wir haben ein spezielles Angebot f\u00fcr alle Karpfenliebhaber an den ber\u00fchmten Seen Bled und \u0160martinsko vorbereitet, wo in der Vergangenheit mehrfach Karpfen mit einem Gewicht von \u00fcber 30 kg gefangen wurden. Wenn Sie sich f\u00fcr das Spinnfischen interessieren, sollten Sie den Bleder See oder den Fluss Vipava aufsuchen, in dem preisgekr\u00f6nte Welse leben.<br><br>F\u00fcr die Jagd auf den Donaulachs ist der Fluss Sava am besten geeignet, und an der Ljubljanica k\u00f6nnen Sie Ihr Gl\u00fcck beim Hechtfang versuchen. F\u00fcr alle Meeresangler, die ihren Sommerurlaub an der slowenischen K\u00fcste aufpeppen m\u00f6chten, stehen unsere Kapit\u00e4ne bereit, um Sie zu einem Angelspa\u00df auf dem offenen Meer mitzunehmen. Wenn Sie auf der Suche nach einem Abenteuer der besonderen Art sind, bei dem Ihre Angelk\u00fcnste auf die Probe gestellt werden, k\u00f6nnen Sie auch auf die Jagd nach Thunfisch gehen. \u00a0<\/p>\n\n\n\n<h2 class=\"wp-block-heading\" id=\"block-what-about-permits\">Was ist mit Genehmigungen?<\/h2>\n\n\n\n<p>In Slowenien sind alle Fischereigew\u00e4sser, mit Ausnahme des Meeres, unter den Fischereivereinen aufgeteilt. Jeder Fischereiverein besitzt einige Fl\u00fcsse und Seen, f\u00fcr die er Erlaubnisscheine ausstellt. Nach dem neuen Gesetz k\u00f6nnen die meisten Leute eine Erlaubnis online kaufen. Sie suchen einfach nach der Art des Angelns und dem Namen des Flusses oder Sees und die ben\u00f6tigten Erlaubnisse erscheinen unter den ersten Suchergebnissen.<br><br>Sie k\u00f6nnen die Genehmigungen auch vor Ort in nahe gelegenen Bars, Restaurants oder Hotels kaufen. Die Preise \u00e4ndern sich im Laufe der Jahre leicht. Die aktuellen Preise f\u00fcr alle wichtigen slowenischen Gew\u00e4sser finden Sie unter&nbsp;<a href=\"https:\/\/fishing-guides-slovenia.com\/de\/angellizenzen\/\">hier<\/a>. &nbsp;<\/p>\n\n\n\n<h2 class=\"wp-block-heading\" id=\"block-waht-to-take\">Was soll man mitnehmen?<\/h2>\n\n\n\n<p>Jeder reist auf andere Weise nach Slowenien. Einige k\u00f6nnen eine gro\u00dfe Menge an Ausr\u00fcstung mitnehmen, w\u00e4hrend andere mit leichtem Gep\u00e4ck reisen. Aus diesem Grund haben wir beschlossen, die&nbsp;<a href=\"https:\/\/fishing-guides-slovenia.com\/de\/gerateverleih\/\">Vermietung<\/a>&nbsp;mit allen notwendigen Ausr\u00fcstungsgegenst\u00e4nden f\u00fcr jede Art des Angelns sowie mit spezifischer Angelausr\u00fcstung, die Sie vermissen k\u00f6nnten. Es ist jedoch ratsam, das Endger\u00e4t mitzunehmen, da diese Angelegenheit f\u00fcr die meisten Angler sehr heikel ist und es immer am besten ist, sich auf das eigene Ger\u00e4t zu verlassen.<\/p>\n\n\n\n<p>F\u00fcr das Fliegenfischen bieten wir exzellente hausgemachte Fliegen, die von unseren Guides zur Verf\u00fcgung gestellt werden, und f\u00fcr das Thunfischfischen brauchen Sie \u00fcberhaupt nichts mitzubringen, da alles im Preis inbegriffen ist und vor Ort bereitgestellt wird.<\/p>","protected":false},"excerpt":{"rendered":"<p>Wann sollte man angeln gehen? Unabh\u00e4ngig davon, welchen Fang Sie bevorzugen, ist die beste Zeit zum Angeln in Slowenien im Fr\u00fchjahr und im Herbst. Zu dieser Zeit erwachen die Fische oder bereiten sich auf den Winter vor und fressen daher besonders viel. Die Seen und Fl\u00fcsse werden weniger besucht als im Sommer, was besonders wichtig ist, wenn man ... <a href=\"https:\/\/fishing-guides-slovenia.com\/de\/know-before-you-go\/\">Fortsetzung<\/a><\/p>","protected":false},"author":46,"featured_media":1525,"parent":0,"menu_order":20,"comment_status":"open","ping_status":"open","template":"","meta":{"footnotes":""},"class_list":["post-583","page","type-page","status-publish","has-post-thumbnail","hentry"],"acf":{"page_subheading":"A few important information about fishing in Slovenia you should know before the arrival so when you are here, the only thing to focus on is fishing."},"_links":{"self":[{"href":"https:\/\/fishing-guides-slovenia.com\/de\/wp-json\/wp\/v2\/pages\/583","targetHints":{"allow":["GET"]}}],"collection":[{"href":"https:\/\/fishing-guides-slovenia.com\/de\/wp-json\/wp\/v2\/pages"}],"about":[{"href":"https:\/\/fishing-guides-slovenia.com\/de\/wp-json\/wp\/v2\/types\/page"}],"author":[{"embeddable":true,"href":"https:\/\/fishing-guides-slovenia.com\/de\/wp-json\/wp\/v2\/users\/46"}],"replies":[{"embeddable":true,"href":"https:\/\/fishing-guides-slovenia.com\/de\/wp-json\/wp\/v2\/comments?post=583"}],"version-history":[{"count":2,"href":"https:\/\/fishing-guides-slovenia.com\/de\/wp-json\/wp\/v2\/pages\/583\/revisions"}],"predecessor-version":[{"id":2302,"href":"https:\/\/fishing-guides-slovenia.com\/de\/wp-json\/wp\/v2\/pages\/583\/revisions\/2302"}],"wp:featuredmedia":[{"embeddable":true,"href":"https:\/\/fishing-guides-slovenia.com\/de\/wp-json\/wp\/v2\/media\/1525"}],"wp:attachment":[{"href":"https:\/\/fishing-guides-slovenia.com\/de\/wp-json\/wp\/v2\/media?parent=583"}],"curies":[{"name":"wp","href":"https:\/\/api.w.org\/{rel}","templated":true}]}}