{"id":1274,"date":"2022-10-05T13:06:37","date_gmt":"2022-10-05T13:06:37","guid":{"rendered":"http:\/\/fishing-guides-slovenia.com\/?page_id=1274"},"modified":"2022-12-27T13:14:16","modified_gmt":"2022-12-27T13:14:16","slug":"perhokalastuksen-kausi","status":"publish","type":"page","link":"https:\/\/fishing-guides-slovenia.com\/fi\/fly-fishing-season\/","title":{"rendered":"Perhokalastuksen kausi"},"content":{"rendered":"<h2 class=\"wp-block-heading\"><strong>Tammikuu &amp; helmikuu<\/strong><\/h2>\n\n\n\n<p>Taimenen kalastuskausi on pys\u00e4hdyksiss\u00e4, ja \u00e4\u00e4rimm\u00e4isimm\u00e4t perhokalastajat voivat kokeilla taitojaan kalastamalla slovenialaista Huchenia, joka on eritt\u00e4in suosittu paikallisten keskuudessa. Sava Bohinjka- ja Sava-joet tarjoavat t\u00e4ydellisi\u00e4 paikkoja t\u00e4llaiseen kalastukseen. Muista kuitenkin, ett\u00e4 Huchenin etsint\u00e4 on mahdollista 15. helmikuuta asti.<\/p>\n\n\n\n<h2 class=\"wp-block-heading\"><strong>Maaliskuu<\/strong><\/h2>\n\n\n\n<p>Perhokalastuksen kausi alkaa kaikille niille, jotka ovat odottaneet hermostuneina kotona ja haaveilleet siiman kostuttamisesta ja vuoden ensimm\u00e4isen taimenen pyydyst\u00e4misest\u00e4. Joet ovat viel\u00e4 kylmi\u00e4 ja vesi voi olla hieman tavallista korkeammalla, koska lumi on sulanut vuoristossa, mutta siit\u00e4 huolimatta todelliset kalastajat kokeilevat varmasti onneaan t\u00e4ss\u00e4 kuussa avattavilla joilla, ja vaivann\u00e4k\u00f6 palkitaan yleens\u00e4 mukavalla saaliilla. Maaliskuu on luultavasti aikaa, jolloin tarvitset eniten opasta, joka auttaa sinua l\u00f6yt\u00e4m\u00e4\u00e4n oikean paikan, ja koska me olemme yksi Slovenian parhaista perhokalastuksen opaspalveluista, voit olla varma, ett\u00e4 oppaamme saavat sinut kalan \u00e4\u00e4reen.<\/p>\n\n\n\n<h2 class=\"wp-block-heading\"><strong>Huhtikuu<\/strong><\/h2>\n\n\n\n<p>Huhtikuu on&nbsp;<strong>yksi vilkkaimmista kuukausista, kun se tulee Fly kalastus<\/strong>&nbsp;Sloveniassa. Jopa ne, jotka olivat ep\u00e4r\u00f6ineet kalastaa maaliskuussa, hypp\u00e4\u00e4v\u00e4t nyt kahluuhousuihinsa ja kalastavat suosikkijokiaan, jotka ovat nyt avoinna kaikkialla Sloveniassa (paitsi Unica, joka avautuu 1.5.). Veden l\u00e4mp\u00f6tila nousee, ja niin nousee my\u00f6s kalojen aktiivisuus. El\u00e4m\u00e4 joen rannalla on her\u00e4\u00e4m\u00e4ss\u00e4 kylm\u00e4n ja pime\u00e4n talven j\u00e4ljilt\u00e4, mik\u00e4 tarkoittaa, ett\u00e4 joessa on enemm\u00e4n ruokaa n\u00e4lk\u00e4isille kaloille ja enemm\u00e4n purtavaa kalan\u00e4lk\u00e4isille kalastajille. Ehdottomasti yksi parhaista kuukausista perhokalastukseen Sloveniassa.<\/p>\n\n\n\n<figure class=\"wp-block-image\"><img decoding=\"async\" src=\"https:\/\/960335.smushcdn.com\/2671427\/wp-content\/uploads\/2020\/02\/unica-3.webp?lossy=1&amp;strip=1&amp;webp=1\" alt=\"Kalaa pitelem\u00e4ss\u00e4 Unica-joessa\"\/><\/figure>\n\n\n\n<h2 class=\"wp-block-heading\"><strong>Toukokuu<\/strong><\/h2>\n\n\n\n<p>Silti&nbsp;<strong>sesonkiaika<\/strong>&nbsp;perhokalastuksen osalta Sloveniassa sek\u00e4 perhokalastajien m\u00e4\u00e4r\u00e4n ett\u00e4 puremien m\u00e4\u00e4r\u00e4n osalta. Huhtikuun aattop\u00e4iv\u00e4n j\u00e4lkeen s\u00e4\u00e4 on nyt tasaantunut, on l\u00e4mmint\u00e4, p\u00e4iv\u00e4t pitenev\u00e4t, ja t\u00e4m\u00e4 yhdess\u00e4 kalojen aktiivisuuden kanssa on luonto, joka kutsuu perhokalastajia tulemaan ja kalastamaan niin paljon kuin mahdollista. Muistakaa, ett\u00e4 t\u00e4m\u00e4 on aikaa ennen kes\u00e4lomaa ja viimeinen kuukausi ennen syyskuuta, jolloin joet kuuluvat viel\u00e4 vain kalastajille. Jos haluat rauhaa ja hiljaisuutta, t\u00e4m\u00e4 on viimeinen tilaisuus kokeilla perhokalastusta Sloveniassa.<\/p>\n\n\n\n<figure class=\"wp-block-image\"><img decoding=\"async\" src=\"https:\/\/960335.smushcdn.com\/2671427\/wp-content\/uploads\/2020\/02\/sava-3.webp?lossy=1&amp;strip=1&amp;webp=1\" alt=\"Sava-joen iso kala\"\/><\/figure>\n\n\n\n<h2 class=\"wp-block-heading\"><strong>Kes\u00e4kuu, hein\u00e4kuu, elokuu<\/strong><\/h2>\n\n\n\n<p>T\u00e4ydellinen&nbsp;<strong>loma-aika<\/strong>, ei vain meren rannalla, vaan my\u00f6s joen rannalla. Jos matkustat Sloveniaan, \u00e4l\u00e4 unohda ottaa vavan mukaasi ja nikkaroi p\u00e4iv\u00e4 perhokalastukseen jollakin Slovenian monista kauniista joista. Koska p\u00e4iv\u00e4ll\u00e4 kalastus useimmissa suosituissa turistikohteissa voi olla vaikeaa, vaihtoehtosi ovat perhokalastusta joilla, jotka ovat v\u00e4hemm\u00e4n t\u00e4ynn\u00e4 tai jahdata aikaisin aamulla ja my\u00f6h\u00e4\u00e4n iltap\u00e4iv\u00e4ll\u00e4, kauneinta ja tuottavinta aikaa perhokalastuksessa kes\u00e4ll\u00e4.<\/p>\n\n\n\n<figure class=\"wp-block-image\"><img decoding=\"async\" src=\"https:\/\/960335.smushcdn.com\/2671427\/wp-content\/uploads\/2020\/02\/sava-water.webp?lossy=1&amp;strip=1&amp;webp=1\" alt=\"Kranjin kaupungin l\u00e4pi virtaava Sava-joki\"\/><figcaption class=\"wp-element-caption\">Kranjin kaupungin l\u00e4pi virtaava Sava-joki<\/figcaption><\/figure>\n\n\n\n<h2 class=\"wp-block-heading\"><strong>Syyskuu<\/strong><\/h2>\n\n\n\n<p>Syyskuu on&nbsp;<strong>toinen huippukausi perhokalastukseen Sloveniassa<\/strong>. Joella olevat v\u00e4kijoukot katoavat, ja joet kuuluvat j\u00e4lleen kalastajille. Kalat ovat n\u00e4lk\u00e4isi\u00e4 kes\u00e4n h\u00e4iri\u00f6iden j\u00e4lkeen ja ne palaavat takaisin niille paikoille, jotka niilt\u00e4 kes\u00e4n aikana vietiin. L\u00e4mp\u00f6tilat ovat edelleen korkeat, p\u00e4iv\u00e4t ovat pitki\u00e4 ja kalastaa voi koko p\u00e4iv\u00e4n, joten nyt on t\u00e4ydellinen aika perhokalastuksen lomalle. Voit siirty\u00e4 joelta toiselle, asettaa tavoitteeksi tiettyjen kalalajien, kuten Marbel-taimenen, pyydyst\u00e4misen tai yksinkertaisesti nauttia kalastuksesta ja katsella, kuinka luonto muuttuu hitaasti kauneimpiin v\u00e4reihin.<\/p>\n\n\n\n<figure class=\"wp-block-image\"><img decoding=\"async\" src=\"https:\/\/960335.smushcdn.com\/2671427\/wp-content\/uploads\/2020\/01\/idrijca-7-1.webp?lossy=1&amp;strip=1&amp;webp=1\" alt=\"Kalastaja pitelee saalistamaansa kalaa\"\/><\/figure>\n\n\n\n<h2 class=\"wp-block-heading\"><strong>Lokakuu<\/strong><\/h2>\n\n\n\n<p>Syksy on tulossa, joet ovat kauneimmillaan t\u00e4h\u00e4n aikaan vuodesta, ja niin ovat my\u00f6s kalat. Nyt on aika pyydyst\u00e4\u00e4 itsellesi harjus, sill\u00e4 t\u00e4m\u00e4 kalalaji on erityisen aktiivinen syksyn perhokalastusesongin aikana. Yksi parhaista paikoista t\u00e4h\u00e4n ovat Unica- ja Idrijca-joet. Muista kuitenkin, ett\u00e4 jotkin joet sulkeutuvat kuun lopussa, joten tarkkaile p\u00e4iv\u00e4m\u00e4\u00e4ri\u00e4! My\u00f6s Huchenin kausi alkaa t\u00e4ss\u00e4 kuussa, yksi syy lis\u00e4\u00e4 vierailla.<\/p>\n\n\n\n<figure class=\"wp-block-image\"><img decoding=\"async\" src=\"https:\/\/960335.smushcdn.com\/2671427\/wp-content\/uploads\/2020\/01\/idrijca-4.webp?lossy=1&amp;strip=1&amp;webp=1\" alt=\"harmaas\u00e4\u00e4sken vapauttaminen alppijokeen\"\/><\/figure>\n\n\n\n<h2 class=\"wp-block-heading\"><strong>Marraskuu<\/strong><\/h2>\n\n\n\n<p>Perhokalastuksen viimeiset p\u00e4iv\u00e4t Sloveniassa. T\u00e4m\u00e4 on aikaa sinnikk\u00e4ille kalastajille, sill\u00e4 olosuhteet eiv\u00e4t ole niin ihanteelliset kuin l\u00e4mpimin\u00e4 kuukausina. Luonto valmistautuu muutaman kuukauden lepoon, joten t\u00e4m\u00e4 on aika, jolloin haluat todella olla joella, jos pid\u00e4t rauhasta ja hiljaisuudesta, vain sin\u00e4, joki, kalat ja tietysti perhokalastuksen oppaamme, joka auttaa sinua.<\/p>\n\n\n\n<figure class=\"wp-block-image\"><img decoding=\"async\" src=\"https:\/\/960335.smushcdn.com\/2671427\/wp-content\/uploads\/2020\/02\/unica-2.webp?lossy=1&amp;strip=1&amp;webp=1\" alt=\"Kalastusretki Unica-joella\"\/><\/figure>\n\n\n\n<h2 class=\"wp-block-heading\"><strong>Joulukuu<\/strong><\/h2>\n\n\n\n<p>Joulukuussa kaikki lep\u00e4\u00e4, paitsi Huchen on hyvin aktiivinen noina talvikuukausina.<\/p>","protected":false},"excerpt":{"rendered":"<p>Tammi- ja helmikuu Taimenen kalastuskausi on pys\u00e4hdyksiss\u00e4, ja \u00e4\u00e4rimm\u00e4isimm\u00e4t perhokalastajat voivat kokeilla taitojaan kalastamalla slovenialaista Huchenia, joka on eritt\u00e4in suosittu paikallisten keskuudessa. Sava Bohinjka- ja Sava-joet tarjoavat t\u00e4ydellisi\u00e4 paikkoja t\u00e4llaiseen kalastukseen. Muista kuitenkin, ett\u00e4 Huchenin etsint\u00e4 on mahdollista vasta 15. ... <a href=\"https:\/\/fishing-guides-slovenia.com\/fi\/fly-fishing-season\/\">Jatkuu<\/a><\/p>","protected":false},"author":46,"featured_media":0,"parent":0,"menu_order":0,"comment_status":"closed","ping_status":"closed","template":"","meta":{"footnotes":""},"class_list":["post-1274","page","type-page","status-publish","hentry"],"acf":{"page_subheading":"Fishing in Slovenia differs throughout the season, so here are the tips to help you decide when is the best time to go fly fishing."},"_links":{"self":[{"href":"https:\/\/fishing-guides-slovenia.com\/fi\/wp-json\/wp\/v2\/pages\/1274","targetHints":{"allow":["GET"]}}],"collection":[{"href":"https:\/\/fishing-guides-slovenia.com\/fi\/wp-json\/wp\/v2\/pages"}],"about":[{"href":"https:\/\/fishing-guides-slovenia.com\/fi\/wp-json\/wp\/v2\/types\/page"}],"author":[{"embeddable":true,"href":"https:\/\/fishing-guides-slovenia.com\/fi\/wp-json\/wp\/v2\/users\/46"}],"replies":[{"embeddable":true,"href":"https:\/\/fishing-guides-slovenia.com\/fi\/wp-json\/wp\/v2\/comments?post=1274"}],"version-history":[{"count":4,"href":"https:\/\/fishing-guides-slovenia.com\/fi\/wp-json\/wp\/v2\/pages\/1274\/revisions"}],"predecessor-version":[{"id":2158,"href":"https:\/\/fishing-guides-slovenia.com\/fi\/wp-json\/wp\/v2\/pages\/1274\/revisions\/2158"}],"wp:attachment":[{"href":"https:\/\/fishing-guides-slovenia.com\/fi\/wp-json\/wp\/v2\/media?parent=1274"}],"curies":[{"name":"wp","href":"https:\/\/api.w.org\/{rel}","templated":true}]}}