{"id":542,"date":"2020-01-13T14:41:29","date_gmt":"2020-01-13T14:41:29","guid":{"rendered":"http:\/\/fishing-guides-slovenia.com\/fishing-seasons-in-slovenia\/"},"modified":"2020-01-13T14:41:29","modified_gmt":"2020-01-13T14:41:29","slug":"kalastuskaudet-sloveniassa","status":"publish","type":"page","link":"https:\/\/fishing-guides-slovenia.com\/fi\/fishing-seasons-in-slovenia\/","title":{"rendered":"Kalastuskaudet Sloveniassa"},"content":{"rendered":"<h3 class=\"wp-block-heading\" id=\"January\"><strong>Tammikuu<\/strong><\/h3>\n\n\n\n<p>Slovenian kalojen kuningas Huchen etsii tammikuussa jatkuvasti saalista, joten isojen kalojen pyydyst\u00e4minen ei ole mahdoton teht\u00e4v\u00e4. Muista kuitenkin, ett\u00e4 sinulla on siihen aikaa helmikuun puoliv\u00e4liin asti. Haukien osalta t\u00e4m\u00e4 slovenialainen makean veden peto on aktiivinen kylmin\u00e4 talvikuukausina.<\/p>\n\n\n\n<h3 class=\"wp-block-heading\" id=\"February\"><strong>Helmikuu<\/strong><\/h3>\n\n\n\n<p>T\u00e4m\u00e4n pakkaskuukauden aikana Huchen ja Hauki ovat aktiivisia, ja niit\u00e4 voi saada kohtuullisen kokoisia saaliita. Tarvitaan l\u00e4mpimi\u00e4 vaatteita ja k\u00e4rsiv\u00e4llisyytt\u00e4.&nbsp;<\/p>\n\n\n\n<figure class=\"wp-block-image\"><img decoding=\"async\" src=\"https:\/\/960335.smushcdn.com\/2671427\/wp-content\/uploads\/2020\/04\/webp_net_resizeimage_9sfN9.webp?lossy=1&amp;strip=1&amp;webp=1\" alt=\"So\u010da-joen perhokalastuksen tulokset aamuisin\"\/><\/figure>\n\n\n\n<h3 class=\"wp-block-heading\" id=\"March\"><strong>Maaliskuu<\/strong><\/h3>\n\n\n\n<p>T\u00e4m\u00e4n kuun alussa luonto alkaa her\u00e4t\u00e4, ja sen my\u00f6t\u00e4 my\u00f6s Karppi. Maaliskuun loppupuolella joissakin joissa on my\u00f6s taimenia kohtuullisessa m\u00e4\u00e4rin.&nbsp;&nbsp;&nbsp;<\/p>\n\n\n\n<h3 class=\"wp-block-heading\" id=\"April\"><strong>Huhtikuu<\/strong><\/h3>\n\n\n\n<p>Perhokalastuksen kausi on virallisesti avattu, ja kaikenlaisia taimenia on runsaasti.&nbsp;<\/p>\n\n\n\n<figure class=\"wp-block-image\"><img decoding=\"async\" src=\"https:\/\/960335.smushcdn.com\/2671427\/wp-content\/uploads\/2020\/04\/webp_net_resizeimage_3CyJz.webp?lossy=1&amp;strip=1&amp;webp=1\" alt=\"Pitk\u00e4 laiha kirjolohi pyydetty Savinjajoesta\"\/><\/figure>\n\n\n\n<h3 class=\"wp-block-heading\" id=\"May\"><strong>Toukokuu<\/strong><\/h3>\n\n\n\n<p>T\u00e4m\u00e4 ihana vuodenaika on merkki Pike-kauden alkamisesta. Se on t\u00e4ydellinen saalis t\u00e4lle t\u00f6rke\u00e4lle petoel\u00e4imelle. Toukokuun puoliv\u00e4liss\u00e4 aukeaa harjuskausi, joka jatkuu my\u00f6h\u00e4issyksyyn asti.&nbsp;&nbsp;<\/p>\n\n\n\n<p>Toukokuu on my\u00f6s loistava niille, joiden syd\u00e4met ovat asettaneet ison Welsin monnin pyydyst\u00e4miseen. Yhdess\u00e4 barbelin kanssa wels on aktiivisimmillaan kev\u00e4\u00e4ll\u00e4, ja suoja-aika on 1. toukokuuta ja 30. kes\u00e4kuuta v\u00e4lisen\u00e4 aikana.&nbsp;<\/p>\n\n\n\n<h3 class=\"wp-block-heading\" id=\"July and August\"><strong>Hein\u00e4kuu ja elokuu<\/strong><\/h3>\n\n\n\n<p>Kes\u00e4kuukaudet ovat runsaimmat. Kaikkia kalalajeja voi pyyt\u00e4\u00e4 t\u00e4n\u00e4 kuumana aikana. P\u00e4iv\u00e4t ovat pidempi\u00e4, ja niin on my\u00f6s aika kalastaa. Karpin y\u00f6kalastus on aina erinomainen idea.&nbsp;<\/p>\n\n\n\n<figure class=\"wp-block-image\"><img decoding=\"async\" src=\"https:\/\/960335.smushcdn.com\/2671427\/wp-content\/uploads\/2020\/02\/pike-2.webp?lossy=1&amp;strip=1&amp;webp=1\" alt=\"Kalastaja ja h\u00e4nen p\u00e4iv\u00e4n suurin saaliinsa\"\/><\/figure>\n\n\n\n<h3 class=\"wp-block-heading\" id=\"September\"><strong>Syyskuu<\/strong><\/h3>\n\n\n\n<p>Alkusyksy laskee hitaasti, ja kalat ovat kiireisi\u00e4 ruokailemaan ennen talvilepoa. Syksy sopii erinomaisesti l\u00e4hes kaikkien lajien kalojen pyydyst\u00e4miseen.&nbsp;<\/p>\n\n\n\n<h3 class=\"wp-block-heading\" id=\"October\"><strong>Lokakuu<\/strong><\/h3>\n\n\n\n<p>Slovenian vesien kuninkaan, Tonavan lohen, pyyntikausi on j\u00e4lleen kerran avattu t\u00e4m\u00e4n kuun alussa. Voit pyyt\u00e4\u00e4 t\u00e4t\u00e4 upeaa kalaa 15. helmikuuta asti. Lokakuun lopulla p\u00e4\u00e4ttyy marmoritaimenen kausi. Jos syyskuukaudet ovat tarpeeksi l\u00e4mpimi\u00e4, useimpia slovenialaisia kaloja voi pyyt\u00e4\u00e4 viel\u00e4 marraskuuhun asti.&nbsp;&nbsp;<\/p>\n\n\n\n<figure class=\"wp-block-image\"><img decoding=\"async\" src=\"https:\/\/960335.smushcdn.com\/2671427\/wp-content\/uploads\/2020\/02\/rainbow-trout-1.webp?lossy=1&amp;strip=1&amp;webp=1\" alt=\"Kalastaja, jolla on kirjolohi k\u00e4dess\u00e4\u00e4n\"\/><\/figure>\n\n\n\n<h3 class=\"wp-block-heading\" id=\"November\"><strong>Marraskuu<\/strong><\/h3>\n\n\n\n<p>Aika, jolloin luonto alkaa rauhoittua. Rauhan ja yksin\u00e4isyyden yst\u00e4vien on aika uskaltautua jokiin ja j\u00e4rviin tavoitteenaan saalistaa pokaalin kokoisia karppeja, harmaita ja taimenia.<\/p>\n\n\n\n<figure class=\"wp-block-image\"><img decoding=\"async\" src=\"https:\/\/960335.smushcdn.com\/2671427\/wp-content\/uploads\/2020\/03\/Robert-R.webp?lossy=1&amp;strip=1&amp;webp=1\" alt=\"Kalastus Slovenian merell\u00e4\"\/><figcaption>Robert R kalastusopas<\/figcaption><\/figure>\n\n\n\n<h3 class=\"wp-block-heading\" id=\"December\"><strong>Joulukuu<\/strong><\/h3>\n\n\n\n<p>Silloin useimmat kalat ovat v\u00e4hemm\u00e4n aktiivisia, mutta talvikaudella on my\u00f6s etunsa. Suurta Huchenia voi pyyt\u00e4\u00e4 helmikuun puoliv\u00e4liin asti, ja hauki on palkitseva saalis tammikuun loppuun asti, ja Bled-j\u00e4rven j\u00e4isiss\u00e4 vesiss\u00e4 odottaa viel\u00e4 trofeekokoinen karppi.<\/p>","protected":false},"excerpt":{"rendered":"<p>Tammikuu Tammikuussa Slovenian kalojen kuningas Huchen etsii jatkuvasti saalista, joten isojen kalojen pyydyst\u00e4minen ei ole mahdoton teht\u00e4v\u00e4. Muista kuitenkin, ett\u00e4 sinulla on siihen aikaa helmikuun puoliv\u00e4liin asti. Haukien osalta t\u00e4m\u00e4 slovenialainen makean veden peto on aktiivinen kylmin\u00e4 talvikuukausina. Helmikuu T\u00e4m\u00e4n pakkasen aikana ... <a href=\"https:\/\/fishing-guides-slovenia.com\/fi\/fishing-seasons-in-slovenia\/\">Jatkuu<\/a><\/p>","protected":false},"author":46,"featured_media":0,"parent":0,"menu_order":12,"comment_status":"open","ping_status":"open","template":"","meta":{"footnotes":""},"class_list":["post-542","page","type-page","status-publish","hentry"],"acf":{"page_subheading":"The good news is that fishing can be enjoyed in Slovenia all year round. Check out the months to enjoy Fly, Carp or Sea fishing in Slovenia."},"_links":{"self":[{"href":"https:\/\/fishing-guides-slovenia.com\/fi\/wp-json\/wp\/v2\/pages\/542","targetHints":{"allow":["GET"]}}],"collection":[{"href":"https:\/\/fishing-guides-slovenia.com\/fi\/wp-json\/wp\/v2\/pages"}],"about":[{"href":"https:\/\/fishing-guides-slovenia.com\/fi\/wp-json\/wp\/v2\/types\/page"}],"author":[{"embeddable":true,"href":"https:\/\/fishing-guides-slovenia.com\/fi\/wp-json\/wp\/v2\/users\/46"}],"replies":[{"embeddable":true,"href":"https:\/\/fishing-guides-slovenia.com\/fi\/wp-json\/wp\/v2\/comments?post=542"}],"version-history":[{"count":0,"href":"https:\/\/fishing-guides-slovenia.com\/fi\/wp-json\/wp\/v2\/pages\/542\/revisions"}],"wp:attachment":[{"href":"https:\/\/fishing-guides-slovenia.com\/fi\/wp-json\/wp\/v2\/media?parent=542"}],"curies":[{"name":"wp","href":"https:\/\/api.w.org\/{rel}","templated":true}]}}