{"id":547,"date":"2020-02-06T10:15:04","date_gmt":"2020-02-06T10:15:04","guid":{"rendered":"http:\/\/fishing-guides-slovenia.com\/cookie-policy\/"},"modified":"2022-12-27T10:07:56","modified_gmt":"2022-12-27T10:07:56","slug":"evastekaytanto","status":"publish","type":"page","link":"https:\/\/fishing-guides-slovenia.com\/fi\/cookie-policy\/","title":{"rendered":"Ev\u00e4stek\u00e4yt\u00e4nt\u00f6"},"content":{"rendered":"","protected":false},"excerpt":{"rendered":"","protected":false},"author":46,"featured_media":0,"parent":0,"menu_order":6,"comment_status":"open","ping_status":"open","template":"","meta":{"footnotes":""},"class_list":["post-547","page","type-page","status-publish","hentry"],"acf":{"page_subheading":"Understand what cookies are and how do we use them to make your experience on this website more pleasant."},"_links":{"self":[{"href":"https:\/\/fishing-guides-slovenia.com\/fi\/wp-json\/wp\/v2\/pages\/547","targetHints":{"allow":["GET"]}}],"collection":[{"href":"https:\/\/fishing-guides-slovenia.com\/fi\/wp-json\/wp\/v2\/pages"}],"about":[{"href":"https:\/\/fishing-guides-slovenia.com\/fi\/wp-json\/wp\/v2\/types\/page"}],"author":[{"embeddable":true,"href":"https:\/\/fishing-guides-slovenia.com\/fi\/wp-json\/wp\/v2\/users\/46"}],"replies":[{"embeddable":true,"href":"https:\/\/fishing-guides-slovenia.com\/fi\/wp-json\/wp\/v2\/comments?post=547"}],"version-history":[{"count":4,"href":"https:\/\/fishing-guides-slovenia.com\/fi\/wp-json\/wp\/v2\/pages\/547\/revisions"}],"predecessor-version":[{"id":2113,"href":"https:\/\/fishing-guides-slovenia.com\/fi\/wp-json\/wp\/v2\/pages\/547\/revisions\/2113"}],"wp:attachment":[{"href":"https:\/\/fishing-guides-slovenia.com\/fi\/wp-json\/wp\/v2\/media?parent=547"}],"curies":[{"name":"wp","href":"https:\/\/api.w.org\/{rel}","templated":true}]}}