{"id":560,"date":"2020-04-22T21:48:47","date_gmt":"2020-04-22T21:48:47","guid":{"rendered":"http:\/\/fishing-guides-slovenia.com\/tailor-made\/"},"modified":"2022-12-05T11:00:38","modified_gmt":"2022-12-05T11:00:38","slug":"raataloity","status":"publish","type":"page","link":"https:\/\/fishing-guides-slovenia.com\/fi\/tailor-made\/","title":{"rendered":"R\u00e4\u00e4t\u00e4l\u00f6ity"},"content":{"rendered":"<p>Takaamme, ett\u00e4 jokainen tuote sivustollamme on suunniteltu antamaan sinulle&nbsp;<strong>paras kalastuskokemus<\/strong>&nbsp;Slovenialla on tarjottavanaan. Koska olemme tietoisia siit\u00e4, ett\u00e4 on mahdotonta kattaa kaikkea ja ett\u00e4 toiveesi voivat poiketa tarjouksestamme, annamme sinulle mahdollisuuden suunnitella ikioman kalastuslomasi.&nbsp;<\/p>\n\n\n\n<p>Voit mukauttaa t\u00e4ysin<strong>Taylorin tekem\u00e4t kalastusmatkat Sloveniassa<\/strong>toiveidesi mukaan, ja me autamme sinua joka vaiheessa. Voit valita, kuinka monta p\u00e4iv\u00e4\u00e4 haluat viipy\u00e4, mill\u00e4 vesill\u00e4 haluat kalastaa, mit\u00e4 kalastustekniikoita haluat kokeilla, millaista majoitusta haluat... Voit jopa valita, miss\u00e4 tai mit\u00e4 haluat sy\u00f6d\u00e4.<\/p>\n\n\n\n<p>Me olemme t\u00e4\u00e4ll\u00e4 tekem\u00e4ss\u00e4 siit\u00e4 mahdollista, antamassa teille<strong>paras kalastus Oppaat<\/strong>ja varmistaa, ett\u00e4 palaatte jonain p\u00e4iv\u00e4n\u00e4. \u00c4l\u00e4 siis ep\u00e4r\u00f6i kertoa meille kaikkea, mit\u00e4 haluat ja juuri niin kuin haluat.<\/p>\n\n\n\n<p>Miten se toimii?<\/p>\n\n\n\n<p>Voit valita joko yhden seuraavista&nbsp;<strong>olemassa olevat kalastuslomat paketit<\/strong>&nbsp;ja muokata sit\u00e4 toiveidesi mukaan, tai voimme laatia&nbsp;<strong>henkil\u00f6kohtainen paketti, joka on suunniteltu erityisesti sinua varten<\/strong>.<\/p>\n\n\n\n<p>Sinun tarvitsee vain&nbsp;<strong>t\u00e4yt\u00e4 kysely<\/strong>&nbsp;jossa ilmoitat kaikki vaatimuksesi, ja me otamme sinuun yhteytt\u00e4 keskustellaksemme seuraavan t\u00e4ydellisen kalastuslomasi kaikista yksityiskohdista.<\/p>","protected":false},"excerpt":{"rendered":"<p>Takaamme, ett\u00e4 jokainen sivustollamme oleva tuote on suunniteltu antamaan sinulle parhaan kalastuskokemuksen, mit\u00e4 Slovenia voi tarjota. Koska olemme tietoisia siit\u00e4, ett\u00e4 on mahdotonta kattaa kaikkea ja ett\u00e4 toiveesi voivat poiketa tarjouksestamme, annamme sinulle mahdollisuuden suunnitella ikioman kalastuslomasi.  Voit t\u00e4ysin r\u00e4\u00e4t\u00e4l\u00f6id\u00e4 ... <a href=\"https:\/\/fishing-guides-slovenia.com\/fi\/tailor-made\/\">Jatkuu<\/a><\/p>","protected":false},"author":46,"featured_media":1553,"parent":0,"menu_order":28,"comment_status":"open","ping_status":"open","template":"","meta":{"footnotes":""},"class_list":["post-560","page","type-page","status-publish","has-post-thumbnail","hentry"],"acf":{"page_subheading":"Personalise your fishing holidays in Slovenia and get an all-inclusive experience. Everything tailored exactly to your needs and wishes."},"_links":{"self":[{"href":"https:\/\/fishing-guides-slovenia.com\/fi\/wp-json\/wp\/v2\/pages\/560","targetHints":{"allow":["GET"]}}],"collection":[{"href":"https:\/\/fishing-guides-slovenia.com\/fi\/wp-json\/wp\/v2\/pages"}],"about":[{"href":"https:\/\/fishing-guides-slovenia.com\/fi\/wp-json\/wp\/v2\/types\/page"}],"author":[{"embeddable":true,"href":"https:\/\/fishing-guides-slovenia.com\/fi\/wp-json\/wp\/v2\/users\/46"}],"replies":[{"embeddable":true,"href":"https:\/\/fishing-guides-slovenia.com\/fi\/wp-json\/wp\/v2\/comments?post=560"}],"version-history":[{"count":2,"href":"https:\/\/fishing-guides-slovenia.com\/fi\/wp-json\/wp\/v2\/pages\/560\/revisions"}],"predecessor-version":[{"id":1271,"href":"https:\/\/fishing-guides-slovenia.com\/fi\/wp-json\/wp\/v2\/pages\/560\/revisions\/1271"}],"wp:featuredmedia":[{"embeddable":true,"href":"https:\/\/fishing-guides-slovenia.com\/fi\/wp-json\/wp\/v2\/media\/1553"}],"wp:attachment":[{"href":"https:\/\/fishing-guides-slovenia.com\/fi\/wp-json\/wp\/v2\/media?parent=560"}],"curies":[{"name":"wp","href":"https:\/\/api.w.org\/{rel}","templated":true}]}}