{"id":561,"date":"2020-04-22T22:31:31","date_gmt":"2020-04-22T22:31:31","guid":{"rendered":"http:\/\/fishing-guides-slovenia.com\/equipment-rental\/"},"modified":"2022-12-05T09:59:38","modified_gmt":"2022-12-05T09:59:38","slug":"laitevuokraus","status":"publish","type":"page","link":"https:\/\/fishing-guides-slovenia.com\/fi\/equipment-rental\/","title":{"rendered":"Laitteiden vuokraus"},"content":{"rendered":"<p><\/p>\n\n\n\n<p>Joillakin teist\u00e4 on jo suunnitelmat kalastusmatkasta Sloveniassa, teill\u00e4 on jo kaikki yksityiskohdat ja tied\u00e4tte, miss\u00e4 kalastatte, mutta ongelmanne on se, ett\u00e4 lenn\u00e4tte tai teill\u00e4 on muita ongelmia kalastusv\u00e4lineiden kuljettamisessa maahamme. \u00c4l\u00e4 huoli, me voimme hoitaa my\u00f6s t\u00e4m\u00e4n. Erityisesti t\u00e4llaisiin tapauksiin meill\u00e4 on paljon lis\u00e4varusteita, jotka on mahdollista vuokrata. Kaikenlaiseen kalastukseen (merikalastusta lukuun ottamatta) meill\u00e4 on kaikki tarvitsemasi varusteet vavoista, kahluuhousuista ja teltoista aina pienimp\u00e4\u00e4n perhokoukkuun asti.<\/p>\n\n\n\n<p>Toimistomme sijaitsee Ljubljanassa, josta voit noutaa laitteet ja j\u00e4tt\u00e4\u00e4 ne sitten takaisin, mutta lis\u00e4hinnasta voimme my\u00f6s toimittaa laitteet sinulle ja noutaa ne sitten p\u00e4iv\u00e4n\/istunnon p\u00e4\u00e4tteeksi.<\/p>\n\n\n\n<figure class=\"wp-block-image\"><img decoding=\"async\" src=\"https:\/\/960335.smushcdn.com\/2671427\/wp-content\/uploads\/2020\/07\/fishing-equipment.webp?lossy=1&amp;strip=1&amp;webp=1\" alt=\"\"\/><\/figure>\n\n\n\n<h3 class=\"wp-block-heading\" id=\"headline-92-1209\">Perhokalastuslaitteet<\/h3>\n\n\n\n<ul class=\"wp-block-list\"><li>Vapa (Orvis) - 30 \u20ac<\/li><li>Kahluuhousut - 30 \u20ac<\/li><li>Laskeutumisverkko - 5 \u20ac<\/li><li>K\u00e4rp\u00e4set (10 kpl paketissa, voit pit\u00e4\u00e4 ne) - 30 \u20ac<\/li><li>Vatsavene - 50 \u20ac<\/li><li><strong>T\u00e4ydellinen paketti&nbsp;<\/strong>(vavan, kahluuhousujen, laskuverkon) - 50 %.<\/li><li>J\u00e4tt\u00e4minen ja nouto - 40 \u20ac<\/li><\/ul>\n\n\n\n<figure class=\"wp-block-image\"><img decoding=\"async\" src=\"https:\/\/960335.smushcdn.com\/2671427\/wp-content\/uploads\/2020\/04\/fly-fishing-bait.webp?lossy=1&amp;strip=1&amp;webp=1\" alt=\"\"\/><\/figure>\n\n\n\n<h3 class=\"wp-block-heading\" id=\"headline-94-1209\">Karpin kalastusv\u00e4lineet<\/h3>\n\n\n\n<ul class=\"wp-block-list\"><li>2 vavaa (Daiwa) - 30 \u20ac<\/li><li>Rod Pod , puruh\u00e4lyttimet, svingerit - 20 \u20ac<\/li><li>Teltta, s\u00e4nky, makuupussi - 30 \u20ac<\/li><li>Kehto, painoremmi, laskuverkko, vaaka, \u00e4mp\u00e4ri - 20 \u20ac<\/li><li>Vene - 30 \u20ac<\/li><li>Boilies (5kg) - 30 \u20ac<\/li><li>Hiukkanen (10kg) - 10 \u20ac<\/li><li>Ruoanlaittov\u00e4lineet (astiat, ruokailuv\u00e4lineet, liesi, pieni p\u00f6yt\u00e4, kylm\u00e4laukku) - 20 \u20ac.<\/li><li><strong>T\u00e4ydellinen paketti P\u00e4iv\u00e4istunto<\/strong>&nbsp;( 2 vavasta, sauvakotelo, sy\u00f6ttih\u00e4lyttimet, kehto, painoremmi, laskuverkko, vaaka, \u00e4mp\u00e4ri) - 70 \u20ac - 70 \u20ac<\/li><li><strong>T\u00e4ydellinen paketti Kalastuskampanjat&nbsp;<\/strong>( vavat, sauvakapula, sy\u00f6ttih\u00e4lytin, kehto, painoremmi, laskuverkko, vaaka, \u00e4mp\u00e4ri, teltta, s\u00e4nky, makuupussi, keittov\u00e4lineet) - 100 \u20ac<\/li><li>J\u00e4tt\u00e4minen ja nouto - 40 \u20ac<\/li><\/ul>\n\n\n\n<figure class=\"wp-block-image\"><img decoding=\"async\" src=\"https:\/\/960335.smushcdn.com\/2671427\/wp-content\/uploads\/2020\/01\/bled-carp-1.webp?lossy=1&amp;strip=1&amp;webp=1\" alt=\"\"\/><\/figure>\n\n\n\n<h3 class=\"wp-block-heading\" id=\"headline-97-1209\">Spin Kalastuslaitteet<\/h3>\n\n\n\n<ul class=\"wp-block-list\"><li>Sauva (Sportex) - 30 \u20ac<\/li><li>Vieheet (10) - 20 \u20ac<\/li><li>Kahluuhousut - 30 \u20ac<\/li><li>Laskeutumisverkko - 5 \u20ac<\/li><li><strong>T\u00e4ydellinen paketti<\/strong>&nbsp;(vavan, vieheiden, kahluuveneiden, laskuverkon) - 50\u20ac.<\/li><li>J\u00e4tt\u00e4minen ja nouto - 40 \u20ac<\/li><\/ul>","protected":false},"excerpt":{"rendered":"<p>Joillakin teist\u00e4 on jo suunnitelmat kalastusmatkasta Sloveniassa, teill\u00e4 on jo kaikki yksityiskohdat ja tied\u00e4tte, miss\u00e4 kalastatte, mutta ongelmanne on se, ett\u00e4 olette lentokoneessa tai teill\u00e4 on muita ongelmia kalastusv\u00e4lineiden kuljettamisessa maahamme. \u00c4l\u00e4 huoli, me voimme hoitaa my\u00f6s t\u00e4m\u00e4n. Erityisesti t\u00e4llaisissa tapauksissa me ... <a href=\"https:\/\/fishing-guides-slovenia.com\/fi\/equipment-rental\/\">Jatkuu<\/a><\/p>","protected":false},"author":46,"featured_media":1525,"parent":0,"menu_order":7,"comment_status":"open","ping_status":"open","template":"","meta":{"footnotes":""},"class_list":["post-561","page","type-page","status-publish","has-post-thumbnail","hentry"],"acf":{"page_subheading":"A perfect solution for those, who can\u2019t bring your own equipment with you. We'll have you covered with rods, waders, baits and tents."},"_links":{"self":[{"href":"https:\/\/fishing-guides-slovenia.com\/fi\/wp-json\/wp\/v2\/pages\/561","targetHints":{"allow":["GET"]}}],"collection":[{"href":"https:\/\/fishing-guides-slovenia.com\/fi\/wp-json\/wp\/v2\/pages"}],"about":[{"href":"https:\/\/fishing-guides-slovenia.com\/fi\/wp-json\/wp\/v2\/types\/page"}],"author":[{"embeddable":true,"href":"https:\/\/fishing-guides-slovenia.com\/fi\/wp-json\/wp\/v2\/users\/46"}],"replies":[{"embeddable":true,"href":"https:\/\/fishing-guides-slovenia.com\/fi\/wp-json\/wp\/v2\/comments?post=561"}],"version-history":[{"count":4,"href":"https:\/\/fishing-guides-slovenia.com\/fi\/wp-json\/wp\/v2\/pages\/561\/revisions"}],"predecessor-version":[{"id":1914,"href":"https:\/\/fishing-guides-slovenia.com\/fi\/wp-json\/wp\/v2\/pages\/561\/revisions\/1914"}],"wp:featuredmedia":[{"embeddable":true,"href":"https:\/\/fishing-guides-slovenia.com\/fi\/wp-json\/wp\/v2\/media\/1525"}],"wp:attachment":[{"href":"https:\/\/fishing-guides-slovenia.com\/fi\/wp-json\/wp\/v2\/media?parent=561"}],"curies":[{"name":"wp","href":"https:\/\/api.w.org\/{rel}","templated":true}]}}