{"id":566,"date":"2020-04-23T10:07:09","date_gmt":"2020-04-23T10:07:09","guid":{"rendered":"http:\/\/fishing-guides-slovenia.com\/carp-fishing-season\/"},"modified":"2024-07-30T09:59:21","modified_gmt":"2024-07-30T09:59:21","slug":"karpin-kalastuskausi","status":"publish","type":"page","link":"https:\/\/fishing-guides-slovenia.com\/fi\/carp-fishing-season\/","title":{"rendered":"Karpin kalastuskausi"},"content":{"rendered":"<h2 class=\"wp-block-heading\">Tammikuu<\/h2>\n\n\n\n<p>Kuukausi sinnikk\u00e4immille karpin kalastajille. J\u00e4rvet ovat enimm\u00e4kseen j\u00e4\u00e4ss\u00e4, joten joet ovat t\u00e4ydellisi\u00e4, jos haluat saada talvikarpin. Pienell\u00e4 ennakkovalmistelulla onnistumismahdollisuudet eiv\u00e4t ole lainkaan v\u00e4h\u00e4iset!<\/p>\n\n\n\n<figure class=\"wp-block-image size-large\"><img loading=\"lazy\" decoding=\"async\" width=\"1024\" height=\"645\" src=\"https:\/\/fishing-guides-slovenia.com\/wp-content\/uploads\/Lake-Bled-in-winter-1024x645.webp\" alt=\"Goottilainen kirkko Bledin j\u00e4rvisaarella, Sloveniaa\" class=\"wp-image-2406\" srcset=\"https:\/\/fishing-guides-slovenia.com\/wp-content\/uploads\/Lake-Bled-in-winter-1024x645.webp 1024w, https:\/\/fishing-guides-slovenia.com\/wp-content\/uploads\/Lake-Bled-in-winter-300x189.webp 300w, https:\/\/fishing-guides-slovenia.com\/wp-content\/uploads\/Lake-Bled-in-winter-768x484.webp 768w, https:\/\/fishing-guides-slovenia.com\/wp-content\/uploads\/Lake-Bled-in-winter-1536x968.webp 1536w, https:\/\/fishing-guides-slovenia.com\/wp-content\/uploads\/Lake-Bled-in-winter-18x12.webp 18w, https:\/\/fishing-guides-slovenia.com\/wp-content\/uploads\/Lake-Bled-in-winter.webp 2000w\" sizes=\"auto, (max-width: 1024px) 100vw, 1024px\" \/><figcaption class=\"wp-element-caption\">Bled-j\u00e4rvi talvella<\/figcaption><\/figure>\n\n\n\n<h2 class=\"wp-block-heading\">Helmikuu<\/h2>\n\n\n\n<p>Helmikuussa karpin kalastus Sloveniassa riippuu siit\u00e4, kuinka ankara talvi oli kyseisen\u00e4 vuonna. Useimmiten helmikuun j\u00e4lkipuolisko on yleens\u00e4 aina hyv\u00e4 aika saada ensimm\u00e4inen karppi, ja jos olosuhteet ovat hyv\u00e4t, voit saada jopa useita saaliita yhden p\u00e4iv\u00e4n aikana. Kalat ovat viel\u00e4 hieman uneliaita, joten voit k\u00e4ytt\u00e4\u00e4 t\u00e4t\u00e4 hyv\u00e4ksesi ja huijata ison karpin ottamaan sy\u00f6tin.<\/p>\n\n\n\n<figure class=\"wp-block-image size-large\"><img loading=\"lazy\" decoding=\"async\" width=\"1024\" height=\"682\" src=\"https:\/\/fishing-guides-slovenia.com\/wp-content\/uploads\/carp-1-1-1024x682.webp\" alt=\"\" class=\"wp-image-1947\" srcset=\"https:\/\/fishing-guides-slovenia.com\/wp-content\/uploads\/carp-1-1-1024x682.webp 1024w, https:\/\/fishing-guides-slovenia.com\/wp-content\/uploads\/carp-1-1-300x200.webp 300w, https:\/\/fishing-guides-slovenia.com\/wp-content\/uploads\/carp-1-1-768x511.webp 768w, https:\/\/fishing-guides-slovenia.com\/wp-content\/uploads\/carp-1-1-18x12.webp 18w, https:\/\/fishing-guides-slovenia.com\/wp-content\/uploads\/carp-1-1.webp 1250w\" sizes=\"auto, (max-width: 1024px) 100vw, 1024px\" \/><figcaption class=\"wp-element-caption\">Kalastusopas pitelee karppia<\/figcaption><\/figure>\n\n\n\n<h2 class=\"wp-block-heading\">Maaliskuu<\/h2>\n\n\n\n<p>Maaliskuu on ep\u00e4virallinen karpin kalastuskauden avaus. S\u00e4\u00e4 l\u00e4mpenee ja vesi l\u00e4mpenee, kalat ovat aktiivisempia ja n\u00e4lk\u00e4isi\u00e4 talviunilta, joten olosuhteet karpin kalastukselle ovat hyv\u00e4t. Koska Bled-j\u00e4rvell\u00e4 karpin kalastus on sallittua vasta huhtikuussa, \u0160martinsko-j\u00e4rvi on t\u00e4ydellinen paikka viett\u00e4\u00e4 muutama p\u00e4iv\u00e4, ja kauden yli 20 ensimm\u00e4ist\u00e4 kalaa on vain muutaman heiton p\u00e4\u00e4ss\u00e4.<\/p>\n\n\n\n<figure class=\"wp-block-image size-large\"><img loading=\"lazy\" decoding=\"async\" width=\"1024\" height=\"768\" src=\"https:\/\/fishing-guides-slovenia.com\/wp-content\/uploads\/smartinsko-5-days-1024x768.webp\" alt=\"smartinsko 5 p\u00e4iv\u00e4\u00e4\" class=\"wp-image-2268\" srcset=\"https:\/\/fishing-guides-slovenia.com\/wp-content\/uploads\/smartinsko-5-days-1024x768.webp 1024w, https:\/\/fishing-guides-slovenia.com\/wp-content\/uploads\/smartinsko-5-days-300x225.webp 300w, https:\/\/fishing-guides-slovenia.com\/wp-content\/uploads\/smartinsko-5-days-768x576.webp 768w, https:\/\/fishing-guides-slovenia.com\/wp-content\/uploads\/smartinsko-5-days-1536x1152.webp 1536w, https:\/\/fishing-guides-slovenia.com\/wp-content\/uploads\/smartinsko-5-days-2048x1536.webp 2048w, https:\/\/fishing-guides-slovenia.com\/wp-content\/uploads\/smartinsko-5-days-16x12.webp 16w, https:\/\/fishing-guides-slovenia.com\/wp-content\/uploads\/smartinsko-5-days-scaled.webp 1920w\" sizes=\"auto, (max-width: 1024px) 100vw, 1024px\" \/><figcaption class=\"wp-element-caption\">\u0160martinsko-j\u00e4rvi<\/figcaption><\/figure>\n\n\n\n<h2 class=\"wp-block-heading\">Huhtikuu<\/h2>\n\n\n\n<p>Huippukausi ensimm\u00e4iset kuusi kuukautta. Jos joskus on aika pyydyst\u00e4\u00e4 karppi, se on nyt. Veden l\u00e4mp\u00f6tila nousee pisteeseen, jossa kalat alkavat sy\u00f6d\u00e4 valtavasti valmistautuakseen kutuun. P\u00e4iv\u00e4t pitenev\u00e4t, y\u00f6t eiv\u00e4t ole en\u00e4\u00e4 niin kylmi\u00e4 ja luonto osoittaa ominaisuutensa. Kaikki listamme karppikalastusvedet ovat nyt saatavilla, my\u00f6s Bled-j\u00e4rvi.<\/p>\n\n\n\n<figure class=\"wp-block-image size-large\"><img loading=\"lazy\" decoding=\"async\" width=\"1024\" height=\"578\" src=\"https:\/\/fishing-guides-slovenia.com\/wp-content\/uploads\/bled-carp-2-1-1024x578.webp\" alt=\"Kalastaja kalastamassa Bled-j\u00e4rvell\u00e4\" class=\"wp-image-1957\" srcset=\"https:\/\/fishing-guides-slovenia.com\/wp-content\/uploads\/bled-carp-2-1-1024x578.webp 1024w, https:\/\/fishing-guides-slovenia.com\/wp-content\/uploads\/bled-carp-2-1-300x169.webp 300w, https:\/\/fishing-guides-slovenia.com\/wp-content\/uploads\/bled-carp-2-1-768x434.webp 768w, https:\/\/fishing-guides-slovenia.com\/wp-content\/uploads\/bled-carp-2-1-18x10.webp 18w, https:\/\/fishing-guides-slovenia.com\/wp-content\/uploads\/bled-carp-2-1.webp 1250w\" sizes=\"auto, (max-width: 1024px) 100vw, 1024px\" \/><figcaption class=\"wp-element-caption\">Kalastus kauniilla Bled-j\u00e4rvell\u00e4<\/figcaption><\/figure>\n\n\n\n<h2 class=\"wp-block-heading\">Toukokuu<\/h2>\n\n\n\n<p>Joillakin j\u00e4rvill\u00e4 vesi on niin l\u00e4mmint\u00e4, ett\u00e4 karpit alkavat kutemaan, mutta yleens\u00e4 n\u00e4in ei ole Bled- ja \u0160martinsko-j\u00e4rvill\u00e4, jotka ovat syvempi\u00e4 ja siten kylmempi\u00e4. Mutta vaikka vesi on hieman tavallista l\u00e4mpim\u00e4mp\u00e4\u00e4, n\u00e4iss\u00e4 j\u00e4rviss\u00e4 kalat eiv\u00e4t kute kaikki samaan aikaan, joten jos p\u00e4\u00e4t\u00e4t tulla karppikalastamaan Sloveniaan, toukokuu on loistava aika tehd\u00e4 se.<\/p>\n\n\n\n<figure class=\"wp-block-image size-full\"><img loading=\"lazy\" decoding=\"async\" width=\"1250\" height=\"703\" src=\"https:\/\/fishing-guides-slovenia.com\/wp-content\/uploads\/smartinsko-lake-6.webp\" alt=\"\" class=\"wp-image-1785\" srcset=\"https:\/\/fishing-guides-slovenia.com\/wp-content\/uploads\/smartinsko-lake-6.webp 1250w, https:\/\/fishing-guides-slovenia.com\/wp-content\/uploads\/smartinsko-lake-6-300x169.webp 300w, https:\/\/fishing-guides-slovenia.com\/wp-content\/uploads\/smartinsko-lake-6-1024x576.webp 1024w, https:\/\/fishing-guides-slovenia.com\/wp-content\/uploads\/smartinsko-lake-6-768x432.webp 768w, https:\/\/fishing-guides-slovenia.com\/wp-content\/uploads\/smartinsko-lake-6-18x10.webp 18w\" sizes=\"auto, (max-width: 1250px) 100vw, 1250px\" \/><figcaption class=\"wp-element-caption\">Pyyd\u00e4 oma hirvi\u00f6karppi<\/figcaption><\/figure>\n\n\n\n<h2 class=\"wp-block-heading\">Kes\u00e4kuu, hein\u00e4kuu, elokuu<\/h2>\n\n\n\n<p>Kes\u00e4n alussa voi viel\u00e4 olla merkkej\u00e4 kutemisesta, mutta olosuhteet karpin kalastukseen Sloveniassa ovat parhaat kes\u00e4ll\u00e4. L\u00e4mmin s\u00e4\u00e4, pitk\u00e4t p\u00e4iv\u00e4t ja lyhyet y\u00f6t energian palauttamiseksi, aktiiviset karpit ja hyv\u00e4 seura ovat kaikki mit\u00e4 voit pyyt\u00e4\u00e4. Jos siis haluat pyydyst\u00e4\u00e4 isoja kaloja samalla kun katselet auringonlaskua olut k\u00e4dess\u00e4si, tule Sloveniaan muutamaksi p\u00e4iv\u00e4ksi karppikalastamaan.<\/p>\n\n\n\n<figure class=\"wp-block-image size-large\"><img loading=\"lazy\" decoding=\"async\" width=\"1024\" height=\"682\" src=\"https:\/\/fishing-guides-slovenia.com\/wp-content\/uploads\/carp-2-1024x682.webp\" alt=\"\" class=\"wp-image-1486\" srcset=\"https:\/\/fishing-guides-slovenia.com\/wp-content\/uploads\/carp-2-1024x682.webp 1024w, https:\/\/fishing-guides-slovenia.com\/wp-content\/uploads\/carp-2-300x200.webp 300w, https:\/\/fishing-guides-slovenia.com\/wp-content\/uploads\/carp-2-768x512.webp 768w, https:\/\/fishing-guides-slovenia.com\/wp-content\/uploads\/carp-2-18x12.webp 18w, https:\/\/fishing-guides-slovenia.com\/wp-content\/uploads\/carp-2.webp 1250w\" sizes=\"auto, (max-width: 1024px) 100vw, 1024px\" \/><figcaption class=\"wp-element-caption\">Karppi luonnossa<\/figcaption><\/figure>\n\n\n\n<h2 class=\"wp-block-heading\">Syyskuu<\/h2>\n\n\n\n<p>Ison karpin kalastuksen alku. L\u00e4mp\u00f6tilat laskevat hieman ja t\u00e4m\u00e4 antaa kaloille signaalin aloittaa ruokinta kylmempi\u00e4 kuukausia varten. N\u00e4in ollen me karppikalastajat saamme enemm\u00e4n haukia ja painavampia kaloja. Vesill\u00e4 on v\u00e4hemm\u00e4n h\u00e4lin\u00e4\u00e4, turistit l\u00e4htev\u00e4t, joten hiljaisuus palaa, mik\u00e4 tekee siit\u00e4 ihanteellisen ajankohdan kalastukselle. Luonto vaihtaa v\u00e4rej\u00e4\u00e4n l\u00e4mpim\u00e4mpiin s\u00e4vyihin, ja niin my\u00f6s karppi.<\/p>\n\n\n\n<figure class=\"wp-block-image size-large\"><img loading=\"lazy\" decoding=\"async\" width=\"1024\" height=\"569\" src=\"https:\/\/fishing-guides-slovenia.com\/wp-content\/uploads\/79149652_3868800523145553_1050175643389526016_o-1024x569.webp\" alt=\"\" class=\"wp-image-1390\" srcset=\"https:\/\/fishing-guides-slovenia.com\/wp-content\/uploads\/79149652_3868800523145553_1050175643389526016_o-1024x569.webp 1024w, https:\/\/fishing-guides-slovenia.com\/wp-content\/uploads\/79149652_3868800523145553_1050175643389526016_o-300x167.webp 300w, https:\/\/fishing-guides-slovenia.com\/wp-content\/uploads\/79149652_3868800523145553_1050175643389526016_o-768x427.webp 768w, https:\/\/fishing-guides-slovenia.com\/wp-content\/uploads\/79149652_3868800523145553_1050175643389526016_o-18x10.webp 18w, https:\/\/fishing-guides-slovenia.com\/wp-content\/uploads\/79149652_3868800523145553_1050175643389526016_o.webp 1440w\" sizes=\"auto, (max-width: 1024px) 100vw, 1024px\" \/><figcaption class=\"wp-element-caption\">Kolea s\u00e4\u00e4 tarkoittaa hyv\u00e4\u00e4 karpin kalastuskautta<\/figcaption><\/figure>\n\n\n\n<h2 class=\"wp-block-heading\">Lokakuu<\/h2>\n\n\n\n<p>Paras kuukausi rikkoa henkil\u00f6kohtainen karppienn\u00e4tyksesi ja silti pysty\u00e4 pitelem\u00e4\u00e4n sit\u00e4 valokuvaa varten ilman, ett\u00e4 sormet j\u00e4\u00e4tyv\u00e4t alhaisista l\u00e4mp\u00f6tiloista. Ruokinta on suurimmillaan, ja t\u00e4m\u00e4 on karppien viimeinen tilaisuus lihoa ennen talvea. Kyll\u00e4, on hieman kylmemp\u00e4\u00e4, mutta palkinnot ovat suurempia, vai pit\u00e4isik\u00f6 sanoa painavampia. Paras aika karppikalastukseen Sloveniassa on kaikkien karppikalastusoppaidemme yhteinen mielipide.<\/p>\n\n\n\n<figure class=\"wp-block-image size-full\"><img loading=\"lazy\" decoding=\"async\" width=\"1250\" height=\"703\" src=\"https:\/\/fishing-guides-slovenia.com\/wp-content\/uploads\/bled-carp-7.webp\" alt=\"\" class=\"wp-image-1446\" srcset=\"https:\/\/fishing-guides-slovenia.com\/wp-content\/uploads\/bled-carp-7.webp 1250w, https:\/\/fishing-guides-slovenia.com\/wp-content\/uploads\/bled-carp-7-300x169.webp 300w, https:\/\/fishing-guides-slovenia.com\/wp-content\/uploads\/bled-carp-7-1024x576.webp 1024w, https:\/\/fishing-guides-slovenia.com\/wp-content\/uploads\/bled-carp-7-768x432.webp 768w, https:\/\/fishing-guides-slovenia.com\/wp-content\/uploads\/bled-carp-7-18x10.webp 18w\" sizes=\"auto, (max-width: 1250px) 100vw, 1250px\" \/><figcaption class=\"wp-element-caption\">K\u00e4rsiv\u00e4llisyys palkitaan<\/figcaption><\/figure>\n\n\n\n<h2 class=\"wp-block-heading\">Marraskuu<\/h2>\n\n\n\n<p>Jos k\u00e4velet j\u00e4rven ymp\u00e4ri, n\u00e4et monia paikallisia karppikalastajia, ja heill\u00e4 on siihen hyv\u00e4 syy. Kaikki odottavat suurimpia kaloja, jotka viel\u00e4 sy\u00f6v\u00e4t. Puremat tulevat yleens\u00e4 hitaasti, mutta kun ne tulevat, siiman p\u00e4\u00e4ss\u00e4 voi olla el\u00e4m\u00e4si kala. Kylm\u00e4\u00e4 on varmasti, mutta kalastus Bled-j\u00e4rvell\u00e4 p\u00e4ivisin tai telttailu \u0160martinsko-j\u00e4rven rannalla l\u00e4mmitin bivyss\u00e4 voi olla siedett\u00e4v\u00e4\u00e4, kun ottaa huomioon yli 30 kilon saalismahdollisuuden.<\/p>\n\n\n\n<figure class=\"wp-block-image size-large\"><img loading=\"lazy\" decoding=\"async\" width=\"1024\" height=\"524\" src=\"https:\/\/fishing-guides-slovenia.com\/wp-content\/uploads\/bled-carp-fishing-scaled-1024x524.webp\" alt=\"Kalastus kauniilla Bled-j\u00e4rvell\u00e4\" class=\"wp-image-2263\" srcset=\"https:\/\/fishing-guides-slovenia.com\/wp-content\/uploads\/bled-carp-fishing-scaled-1024x524.webp 1024w, https:\/\/fishing-guides-slovenia.com\/wp-content\/uploads\/bled-carp-fishing-scaled-300x154.webp 300w, https:\/\/fishing-guides-slovenia.com\/wp-content\/uploads\/bled-carp-fishing-scaled-768x393.webp 768w, https:\/\/fishing-guides-slovenia.com\/wp-content\/uploads\/bled-carp-fishing-scaled-1536x786.webp 1536w, https:\/\/fishing-guides-slovenia.com\/wp-content\/uploads\/bled-carp-fishing-scaled-18x9.webp 18w, https:\/\/fishing-guides-slovenia.com\/wp-content\/uploads\/bled-carp-fishing-scaled.webp 2000w\" sizes=\"auto, (max-width: 1024px) 100vw, 1024px\" \/><figcaption class=\"wp-element-caption\">Voit kalastaa Bled-j\u00e4rven rannalla auringonlaskun aikana.<\/figcaption><\/figure>\n\n\n\n<h2 class=\"wp-block-heading\">Joulukuu<\/h2>\n\n\n\n<p>Kalastus siirtyy hitaasti jokiin, ja j\u00e4rvist\u00e4 voi viime aikoina saada isoja karppeja, kunhan on tarpeeksi sinnik\u00e4s. Jos haluat kokeilla talvipetoa, olemme valmiita opastamaan sinua.<\/p>\n\n\n\n<figure class=\"wp-block-image size-large is-resized\"><img loading=\"lazy\" decoding=\"async\" width=\"1024\" height=\"576\" src=\"https:\/\/fishing-guides-slovenia.com\/wp-content\/uploads\/Ljubljanica-River-1024x576.webp\" alt=\"Ljubljanica on joki Keski-Sloveniassa. Ljubljanica virtaa Vrhnikan kaupungin etel\u00e4puolella ja laskee Sava-jokeen noin 10 kilometri\u00e4 Ljubljanasta alavirtaan.\" class=\"wp-image-2407\" style=\"width:1450px;height:auto\" srcset=\"https:\/\/fishing-guides-slovenia.com\/wp-content\/uploads\/Ljubljanica-River-1024x576.webp 1024w, https:\/\/fishing-guides-slovenia.com\/wp-content\/uploads\/Ljubljanica-River-300x169.webp 300w, https:\/\/fishing-guides-slovenia.com\/wp-content\/uploads\/Ljubljanica-River-768x432.webp 768w, https:\/\/fishing-guides-slovenia.com\/wp-content\/uploads\/Ljubljanica-River-1536x864.webp 1536w, https:\/\/fishing-guides-slovenia.com\/wp-content\/uploads\/Ljubljanica-River-18x10.webp 18w, https:\/\/fishing-guides-slovenia.com\/wp-content\/uploads\/Ljubljanica-River.webp 2000w\" sizes=\"auto, (max-width: 1024px) 100vw, 1024px\" \/><figcaption class=\"wp-element-caption\">Kokeile onneasi Ljubljanica-joella<\/figcaption><\/figure>","protected":false},"excerpt":{"rendered":"<p>Tammikuu Kuukausi sinnikk\u00e4immille karpin kalastajille. J\u00e4rvet ovat enimm\u00e4kseen j\u00e4\u00e4ss\u00e4, joten joet ovat t\u00e4ydellisi\u00e4, jos haluat saada talvikarpin. Pienell\u00e4 ennakkovalmistelulla onnistumismahdollisuudet eiv\u00e4t ole lainkaan v\u00e4h\u00e4iset! Helmikuu Helmikuussa karpin kalastus Sloveniassa riippuu siit\u00e4, kuinka ankara talvi oli ... <a href=\"https:\/\/fishing-guides-slovenia.com\/fi\/carp-fishing-season\/\">Jatkuu<\/a><\/p>","protected":false},"author":46,"featured_media":0,"parent":0,"menu_order":4,"comment_status":"open","ping_status":"open","template":"","meta":{"footnotes":""},"class_list":["post-566","page","type-page","status-publish","hentry"],"acf":{"page_subheading":"Slovenia offers year-round fishing. Check out the best months for Carp fishing in Slovenia in order to catch the most and the biggest."},"_links":{"self":[{"href":"https:\/\/fishing-guides-slovenia.com\/fi\/wp-json\/wp\/v2\/pages\/566","targetHints":{"allow":["GET"]}}],"collection":[{"href":"https:\/\/fishing-guides-slovenia.com\/fi\/wp-json\/wp\/v2\/pages"}],"about":[{"href":"https:\/\/fishing-guides-slovenia.com\/fi\/wp-json\/wp\/v2\/types\/page"}],"author":[{"embeddable":true,"href":"https:\/\/fishing-guides-slovenia.com\/fi\/wp-json\/wp\/v2\/users\/46"}],"replies":[{"embeddable":true,"href":"https:\/\/fishing-guides-slovenia.com\/fi\/wp-json\/wp\/v2\/comments?post=566"}],"version-history":[{"count":6,"href":"https:\/\/fishing-guides-slovenia.com\/fi\/wp-json\/wp\/v2\/pages\/566\/revisions"}],"predecessor-version":[{"id":2408,"href":"https:\/\/fishing-guides-slovenia.com\/fi\/wp-json\/wp\/v2\/pages\/566\/revisions\/2408"}],"wp:attachment":[{"href":"https:\/\/fishing-guides-slovenia.com\/fi\/wp-json\/wp\/v2\/media?parent=566"}],"curies":[{"name":"wp","href":"https:\/\/api.w.org\/{rel}","templated":true}]}}