{"id":567,"date":"2020-04-23T10:14:11","date_gmt":"2020-04-23T10:14:11","guid":{"rendered":"http:\/\/fishing-guides-slovenia.com\/spin-fishing-season\/"},"modified":"2022-10-05T13:11:22","modified_gmt":"2022-10-05T13:11:22","slug":"spin-kalastuskausi","status":"publish","type":"page","link":"https:\/\/fishing-guides-slovenia.com\/fi\/spin-fishing-season\/","title":{"rendered":"Spin-kalastuskausi"},"content":{"rendered":"<h2 class=\"wp-block-heading\"><strong>Tammikuu<\/strong><\/h2>\n\n\n\n<p>T\u00e4m\u00e4 on aikaa \u00e4\u00e4rimm\u00e4isille kalastajille, jotka eiv\u00e4t v\u00e4lit\u00e4 kylm\u00e4st\u00e4 ja lumesta ja joilla on katseet suunnattu palkintoon. Sloveniassa tapahtuvassa spin-kalastuksessa palkintona on iso huchen, joka on jokien kuningas talvikuukausina, tai iso hauki, joka on edelleen n\u00e4lk\u00e4inen saaliin per\u00e4ss\u00e4. Parhaat joet talviseen spin-kalastukseen ovat Sava, sava Dolinka ja Krka, jos haluat urbaanin kokemuksen, kokeile Urban spin-kalastusta Ljubljanica-joella.<\/p>\n\n\n\n<h2 class=\"wp-block-heading\"><strong>Helmikuu<\/strong><\/h2>\n\n\n\n<p>Huchenin kausi p\u00e4\u00e4ttyy helmikuun puoliv\u00e4liss\u00e4, joten muista k\u00e4yd\u00e4 joillamme ennen sit\u00e4. Kun menet\u00e4t tilaisuuden, sinun on odotettava lokakuuhun asti yritt\u00e4\u00e4ksesi uudelleen. My\u00f6s haukikausi p\u00e4\u00e4ttyy helmikuussa.<\/p>\n\n\n\n<figure class=\"wp-block-image\"><img decoding=\"async\" src=\"https:\/\/960335.smushcdn.com\/2671427\/wp-content\/uploads\/2020\/02\/ljubljanica-spin-2.webp?lossy=1&amp;strip=1&amp;webp=1\" alt=\"Ljubljanica-joki Slovenian p\u00e4\u00e4kaupungissa\"\/><\/figure>\n\n\n\n<h2 class=\"wp-block-heading\"><strong>Maaliskuu<\/strong><\/h2>\n\n\n\n<p>Tyls\u00e4 kuukausi spin-kalastukselle, monet kalalajit ovat poissa pelist\u00e4. Hyv\u00e4 asia on, ett\u00e4 monni on muuttumassa aktiivisemmaksi l\u00e4mpim\u00e4mm\u00e4n s\u00e4\u00e4n vuoksi, ja voit k\u00e4yd\u00e4 Sloveniassa kokemassa taistelun hirvi\u00f6yksil\u00f6iden kanssa, jotka asuvat Sava- tai Vipava-joissa.<\/p>\n\n\n\n<h2 class=\"wp-block-heading\"><strong>Huhtikuu<\/strong><\/h2>\n\n\n\n<p>Viel\u00e4 aikaa niukasti kalastusvaihtoehtoja, Voit silti kalastaa kissakalaa tai yritt\u00e4\u00e4 houkutella haukea ottamaan sy\u00f6tin. Mutta useimmat spin-ongelijat ovat jo kiinnitt\u00e4neet huomionsa toukokuuhun ja sen my\u00f6t\u00e4 haukikauden alkuun.<\/p>\n\n\n\n<figure class=\"wp-block-image\"><img decoding=\"async\" src=\"https:\/\/960335.smushcdn.com\/2671427\/wp-content\/uploads\/2020\/02\/vipava-1.webp?lossy=1&amp;strip=1&amp;webp=1\" alt=\"Kalastusilta p\u00e4\u00e4ttyi suureen saaliiseen\"\/><\/figure>\n\n\n\n<h2 class=\"wp-block-heading\"><strong>Toukokuu<\/strong><\/h2>\n\n\n\n<p>Aika, jota kaikki spin-kalastajat ovat odottaneet, haukikausi on vihdoin saapunut. Vesist\u00f6t ovat t\u00e4ynn\u00e4 spin-kalastajia, jotka yritt\u00e4v\u00e4t saada n\u00e4lk\u00e4isen petoel\u00e4imen, joka on juuri p\u00e4\u00e4ssyt kutemisesta ja valmis sy\u00f6m\u00e4\u00e4n. Matkalla voi toki pyydyst\u00e4\u00e4 muitakin lajeja, mutta monet niist\u00e4 ovat edelleen suojeltuja, joten ne on vapautettava v\u00e4litt\u00f6m\u00e4sti.<\/p>\n\n\n\n<h2 class=\"wp-block-heading\"><strong>Kes\u00e4kuu<\/strong><\/h2>\n\n\n\n<p>Hauki on jo mets\u00e4stysvuorossa, ja toinen peto, joka my\u00f6s asustaa sek\u00e4 joissa ett\u00e4 j\u00e4rviss\u00e4, on j\u00e4lleen kohdelistalla. Se on Zander. Molempia voi kalastaa Bled-j\u00e4rvell\u00e4, joten jos etsit spin-kalastusseikkailua Sloveniassa, suosittelemme sit\u00e4. Monni on kutuvaelluksella ja on poissa pelist\u00e4 jonkin aikaa.<\/p>\n\n\n\n<figure class=\"wp-block-image\"><img decoding=\"async\" src=\"https:\/\/960335.smushcdn.com\/2671427\/wp-content\/uploads\/2020\/02\/sava-3.webp?lossy=1&amp;strip=1&amp;webp=1\" alt=\"Sava-joen iso kala\"\/><\/figure>\n\n\n\n<h2 class=\"wp-block-heading\"><strong>Hein\u00e4kuu, elokuu<\/strong><\/h2>\n\n\n\n<p>Kes\u00e4kuukaudet kulkevat k\u00e4si k\u00e4dess\u00e4 spinningin kanssa. Aamuisin l\u00e4mpim\u00e4ll\u00e4 s\u00e4\u00e4ll\u00e4 voit kalastaa tehokkaasti ja lev\u00e4t\u00e4 p\u00e4iv\u00e4n aikana, katsella n\u00e4ht\u00e4vyyksi\u00e4 ja palata iltap\u00e4iv\u00e4ll\u00e4, kun l\u00e4mp\u00f6tila laskee ja kaikki turistien aiheuttama h\u00e4lin\u00e4 vesill\u00e4 katoaa.&nbsp;<\/p>\n\n\n\n<h2 class=\"wp-block-heading\"><strong>Syyskuu<\/strong><\/h2>\n\n\n\n<p>Hauki iskee, kun lehdet putoavat, t\u00e4m\u00e4 on sananlasku, jota k\u00e4yt\u00e4mme Sloveniassa spin-kalastuksessa. L\u00e4mp\u00f6tilan laskun vuoksi kalat alkavat ruokailla s\u00e4\u00e4nn\u00f6llisemmin, ja mahdollisuudet hyv\u00e4\u00e4n saaliiseen kasvavat. Jos t\u00e4h\u00e4n lis\u00e4t\u00e4\u00e4n viel\u00e4 luonnon v\u00e4rit, jotka muuttuvat l\u00e4mpimiksi s\u00e4vyiksi, syksyn kalastus on t\u00e4ydellist\u00e4!<\/p>\n\n\n\n<figure class=\"wp-block-image\"><img decoding=\"async\" src=\"https:\/\/960335.smushcdn.com\/2671427\/wp-content\/uploads\/2020\/02\/sava-1.webp?lossy=1&amp;strip=1&amp;webp=1\" alt=\"Sava-joen taimen\"\/><\/figure>\n\n\n\n<h2 class=\"wp-block-heading\"><strong>Lokakuu<\/strong><\/h2>\n\n\n\n<p>Lokakuussa on kyse Huchenin kalastuksesta. Pitk\u00e4 odotus on p\u00e4\u00e4ttynyt, ja jokien kuningas on j\u00e4lleen aktiivinen, valmiina pyydyst\u00e4m\u00e4\u00e4n. Se on vaikeaa, mutta jos onnistut, ilo on sanoinkuvaamaton. Jos et tied\u00e4, miten pyydyst\u00e4\u00e4 sit\u00e4 tai sinulla ei ole aavistustakaan, mist\u00e4 aloittaa, oppaamme auttavat sinua ja auttavat sinua saamaan ensimm\u00e4isen kuninkaasi maihin.<\/p>\n\n\n\n<h2 class=\"wp-block-heading\"><strong>Marraskuu &amp; joulukuu<\/strong><\/h2>\n\n\n\n<p>Huchenin kalastuskauden huiput, kaikki muut kalastajat tekev\u00e4t tilaa niille harvoille, jotka osaavat arvostaa Huchenin kaltaisen majesteettisen otuksen saalista.<\/p>\n\n\n\n<figure class=\"wp-block-image size-large\"><img decoding=\"async\" src=\"https:\/\/fishing-guides-slovenia.com\/wp-content\/uploads\/image-1-1024x682.webp\" alt=\"\" class=\"wp-image-1281\"\/><\/figure>","protected":false},"excerpt":{"rendered":"<p>Tammikuu T\u00e4m\u00e4 on aikaa \u00e4\u00e4rimm\u00e4isille kalastajille, jotka eiv\u00e4t v\u00e4lit\u00e4 kylm\u00e4st\u00e4 ja lumesta ja joilla on katseet suunnattu palkintoon. Sloveniassa tapahtuvassa spin-kalastuksessa palkintona on iso huchen, joka on jokien kuningas talvikuukausina, tai iso hauki, joka on edelleen n\u00e4lk\u00e4inen saaliin per\u00e4ss\u00e4. Paras ... <a href=\"https:\/\/fishing-guides-slovenia.com\/fi\/spin-fishing-season\/\">Jatkuu<\/a><\/p>","protected":false},"author":46,"featured_media":0,"parent":0,"menu_order":27,"comment_status":"open","ping_status":"open","template":"","meta":{"footnotes":""},"class_list":["post-567","page","type-page","status-publish","hentry"],"acf":{"page_subheading":"Check out which parts of the year suit most to each freshwater predator in order to maximize your chances to catch Pike, Huchen, Catfish or Zander."},"_links":{"self":[{"href":"https:\/\/fishing-guides-slovenia.com\/fi\/wp-json\/wp\/v2\/pages\/567","targetHints":{"allow":["GET"]}}],"collection":[{"href":"https:\/\/fishing-guides-slovenia.com\/fi\/wp-json\/wp\/v2\/pages"}],"about":[{"href":"https:\/\/fishing-guides-slovenia.com\/fi\/wp-json\/wp\/v2\/types\/page"}],"author":[{"embeddable":true,"href":"https:\/\/fishing-guides-slovenia.com\/fi\/wp-json\/wp\/v2\/users\/46"}],"replies":[{"embeddable":true,"href":"https:\/\/fishing-guides-slovenia.com\/fi\/wp-json\/wp\/v2\/comments?post=567"}],"version-history":[{"count":1,"href":"https:\/\/fishing-guides-slovenia.com\/fi\/wp-json\/wp\/v2\/pages\/567\/revisions"}],"predecessor-version":[{"id":1283,"href":"https:\/\/fishing-guides-slovenia.com\/fi\/wp-json\/wp\/v2\/pages\/567\/revisions\/1283"}],"wp:attachment":[{"href":"https:\/\/fishing-guides-slovenia.com\/fi\/wp-json\/wp\/v2\/media?parent=567"}],"curies":[{"name":"wp","href":"https:\/\/api.w.org\/{rel}","templated":true}]}}