{"id":569,"date":"2020-04-23T10:22:06","date_gmt":"2020-04-23T10:22:06","guid":{"rendered":"http:\/\/fishing-guides-slovenia.com\/sea-fishing-season\/"},"modified":"2022-10-05T13:17:10","modified_gmt":"2022-10-05T13:17:10","slug":"merikalastuskausi","status":"publish","type":"page","link":"https:\/\/fishing-guides-slovenia.com\/fi\/sea-fishing-season\/","title":{"rendered":"Merikalastuskausi"},"content":{"rendered":"<h2 class=\"wp-block-heading\"><strong>Talvi<\/strong><\/h2>\n\n\n\n<p>Isot pelit Kalastus on aktiivista talvella, olosuhteet eiv\u00e4t ole ihanteelliset, mutta niille, jotka haluavat saada ison tonnikalan tai muun merihirvi\u00f6n, huono s\u00e4\u00e4 ei ole este. Jos pid\u00e4t v\u00e4hemm\u00e4n \u00e4\u00e4rimm\u00e4isist\u00e4 kalastusmuodoista, voit kokeilla kalmarin tai meriahvenen kalastusta Slovenian rannikolta.<\/p>\n\n\n\n<figure class=\"wp-block-image\"><img decoding=\"async\" src=\"https:\/\/960335.smushcdn.com\/2671427\/wp-content\/uploads\/2020\/04\/webp_net_resizeimage_z8rzO.webp?lossy=1&amp;strip=1&amp;webp=1\" alt=\"Toinen Adrianmerell\u00e4 tonnikalan kalastuksen aikana pyydetty kalalaji\"\/><\/figure>\n\n\n\n<h2 class=\"wp-block-heading\"><strong>Kev\u00e4t<\/strong><\/h2>\n\n\n\n<p>kev\u00e4\u00e4ll\u00e4 l\u00e4mp\u00f6tilojen noustessa kalojen aktiivisuus paranee ja paranee, mik\u00e4 tarkoittaa suurempien ja useampien kalojen pyydyst\u00e4mist\u00e4. Ison riistan kalastus on t\u00e4ydess\u00e4 vauhdissa, joten jos et ole p\u00e4\u00e4tt\u00e4nyt kokeilla sit\u00e4 talvella, tee se kev\u00e4\u00e4ll\u00e4, jolloin olosuhteet ovat paljon paremmat. My\u00f6s rannikkokalastus on kev\u00e4\u00e4ll\u00e4 hyv\u00e4\u00e4, joten jos etsit seikkailua, olet oikealla sivulla.<\/p>\n\n\n\n<figure class=\"wp-block-image\"><img decoding=\"async\" src=\"https:\/\/960335.smushcdn.com\/2671427\/wp-content\/uploads\/2020\/04\/webp_net_resizeimage_jFEcQ.webp?lossy=1&amp;strip=1&amp;webp=1\" alt=\"\"\/><\/figure>\n\n\n\n<h2 class=\"wp-block-heading\"><strong>Kes\u00e4<\/strong><\/h2>\n\n\n\n<p>Ison riistan kalastus ei ole t\u00e4ydellist\u00e4 kes\u00e4kuukausina, joten on parempi keskitty\u00e4 kalastamaan eri lajeja. Tuona aikana voit kokeilla pienempien kalojen kalastusta, kuten meid\u00e4n merikalastusmatkallamme, ja viett\u00e4\u00e4 aikaa miellytt\u00e4v\u00e4ss\u00e4 seurassa yst\u00e4vien tai perheenj\u00e4senten kanssa. Toinen mahdollinen kalastusmuoto, joka on eritt\u00e4in suosittu kuumina kes\u00e4kuukausina, on keih\u00e4skalastus. Jos olet keih\u00e4skalastuksen harrastaja ja haluat kalastaa Adrianmerell\u00e4, Sea-kalastusoppaamme, jotka my\u00f6s rakastavat t\u00e4t\u00e4 kalastustyyppi\u00e4, viev\u00e4t sinut pinnan alle, jossa voit nauttia Adrianmeren monipuolisesta maailmasta.<\/p>\n\n\n\n<figure class=\"wp-block-image\"><img decoding=\"async\" src=\"https:\/\/960335.smushcdn.com\/2671427\/wp-content\/uploads\/2020\/04\/webp_net_resizeimage_ArFjC.webp?lossy=1&amp;strip=1&amp;webp=1\" alt=\"Aikuisen miehen kokoinen Adrianmeren tonnikala\"\/><\/figure>\n\n\n\n<h2 class=\"wp-block-heading\"><strong>Syksy<\/strong><\/h2>\n\n\n\n<p>Syksyll\u00e4 Mahi mahin kalastus tapahtuu Slovenian rannikolla, yksil\u00f6t eiv\u00e4t riko mit\u00e4\u00e4n enn\u00e4tyksi\u00e4, mutta taistelevat silti hyvin.<br>Tonnikalan kalastus on taas tarjolla, ja sen my\u00f6t\u00e4 my\u00f6s kaikki muut suuret Adrianmeren lajit. Jos tuuli ei puhalla liian kovaa, sinulla on mahdollisuus pyydyst\u00e4\u00e4 todellisia kaloja, joten t\u00e4h\u00e4n aikaan vuodesta on hyv\u00e4 aika varata muutaman p\u00e4iv\u00e4n matka ja liitty\u00e4 ison riistan kalastusoppaamme seuraan h\u00e4nen veneell\u00e4\u00e4n.<\/p>","protected":false},"excerpt":{"rendered":"<p>Talvi Isot pelit Kalastus on aktiivista talvella, olosuhteet eiv\u00e4t ole ihanteelliset, mutta niille, jotka haluavat saada ison tonnikalan tai muun merihirvi\u00f6n, huono s\u00e4\u00e4 ei ole este. Jos pid\u00e4t v\u00e4hemm\u00e4n \u00e4\u00e4rimm\u00e4isist\u00e4 kalastusmuodoista, voit kokeilla kalmarin tai meriahvenen kalastusta Slovenian rannikolta. Kev\u00e4t ... <a href=\"https:\/\/fishing-guides-slovenia.com\/fi\/sea-fishing-season\/\">Jatkuu<\/a><\/p>","protected":false},"author":46,"featured_media":0,"parent":0,"menu_order":26,"comment_status":"open","ping_status":"open","template":"","meta":{"footnotes":""},"class_list":["post-569","page","type-page","status-publish","hentry"],"acf":{"page_subheading":"Check out the best parts of the sea fishing season to help you catch more fish in the Adriatic sea, weather catching Sea Bass, Tuna or Mahi Mahi."},"_links":{"self":[{"href":"https:\/\/fishing-guides-slovenia.com\/fi\/wp-json\/wp\/v2\/pages\/569","targetHints":{"allow":["GET"]}}],"collection":[{"href":"https:\/\/fishing-guides-slovenia.com\/fi\/wp-json\/wp\/v2\/pages"}],"about":[{"href":"https:\/\/fishing-guides-slovenia.com\/fi\/wp-json\/wp\/v2\/types\/page"}],"author":[{"embeddable":true,"href":"https:\/\/fishing-guides-slovenia.com\/fi\/wp-json\/wp\/v2\/users\/46"}],"replies":[{"embeddable":true,"href":"https:\/\/fishing-guides-slovenia.com\/fi\/wp-json\/wp\/v2\/comments?post=569"}],"version-history":[{"count":1,"href":"https:\/\/fishing-guides-slovenia.com\/fi\/wp-json\/wp\/v2\/pages\/569\/revisions"}],"predecessor-version":[{"id":1285,"href":"https:\/\/fishing-guides-slovenia.com\/fi\/wp-json\/wp\/v2\/pages\/569\/revisions\/1285"}],"wp:attachment":[{"href":"https:\/\/fishing-guides-slovenia.com\/fi\/wp-json\/wp\/v2\/media?parent=569"}],"curies":[{"name":"wp","href":"https:\/\/api.w.org\/{rel}","templated":true}]}}