{"id":571,"date":"2020-06-01T19:31:51","date_gmt":"2020-06-01T19:31:51","guid":{"rendered":"http:\/\/fishing-guides-slovenia.com\/partners\/"},"modified":"2020-06-01T19:31:51","modified_gmt":"2020-06-01T19:31:51","slug":"yhteistyokumppanit","status":"publish","type":"page","link":"https:\/\/fishing-guides-slovenia.com\/fi\/partners\/","title":{"rendered":"Kumppanit"},"content":{"rendered":"<h2 class=\"partners-h2\"><strong><a href=\"https:\/\/bearwatchingslovenia.com\/\" target=\"_blank\" rel=\"noreferrer noopener\">KARHUN KATSELU SLOVENIA<\/a><\/strong><\/h2>\n\n\n\n<p>Koe karhun tarkkailun j\u00e4nnitys Slovenian koskemattomissa luonnonmetsiss\u00e4. Seuraa villiel\u00e4inasiantuntijaa syv\u00e4lle mets\u00e4\u00e4n, jossa tapaat Slovenian alkuper\u00e4isen ruskeakarhun turvallisen puisen n\u00e4k\u00f6alapaikan leveist\u00e4 ikkunoista - t\u00e4ydellinen paikka upeiden valokuvien ottamiseen.<\/p>\n\n\n\n<h2 class=\"partners-h2\"><a href=\"https:\/\/farmlifeslovenia.com\" data-type=\"URL\"><strong>MAATILAN EL\u00c4M\u00c4 SLOVENIASSA<\/strong><\/a><\/h2>\n\n\n\n<p>Viet\u00e4 p\u00e4iv\u00e4 tyypillisell\u00e4 slovenialaisella maatilalla, jossa voit n\u00e4hd\u00e4 ja kokea monia toimintoja omakohtaisesti. Vuodenaikojen mukaan voit osallistua peltot\u00f6ihin, maissin kuorimiseen, kananmunien ker\u00e4\u00e4miseen, leiv\u00e4n tekoon, mehil\u00e4ishoitoon jne.<\/p>\n\n\n\n<h2 class=\"partners-h2\"><a rel=\"noreferrer noopener\" href=\"https:\/\/slovenia-activities.com\/\" target=\"_blank\"><strong>SLOVENIA TOIMINTA<\/strong><\/a><\/h2>\n\n\n\n<p>Laaja valikoima Slovenian parhaita aktiviteetteja, kuten py\u00f6r\u00e4ily\u00e4, patikointia, talviaktiviteetteja, kiipeily\u00e4, luolastoa, canyoningia, koskenlaskua ja muita ulkoilma-aktiviteetteja.<\/p>\n\n\n\n<h2 class=\"partners-h2\"><strong><a href=\"https:\/\/wine-tours-slovenia.com\/\" target=\"_blank\" rel=\"noreferrer noopener\">VIINIMATKAT SLOVENIA<\/a><\/strong><\/h2>\n\n\n\n<p>Viinikierrokset sopivat sek\u00e4 aloitteleville ett\u00e4 kokeneille viininmaistajille. Et tarvitse mit\u00e4\u00e4n ennakkotietoja. Ainoa asia, joka vaaditaan, on halu rentoutua, juoda viini\u00e4 ja rentoutua lis\u00e4\u00e4.<\/p>\n\n\n\n<p>Ei ole parempaa tapaa tutustua Slovenian rikkaaseen viininvalmistusperinteeseen omakohtaisesti, seurustella muiden matkailijoiden kanssa ja maistella luonnon antimia yhden p\u00e4iv\u00e4n aikana.<\/p>\n\n\n\n<h2 class=\"partners-h2\"><strong><a href=\"https:\/\/sloveniaprivatetours.com\/\" target=\"_blank\" rel=\"noreferrer noopener\">SLOVENIA YKSITYISET MATKAT<\/a><\/strong><\/h2>\n\n\n\n<p>Slovenian yksityiset matkat ovat tilaisuus kokea maamme t\u00e4ysin stressitt\u00f6m\u00e4sti ja nauttia ammattitaitoisen paikallisen kuljettajan ja oppaan seurasta, joka n\u00e4ytt\u00e4\u00e4 sinulle, mist\u00e4 Sloveniassa on kyse.<\/p>\n\n\n\n<h2 class=\"partners-h2\"><a href=\"https:\/\/winetastingljubljana.com\/\" target=\"_blank\" rel=\"noreferrer noopener\"><strong>VIININMAISTELU LJUBLJANASSA<\/strong><\/a><\/h2>\n\n\n\n<p>Ainutlaatuinen viininmaisteluel\u00e4mys Slovenian vilkkaan p\u00e4\u00e4kaupungin keskustassa.<\/p>\n\n\n\n<h2 class=\"partners-h2\"><a href=\"https:\/\/triglavtours.com\/\" target=\"_blank\" rel=\"noreferrer noopener\"><strong>TRIGLAV TOURS<\/strong><\/a><\/h2>\n\n\n\n<p>Opastetut vaellusretket Slovenian korkeimmalle vuorelle<\/p>\n\n\n\n<h2 class=\"partners-h2\"><strong><a href=\"https:\/\/thebalkantours.com\/\" target=\"_blank\" rel=\"noreferrer noopener\">BALKANIN MATKAT<\/a><\/strong><\/h2>\n\n\n\n<p>Unohtumattomia lomamatkoja Balkanin maissa.<\/p>\n\n\n\n<h2 class=\"partners-h2\"><strong><a href=\"https:\/\/sloveniacyclingholidays.com\/\" target=\"_blank\" rel=\"noreferrer noopener\">SLOVENIA PY\u00d6R\u00c4ILY LOMA<\/a><\/strong><\/h2>\n\n\n\n<p>Cycling Holidays Slovenia on nouseva matkatoimisto, jonka teht\u00e4v\u00e4n\u00e4 on tarjota asiakkailleen mahdollisuus kokea Slovenian monipuoliset maisemat polkupy\u00f6r\u00e4ll\u00e4.<\/p>\n\n\n\n<h2 class=\"partners-h2\"><strong><a href=\"https:\/\/huttohuthikingslovenia.com\/\" target=\"_blank\" rel=\"noreferrer noopener\">M\u00d6KILT\u00c4 M\u00d6KILLE VAELLUS SLOVENIASSA<\/a><\/strong><\/h2>\n\n\n\n<p>Opastettuja ja omatoimisia vaelluksia vuoristopoluilla, joista avautuvat n\u00e4kym\u00e4t Alppien huipuille ja ymp\u00e4r\u00f6iv\u00e4\u00e4n luontoon, lep\u00e4\u00e4minen majoissa ja kotitekoisten ruokien nauttiminen.&nbsp;<\/p>\n\n\n\n<h2 class=\"partners-h2\"><strong><a href=\"https:\/\/walking-holidays-slovenia.com\/\" target=\"_blank\" rel=\"noreferrer noopener\">K\u00c4VELYLOMAT SLOVENIASSA<\/a><\/strong><\/h2>\n\n\n\n<p>Vaellusmatkat on suunniteltu kulkemaan Slovenian vehreiden maisemien, rehevien laaksojen ja smaragdinvihreiden jokien halki vuoristomaisemien l\u00e4pi.<\/p>\n\n\n\n<h2 class=\"partners-h2\"><strong><a href=\"https:\/\/hvarstagdo.com\/\" target=\"_blank\" rel=\"noreferrer noopener\">HVAR STAG DO<\/a><\/strong><\/h2>\n\n\n\n<p>Paras paikka j\u00e4rjest\u00e4\u00e4 unohtumaton polttaritapahtuma Hvarin uskomattomalla saarella, jotta yst\u00e4v\u00e4si voi viett\u00e4\u00e4 muutaman viimeisen y\u00f6n juhlien merkeiss\u00e4 ennen kuin h\u00e4n solmii solmun.<\/p>\n\n\n\n<h2 class=\"partners-h2\"><strong><a href=\"https:\/\/croatiatunafishing.com\/\" target=\"_blank\" rel=\"noreferrer noopener\">KROATIA TONNIKALAN KALASTUS<\/a><\/strong><\/h2>\n\n\n\n<p>Ison riistan kalastusretket kaikkialla Kroatian rannikolla tarjoavat unohtumattoman merikalastuskokemuksen Adrianmeren suurimpien petoel\u00e4inten pyydyst\u00e4miseksi.<\/p>","protected":false},"excerpt":{"rendered":"<p>KARHUNVALVONTA SLOVENIA Koe karhun tarkkailun j\u00e4nnitys Slovenian koskemattomissa luonnonmetsiss\u00e4. Seuraa luontoasiantuntijaa syv\u00e4lle mets\u00e4\u00e4n, jossa tapaat Slovenian alkuper\u00e4isen ruskeakarhun turvallisen puisen n\u00e4k\u00f6alapaikan leveiden ikkunoiden l\u00e4pi - t\u00e4ydellinen paikka upeiden valokuvien ottamiseen FARM LIFE SLOVENIA Viet\u00e4 p\u00e4iv\u00e4 ... <a href=\"https:\/\/fishing-guides-slovenia.com\/fi\/partners\/\">Jatkuu<\/a><\/p>","protected":false},"author":46,"featured_media":0,"parent":0,"menu_order":23,"comment_status":"open","ping_status":"open","template":"","meta":{"footnotes":""},"class_list":["post-571","page","type-page","status-publish","hentry"],"acf":{"page_subheading":""},"_links":{"self":[{"href":"https:\/\/fishing-guides-slovenia.com\/fi\/wp-json\/wp\/v2\/pages\/571","targetHints":{"allow":["GET"]}}],"collection":[{"href":"https:\/\/fishing-guides-slovenia.com\/fi\/wp-json\/wp\/v2\/pages"}],"about":[{"href":"https:\/\/fishing-guides-slovenia.com\/fi\/wp-json\/wp\/v2\/types\/page"}],"author":[{"embeddable":true,"href":"https:\/\/fishing-guides-slovenia.com\/fi\/wp-json\/wp\/v2\/users\/46"}],"replies":[{"embeddable":true,"href":"https:\/\/fishing-guides-slovenia.com\/fi\/wp-json\/wp\/v2\/comments?post=571"}],"version-history":[{"count":0,"href":"https:\/\/fishing-guides-slovenia.com\/fi\/wp-json\/wp\/v2\/pages\/571\/revisions"}],"wp:attachment":[{"href":"https:\/\/fishing-guides-slovenia.com\/fi\/wp-json\/wp\/v2\/media?parent=571"}],"curies":[{"name":"wp","href":"https:\/\/api.w.org\/{rel}","templated":true}]}}