{"id":573,"date":"2020-07-31T14:22:08","date_gmt":"2020-07-31T14:22:08","guid":{"rendered":"http:\/\/fishing-guides-slovenia.com\/fishing-licenses\/"},"modified":"2022-12-05T13:38:26","modified_gmt":"2022-12-05T13:38:26","slug":"kalastusluvat","status":"publish","type":"page","link":"https:\/\/fishing-guides-slovenia.com\/fi\/fishing-licenses\/","title":{"rendered":"Kalastusluvat"},"content":{"rendered":"<h2 class=\"wp-block-heading\" id=\"headline-8-2091\">Perhokalastus<\/h2>\n\n\n\n<div class=\"wp-block-columns is-layout-flex wp-container-core-columns-is-layout-9d6595d7 wp-block-columns-is-layout-flex\">\n<div class=\"wp-block-column is-layout-flow wp-block-column-is-layout-flow\">\n<p>So\u010da<\/p>\n\n\n\n<p>Idrijca<\/p>\n\n\n\n<p>Unica<\/p>\n\n\n\n<p>Krka<\/p>\n\n\n\n<p>Sava<\/p>\n\n\n\n<p>Radovna<\/p>\n\n\n\n<p>Savinja<\/p>\n\n\n\n<p>Bohinj-j\u00e4rvi<\/p>\n<\/div>\n\n\n\n<div class=\"wp-block-column is-layout-flow wp-block-column-is-layout-flow\">\n<p>65 EUROA<\/p>\n\n\n\n<p>60 EUROA<\/p>\n\n\n\n<p>99 EUROA<\/p>\n\n\n\n<p>60 EUROA<\/p>\n\n\n\n<p>36 EUROA<\/p>\n\n\n\n<p>45 EUROA<\/p>\n\n\n\n<p>60 EUROA<\/p>\n\n\n\n<p>28 EUROA<\/p>\n<\/div>\n<\/div>\n\n\n\n<h2 class=\"wp-block-heading\" id=\"headline-114-2091\">Karpin kalastus<\/h2>\n\n\n\n<div class=\"wp-block-columns is-layout-flex wp-container-core-columns-is-layout-9d6595d7 wp-block-columns-is-layout-flex\">\n<div class=\"wp-block-column is-layout-flow wp-block-column-is-layout-flow\">\n<p>Bled-j\u00e4rvi<\/p>\n\n\n\n<p>\u0160martinsko-j\u00e4rvi<\/p>\n\n\n\n<p>Ljubljanica<\/p>\n<\/div>\n\n\n\n<div class=\"wp-block-column is-layout-flow wp-block-column-is-layout-flow\">\n<p>57 EUROA<\/p>\n\n\n\n<p>15 EUROA<\/p>\n\n\n\n<p>10 EUROA<\/p>\n<\/div>\n<\/div>\n\n\n\n<h2 class=\"wp-block-heading\" id=\"headline-158-2091\">Spin-kalastus<\/h2>\n\n\n\n<div class=\"wp-block-columns is-layout-flex wp-container-core-columns-is-layout-9d6595d7 wp-block-columns-is-layout-flex\">\n<div class=\"wp-block-column is-layout-flow wp-block-column-is-layout-flow\">\n<p>Sava Bohinjka<\/p>\n\n\n\n<p>Sava<\/p>\n\n\n\n<p>Ljubljanica<\/p>\n\n\n\n<p>Bled-j\u00e4rvi<\/p>\n\n\n\n<p>Vipava<\/p>\n<\/div>\n\n\n\n<div class=\"wp-block-column is-layout-flow wp-block-column-is-layout-flow\">\n<p>56 EUROA<\/p>\n\n\n\n<p>15 EUROA<\/p>\n\n\n\n<p>30 EUROA<\/p>\n\n\n\n<p>35 EUROA<\/p>\n\n\n\n<p>20 EUROA<\/p>\n<\/div>\n<\/div>","protected":false},"excerpt":{"rendered":"<p>Perhokalastus So\u010da Idrijca Unica Krka Sava Radovna Savinja Bohinj-j\u00e4rvi 65 EUR 60 EUR 99 EUR 60 EUR 36 EUR 45 EUR 60 EUR 28 EUR Karppikalastus Bled-j\u00e4rvi \u0160martinsko Ljubljanica-j\u00e4rvi 57 EUR 15 EUR 10 EUR Pilkkiminen Sava Bohinjka Sava Ljubljanica Bled Vipava-j\u00e4rvi 56 EUR 15 EUR 30 EUR ... <a href=\"https:\/\/fishing-guides-slovenia.com\/fi\/fishing-licenses\/\">Jatkuu<\/a><\/p>","protected":false},"author":46,"featured_media":1803,"parent":0,"menu_order":11,"comment_status":"open","ping_status":"open","template":"","meta":{"footnotes":""},"class_list":["post-573","page","type-page","status-publish","has-post-thumbnail","hentry"],"acf":{"page_subheading":"License prices for all the major Slovenian rivers and lakes for Fly fishing, Carp fishing and Spin fishing."},"_links":{"self":[{"href":"https:\/\/fishing-guides-slovenia.com\/fi\/wp-json\/wp\/v2\/pages\/573","targetHints":{"allow":["GET"]}}],"collection":[{"href":"https:\/\/fishing-guides-slovenia.com\/fi\/wp-json\/wp\/v2\/pages"}],"about":[{"href":"https:\/\/fishing-guides-slovenia.com\/fi\/wp-json\/wp\/v2\/types\/page"}],"author":[{"embeddable":true,"href":"https:\/\/fishing-guides-slovenia.com\/fi\/wp-json\/wp\/v2\/users\/46"}],"replies":[{"embeddable":true,"href":"https:\/\/fishing-guides-slovenia.com\/fi\/wp-json\/wp\/v2\/comments?post=573"}],"version-history":[{"count":5,"href":"https:\/\/fishing-guides-slovenia.com\/fi\/wp-json\/wp\/v2\/pages\/573\/revisions"}],"predecessor-version":[{"id":2031,"href":"https:\/\/fishing-guides-slovenia.com\/fi\/wp-json\/wp\/v2\/pages\/573\/revisions\/2031"}],"wp:featuredmedia":[{"embeddable":true,"href":"https:\/\/fishing-guides-slovenia.com\/fi\/wp-json\/wp\/v2\/media\/1803"}],"wp:attachment":[{"href":"https:\/\/fishing-guides-slovenia.com\/fi\/wp-json\/wp\/v2\/media?parent=573"}],"curies":[{"name":"wp","href":"https:\/\/api.w.org\/{rel}","templated":true}]}}