{"id":1274,"date":"2022-10-05T13:06:37","date_gmt":"2022-10-05T13:06:37","guid":{"rendered":"http:\/\/fishing-guides-slovenia.com\/?page_id=1274"},"modified":"2022-12-27T13:14:16","modified_gmt":"2022-12-27T13:14:16","slug":"saison-de-peche-a-la-mouche","status":"publish","type":"page","link":"https:\/\/fishing-guides-slovenia.com\/fr\/fly-fishing-season\/","title":{"rendered":"Saison de p\u00eache \u00e0 la mouche"},"content":{"rendered":"<h2 class=\"wp-block-heading\"><strong>Janvier et f\u00e9vrier<\/strong><\/h2>\n\n\n\n<p>La saison de la p\u00eache \u00e0 la truite bat son plein, les p\u00eacheurs \u00e0 la mouche les plus extr\u00eames peuvent s'essayer \u00e0 la p\u00eache \u00e0 la Huchen slov\u00e8ne, extr\u00eamement populaire parmi les locaux. Les rivi\u00e8res Sava Bohinjka et Sava offrent des endroits parfaits pour ce type de p\u00eache. Mais gardez \u00e0 l'esprit qu'une qu\u00eate du Huchen est possible jusqu'au 15 f\u00e9vrier.<\/p>\n\n\n\n<h2 class=\"wp-block-heading\"><strong>Mars<\/strong><\/h2>\n\n\n\n<p>D\u00e9but de la saison de p\u00eache \u00e0 la mouche pour tous ceux qui attendaient nerveusement \u00e0 la maison et r\u00eavaient de mouiller une ligne et d'attraper la premi\u00e8re truite de l'ann\u00e9e. Les rivi\u00e8res sont encore froides et l'eau peut \u00eatre un peu plus haute que d'habitude \u00e0 cause de la fonte des neiges dans les montagnes, mais n\u00e9anmoins les vrais p\u00eacheurs vont certainement tenter leur chance sur les rivi\u00e8res qui ouvrent ce mois, et l'effort est g\u00e9n\u00e9ralement r\u00e9compens\u00e9 par une belle prise. Mars est probablement le moment o\u00f9 vous avez le plus besoin d'un guide pour vous aider \u00e0 trouver le bon endroit et avec nous \u00e9tant l'un des meilleurs services de guide de p\u00eache \u00e0 la mouche en Slov\u00e9nie, soyez s\u00fbrs que nos guides vous mettront sur le poisson.<\/p>\n\n\n\n<h2 class=\"wp-block-heading\"><strong>Avril<\/strong><\/h2>\n\n\n\n<p>Avril est&nbsp;<strong>un des mois les plus charg\u00e9s en ce qui concerne la p\u00eache \u00e0 la mouche.<\/strong>&nbsp;en Slov\u00e9nie. M\u00eame ceux qui avaient des doutes sur la possibilit\u00e9 de p\u00eacher en mars, enfilent maintenant leurs cuissardes et p\u00eachent leurs rivi\u00e8res pr\u00e9f\u00e9r\u00e9es, qui sont maintenant ouvertes dans toute la Slov\u00e9nie (sauf l'Unica, qui ouvre 1,5 fois). La temp\u00e9rature de l'eau augmente, tout comme l'activit\u00e9 des poissons. La vie au bord de la rivi\u00e8re se r\u00e9veille apr\u00e8s l'hiver froid et sombre, ce qui signifie plus de nourriture dans la rivi\u00e8re pour les poissons affam\u00e9s et plus de morsures pour les p\u00eacheurs avides de poissons. C'est d\u00e9finitivement l'un des meilleurs mois pour la p\u00eache \u00e0 la mouche en Slov\u00e9nie.<\/p>\n\n\n\n<figure class=\"wp-block-image\"><img decoding=\"async\" src=\"https:\/\/960335.smushcdn.com\/2671427\/wp-content\/uploads\/2020\/02\/unica-3.webp?lossy=1&amp;strip=1&amp;webp=1\" alt=\"Tenir un poisson dans la rivi\u00e8re Unica\"\/><\/figure>\n\n\n\n<h2 class=\"wp-block-heading\"><strong>Mai<\/strong><\/h2>\n\n\n\n<p>Toujours&nbsp;<strong>haute saison<\/strong>&nbsp;pour la p\u00eache \u00e0 la mouche en Slov\u00e9nie, tant pour le nombre de p\u00eacheurs \u00e0 la mouche que pour le nombre de touches. Apr\u00e8s la veille du mois d'avril, le temps s'est maintenant calm\u00e9, il fait chaud, les jours rallongent et cela, ainsi que l'activit\u00e9 des poissons, est un appel de la nature aux p\u00eacheurs \u00e0 la mouche pour venir p\u00eacher autant qu'ils le peuvent. Gardez \u00e0 l'esprit que c'est la p\u00e9riode pr\u00e9c\u00e9dant les vacances d'\u00e9t\u00e9, et le dernier mois avant septembre o\u00f9 les rivi\u00e8res n'appartiennent encore qu'aux p\u00eacheurs. Si vous voulez la paix et la tranquillit\u00e9, c'est votre derni\u00e8re chance d'essayer la p\u00eache \u00e0 la mouche en Slov\u00e9nie.<\/p>\n\n\n\n<figure class=\"wp-block-image\"><img decoding=\"async\" src=\"https:\/\/960335.smushcdn.com\/2671427\/wp-content\/uploads\/2020\/02\/sava-3.webp?lossy=1&amp;strip=1&amp;webp=1\" alt=\"Un gros poisson de la rivi\u00e8re Sava\"\/><\/figure>\n\n\n\n<h2 class=\"wp-block-heading\"><strong>Juin, juillet, ao\u00fbt<\/strong><\/h2>\n\n\n\n<p>Parfait&nbsp;<strong>le temps des vacances<\/strong>La Slov\u00e9nie n'est pas seulement un pays de bord de mer, mais aussi un pays de rivi\u00e8re. Si vous voyagez en Slov\u00e9nie, n'oubliez pas de prendre une canne \u00e0 p\u00eache avec vous et de r\u00e9server une journ\u00e9e pour aller p\u00eacher \u00e0 la mouche sur l'une des nombreuses belles rivi\u00e8res slov\u00e8nes. Comme il est difficile de p\u00eacher pendant la journ\u00e9e sur la plupart des destinations touristiques populaires, vos options sont de p\u00eacher \u00e0 la mouche sur les rivi\u00e8res qui sont moins fr\u00e9quent\u00e9es ou de chasser t\u00f4t le matin et tard l'apr\u00e8s-midi, le moment le plus beau et le plus productif pour p\u00eacher \u00e0 la mouche en \u00e9t\u00e9.<\/p>\n\n\n\n<figure class=\"wp-block-image\"><img decoding=\"async\" src=\"https:\/\/960335.smushcdn.com\/2671427\/wp-content\/uploads\/2020\/02\/sava-water.webp?lossy=1&amp;strip=1&amp;webp=1\" alt=\"Rivi\u00e8re Sava traversant la ville de Kranj\"\/><figcaption class=\"wp-element-caption\">Rivi\u00e8re Sava traversant la ville de Kranj<\/figcaption><\/figure>\n\n\n\n<h2 class=\"wp-block-heading\"><strong>Septembre<\/strong><\/h2>\n\n\n\n<p>Le mois de septembre est le&nbsp;<strong>deuxi\u00e8me haute saison pour la p\u00eache \u00e0 la mouche en Slov\u00e9nie<\/strong>. Les foules sur la rivi\u00e8re disparaissent et les rivi\u00e8res appartiennent \u00e0 nouveau aux p\u00eacheurs. Les poissons ont faim apr\u00e8s les perturbations de l'\u00e9t\u00e9 et ils reviennent sur les spots qui leur ont \u00e9t\u00e9 enlev\u00e9s pendant l'\u00e9t\u00e9. Les temp\u00e9ratures sont encore \u00e9lev\u00e9es, les jours sont longs et vous pouvez p\u00eacher toute la journ\u00e9e, c'est donc le moment id\u00e9al pour des vacances de p\u00eache \u00e0 la mouche. Vous pouvez vous d\u00e9placer d'une rivi\u00e8re \u00e0 l'autre, vous fixer comme objectif d'attraper des esp\u00e8ces de poissons sp\u00e9cifiques comme la truite marbr\u00e9e ou simplement profiter de la p\u00eache et regarder la nature se transformer lentement en ses plus belles couleurs.<\/p>\n\n\n\n<figure class=\"wp-block-image\"><img decoding=\"async\" src=\"https:\/\/960335.smushcdn.com\/2671427\/wp-content\/uploads\/2020\/01\/idrijca-7-1.webp?lossy=1&amp;strip=1&amp;webp=1\" alt=\"P\u00eacheur tenant un poisson qu&#039;il a attrap\u00e9\"\/><\/figure>\n\n\n\n<h2 class=\"wp-block-heading\"><strong>Octobre<\/strong><\/h2>\n\n\n\n<p>L'automne pointe le bout de son nez, les rivi\u00e8res sont les plus belles \u00e0 cette \u00e9poque de l'ann\u00e9e et les poissons aussi. C'est le moment d'attraper un ombre, car cette esp\u00e8ce de poisson est particuli\u00e8rement active pendant la saison automnale de p\u00eache \u00e0 la mouche. L'un des meilleurs endroits pour le faire sont les rivi\u00e8res Unica et Idrijca. Mais n'oubliez pas que certaines rivi\u00e8res ferment \u00e0 la fin du mois, alors surveillez les dates ! De plus, la saison des huchons commence ce mois-ci, une raison de plus pour visiter.<\/p>\n\n\n\n<figure class=\"wp-block-image\"><img decoding=\"async\" src=\"https:\/\/960335.smushcdn.com\/2671427\/wp-content\/uploads\/2020\/01\/idrijca-4.webp?lossy=1&amp;strip=1&amp;webp=1\" alt=\"rel\u00e2cher un ombre dans une rivi\u00e8re alpine\"\/><\/figure>\n\n\n\n<h2 class=\"wp-block-heading\"><strong>Novembre<\/strong><\/h2>\n\n\n\n<p>Derniers jours de la saison de p\u00eache \u00e0 la mouche en Slov\u00e9nie. C'est le moment pour les p\u00eacheurs persistants, car les conditions ne sont pas aussi id\u00e9ales qu'elles l'\u00e9taient pendant les mois chauds. La nature se pr\u00e9pare \u00e0 quelques mois de repos, c'est donc le moment si vous voulez vraiment \u00eatre sur la rivi\u00e8re si vous aimez la paix et la tranquillit\u00e9, juste vous, la rivi\u00e8re, les poissons et bien s\u00fbr notre guide de p\u00eache \u00e0 la mouche pour vous aider.<\/p>\n\n\n\n<figure class=\"wp-block-image\"><img decoding=\"async\" src=\"https:\/\/960335.smushcdn.com\/2671427\/wp-content\/uploads\/2020\/02\/unica-2.webp?lossy=1&amp;strip=1&amp;webp=1\" alt=\"Sortie de p\u00eache sur la rivi\u00e8re Unica\"\/><\/figure>\n\n\n\n<h2 class=\"wp-block-heading\"><strong>D\u00e9cembre<\/strong><\/h2>\n\n\n\n<p>En d\u00e9cembre, tout se repose, sauf Huchen qui est tr\u00e8s actif pendant ces mois d'hiver.<\/p>","protected":false},"excerpt":{"rendered":"<p>Janvier et f\u00e9vrier La saison de la p\u00eache \u00e0 la truite s'arr\u00eate. Les p\u00eacheurs \u00e0 la mouche les plus extr\u00eames peuvent s'essayer \u00e0 la p\u00eache au Huchen slov\u00e8ne, qui est extr\u00eamement populaire parmi les locaux. Les rivi\u00e8res Sava Bohinjka et Sava offrent des endroits parfaits pour ce type de p\u00eache. Mais gardez \u00e0 l'esprit que la qu\u00eate du Huchen est possible jusqu'au 15 ... <a href=\"https:\/\/fishing-guides-slovenia.com\/fr\/fly-fishing-season\/\">Suite<\/a><\/p>","protected":false},"author":46,"featured_media":0,"parent":0,"menu_order":0,"comment_status":"closed","ping_status":"closed","template":"","meta":{"footnotes":""},"class_list":["post-1274","page","type-page","status-publish","hentry"],"acf":{"page_subheading":"Fishing in Slovenia differs throughout the season, so here are the tips to help you decide when is the best time to go fly fishing."},"_links":{"self":[{"href":"https:\/\/fishing-guides-slovenia.com\/fr\/wp-json\/wp\/v2\/pages\/1274","targetHints":{"allow":["GET"]}}],"collection":[{"href":"https:\/\/fishing-guides-slovenia.com\/fr\/wp-json\/wp\/v2\/pages"}],"about":[{"href":"https:\/\/fishing-guides-slovenia.com\/fr\/wp-json\/wp\/v2\/types\/page"}],"author":[{"embeddable":true,"href":"https:\/\/fishing-guides-slovenia.com\/fr\/wp-json\/wp\/v2\/users\/46"}],"replies":[{"embeddable":true,"href":"https:\/\/fishing-guides-slovenia.com\/fr\/wp-json\/wp\/v2\/comments?post=1274"}],"version-history":[{"count":4,"href":"https:\/\/fishing-guides-slovenia.com\/fr\/wp-json\/wp\/v2\/pages\/1274\/revisions"}],"predecessor-version":[{"id":2158,"href":"https:\/\/fishing-guides-slovenia.com\/fr\/wp-json\/wp\/v2\/pages\/1274\/revisions\/2158"}],"wp:attachment":[{"href":"https:\/\/fishing-guides-slovenia.com\/fr\/wp-json\/wp\/v2\/media?parent=1274"}],"curies":[{"name":"wp","href":"https:\/\/api.w.org\/{rel}","templated":true}]}}