{"id":542,"date":"2020-01-13T14:41:29","date_gmt":"2020-01-13T14:41:29","guid":{"rendered":"http:\/\/fishing-guides-slovenia.com\/fishing-seasons-in-slovenia\/"},"modified":"2020-01-13T14:41:29","modified_gmt":"2020-01-13T14:41:29","slug":"saisons-de-peche-en-slovenie","status":"publish","type":"page","link":"https:\/\/fishing-guides-slovenia.com\/fr\/fishing-seasons-in-slovenia\/","title":{"rendered":"Saisons de p\u00eache en Slov\u00e9nie"},"content":{"rendered":"<h3 class=\"wp-block-heading\" id=\"January\"><strong>Janvier<\/strong><\/h3>\n\n\n\n<p>En janvier, Huchen, le roi des poissons slov\u00e8nes, est constamment \u00e0 la recherche de proies, et attraper les gros poissons n'est donc pas une t\u00e2che impossible. Mais n'oubliez pas que vous avez jusqu'\u00e0 la mi-f\u00e9vrier pour le faire. Quant au brochet, ce pr\u00e9dateur d'eau douce slov\u00e8ne est actif pendant les mois froids de l'hiver.<\/p>\n\n\n\n<h3 class=\"wp-block-heading\" id=\"February\"><strong>F\u00e9vrier<\/strong><\/h3>\n\n\n\n<p>Pendant ce mois glacial, les huchons et les brochets sont actifs et peuvent \u00eatre captur\u00e9s dans des tailles \u00e9viables. Des v\u00eatements chauds et de la patience sont n\u00e9cessaires.&nbsp;<\/p>\n\n\n\n<figure class=\"wp-block-image\"><img decoding=\"async\" src=\"https:\/\/960335.smushcdn.com\/2671427\/wp-content\/uploads\/2020\/04\/webp_net_resizeimage_9sfN9.webp?lossy=1&amp;strip=1&amp;webp=1\" alt=\"R\u00e9sultat des matins de p\u00eache \u00e0 la mouche sur la rivi\u00e8re So\u010da\"\/><\/figure>\n\n\n\n<h3 class=\"wp-block-heading\" id=\"March\"><strong>Mars<\/strong><\/h3>\n\n\n\n<p>Au d\u00e9but de ce mois, la nature commence \u00e0 se r\u00e9veiller, et avec elle, la Carpe. Vers la fin du mois de mars, certaines rivi\u00e8res offrent \u00e9galement des truites en nombre raisonnable.&nbsp;&nbsp;&nbsp;<\/p>\n\n\n\n<h3 class=\"wp-block-heading\" id=\"April\"><strong>Avril<\/strong><\/h3>\n\n\n\n<p>La saison de la p\u00eache \u00e0 la mouche est officiellement ouverte avec tous les types de truites en abondance.&nbsp;<\/p>\n\n\n\n<figure class=\"wp-block-image\"><img decoding=\"async\" src=\"https:\/\/960335.smushcdn.com\/2671427\/wp-content\/uploads\/2020\/04\/webp_net_resizeimage_3CyJz.webp?lossy=1&amp;strip=1&amp;webp=1\" alt=\"Truite arc-en-ciel longiligne captur\u00e9e sur la rivi\u00e8re Savinja\"\/><\/figure>\n\n\n\n<h3 class=\"wp-block-heading\" id=\"May\"><strong>Mai<\/strong><\/h3>\n\n\n\n<p>Cette merveilleuse p\u00e9riode de l'ann\u00e9e marque le d\u00e9but de la saison du brochet. C'est le moment id\u00e9al pour attraper cet outrageux pr\u00e9dateur. \u00c0 la mi-mai, la saison de l'ombre s'ouvre et se poursuit jusqu'\u00e0 la fin de l'automne.&nbsp;&nbsp;<\/p>\n\n\n\n<p>Le mois de mai est \u00e9galement id\u00e9al pour ceux qui souhaitent attraper un gros silure de Wels. Avec le barbeau, le silure est le plus actif au printemps, avec une p\u00e9riode de protection du 1er mai au 30 juin.&nbsp;<\/p>\n\n\n\n<h3 class=\"wp-block-heading\" id=\"July and August\"><strong>Juillet et ao\u00fbt<\/strong><\/h3>\n\n\n\n<p>Les mois d'\u00e9t\u00e9 sont les plus abondants. Toutes les esp\u00e8ces de poissons peuvent \u00eatre captur\u00e9es pendant cette p\u00e9riode chaude. Les jours sont plus longs et le temps pour p\u00eacher l'est aussi. La p\u00eache de nuit \u00e0 la carpe est toujours une excellente id\u00e9e.&nbsp;<\/p>\n\n\n\n<figure class=\"wp-block-image\"><img decoding=\"async\" src=\"https:\/\/960335.smushcdn.com\/2671427\/wp-content\/uploads\/2020\/02\/pike-2.webp?lossy=1&amp;strip=1&amp;webp=1\" alt=\"P\u00eacheur et sa plus grosse prise du jour\"\/><\/figure>\n\n\n\n<h3 class=\"wp-block-heading\" id=\"September\"><strong>Septembre<\/strong><\/h3>\n\n\n\n<p>Le d\u00e9but de l'automne s'installe lentement et les poissons sont occup\u00e9s \u00e0 se nourrir en pr\u00e9vision de leur repos hivernal. L'automne est parfait pour attraper des poissons de presque toutes les esp\u00e8ces.&nbsp;<\/p>\n\n\n\n<h3 class=\"wp-block-heading\" id=\"October\"><strong>Octobre<\/strong><\/h3>\n\n\n\n<p>Au d\u00e9but de ce mois, la saison de p\u00eache du roi des eaux slov\u00e8nes, le saumon du Danube, est \u00e0 nouveau ouverte. Vous pouvez attraper ce poisson magnifique jusqu'au 15 f\u00e9vrier. Fin octobre, la saison de la truite marbr\u00e9e touche \u00e0 sa fin. Si les mois d'automne sont suffisamment chauds, la plupart des poissons slov\u00e8nes peuvent encore \u00eatre p\u00each\u00e9s jusqu'en novembre.&nbsp;&nbsp;<\/p>\n\n\n\n<figure class=\"wp-block-image\"><img decoding=\"async\" src=\"https:\/\/960335.smushcdn.com\/2671427\/wp-content\/uploads\/2020\/02\/rainbow-trout-1.webp?lossy=1&amp;strip=1&amp;webp=1\" alt=\"P\u00eacheur tenant une truite arc-en-ciel dans ses mains\"\/><\/figure>\n\n\n\n<h3 class=\"wp-block-heading\" id=\"November\"><strong>Novembre<\/strong><\/h3>\n\n\n\n<p>Le moment o\u00f9 la nature commence \u00e0 se calmer. C'est le moment pour les amoureux de la paix et de la solitude de s'aventurer sur les rivi\u00e8res et les lacs dans le but d'attraper une carpe, un ombre ou une truite de la taille d'un troph\u00e9e.<\/p>\n\n\n\n<figure class=\"wp-block-image\"><img decoding=\"async\" src=\"https:\/\/960335.smushcdn.com\/2671427\/wp-content\/uploads\/2020\/03\/Robert-R.webp?lossy=1&amp;strip=1&amp;webp=1\" alt=\"P\u00eache en mer slov\u00e8ne\"\/><figcaption>Robert R Guide de p\u00eache<\/figcaption><\/figure>\n\n\n\n<h3 class=\"wp-block-heading\" id=\"December\"><strong>D\u00e9cembre<\/strong><\/h3>\n\n\n\n<p>C'est le moment o\u00f9 la plupart des poissons sont moins actifs, mais la saison hivernale a ses avantages. Le grand Huchen peut \u00eatre attrap\u00e9 jusqu'\u00e0 la mi-f\u00e9vrier et le brochet reste une prise gratifiante jusqu'\u00e0 la fin du mois de janvier et une carpe de taille troph\u00e9e attend toujours dans les eaux glac\u00e9es du lac de Bled.<\/p>","protected":false},"excerpt":{"rendered":"<p>Janvier En janvier, le Huchen, le roi des poissons slov\u00e8nes, est constamment \u00e0 la recherche de proies, de sorte que la capture des gros poissons n'est pas une t\u00e2che impossible. Mais n'oubliez pas que vous avez jusqu'\u00e0 la mi-f\u00e9vrier pour le faire. Quant au brochet, ce pr\u00e9dateur d'eau douce slov\u00e8ne est actif pendant les mois froids de l'hiver. F\u00e9vrier Pendant cette p\u00e9riode glaciale ... <a href=\"https:\/\/fishing-guides-slovenia.com\/fr\/fishing-seasons-in-slovenia\/\">Suite<\/a><\/p>","protected":false},"author":46,"featured_media":0,"parent":0,"menu_order":12,"comment_status":"open","ping_status":"open","template":"","meta":{"footnotes":""},"class_list":["post-542","page","type-page","status-publish","hentry"],"acf":{"page_subheading":"The good news is that fishing can be enjoyed in Slovenia all year round. Check out the months to enjoy Fly, Carp or Sea fishing in Slovenia."},"_links":{"self":[{"href":"https:\/\/fishing-guides-slovenia.com\/fr\/wp-json\/wp\/v2\/pages\/542","targetHints":{"allow":["GET"]}}],"collection":[{"href":"https:\/\/fishing-guides-slovenia.com\/fr\/wp-json\/wp\/v2\/pages"}],"about":[{"href":"https:\/\/fishing-guides-slovenia.com\/fr\/wp-json\/wp\/v2\/types\/page"}],"author":[{"embeddable":true,"href":"https:\/\/fishing-guides-slovenia.com\/fr\/wp-json\/wp\/v2\/users\/46"}],"replies":[{"embeddable":true,"href":"https:\/\/fishing-guides-slovenia.com\/fr\/wp-json\/wp\/v2\/comments?post=542"}],"version-history":[{"count":0,"href":"https:\/\/fishing-guides-slovenia.com\/fr\/wp-json\/wp\/v2\/pages\/542\/revisions"}],"wp:attachment":[{"href":"https:\/\/fishing-guides-slovenia.com\/fr\/wp-json\/wp\/v2\/media?parent=542"}],"curies":[{"name":"wp","href":"https:\/\/api.w.org\/{rel}","templated":true}]}}