{"id":560,"date":"2020-04-22T21:48:47","date_gmt":"2020-04-22T21:48:47","guid":{"rendered":"http:\/\/fishing-guides-slovenia.com\/tailor-made\/"},"modified":"2022-12-05T11:00:38","modified_gmt":"2022-12-05T11:00:38","slug":"sur-mesure","status":"publish","type":"page","link":"https:\/\/fishing-guides-slovenia.com\/fr\/tailor-made\/","title":{"rendered":"Sur mesure"},"content":{"rendered":"<p>Nous garantissons que chaque produit sur notre site a \u00e9t\u00e9 con\u00e7u pour vous offrir le meilleur service possible.&nbsp;<strong>meilleure exp\u00e9rience de p\u00eache<\/strong>&nbsp;La Slov\u00e9nie a \u00e0 offrir. Comme nous sommes conscients qu'il est impossible de tout couvrir et que vos souhaits peuvent diff\u00e9rer de notre offre, nous vous donnons la possibilit\u00e9 de concevoir vos propres vacances de p\u00eache.&nbsp;<\/p>\n\n\n\n<p>Vous pouvez enti\u00e8rement personnaliser votre<strong>Vacances de p\u00eache sur mesure en Slov\u00e9nie<\/strong>selon vos souhaits, et nous sommes l\u00e0 pour vous aider \u00e0 chaque \u00e9tape du processus. Choisissez combien de jours vous voulez rester, les eaux dans lesquelles vous voulez p\u00eacher, les techniques de p\u00eache que vous voulez essayer, le type d'h\u00e9bergement que vous pr\u00e9f\u00e9rez... Vous pouvez m\u00eame choisir o\u00f9 et ce que vous voulez manger.<\/p>\n\n\n\n<p>Nous sommes ici pour rendre tout cela possible, pour vous donner le<strong>meilleurs guides de p\u00eache<\/strong>et de faire en sorte que vous reveniez un jour. N'h\u00e9sitez donc pas \u00e0 nous dire tout ce que vous voulez et exactement comme vous le voulez.<\/p>\n\n\n\n<p>Comment cela fonctionne-t-il ?<\/p>\n\n\n\n<p>Vous pouvez choisir l'un de nos&nbsp;<strong>forfaits vacances de p\u00eache existants<\/strong>&nbsp;et le modifier selon vos souhaits, ou nous pouvons cr\u00e9er une&nbsp;<strong>un forfait personnalis\u00e9 con\u00e7u sp\u00e9cialement pour vous<\/strong>.<\/p>\n\n\n\n<p>Tout ce que vous avez \u00e0 faire est&nbsp;<strong>remplir l'enqu\u00eate<\/strong>&nbsp;o\u00f9 vous indiquez toutes vos demandes et nous vous contacterons pour discuter de chaque d\u00e9tail de vos prochaines vacances de p\u00eache parfaites.<\/p>","protected":false},"excerpt":{"rendered":"<p>Nous garantissons que chaque produit sur notre site a \u00e9t\u00e9 con\u00e7u pour vous offrir la meilleure exp\u00e9rience de p\u00eache que la Slov\u00e9nie puisse vous offrir. Comme nous sommes conscients qu'il est impossible de tout couvrir et que vos souhaits peuvent diff\u00e9rer de notre offre, nous vous offrons la possibilit\u00e9 de concevoir vos propres vacances de p\u00eache.  Vous pouvez enti\u00e8rement personnaliser ... <a href=\"https:\/\/fishing-guides-slovenia.com\/fr\/tailor-made\/\">Suite<\/a><\/p>","protected":false},"author":46,"featured_media":1553,"parent":0,"menu_order":28,"comment_status":"open","ping_status":"open","template":"","meta":{"footnotes":""},"class_list":["post-560","page","type-page","status-publish","has-post-thumbnail","hentry"],"acf":{"page_subheading":"Personalise your fishing holidays in Slovenia and get an all-inclusive experience. Everything tailored exactly to your needs and wishes."},"_links":{"self":[{"href":"https:\/\/fishing-guides-slovenia.com\/fr\/wp-json\/wp\/v2\/pages\/560","targetHints":{"allow":["GET"]}}],"collection":[{"href":"https:\/\/fishing-guides-slovenia.com\/fr\/wp-json\/wp\/v2\/pages"}],"about":[{"href":"https:\/\/fishing-guides-slovenia.com\/fr\/wp-json\/wp\/v2\/types\/page"}],"author":[{"embeddable":true,"href":"https:\/\/fishing-guides-slovenia.com\/fr\/wp-json\/wp\/v2\/users\/46"}],"replies":[{"embeddable":true,"href":"https:\/\/fishing-guides-slovenia.com\/fr\/wp-json\/wp\/v2\/comments?post=560"}],"version-history":[{"count":2,"href":"https:\/\/fishing-guides-slovenia.com\/fr\/wp-json\/wp\/v2\/pages\/560\/revisions"}],"predecessor-version":[{"id":1271,"href":"https:\/\/fishing-guides-slovenia.com\/fr\/wp-json\/wp\/v2\/pages\/560\/revisions\/1271"}],"wp:featuredmedia":[{"embeddable":true,"href":"https:\/\/fishing-guides-slovenia.com\/fr\/wp-json\/wp\/v2\/media\/1553"}],"wp:attachment":[{"href":"https:\/\/fishing-guides-slovenia.com\/fr\/wp-json\/wp\/v2\/media?parent=560"}],"curies":[{"name":"wp","href":"https:\/\/api.w.org\/{rel}","templated":true}]}}