{"id":561,"date":"2020-04-22T22:31:31","date_gmt":"2020-04-22T22:31:31","guid":{"rendered":"http:\/\/fishing-guides-slovenia.com\/equipment-rental\/"},"modified":"2022-12-05T09:59:38","modified_gmt":"2022-12-05T09:59:38","slug":"location-de-materiel","status":"publish","type":"page","link":"https:\/\/fishing-guides-slovenia.com\/fr\/equipment-rental\/","title":{"rendered":"Location de mat\u00e9riel"},"content":{"rendered":"<p><\/p>\n\n\n\n<p>Certains d'entre vous ont d\u00e9j\u00e0 planifi\u00e9 leur voyage de p\u00eache en Slov\u00e9nie, ont d\u00e9j\u00e0 tous les d\u00e9tails et savent o\u00f9 p\u00eacher, mais votre probl\u00e8me est que vous prenez l'avion ou avez d'autres difficult\u00e9s \u00e0 transporter votre mat\u00e9riel de p\u00eache dans notre pays. Ne vous inqui\u00e9tez pas, nous pouvons aussi nous en occuper. Sp\u00e9cialement pour ce genre de cas, nous avons beaucoup d'\u00e9quipement suppl\u00e9mentaire qui peut \u00eatre lou\u00e9. Pour chaque type de p\u00eache (\u00e0 l'exception de la p\u00eache en mer), nous avons tout le mat\u00e9riel dont vous avez besoin, des cannes \u00e0 p\u00eache, des waders et des tentes jusqu'au plus petit hame\u00e7on de la mouche.<\/p>\n\n\n\n<p>Notre agence est situ\u00e9e \u00e0 Ljubljana, o\u00f9 vous pouvez prendre le mat\u00e9riel et le d\u00e9poser, mais pour un prix suppl\u00e9mentaire, nous pouvons \u00e9galement vous livrer le mat\u00e9riel et le r\u00e9cup\u00e9rer \u00e0 la fin de la journ\u00e9e\/session.<\/p>\n\n\n\n<figure class=\"wp-block-image\"><img decoding=\"async\" src=\"https:\/\/960335.smushcdn.com\/2671427\/wp-content\/uploads\/2020\/07\/fishing-equipment.webp?lossy=1&amp;strip=1&amp;webp=1\" alt=\"\"\/><\/figure>\n\n\n\n<h3 class=\"wp-block-heading\" id=\"headline-92-1209\">\u00c9quipement de p\u00eache \u00e0 la mouche<\/h3>\n\n\n\n<ul class=\"wp-block-list\"><li>Canne \u00e0 p\u00eache (Orvis) - 30<\/li><li>Cuissardes - 30<\/li><li>\u00c9puisette - 5<\/li><li>Mouches (10 par paquet, vous pouvez les garder) - 30 \u20ac.<\/li><li>Bateau ventral - 50<\/li><li><strong>Paquet complet&nbsp;<\/strong>(canne \u00e0 p\u00eache, cuissardes, \u00e9puisette) - 50<\/li><li>D\u00e9pose et reprise - 40 \u20ac.<\/li><\/ul>\n\n\n\n<figure class=\"wp-block-image\"><img decoding=\"async\" src=\"https:\/\/960335.smushcdn.com\/2671427\/wp-content\/uploads\/2020\/04\/fly-fishing-bait.webp?lossy=1&amp;strip=1&amp;webp=1\" alt=\"\"\/><\/figure>\n\n\n\n<h3 class=\"wp-block-heading\" id=\"headline-94-1209\">\u00c9quipement de p\u00eache \u00e0 la carpe<\/h3>\n\n\n\n<ul class=\"wp-block-list\"><li>2 cannes \u00e0 p\u00eache (Daiwa) - 30 \u20ac.<\/li><li>Rod Pod, alarmes de morsure, swingers - 20 \u20ac.<\/li><li>Tente, chaise longue, sac de couchage - 30 \u20ac.<\/li><li>Nacelle, \u00e9lingue de poids, \u00e9puisette, balance, seau - 20 \u20ac.<\/li><li>Bateau - 30<\/li><li>Bouillettes (5kg) - 30 \u20ac.<\/li><li>Particules (10kg) - 10 \u20ac.<\/li><li>Mat\u00e9riel de cuisine (vaisselle, couverts, cuisini\u00e8re, petite table, sac de refroidissement) - 20 \u20ac.<\/li><li><strong>Forfait complet Session de jour<\/strong>&nbsp;( 2 cannes, rod pod, alarmes app\u00e2ts, berceau, \u00e9lingue poids, \u00e9puisette, balance, seau) - 70 \u20ac.<\/li><li><strong>Paquet complet Campagnes de p\u00eache&nbsp;<\/strong>( cannes, rodpod, alarme d'app\u00e2t, berceau, \u00e9lingue de poids, \u00e9puisette, balance, seau, tente, chaise longue, sac de couchage, mat\u00e9riel de cuisine) - 100 \u20ac.<\/li><li>D\u00e9pose et reprise - 40 \u20ac.<\/li><\/ul>\n\n\n\n<figure class=\"wp-block-image\"><img decoding=\"async\" src=\"https:\/\/960335.smushcdn.com\/2671427\/wp-content\/uploads\/2020\/01\/bled-carp-1.webp?lossy=1&amp;strip=1&amp;webp=1\" alt=\"\"\/><\/figure>\n\n\n\n<h3 class=\"wp-block-heading\" id=\"headline-97-1209\">\u00c9quipement de p\u00eache au lancer<\/h3>\n\n\n\n<ul class=\"wp-block-list\"><li>Canne \u00e0 p\u00eache (Sportex) - 30<\/li><li>Leurres (10) - 20<\/li><li>Cuissardes - 30<\/li><li>\u00c9puisette - 5<\/li><li><strong>Paquet complet<\/strong>&nbsp;(canne \u00e0 p\u00eache, leurres, cuissardes, \u00e9puisette) - 50\u20ac.<\/li><li>D\u00e9pose et reprise - 40 \u20ac.<\/li><\/ul>","protected":false},"excerpt":{"rendered":"<p>Certains d'entre vous ont d\u00e9j\u00e0 planifi\u00e9 leur voyage de p\u00eache en Slov\u00e9nie, ont d\u00e9j\u00e0 tous les d\u00e9tails et savent o\u00f9 p\u00eacher, mais leur probl\u00e8me est qu'ils doivent prendre l'avion ou qu'ils ont d'autres probl\u00e8mes pour transporter leur mat\u00e9riel de p\u00eache jusqu'\u00e0 notre pays. Ne vous inqui\u00e9tez pas, nous pouvons \u00e9galement nous en charger. Sp\u00e9cialement pour ce genre de cas, nous ... <a href=\"https:\/\/fishing-guides-slovenia.com\/fr\/equipment-rental\/\">Suite<\/a><\/p>","protected":false},"author":46,"featured_media":1525,"parent":0,"menu_order":7,"comment_status":"open","ping_status":"open","template":"","meta":{"footnotes":""},"class_list":["post-561","page","type-page","status-publish","has-post-thumbnail","hentry"],"acf":{"page_subheading":"A perfect solution for those, who can\u2019t bring your own equipment with you. We'll have you covered with rods, waders, baits and tents."},"_links":{"self":[{"href":"https:\/\/fishing-guides-slovenia.com\/fr\/wp-json\/wp\/v2\/pages\/561","targetHints":{"allow":["GET"]}}],"collection":[{"href":"https:\/\/fishing-guides-slovenia.com\/fr\/wp-json\/wp\/v2\/pages"}],"about":[{"href":"https:\/\/fishing-guides-slovenia.com\/fr\/wp-json\/wp\/v2\/types\/page"}],"author":[{"embeddable":true,"href":"https:\/\/fishing-guides-slovenia.com\/fr\/wp-json\/wp\/v2\/users\/46"}],"replies":[{"embeddable":true,"href":"https:\/\/fishing-guides-slovenia.com\/fr\/wp-json\/wp\/v2\/comments?post=561"}],"version-history":[{"count":4,"href":"https:\/\/fishing-guides-slovenia.com\/fr\/wp-json\/wp\/v2\/pages\/561\/revisions"}],"predecessor-version":[{"id":1914,"href":"https:\/\/fishing-guides-slovenia.com\/fr\/wp-json\/wp\/v2\/pages\/561\/revisions\/1914"}],"wp:featuredmedia":[{"embeddable":true,"href":"https:\/\/fishing-guides-slovenia.com\/fr\/wp-json\/wp\/v2\/media\/1525"}],"wp:attachment":[{"href":"https:\/\/fishing-guides-slovenia.com\/fr\/wp-json\/wp\/v2\/media?parent=561"}],"curies":[{"name":"wp","href":"https:\/\/api.w.org\/{rel}","templated":true}]}}