{"id":566,"date":"2020-04-23T10:07:09","date_gmt":"2020-04-23T10:07:09","guid":{"rendered":"http:\/\/fishing-guides-slovenia.com\/carp-fishing-season\/"},"modified":"2024-07-30T09:59:21","modified_gmt":"2024-07-30T09:59:21","slug":"saison-de-peche-a-la-carpe","status":"publish","type":"page","link":"https:\/\/fishing-guides-slovenia.com\/fr\/carp-fishing-season\/","title":{"rendered":"Saison de p\u00eache \u00e0 la carpe"},"content":{"rendered":"<h2 class=\"wp-block-heading\">Janvier<\/h2>\n\n\n\n<p>Un mois pour les p\u00eacheurs de carpes les plus pers\u00e9v\u00e9rants. Les lacs sont pour la plupart gel\u00e9s, alors les rivi\u00e8res viennent sont parfaites si vous voulez attraper vous-m\u00eame une carpe d'hiver. Avec un peu de pr\u00e9-app\u00e2tage, les chances de succ\u00e8s ne sont pas minces du tout !<\/p>\n\n\n\n<figure class=\"wp-block-image size-large\"><img loading=\"lazy\" decoding=\"async\" width=\"1024\" height=\"645\" src=\"https:\/\/fishing-guides-slovenia.com\/wp-content\/uploads\/Lake-Bled-in-winter-1024x645.webp\" alt=\"Vue sur l&#039;\u00e9glise gothique de l&#039;\u00eele du lac de Bled, Slov\u00e9nie\" class=\"wp-image-2406\" srcset=\"https:\/\/fishing-guides-slovenia.com\/wp-content\/uploads\/Lake-Bled-in-winter-1024x645.webp 1024w, https:\/\/fishing-guides-slovenia.com\/wp-content\/uploads\/Lake-Bled-in-winter-300x189.webp 300w, https:\/\/fishing-guides-slovenia.com\/wp-content\/uploads\/Lake-Bled-in-winter-768x484.webp 768w, https:\/\/fishing-guides-slovenia.com\/wp-content\/uploads\/Lake-Bled-in-winter-1536x968.webp 1536w, https:\/\/fishing-guides-slovenia.com\/wp-content\/uploads\/Lake-Bled-in-winter-18x12.webp 18w, https:\/\/fishing-guides-slovenia.com\/wp-content\/uploads\/Lake-Bled-in-winter.webp 2000w\" sizes=\"auto, (max-width: 1024px) 100vw, 1024px\" \/><figcaption class=\"wp-element-caption\">Le lac de Bled en hiver<\/figcaption><\/figure>\n\n\n\n<h2 class=\"wp-block-heading\">F\u00e9vrier<\/h2>\n\n\n\n<p>En f\u00e9vrier, la p\u00eache \u00e0 la carpe en Slov\u00e9nie d\u00e9pend de la rigueur de l'hiver cette ann\u00e9e-l\u00e0. La plupart du temps, la deuxi\u00e8me moiti\u00e9 de f\u00e9vrier est toujours un bon moment pour attraper une premi\u00e8re carpe, si les conditions sont bonnes, vous pouvez m\u00eame obtenir de nombreuses touches en une seule journ\u00e9e. Les poissons sont encore un peu endormis, vous pouvez donc utiliser cela \u00e0 votre avantage et inciter une grosse carpe \u00e0 prendre votre app\u00e2t.<\/p>\n\n\n\n<figure class=\"wp-block-image size-large\"><img loading=\"lazy\" decoding=\"async\" width=\"1024\" height=\"682\" src=\"https:\/\/fishing-guides-slovenia.com\/wp-content\/uploads\/carp-1-1-1024x682.webp\" alt=\"\" class=\"wp-image-1947\" srcset=\"https:\/\/fishing-guides-slovenia.com\/wp-content\/uploads\/carp-1-1-1024x682.webp 1024w, https:\/\/fishing-guides-slovenia.com\/wp-content\/uploads\/carp-1-1-300x200.webp 300w, https:\/\/fishing-guides-slovenia.com\/wp-content\/uploads\/carp-1-1-768x511.webp 768w, https:\/\/fishing-guides-slovenia.com\/wp-content\/uploads\/carp-1-1-18x12.webp 18w, https:\/\/fishing-guides-slovenia.com\/wp-content\/uploads\/carp-1-1.webp 1250w\" sizes=\"auto, (max-width: 1024px) 100vw, 1024px\" \/><figcaption class=\"wp-element-caption\">Guide de p\u00eache tenant une carpe<\/figcaption><\/figure>\n\n\n\n<h2 class=\"wp-block-heading\">Mars<\/h2>\n\n\n\n<p>Le mois de mars marque l'ouverture officieuse de la saison de p\u00eache \u00e0 la carpe. Le temps se r\u00e9chauffe et l'eau aussi, les poissons deviennent plus actifs et ils ont faim apr\u00e8s leur sommeil hivernal, les conditions pour la p\u00eache \u00e0 la carpe sont donc bonnes. Comme la p\u00eache \u00e0 la carpe n'est pas autoris\u00e9e sur le lac de Bled avant avril, le lac de \u0160martinsko est l'endroit id\u00e9al pour passer quelques jours, et les 20 premiers poissons de la saison ne sont qu'\u00e0 quelques lancers.<\/p>\n\n\n\n<figure class=\"wp-block-image size-large\"><img loading=\"lazy\" decoding=\"async\" width=\"1024\" height=\"768\" src=\"https:\/\/fishing-guides-slovenia.com\/wp-content\/uploads\/smartinsko-5-days-1024x768.webp\" alt=\"smartinsko 5 jours\" class=\"wp-image-2268\" srcset=\"https:\/\/fishing-guides-slovenia.com\/wp-content\/uploads\/smartinsko-5-days-1024x768.webp 1024w, https:\/\/fishing-guides-slovenia.com\/wp-content\/uploads\/smartinsko-5-days-300x225.webp 300w, https:\/\/fishing-guides-slovenia.com\/wp-content\/uploads\/smartinsko-5-days-768x576.webp 768w, https:\/\/fishing-guides-slovenia.com\/wp-content\/uploads\/smartinsko-5-days-1536x1152.webp 1536w, https:\/\/fishing-guides-slovenia.com\/wp-content\/uploads\/smartinsko-5-days-2048x1536.webp 2048w, https:\/\/fishing-guides-slovenia.com\/wp-content\/uploads\/smartinsko-5-days-16x12.webp 16w, https:\/\/fishing-guides-slovenia.com\/wp-content\/uploads\/smartinsko-5-days-scaled.webp 1920w\" sizes=\"auto, (max-width: 1024px) 100vw, 1024px\" \/><figcaption class=\"wp-element-caption\">Lac \u0160martinsko<\/figcaption><\/figure>\n\n\n\n<h2 class=\"wp-block-heading\">Avril<\/h2>\n\n\n\n<p>Les six premiers mois de l'ann\u00e9e constituent une p\u00e9riode de pointe. S'il y a un moment o\u00f9 il faut attraper une carpe, c'est bien maintenant. La temp\u00e9rature de l'eau augmente \u00e0 un point tel que les poissons commencent \u00e0 se nourrir massivement pour se pr\u00e9parer au frai. Les jours rallongent, les nuits ne sont plus aussi froides et la nature montre ses attributs. Toutes les eaux de p\u00eache \u00e0 la carpe de notre liste sont maintenant disponibles, y compris le lac Bled.<\/p>\n\n\n\n<figure class=\"wp-block-image size-large\"><img loading=\"lazy\" decoding=\"async\" width=\"1024\" height=\"578\" src=\"https:\/\/fishing-guides-slovenia.com\/wp-content\/uploads\/bled-carp-2-1-1024x578.webp\" alt=\"P\u00eacheur p\u00eachant sur le lac de Bled\" class=\"wp-image-1957\" srcset=\"https:\/\/fishing-guides-slovenia.com\/wp-content\/uploads\/bled-carp-2-1-1024x578.webp 1024w, https:\/\/fishing-guides-slovenia.com\/wp-content\/uploads\/bled-carp-2-1-300x169.webp 300w, https:\/\/fishing-guides-slovenia.com\/wp-content\/uploads\/bled-carp-2-1-768x434.webp 768w, https:\/\/fishing-guides-slovenia.com\/wp-content\/uploads\/bled-carp-2-1-18x10.webp 18w, https:\/\/fishing-guides-slovenia.com\/wp-content\/uploads\/bled-carp-2-1.webp 1250w\" sizes=\"auto, (max-width: 1024px) 100vw, 1024px\" \/><figcaption class=\"wp-element-caption\">P\u00eache sur le magnifique lac de Bled<\/figcaption><\/figure>\n\n\n\n<h2 class=\"wp-block-heading\">Mai<\/h2>\n\n\n\n<p>Sur certains lacs, l'eau est suffisamment chaude pour que les carpes commencent \u00e0 frayer, mais ce n'est g\u00e9n\u00e9ralement pas le cas des lacs Bled et \u0160martinsko, qui sont plus profonds et donc plus froids. Mais m\u00eame si l'eau est un peu plus chaude que d'habitude, dans ces lacs, les poissons ne frayent pas tous en m\u00eame temps. Si vous d\u00e9cidez de venir p\u00eacher la carpe en Slov\u00e9nie, le mois de mai est donc une excellente p\u00e9riode pour le faire.<\/p>\n\n\n\n<figure class=\"wp-block-image size-full\"><img loading=\"lazy\" decoding=\"async\" width=\"1250\" height=\"703\" src=\"https:\/\/fishing-guides-slovenia.com\/wp-content\/uploads\/smartinsko-lake-6.webp\" alt=\"\" class=\"wp-image-1785\" srcset=\"https:\/\/fishing-guides-slovenia.com\/wp-content\/uploads\/smartinsko-lake-6.webp 1250w, https:\/\/fishing-guides-slovenia.com\/wp-content\/uploads\/smartinsko-lake-6-300x169.webp 300w, https:\/\/fishing-guides-slovenia.com\/wp-content\/uploads\/smartinsko-lake-6-1024x576.webp 1024w, https:\/\/fishing-guides-slovenia.com\/wp-content\/uploads\/smartinsko-lake-6-768x432.webp 768w, https:\/\/fishing-guides-slovenia.com\/wp-content\/uploads\/smartinsko-lake-6-18x10.webp 18w\" sizes=\"auto, (max-width: 1250px) 100vw, 1250px\" \/><figcaption class=\"wp-element-caption\">Attrapez votre propre monstre de carpe<\/figcaption><\/figure>\n\n\n\n<h2 class=\"wp-block-heading\">Juin, juillet, ao\u00fbt<\/h2>\n\n\n\n<p>Au d\u00e9but de l'\u00e9t\u00e9, il peut encore y avoir quelques signes de frai, mais les conditions pour la p\u00eache \u00e0 la carpe en Slov\u00e9nie sont les meilleures pendant l'\u00e9t\u00e9. Un temps chaud, de longues journ\u00e9es avec des nuits courtes pour vous redonner de l'\u00e9nergie, des carpes actives et une bonne compagnie sont tout ce que vous pouvez demander. Alors si vous voulez attraper de gros poissons tout en regardant le coucher de soleil avec une bi\u00e8re \u00e0 la main, vous viendrez en Slov\u00e9nie pour quelques jours de p\u00eache \u00e0 la carpe.<\/p>\n\n\n\n<figure class=\"wp-block-image size-large\"><img loading=\"lazy\" decoding=\"async\" width=\"1024\" height=\"682\" src=\"https:\/\/fishing-guides-slovenia.com\/wp-content\/uploads\/carp-2-1024x682.webp\" alt=\"\" class=\"wp-image-1486\" srcset=\"https:\/\/fishing-guides-slovenia.com\/wp-content\/uploads\/carp-2-1024x682.webp 1024w, https:\/\/fishing-guides-slovenia.com\/wp-content\/uploads\/carp-2-300x200.webp 300w, https:\/\/fishing-guides-slovenia.com\/wp-content\/uploads\/carp-2-768x512.webp 768w, https:\/\/fishing-guides-slovenia.com\/wp-content\/uploads\/carp-2-18x12.webp 18w, https:\/\/fishing-guides-slovenia.com\/wp-content\/uploads\/carp-2.webp 1250w\" sizes=\"auto, (max-width: 1024px) 100vw, 1024px\" \/><figcaption class=\"wp-element-caption\">Une carpe dans la nature<\/figcaption><\/figure>\n\n\n\n<h2 class=\"wp-block-heading\">Septembre<\/h2>\n\n\n\n<p>D\u00e9but de la p\u00eache \u00e0 la grosse carpe. Les temp\u00e9ratures baissent un peu et cela donne aux poissons le signal de commencer \u00e0 se nourrir pour les mois plus froids. Par cons\u00e9quent, nous, les p\u00eacheurs de carpes, avons plus de touches et des poissons plus lourds. Il y a moins d'agitation sur l'eau, les touristes partent et le calme revient, ce qui en fait une p\u00e9riode id\u00e9ale pour la p\u00eache. La nature change ses couleurs pour des tons plus chauds, et la carpe aussi.<\/p>\n\n\n\n<figure class=\"wp-block-image size-large\"><img loading=\"lazy\" decoding=\"async\" width=\"1024\" height=\"569\" src=\"https:\/\/fishing-guides-slovenia.com\/wp-content\/uploads\/79149652_3868800523145553_1050175643389526016_o-1024x569.webp\" alt=\"\" class=\"wp-image-1390\" srcset=\"https:\/\/fishing-guides-slovenia.com\/wp-content\/uploads\/79149652_3868800523145553_1050175643389526016_o-1024x569.webp 1024w, https:\/\/fishing-guides-slovenia.com\/wp-content\/uploads\/79149652_3868800523145553_1050175643389526016_o-300x167.webp 300w, https:\/\/fishing-guides-slovenia.com\/wp-content\/uploads\/79149652_3868800523145553_1050175643389526016_o-768x427.webp 768w, https:\/\/fishing-guides-slovenia.com\/wp-content\/uploads\/79149652_3868800523145553_1050175643389526016_o-18x10.webp 18w, https:\/\/fishing-guides-slovenia.com\/wp-content\/uploads\/79149652_3868800523145553_1050175643389526016_o.webp 1440w\" sizes=\"auto, (max-width: 1024px) 100vw, 1024px\" \/><figcaption class=\"wp-element-caption\">Le temps froid est synonyme de bonne saison de p\u00eache \u00e0 la carpe<\/figcaption><\/figure>\n\n\n\n<h2 class=\"wp-block-heading\">Octobre<\/h2>\n\n\n\n<p>C'est le mois id\u00e9al pour battre votre record personnel de carpes et pouvoir le tenir pour une photo sans avoir les doigts gel\u00e9s par les basses temp\u00e9ratures. L'action alimentaire est \u00e0 son maximum, la derni\u00e8re chance pour les carpes de prendre du poids avant l'hiver. Oui, il fait un peu plus froid, mais les r\u00e9compenses sont plus importantes, ou plut\u00f4t plus lourdes. La meilleure p\u00e9riode pour p\u00eacher la carpe en Slov\u00e9nie est une opinion commune \u00e0 tous nos guides de p\u00eache \u00e0 la carpe.<\/p>\n\n\n\n<figure class=\"wp-block-image size-full\"><img loading=\"lazy\" decoding=\"async\" width=\"1250\" height=\"703\" src=\"https:\/\/fishing-guides-slovenia.com\/wp-content\/uploads\/bled-carp-7.webp\" alt=\"\" class=\"wp-image-1446\" srcset=\"https:\/\/fishing-guides-slovenia.com\/wp-content\/uploads\/bled-carp-7.webp 1250w, https:\/\/fishing-guides-slovenia.com\/wp-content\/uploads\/bled-carp-7-300x169.webp 300w, https:\/\/fishing-guides-slovenia.com\/wp-content\/uploads\/bled-carp-7-1024x576.webp 1024w, https:\/\/fishing-guides-slovenia.com\/wp-content\/uploads\/bled-carp-7-768x432.webp 768w, https:\/\/fishing-guides-slovenia.com\/wp-content\/uploads\/bled-carp-7-18x10.webp 18w\" sizes=\"auto, (max-width: 1250px) 100vw, 1250px\" \/><figcaption class=\"wp-element-caption\">La patience est r\u00e9compens\u00e9e<\/figcaption><\/figure>\n\n\n\n<h2 class=\"wp-block-heading\">Novembre<\/h2>\n\n\n\n<p>Si vous vous promenez autour du lac, vous verrez de nombreux p\u00eacheurs de carpes locaux, et ils ont une bonne raison. Tout le monde attend les plus gros poissons qui se nourrissent encore. Les morsures ont tendance \u00e0 venir lentement, mais lorsqu'elles se produisent, vous pourriez avoir le poisson de votre vie au bout de la ligne. Il fait froid, c'est certain, mais p\u00eacher sur le lac de Bled pendant la journ\u00e9e ou camper au bord du lac \u0160martinsko avec un chauffage dans votre bivouac peut \u00eatre supportable si l'on tient compte de la possibilit\u00e9 d'une prise de plus de 30 kg.<\/p>\n\n\n\n<figure class=\"wp-block-image size-large\"><img loading=\"lazy\" decoding=\"async\" width=\"1024\" height=\"524\" src=\"https:\/\/fishing-guides-slovenia.com\/wp-content\/uploads\/bled-carp-fishing-scaled-1024x524.webp\" alt=\"P\u00eache sur le magnifique lac de Bled\" class=\"wp-image-2263\" srcset=\"https:\/\/fishing-guides-slovenia.com\/wp-content\/uploads\/bled-carp-fishing-scaled-1024x524.webp 1024w, https:\/\/fishing-guides-slovenia.com\/wp-content\/uploads\/bled-carp-fishing-scaled-300x154.webp 300w, https:\/\/fishing-guides-slovenia.com\/wp-content\/uploads\/bled-carp-fishing-scaled-768x393.webp 768w, https:\/\/fishing-guides-slovenia.com\/wp-content\/uploads\/bled-carp-fishing-scaled-1536x786.webp 1536w, https:\/\/fishing-guides-slovenia.com\/wp-content\/uploads\/bled-carp-fishing-scaled-18x9.webp 18w, https:\/\/fishing-guides-slovenia.com\/wp-content\/uploads\/bled-carp-fishing-scaled.webp 2000w\" sizes=\"auto, (max-width: 1024px) 100vw, 1024px\" \/><figcaption class=\"wp-element-caption\">Vous pouvez p\u00eacher sur les rives du lac de Bled au coucher du soleil.<\/figcaption><\/figure>\n\n\n\n<h2 class=\"wp-block-heading\">D\u00e9cembre<\/h2>\n\n\n\n<p>La p\u00eache se d\u00e9place lentement vers les rivi\u00e8res. Les derni\u00e8res grosses carpes peuvent \u00eatre p\u00each\u00e9es dans les lacs, \u00e0 condition d'\u00eatre suffisamment pers\u00e9v\u00e9rant. Si vous voulez essayer une b\u00eate d'hiver, nous sommes pr\u00eats \u00e0 vous guider.<\/p>\n\n\n\n<figure class=\"wp-block-image size-large is-resized\"><img loading=\"lazy\" decoding=\"async\" width=\"1024\" height=\"576\" src=\"https:\/\/fishing-guides-slovenia.com\/wp-content\/uploads\/Ljubljanica-River-1024x576.webp\" alt=\"La Ljubljanica est une rivi\u00e8re du centre de la Slov\u00e9nie. La Ljubljanica prend sa source au sud de la ville de Vrhnika et se jette dans la Save \u00e0 environ 10 kilom\u00e8tres en aval de Ljubljana.\" class=\"wp-image-2407\" style=\"width:1450px;height:auto\" srcset=\"https:\/\/fishing-guides-slovenia.com\/wp-content\/uploads\/Ljubljanica-River-1024x576.webp 1024w, https:\/\/fishing-guides-slovenia.com\/wp-content\/uploads\/Ljubljanica-River-300x169.webp 300w, https:\/\/fishing-guides-slovenia.com\/wp-content\/uploads\/Ljubljanica-River-768x432.webp 768w, https:\/\/fishing-guides-slovenia.com\/wp-content\/uploads\/Ljubljanica-River-1536x864.webp 1536w, https:\/\/fishing-guides-slovenia.com\/wp-content\/uploads\/Ljubljanica-River-18x10.webp 18w, https:\/\/fishing-guides-slovenia.com\/wp-content\/uploads\/Ljubljanica-River.webp 2000w\" sizes=\"auto, (max-width: 1024px) 100vw, 1024px\" \/><figcaption class=\"wp-element-caption\">Tentez votre chance sur la rivi\u00e8re Ljubljanica<\/figcaption><\/figure>","protected":false},"excerpt":{"rendered":"<p>Janvier Un mois pour les p\u00eacheurs de carpes les plus tenaces. Les lacs sont en grande partie gel\u00e9s, les rivi\u00e8res sont donc parfaites si vous voulez attraper une carpe d'hiver. Avec un peu d'amor\u00e7age pr\u00e9alable, les chances de succ\u00e8s ne sont pas minces du tout ! F\u00e9vrier En f\u00e9vrier, la p\u00eache \u00e0 la carpe en Slov\u00e9nie d\u00e9pend de la rigueur de l'hiver... <a href=\"https:\/\/fishing-guides-slovenia.com\/fr\/carp-fishing-season\/\">Suite<\/a><\/p>","protected":false},"author":46,"featured_media":0,"parent":0,"menu_order":4,"comment_status":"open","ping_status":"open","template":"","meta":{"footnotes":""},"class_list":["post-566","page","type-page","status-publish","hentry"],"acf":{"page_subheading":"Slovenia offers year-round fishing. Check out the best months for Carp fishing in Slovenia in order to catch the most and the biggest."},"_links":{"self":[{"href":"https:\/\/fishing-guides-slovenia.com\/fr\/wp-json\/wp\/v2\/pages\/566","targetHints":{"allow":["GET"]}}],"collection":[{"href":"https:\/\/fishing-guides-slovenia.com\/fr\/wp-json\/wp\/v2\/pages"}],"about":[{"href":"https:\/\/fishing-guides-slovenia.com\/fr\/wp-json\/wp\/v2\/types\/page"}],"author":[{"embeddable":true,"href":"https:\/\/fishing-guides-slovenia.com\/fr\/wp-json\/wp\/v2\/users\/46"}],"replies":[{"embeddable":true,"href":"https:\/\/fishing-guides-slovenia.com\/fr\/wp-json\/wp\/v2\/comments?post=566"}],"version-history":[{"count":6,"href":"https:\/\/fishing-guides-slovenia.com\/fr\/wp-json\/wp\/v2\/pages\/566\/revisions"}],"predecessor-version":[{"id":2408,"href":"https:\/\/fishing-guides-slovenia.com\/fr\/wp-json\/wp\/v2\/pages\/566\/revisions\/2408"}],"wp:attachment":[{"href":"https:\/\/fishing-guides-slovenia.com\/fr\/wp-json\/wp\/v2\/media?parent=566"}],"curies":[{"name":"wp","href":"https:\/\/api.w.org\/{rel}","templated":true}]}}