{"id":567,"date":"2020-04-23T10:14:11","date_gmt":"2020-04-23T10:14:11","guid":{"rendered":"http:\/\/fishing-guides-slovenia.com\/spin-fishing-season\/"},"modified":"2022-10-05T13:11:22","modified_gmt":"2022-10-05T13:11:22","slug":"saison-de-peche-au-lancer","status":"publish","type":"page","link":"https:\/\/fishing-guides-slovenia.com\/fr\/spin-fishing-season\/","title":{"rendered":"Saison de p\u00eache au lancer"},"content":{"rendered":"<h2 class=\"wp-block-heading\"><strong>Janvier<\/strong><\/h2>\n\n\n\n<p>C'est le moment pour les p\u00eacheurs extr\u00eames, qui ne craignent pas le froid et la neige et qui ont les yeux fix\u00e9s sur le prix. Dans le cas de la p\u00eache au lancer en Slov\u00e9nie, le prix est un grand Huchen, qui est le roi des rivi\u00e8res pendant les mois d'hiver ou un grand brochet, qui est toujours affam\u00e9 pour la proie. Les meilleures rivi\u00e8res pour la p\u00eache au lancer en hiver sont la Sava, la sava Dolinka et la Krka. Si vous voulez une exp\u00e9rience urbaine, essayez la p\u00eache au lancer sur la rivi\u00e8re Ljubljanica.<\/p>\n\n\n\n<h2 class=\"wp-block-heading\"><strong>F\u00e9vrier<\/strong><\/h2>\n\n\n\n<p>La saison des huchons se termine \u00e0 la mi-f\u00e9vrier, alors n'oubliez pas de visiter nos rivi\u00e8res avant cela. Si vous ratez votre chance, vous devrez attendre le mois d'octobre pour r\u00e9essayer. La saison du brochet se termine \u00e9galement en f\u00e9vrier.<\/p>\n\n\n\n<figure class=\"wp-block-image\"><img decoding=\"async\" src=\"https:\/\/960335.smushcdn.com\/2671427\/wp-content\/uploads\/2020\/02\/ljubljanica-spin-2.webp?lossy=1&amp;strip=1&amp;webp=1\" alt=\"La rivi\u00e8re Ljubljanica dans la capitale slov\u00e8ne\"\/><\/figure>\n\n\n\n<h2 class=\"wp-block-heading\"><strong>Mars<\/strong><\/h2>\n\n\n\n<p>Un mois terne pour la p\u00eache au lancer, de nombreuses esp\u00e8ces de poissons sont hors jeu. La bonne nouvelle est que le silure devient plus actif en raison du temps plus chaud et vous pouvez visiter la Slov\u00e9nie pour vivre une bataille avec des sp\u00e9cimens monstrueux qui r\u00e9sident dans les rivi\u00e8res Sava ou Vipava.<\/p>\n\n\n\n<h2 class=\"wp-block-heading\"><strong>Avril<\/strong><\/h2>\n\n\n\n<p>Il est encore temps et les options de p\u00eache sont rares. Vous pouvez toujours p\u00eacher le poisson-chat ou tenter de convaincre un aspe de mordre \u00e0 votre app\u00e2t. Mais la plupart des p\u00eacheurs \u00e0 la ligne ont d\u00e9j\u00e0 les yeux riv\u00e9s sur le mois de mai et, avec lui, sur le d\u00e9but de la saison du brochet.<\/p>\n\n\n\n<figure class=\"wp-block-image\"><img decoding=\"async\" src=\"https:\/\/960335.smushcdn.com\/2671427\/wp-content\/uploads\/2020\/02\/vipava-1.webp?lossy=1&amp;strip=1&amp;webp=1\" alt=\"La p\u00eache du soir s&#039;est termin\u00e9e par une grosse prise\"\/><\/figure>\n\n\n\n<h2 class=\"wp-block-heading\"><strong>Mai<\/strong><\/h2>\n\n\n\n<p>Un moment que tous les p\u00eacheurs au lancer attendent, la saison du brochet est enfin arriv\u00e9e. Les eaux sont pleines de p\u00eacheurs \u00e0 la ligne qui tentent d'attraper le pr\u00e9dateur affam\u00e9 qui vient de frayer et qui est pr\u00eat \u00e0 \u00eatre mang\u00e9. Vous pouvez bien s\u00fbr attraper d'autres esp\u00e8ces en chemin, mais beaucoup d'entre elles sont encore prot\u00e9g\u00e9es, vous devez donc les rel\u00e2cher imm\u00e9diatement.<\/p>\n\n\n\n<h2 class=\"wp-block-heading\"><strong>Juin<\/strong><\/h2>\n\n\n\n<p>Le brochet est d\u00e9j\u00e0 en chasse, et un autre pr\u00e9dateur qui r\u00e9side \u00e9galement dans les deux, rivi\u00e8res et lacs, est de nouveau sur la liste des cibles. Il s'agit du sandre. Les deux peuvent \u00eatre p\u00each\u00e9s sur le lac Bled, donc si vous cherchez une aventure de p\u00eache au lancer en Slov\u00e9nie, c'est ce que nous vous recommandons. Le poisson-chat est en train de frayer et n'est plus sur la table pour un certain temps.<\/p>\n\n\n\n<figure class=\"wp-block-image\"><img decoding=\"async\" src=\"https:\/\/960335.smushcdn.com\/2671427\/wp-content\/uploads\/2020\/02\/sava-3.webp?lossy=1&amp;strip=1&amp;webp=1\" alt=\"Un gros poisson de la rivi\u00e8re Sava\"\/><\/figure>\n\n\n\n<h2 class=\"wp-block-heading\"><strong>Juillet, ao\u00fbt<\/strong><\/h2>\n\n\n\n<p>Les mois d'\u00e9t\u00e9 vont de pair avec le spinning. Le temps chaud le matin vous permet de p\u00eacher efficacement et de vous reposer pendant la journ\u00e9e, de voir quelques curiosit\u00e9s et de revenir l'apr\u00e8s-midi lorsque les temp\u00e9ratures baissent et que toute l'agitation des touristes sur l'eau dispara\u00eet.&nbsp;<\/p>\n\n\n\n<h2 class=\"wp-block-heading\"><strong>Septembre<\/strong><\/h2>\n\n\n\n<p>Le brochet frappe quand les feuilles tombent, c'est un proverbe que nous utilisons en Slov\u00e9nie pour la p\u00eache au lancer. Les poissons commencent \u00e0 se nourrir plus r\u00e9guli\u00e8rement en raison de la baisse de temp\u00e9rature et les chances de faire de bonnes prises augmentent. Si vous ajoutez \u00e0 cela les couleurs de la nature, qui se transforment en teintes chaudes, la p\u00eache en automne est parfaite !<\/p>\n\n\n\n<figure class=\"wp-block-image\"><img decoding=\"async\" src=\"https:\/\/960335.smushcdn.com\/2671427\/wp-content\/uploads\/2020\/02\/sava-1.webp?lossy=1&amp;strip=1&amp;webp=1\" alt=\"Truite de la rivi\u00e8re Sava\"\/><\/figure>\n\n\n\n<h2 class=\"wp-block-heading\"><strong>Octobre<\/strong><\/h2>\n\n\n\n<p>Le mois d'octobre est consacr\u00e9 \u00e0 la p\u00eache aux Huchen. La longue attente est termin\u00e9e, et le roi des rivi\u00e8res est \u00e0 nouveau actif, pr\u00eat \u00e0 \u00eatre p\u00each\u00e9. C'est difficile, mais si vous r\u00e9ussissez, la joie est indescriptible. Si vous ne savez pas comment l'attraper ou si vous ne savez pas par o\u00f9 commencer, nos guides vous assisteront et vous aideront \u00e0 attraper votre premier King.<\/p>\n\n\n\n<h2 class=\"wp-block-heading\"><strong>Novembre et d\u00e9cembre<\/strong><\/h2>\n\n\n\n<p>Aux sommets de la saison de p\u00eache \u00e0 la Huchen, tous les autres p\u00eacheurs font place \u00e0 ces quelques rares personnes qui savent appr\u00e9cier une prise d'une cr\u00e9ature aussi majestueuse que la Huchen.<\/p>\n\n\n\n<figure class=\"wp-block-image size-large\"><img decoding=\"async\" src=\"https:\/\/fishing-guides-slovenia.com\/wp-content\/uploads\/image-1-1024x682.webp\" alt=\"\" class=\"wp-image-1281\"\/><\/figure>","protected":false},"excerpt":{"rendered":"<p>Janvier C'est le moment pour les p\u00eacheurs extr\u00eames, qui n'ont pas peur du froid et de la neige et qui ont les yeux fix\u00e9s sur le prix. Dans le cas de la p\u00eache \u00e0 la cuill\u00e8re en Slov\u00e9nie, le prix est un gros Huchen, qui est le roi des rivi\u00e8res pendant les mois d'hiver, ou un gros brochet, qui a encore faim de sa proie. Le meilleur ... <a href=\"https:\/\/fishing-guides-slovenia.com\/fr\/spin-fishing-season\/\">Suite<\/a><\/p>","protected":false},"author":46,"featured_media":0,"parent":0,"menu_order":27,"comment_status":"open","ping_status":"open","template":"","meta":{"footnotes":""},"class_list":["post-567","page","type-page","status-publish","hentry"],"acf":{"page_subheading":"Check out which parts of the year suit most to each freshwater predator in order to maximize your chances to catch Pike, Huchen, Catfish or Zander."},"_links":{"self":[{"href":"https:\/\/fishing-guides-slovenia.com\/fr\/wp-json\/wp\/v2\/pages\/567","targetHints":{"allow":["GET"]}}],"collection":[{"href":"https:\/\/fishing-guides-slovenia.com\/fr\/wp-json\/wp\/v2\/pages"}],"about":[{"href":"https:\/\/fishing-guides-slovenia.com\/fr\/wp-json\/wp\/v2\/types\/page"}],"author":[{"embeddable":true,"href":"https:\/\/fishing-guides-slovenia.com\/fr\/wp-json\/wp\/v2\/users\/46"}],"replies":[{"embeddable":true,"href":"https:\/\/fishing-guides-slovenia.com\/fr\/wp-json\/wp\/v2\/comments?post=567"}],"version-history":[{"count":1,"href":"https:\/\/fishing-guides-slovenia.com\/fr\/wp-json\/wp\/v2\/pages\/567\/revisions"}],"predecessor-version":[{"id":1283,"href":"https:\/\/fishing-guides-slovenia.com\/fr\/wp-json\/wp\/v2\/pages\/567\/revisions\/1283"}],"wp:attachment":[{"href":"https:\/\/fishing-guides-slovenia.com\/fr\/wp-json\/wp\/v2\/media?parent=567"}],"curies":[{"name":"wp","href":"https:\/\/api.w.org\/{rel}","templated":true}]}}