{"id":569,"date":"2020-04-23T10:22:06","date_gmt":"2020-04-23T10:22:06","guid":{"rendered":"http:\/\/fishing-guides-slovenia.com\/sea-fishing-season\/"},"modified":"2022-10-05T13:17:10","modified_gmt":"2022-10-05T13:17:10","slug":"saison-de-peche-en-mer","status":"publish","type":"page","link":"https:\/\/fishing-guides-slovenia.com\/fr\/sea-fishing-season\/","title":{"rendered":"Saison de p\u00eache en mer"},"content":{"rendered":"<h2 class=\"wp-block-heading\"><strong>Hiver<\/strong><\/h2>\n\n\n\n<p>La p\u00eache aux gros est active pendant l'hiver, les conditions ne sont pas id\u00e9ales, mais pour ceux qui veulent attraper un gros thon ou autre monstre marin, le mauvais temps n'est pas un obstacle. Si vous pr\u00e9f\u00e9rez des vari\u00e9t\u00e9s de p\u00eache moins extr\u00eames, vous pouvez essayer de p\u00eacher le calmar ou le bar sur la c\u00f4te slov\u00e8ne.<\/p>\n\n\n\n<figure class=\"wp-block-image\"><img decoding=\"async\" src=\"https:\/\/960335.smushcdn.com\/2671427\/wp-content\/uploads\/2020\/04\/webp_net_resizeimage_z8rzO.webp?lossy=1&amp;strip=1&amp;webp=1\" alt=\"Une autre esp\u00e8ce de poisson captur\u00e9e lors de la p\u00eache au thon en mer Adriatique\"\/><\/figure>\n\n\n\n<h2 class=\"wp-block-heading\"><strong>Printemps<\/strong><\/h2>\n\n\n\n<p>Au printemps, avec la hausse des temp\u00e9ratures, l'activit\u00e9 des poissons est de plus en plus intense, ce qui signifie qu'il faut attraper des poissons plus gros et plus nombreux. La p\u00eache au gros bat son plein, alors si vous n'avez pas d\u00e9cid\u00e9 d'essayer en hiver, faites-le au printemps lorsque les conditions sont bien meilleures. La p\u00eache c\u00f4ti\u00e8re est \u00e9galement bonne au printemps, alors si vous \u00eates \u00e0 la recherche d'une aventure, vous \u00eates sur la bonne page.<\/p>\n\n\n\n<figure class=\"wp-block-image\"><img decoding=\"async\" src=\"https:\/\/960335.smushcdn.com\/2671427\/wp-content\/uploads\/2020\/04\/webp_net_resizeimage_jFEcQ.webp?lossy=1&amp;strip=1&amp;webp=1\" alt=\"\"\/><\/figure>\n\n\n\n<h2 class=\"wp-block-heading\"><strong>\u00c9t\u00e9<\/strong><\/h2>\n\n\n\n<p>La p\u00eache au gros n'est pas parfaite pendant les mois d'\u00e9t\u00e9, il est donc pr\u00e9f\u00e9rable de se concentrer sur la p\u00eache de diff\u00e9rentes esp\u00e8ces. Pendant cette p\u00e9riode, vous pouvez essayer de p\u00eacher des poissons plus petits, comme lors de notre voyage de p\u00eache en mer, et passer du temps en agr\u00e9able compagnie de vos amis ou des membres de votre famille. Un autre type de p\u00eache possible, tr\u00e8s populaire pendant les chauds mois d'\u00e9t\u00e9, est la p\u00eache au fusil \u00e0 harpon. Si vous \u00eates un adepte de la p\u00eache au harpon et que vous voulez p\u00eacher en mer Adriatique, nos guides de p\u00eache en mer, qui aiment aussi ce type de p\u00eache, vous emm\u00e8neront sous la surface o\u00f9 vous pourrez appr\u00e9cier le monde diversifi\u00e9 de la mer Adriatique.<\/p>\n\n\n\n<figure class=\"wp-block-image\"><img decoding=\"async\" src=\"https:\/\/960335.smushcdn.com\/2671427\/wp-content\/uploads\/2020\/04\/webp_net_resizeimage_ArFjC.webp?lossy=1&amp;strip=1&amp;webp=1\" alt=\"Thon de l&#039;Adriatique de la taille d&#039;un homme adulte\"\/><\/figure>\n\n\n\n<h2 class=\"wp-block-heading\"><strong>Automne<\/strong><\/h2>\n\n\n\n<p>En automne, la p\u00eache au Mahi mahi a lieu sur la c\u00f4te slov\u00e8ne. Les sp\u00e9cimens ne battent pas de records, mais se battent quand m\u00eame bien.<br>La p\u00eache au thon est de nouveau au menu, et avec elle toutes les autres grandes esp\u00e8ces de la mer Adriatique. Si le vent ne souffle pas trop fort, vous avez une chance d'attraper un gros morceau de poisson. Cette p\u00e9riode de l'ann\u00e9e est donc id\u00e9ale pour r\u00e9server un voyage de quelques jours et rejoindre notre guide de p\u00eache au gros sur son bateau.<\/p>","protected":false},"excerpt":{"rendered":"<p>La p\u00eache aux gros jeux est active pendant l'hiver, les conditions ne sont pas id\u00e9ales, mais pour ceux qui veulent attraper un gros thon ou un autre monstre marin, le mauvais temps n'est pas un obstacle. Si vous pr\u00e9f\u00e9rez des vari\u00e9t\u00e9s de p\u00eache moins extr\u00eames, vous pouvez essayer de p\u00eacher le calamar ou le bar sur la c\u00f4te slov\u00e8ne. Le printemps en ... <a href=\"https:\/\/fishing-guides-slovenia.com\/fr\/sea-fishing-season\/\">Suite<\/a><\/p>","protected":false},"author":46,"featured_media":0,"parent":0,"menu_order":26,"comment_status":"open","ping_status":"open","template":"","meta":{"footnotes":""},"class_list":["post-569","page","type-page","status-publish","hentry"],"acf":{"page_subheading":"Check out the best parts of the sea fishing season to help you catch more fish in the Adriatic sea, weather catching Sea Bass, Tuna or Mahi Mahi."},"_links":{"self":[{"href":"https:\/\/fishing-guides-slovenia.com\/fr\/wp-json\/wp\/v2\/pages\/569","targetHints":{"allow":["GET"]}}],"collection":[{"href":"https:\/\/fishing-guides-slovenia.com\/fr\/wp-json\/wp\/v2\/pages"}],"about":[{"href":"https:\/\/fishing-guides-slovenia.com\/fr\/wp-json\/wp\/v2\/types\/page"}],"author":[{"embeddable":true,"href":"https:\/\/fishing-guides-slovenia.com\/fr\/wp-json\/wp\/v2\/users\/46"}],"replies":[{"embeddable":true,"href":"https:\/\/fishing-guides-slovenia.com\/fr\/wp-json\/wp\/v2\/comments?post=569"}],"version-history":[{"count":1,"href":"https:\/\/fishing-guides-slovenia.com\/fr\/wp-json\/wp\/v2\/pages\/569\/revisions"}],"predecessor-version":[{"id":1285,"href":"https:\/\/fishing-guides-slovenia.com\/fr\/wp-json\/wp\/v2\/pages\/569\/revisions\/1285"}],"wp:attachment":[{"href":"https:\/\/fishing-guides-slovenia.com\/fr\/wp-json\/wp\/v2\/media?parent=569"}],"curies":[{"name":"wp","href":"https:\/\/api.w.org\/{rel}","templated":true}]}}