{"id":571,"date":"2020-06-01T19:31:51","date_gmt":"2020-06-01T19:31:51","guid":{"rendered":"http:\/\/fishing-guides-slovenia.com\/partners\/"},"modified":"2020-06-01T19:31:51","modified_gmt":"2020-06-01T19:31:51","slug":"partenaires","status":"publish","type":"page","link":"https:\/\/fishing-guides-slovenia.com\/fr\/partners\/","title":{"rendered":"Partenaires"},"content":{"rendered":"<h2 class=\"partners-h2\"><strong><a href=\"https:\/\/bearwatchingslovenia.com\/\" target=\"_blank\" rel=\"noreferrer noopener\">OBSERVATION DES OURS EN SLOV\u00c9NIE<\/a><\/strong><\/h2>\n\n\n\n<p>Faites l'exp\u00e9rience de l'observation des ours dans les for\u00eats naturelles vierges de Slov\u00e9nie. Suivez un expert de la faune sauvage au plus profond de la for\u00eat, o\u00f9 vous rencontrerez l'ours brun indig\u00e8ne de la Slov\u00e9nie \u00e0 travers les larges fen\u00eatres d'un belv\u00e9d\u00e8re en bois s\u00fbr - parfait pour prendre des photos \u00e9tonnantes.<\/p>\n\n\n\n<h2 class=\"partners-h2\"><a href=\"https:\/\/farmlifeslovenia.com\" data-type=\"URL\"><strong>VIE AGRICOLE SLOV\u00c8NE<\/strong><\/a><\/h2>\n\n\n\n<p>Passez une journ\u00e9e dans une ferme slov\u00e8ne typique, o\u00f9 vous pourrez voir et exp\u00e9rimenter un certain nombre d'activit\u00e9s de premi\u00e8re main. Selon la saison, vous pourrez participer aux travaux des champs, \u00e0 l'\u00e9pluchage du ma\u00efs, au ramassage des \u0153ufs, \u00e0 la fabrication du pain, \u00e0 l'apiculture, etc.<\/p>\n\n\n\n<h2 class=\"partners-h2\"><a rel=\"noreferrer noopener\" href=\"https:\/\/slovenia-activities.com\/\" target=\"_blank\"><strong>ACTIVIT\u00c9S EN SLOV\u00c9NIE<\/strong><\/a><\/h2>\n\n\n\n<p>Une grande vari\u00e9t\u00e9 des meilleures choses \u00e0 faire en Slov\u00e9nie : v\u00e9lo, randonn\u00e9e, activit\u00e9s hivernales, escalade, sp\u00e9l\u00e9ologie, canyoning, rafting et autres activit\u00e9s de plein air.<\/p>\n\n\n\n<h2 class=\"partners-h2\"><strong><a href=\"https:\/\/wine-tours-slovenia.com\/\" target=\"_blank\" rel=\"noreferrer noopener\">VISITES DE VIGNOBLES EN SLOV\u00c9NIE<\/a><\/strong><\/h2>\n\n\n\n<p>Les visites guid\u00e9es du vignoble sont parfaites pour les d\u00e9gustateurs novices comme pour les experts. Vous n'avez besoin d'aucune connaissance pr\u00e9alable. La seule chose requise est l'envie de se d\u00e9tendre, de boire du vin et de se d\u00e9tendre encore.<\/p>\n\n\n\n<p>Il n'y a pas de meilleur moyen de d\u00e9couvrir la riche tradition vinicole de la Slov\u00e9nie, de rencontrer d'autres voyageurs et de go\u00fbter aux richesses de la nature en une seule journ\u00e9e.<\/p>\n\n\n\n<h2 class=\"partners-h2\"><strong><a href=\"https:\/\/sloveniaprivatetours.com\/\" target=\"_blank\" rel=\"noreferrer noopener\">VISITES PRIV\u00c9ES EN SLOV\u00c9NIE<\/a><\/strong><\/h2>\n\n\n\n<p>Les circuits priv\u00e9s en Slov\u00e9nie vous permettent de d\u00e9couvrir notre pays sans aucun stress, en compagnie d'un chauffeur et d'un guide locaux professionnels qui vous feront d\u00e9couvrir la Slov\u00e9nie.<\/p>\n\n\n\n<h2 class=\"partners-h2\"><a href=\"https:\/\/winetastingljubljana.com\/\" target=\"_blank\" rel=\"noreferrer noopener\"><strong>D\u00c9GUSTATION DE VINS \u00c0 LJUBLJANA<\/strong><\/a><\/h2>\n\n\n\n<p>Une exp\u00e9rience unique de d\u00e9gustation de vins dans le centre de la capitale dynamique de la Slov\u00e9nie.<\/p>\n\n\n\n<h2 class=\"partners-h2\"><a href=\"https:\/\/triglavtours.com\/\" target=\"_blank\" rel=\"noreferrer noopener\"><strong>TRIGLAV TOURS<\/strong><\/a><\/h2>\n\n\n\n<p>Randonn\u00e9es guid\u00e9es au sommet de la plus haute montagne de Slov\u00e9nie<\/p>\n\n\n\n<h2 class=\"partners-h2\"><strong><a href=\"https:\/\/thebalkantours.com\/\" target=\"_blank\" rel=\"noreferrer noopener\">LES VOYAGES DANS LES BALKANS<\/a><\/strong><\/h2>\n\n\n\n<p>Des vacances inoubliables dans les pays des Balkans.<\/p>\n\n\n\n<h2 class=\"partners-h2\"><strong><a href=\"https:\/\/sloveniacyclingholidays.com\/\" target=\"_blank\" rel=\"noreferrer noopener\">VACANCES \u00c0 V\u00c9LO EN SLOV\u00c9NIE<\/a><\/strong><\/h2>\n\n\n\n<p>Cycling Holidays Slovenia est une agence de voyage \u00e9mergente, dont la mission est d'offrir \u00e0 ses clients la possibilit\u00e9 de d\u00e9couvrir les divers paysages de la Slov\u00e9nie \u00e0 v\u00e9lo.<\/p>\n\n\n\n<h2 class=\"partners-h2\"><strong><a href=\"https:\/\/huttohuthikingslovenia.com\/\" target=\"_blank\" rel=\"noreferrer noopener\">RANDONN\u00c9E DE CABANE \u00c0 CABANE SLOV\u00c9NIE<\/a><\/strong><\/h2>\n\n\n\n<p>Randonn\u00e9es guid\u00e9es et autoguid\u00e9es sur des sentiers de montagne avec vue sur les sommets alpins et la nature environnante, repos dans des cabanes et d\u00e9gustation de plats faits maison.&nbsp;<\/p>\n\n\n\n<h2 class=\"partners-h2\"><strong><a href=\"https:\/\/walking-holidays-slovenia.com\/\" target=\"_blank\" rel=\"noreferrer noopener\">VACANCES \u00c0 PIED EN SLOV\u00c9NIE<\/a><\/strong><\/h2>\n\n\n\n<p>Les circuits de randonn\u00e9e sont con\u00e7us pour emmener les visiteurs \u00e0 travers les paysages verdoyants de la Slov\u00e9nie, les vall\u00e9es luxuriantes et les rivi\u00e8res \u00e9meraudes avec les montagnes en toile de fond.<\/p>\n\n\n\n<h2 class=\"partners-h2\"><strong><a href=\"https:\/\/hvarstagdo.com\/\" target=\"_blank\" rel=\"noreferrer noopener\">HVAR STAG DO<\/a><\/strong><\/h2>\n\n\n\n<p>Le meilleur endroit pour organiser un enterrement de vie de gar\u00e7on inoubliable sur l'incroyable \u00eele de Hvar pour offrir \u00e0 votre ami quelques derni\u00e8res nuits de f\u00eate avant de se marier.<\/p>\n\n\n\n<h2 class=\"partners-h2\"><strong><a href=\"https:\/\/croatiatunafishing.com\/\" target=\"_blank\" rel=\"noreferrer noopener\">P\u00caCHE AU THON EN CROATIE<\/a><\/strong><\/h2>\n\n\n\n<p>Affr\u00e8tements de p\u00eache au gros sur tout le littoral croate avec une exp\u00e9rience de p\u00eache en mer inoubliable pour attraper les plus grands pr\u00e9dateurs de la mer Adriatique.<\/p>","protected":false},"excerpt":{"rendered":"<p>Observation de l'ours en Slov\u00e9nie Vivez l'\u00e9motion de l'observation de l'ours dans les for\u00eats naturelles vierges de Slov\u00e9nie. Suivez un expert en faune et flore dans les profondeurs de la for\u00eat, o\u00f9 vous rencontrerez l'ours brun indig\u00e8ne de Slov\u00e9nie \u00e0 travers les larges fen\u00eatres d'un mirador en bois s\u00e9curis\u00e9 - id\u00e9al pour prendre de superbes photos. VIE AGRICOLE SLOV\u00c9NIE Passez une journ\u00e9e sur un ... <a href=\"https:\/\/fishing-guides-slovenia.com\/fr\/partners\/\">Suite<\/a><\/p>","protected":false},"author":46,"featured_media":0,"parent":0,"menu_order":23,"comment_status":"open","ping_status":"open","template":"","meta":{"footnotes":""},"class_list":["post-571","page","type-page","status-publish","hentry"],"acf":{"page_subheading":""},"_links":{"self":[{"href":"https:\/\/fishing-guides-slovenia.com\/fr\/wp-json\/wp\/v2\/pages\/571","targetHints":{"allow":["GET"]}}],"collection":[{"href":"https:\/\/fishing-guides-slovenia.com\/fr\/wp-json\/wp\/v2\/pages"}],"about":[{"href":"https:\/\/fishing-guides-slovenia.com\/fr\/wp-json\/wp\/v2\/types\/page"}],"author":[{"embeddable":true,"href":"https:\/\/fishing-guides-slovenia.com\/fr\/wp-json\/wp\/v2\/users\/46"}],"replies":[{"embeddable":true,"href":"https:\/\/fishing-guides-slovenia.com\/fr\/wp-json\/wp\/v2\/comments?post=571"}],"version-history":[{"count":0,"href":"https:\/\/fishing-guides-slovenia.com\/fr\/wp-json\/wp\/v2\/pages\/571\/revisions"}],"wp:attachment":[{"href":"https:\/\/fishing-guides-slovenia.com\/fr\/wp-json\/wp\/v2\/media?parent=571"}],"curies":[{"name":"wp","href":"https:\/\/api.w.org\/{rel}","templated":true}]}}