{"id":573,"date":"2020-07-31T14:22:08","date_gmt":"2020-07-31T14:22:08","guid":{"rendered":"http:\/\/fishing-guides-slovenia.com\/fishing-licenses\/"},"modified":"2022-12-05T13:38:26","modified_gmt":"2022-12-05T13:38:26","slug":"licences-de-peche","status":"publish","type":"page","link":"https:\/\/fishing-guides-slovenia.com\/fr\/fishing-licenses\/","title":{"rendered":"Licences de p\u00eache"},"content":{"rendered":"<h2 class=\"wp-block-heading\" id=\"headline-8-2091\">P\u00eache \u00e0 la mouche<\/h2>\n\n\n\n<div class=\"wp-block-columns is-layout-flex wp-container-core-columns-is-layout-9d6595d7 wp-block-columns-is-layout-flex\">\n<div class=\"wp-block-column is-layout-flow wp-block-column-is-layout-flow\">\n<p>So\u010da<\/p>\n\n\n\n<p>Idrijca<\/p>\n\n\n\n<p>Unica<\/p>\n\n\n\n<p>Krka<\/p>\n\n\n\n<p>Sava<\/p>\n\n\n\n<p>Radovna<\/p>\n\n\n\n<p>Savinja<\/p>\n\n\n\n<p>Lac de Bohinj<\/p>\n<\/div>\n\n\n\n<div class=\"wp-block-column is-layout-flow wp-block-column-is-layout-flow\">\n<p>65 EUR<\/p>\n\n\n\n<p>60 EUR<\/p>\n\n\n\n<p>99 EUR<\/p>\n\n\n\n<p>60 EUR<\/p>\n\n\n\n<p>36 EUR<\/p>\n\n\n\n<p>45 EUR<\/p>\n\n\n\n<p>60 EUR<\/p>\n\n\n\n<p>28 EUR<\/p>\n<\/div>\n<\/div>\n\n\n\n<h2 class=\"wp-block-heading\" id=\"headline-114-2091\">P\u00eache \u00e0 la carpe<\/h2>\n\n\n\n<div class=\"wp-block-columns is-layout-flex wp-container-core-columns-is-layout-9d6595d7 wp-block-columns-is-layout-flex\">\n<div class=\"wp-block-column is-layout-flow wp-block-column-is-layout-flow\">\n<p>Lac de Bled<\/p>\n\n\n\n<p>Lac \u0160martinsko<\/p>\n\n\n\n<p>Ljubljanica<\/p>\n<\/div>\n\n\n\n<div class=\"wp-block-column is-layout-flow wp-block-column-is-layout-flow\">\n<p>57 EUR<\/p>\n\n\n\n<p>15 EUR<\/p>\n\n\n\n<p>10 EUR<\/p>\n<\/div>\n<\/div>\n\n\n\n<h2 class=\"wp-block-heading\" id=\"headline-158-2091\">P\u00eache au lancer<\/h2>\n\n\n\n<div class=\"wp-block-columns is-layout-flex wp-container-core-columns-is-layout-9d6595d7 wp-block-columns-is-layout-flex\">\n<div class=\"wp-block-column is-layout-flow wp-block-column-is-layout-flow\">\n<p>Sava Bohinjka<\/p>\n\n\n\n<p>Sava<\/p>\n\n\n\n<p>Ljubljanica<\/p>\n\n\n\n<p>Lac de Bled<\/p>\n\n\n\n<p>Vipava<\/p>\n<\/div>\n\n\n\n<div class=\"wp-block-column is-layout-flow wp-block-column-is-layout-flow\">\n<p>56 EUR<\/p>\n\n\n\n<p>15 EUR<\/p>\n\n\n\n<p>30 EUR<\/p>\n\n\n\n<p>35 EUR<\/p>\n\n\n\n<p>20 EUR<\/p>\n<\/div>\n<\/div>","protected":false},"excerpt":{"rendered":"<p>P\u00eache \u00e0 la mouche So\u010da Idrijca Unica Krka Sava Radovna Savinja Lac Bohinj 65 EUR 60 EUR 99 EUR 60 EUR 36 EUR 45 EUR 60 EUR 28 EUR P\u00eache \u00e0 la carpe Lac Bled \u0160martinsko Lac Ljubljanica 57 EUR 15 EUR 10 EUR P\u00eache \u00e0 la cuill\u00e8re Sava Bohinjka Sava Ljubljanica Lac Bled Vipava 56 EUR 15 EUR 30 EUR ... <a href=\"https:\/\/fishing-guides-slovenia.com\/fr\/fishing-licenses\/\">Suite<\/a><\/p>","protected":false},"author":46,"featured_media":1803,"parent":0,"menu_order":11,"comment_status":"open","ping_status":"open","template":"","meta":{"footnotes":""},"class_list":["post-573","page","type-page","status-publish","has-post-thumbnail","hentry"],"acf":{"page_subheading":"License prices for all the major Slovenian rivers and lakes for Fly fishing, Carp fishing and Spin fishing."},"_links":{"self":[{"href":"https:\/\/fishing-guides-slovenia.com\/fr\/wp-json\/wp\/v2\/pages\/573","targetHints":{"allow":["GET"]}}],"collection":[{"href":"https:\/\/fishing-guides-slovenia.com\/fr\/wp-json\/wp\/v2\/pages"}],"about":[{"href":"https:\/\/fishing-guides-slovenia.com\/fr\/wp-json\/wp\/v2\/types\/page"}],"author":[{"embeddable":true,"href":"https:\/\/fishing-guides-slovenia.com\/fr\/wp-json\/wp\/v2\/users\/46"}],"replies":[{"embeddable":true,"href":"https:\/\/fishing-guides-slovenia.com\/fr\/wp-json\/wp\/v2\/comments?post=573"}],"version-history":[{"count":5,"href":"https:\/\/fishing-guides-slovenia.com\/fr\/wp-json\/wp\/v2\/pages\/573\/revisions"}],"predecessor-version":[{"id":2031,"href":"https:\/\/fishing-guides-slovenia.com\/fr\/wp-json\/wp\/v2\/pages\/573\/revisions\/2031"}],"wp:featuredmedia":[{"embeddable":true,"href":"https:\/\/fishing-guides-slovenia.com\/fr\/wp-json\/wp\/v2\/media\/1803"}],"wp:attachment":[{"href":"https:\/\/fishing-guides-slovenia.com\/fr\/wp-json\/wp\/v2\/media?parent=573"}],"curies":[{"name":"wp","href":"https:\/\/api.w.org\/{rel}","templated":true}]}}