{"id":1274,"date":"2022-10-05T13:06:37","date_gmt":"2022-10-05T13:06:37","guid":{"rendered":"http:\/\/fishing-guides-slovenia.com\/?page_id=1274"},"modified":"2022-12-27T13:14:16","modified_gmt":"2022-12-27T13:14:16","slug":"stagione-di-pesca-a-mosca","status":"publish","type":"page","link":"https:\/\/fishing-guides-slovenia.com\/it\/fly-fishing-season\/","title":{"rendered":"Stagione di pesca a mosca"},"content":{"rendered":"<h2 class=\"wp-block-heading\"><strong>Gennaio e febbraio<\/strong><\/h2>\n\n\n\n<p>La stagione della pesca alla trota \u00e8 in corso, i pescatori a mosca pi\u00f9 estremi possono cimentarsi nella pesca dell'Huchen sloveno, estremamente popolare tra gli abitanti del luogo. I fiumi Sava Bohinjka e Sava offrono alcuni spot perfetti per questo tipo di pesca. Ma ricordate che la ricerca dell'Huchen \u00e8 possibile fino al 15 febbraio.<\/p>\n\n\n\n<h2 class=\"wp-block-heading\"><strong>Marzo<\/strong><\/h2>\n\n\n\n<p>Inizia la stagione della pesca a mosca per tutti coloro che hanno aspettato nervosamente a casa e sognato di bagnare una lenza e catturare la prima trota dell'anno. I fiumi sono ancora freddi e l'acqua pu\u00f2 essere un po' pi\u00f9 alta del solito a causa dello scioglimento della neve sulle montagne, ma comunque i veri pescatori tenteranno sicuramente la fortuna sui fiumi che aprono in questo mese, e lo sforzo viene di solito ricompensato con una bella cattura. Marzo \u00e8 probabilmente il periodo in cui avete pi\u00f9 bisogno di una guida che vi aiuti a trovare il posto giusto e noi, che siamo uno dei migliori servizi di guida per la pesca a mosca in Slovenia, siamo certi che le nostre guide vi porteranno sui pesci.<\/p>\n\n\n\n<h2 class=\"wp-block-heading\"><strong>Aprile<\/strong><\/h2>\n\n\n\n<p>Aprile \u00e8&nbsp;<strong>uno dei mesi pi\u00f9 intensi quando si tratta di pesca a mosca<\/strong>&nbsp;in Slovenia. Anche coloro che avevano ripensato alla pesca a marzo, ora si infilano i wader e pescano i loro fiumi preferiti, che ora sono aperti in tutta la Slovenia (tranne Unica, che apre l'1,5). La temperatura dell'acqua \u00e8 in aumento, cos\u00ec come l'attivit\u00e0 dei pesci. La vita sul fiume si sta risvegliando dal freddo e buio inverno, il che significa pi\u00f9 cibo nel fiume per i pesci affamati e pi\u00f9 bocconi per i pescatori affamati di pesce. Sicuramente uno dei mesi migliori per la pesca a mosca in Slovenia.<\/p>\n\n\n\n<figure class=\"wp-block-image\"><img decoding=\"async\" src=\"https:\/\/960335.smushcdn.com\/2671427\/wp-content\/uploads\/2020\/02\/unica-3.webp?lossy=1&amp;strip=1&amp;webp=1\" alt=\"Un pesce in mano nel fiume Unica\"\/><\/figure>\n\n\n\n<h2 class=\"wp-block-heading\"><strong>Maggio<\/strong><\/h2>\n\n\n\n<p>Ancora&nbsp;<strong>alta stagione<\/strong>&nbsp;per la pesca a mosca in Slovenia, sia per il numero di pescatori a mosca, sia per il numero di abboccate. Dopo la vigilia di aprile, il tempo si \u00e8 stabilizzato, fa caldo, le giornate si allungano e questo, insieme all'attivit\u00e0 ittica, spinge i pescatori a mosca a venire a pescare il pi\u00f9 possibile. Tenete presente che questo \u00e8 il periodo che precede le vacanze estive e l'ultimo mese prima di settembre, quando i fiumi appartengono ancora solo ai pescatori. Se volete pace e tranquillit\u00e0, questa \u00e8 l'ultima occasione per provare la pesca a mosca in Slovenia.<\/p>\n\n\n\n<figure class=\"wp-block-image\"><img decoding=\"async\" src=\"https:\/\/960335.smushcdn.com\/2671427\/wp-content\/uploads\/2020\/02\/sava-3.webp?lossy=1&amp;strip=1&amp;webp=1\" alt=\"Un grande pesce dal fiume Sava\"\/><\/figure>\n\n\n\n<h2 class=\"wp-block-heading\"><strong>Giugno, luglio, agosto<\/strong><\/h2>\n\n\n\n<p>Perfetto&nbsp;<strong>tempo di vacanze<\/strong>Non solo al mare, ma anche al fiume. Se vi recate in Slovenia, non dimenticate di portare con voi una canna da pesca e di ritagliare una giornata per praticare la pesca a mosca in uno dei tanti bellissimi fiumi sloveni. Poich\u00e9 durante il giorno la pesca nelle destinazioni turistiche pi\u00f9 popolari pu\u00f2 essere difficile, le opzioni sono la pesca a mosca nei fiumi meno affollati o la caccia alle prime mattine e ai tardi pomeriggi, il momento pi\u00f9 bello e produttivo per la pesca a mosca in estate.<\/p>\n\n\n\n<figure class=\"wp-block-image\"><img decoding=\"async\" src=\"https:\/\/960335.smushcdn.com\/2671427\/wp-content\/uploads\/2020\/02\/sava-water.webp?lossy=1&amp;strip=1&amp;webp=1\" alt=\"Il fiume Sava che attraversa la citt\u00e0 di Kranj\"\/><figcaption class=\"wp-element-caption\">Il fiume Sava che attraversa la citt\u00e0 di Kranj<\/figcaption><\/figure>\n\n\n\n<h2 class=\"wp-block-heading\"><strong>Settembre<\/strong><\/h2>\n\n\n\n<p>Settembre \u00e8 il&nbsp;<strong>seconda stagione di punta per la pesca a mosca in Slovenia<\/strong>. La folla sul fiume scompare e i fiumi tornano ad appartenere ai pescatori. I pesci sono affamati dopo le perturbazioni estive e tornano negli spot che erano stati loro sottratti durante l'estate. Le temperature sono ancora alte, le giornate sono lunghe e si pu\u00f2 pescare tutto il giorno, quindi \u00e8 il momento perfetto per le vacanze di pesca a mosca. Potete spostarvi da un fiume all'altro, prefiggervi di catturare specie specifiche come la trota Marbel o semplicemente godervi la pesca e osservare la natura che cambia lentamente nei colori pi\u00f9 belli.<\/p>\n\n\n\n<figure class=\"wp-block-image\"><img decoding=\"async\" src=\"https:\/\/960335.smushcdn.com\/2671427\/wp-content\/uploads\/2020\/01\/idrijca-7-1.webp?lossy=1&amp;strip=1&amp;webp=1\" alt=\"Pescatore con in mano un pesce pescato\"\/><\/figure>\n\n\n\n<h2 class=\"wp-block-heading\"><strong>Ottobre<\/strong><\/h2>\n\n\n\n<p>L'autunno \u00e8 alle porte, i fiumi sono i pi\u00f9 belli in questo periodo dell'anno e lo sono anche i pesci. Questo \u00e8 il momento di catturare un temolo, poich\u00e9 questa specie ittica \u00e8 particolarmente attiva durante la stagione autunnale della pesca a mosca. Uno dei posti migliori per farlo sono i fiumi Unica e Idrijca. Ma tenete presente che alcuni fiumi chiudono alla fine del mese, quindi fate attenzione alle date! Inoltre, questo mese inizia la stagione dell'Huchen, un motivo in pi\u00f9 per visitarlo.<\/p>\n\n\n\n<figure class=\"wp-block-image\"><img decoding=\"async\" src=\"https:\/\/960335.smushcdn.com\/2671427\/wp-content\/uploads\/2020\/01\/idrijca-4.webp?lossy=1&amp;strip=1&amp;webp=1\" alt=\"liberare un temolo in un fiume alpino\"\/><\/figure>\n\n\n\n<h2 class=\"wp-block-heading\"><strong>Novembre<\/strong><\/h2>\n\n\n\n<p>Ultimi giorni della stagione di pesca a mosca in Slovenia. Questo \u00e8 il momento per i pescatori pi\u00f9 esigenti, poich\u00e9 le condizioni non sono cos\u00ec ideali come nei mesi caldi. La natura si sta preparando per qualche mese di riposo, quindi questo \u00e8 il momento in cui volete davvero essere sul fiume se vi piace la pace e la tranquillit\u00e0, solo voi, il fiume, i pesci e naturalmente la nostra guida di pesca a mosca che vi assiste.<\/p>\n\n\n\n<figure class=\"wp-block-image\"><img decoding=\"async\" src=\"https:\/\/960335.smushcdn.com\/2671427\/wp-content\/uploads\/2020\/02\/unica-2.webp?lossy=1&amp;strip=1&amp;webp=1\" alt=\"Battuta di pesca sul fiume Unica\"\/><\/figure>\n\n\n\n<h2 class=\"wp-block-heading\"><strong>Dicembre<\/strong><\/h2>\n\n\n\n<p>A dicembre tutto si riposa, ma Huchen \u00e8 molto attivo durante questi mesi invernali.<\/p>","protected":false},"excerpt":{"rendered":"<p>Gennaio e febbraio la stagione della pesca alla trota \u00e8 in pausa, i pescatori a mosca pi\u00f9 estremi possono cimentarsi nella pesca dell'Huchen sloveno, estremamente popolare tra i locali. I fiumi Sava Bohinjka e Sava offrono alcuni spot perfetti per questo tipo di pesca. Ma tenete presente che la ricerca dell'Huchen \u00e8 possibile fino al 15... <a href=\"https:\/\/fishing-guides-slovenia.com\/it\/fly-fishing-season\/\">Continua<\/a><\/p>","protected":false},"author":46,"featured_media":0,"parent":0,"menu_order":0,"comment_status":"closed","ping_status":"closed","template":"","meta":{"footnotes":""},"class_list":["post-1274","page","type-page","status-publish","hentry"],"acf":{"page_subheading":"Fishing in Slovenia differs throughout the season, so here are the tips to help you decide when is the best time to go fly fishing."},"_links":{"self":[{"href":"https:\/\/fishing-guides-slovenia.com\/it\/wp-json\/wp\/v2\/pages\/1274","targetHints":{"allow":["GET"]}}],"collection":[{"href":"https:\/\/fishing-guides-slovenia.com\/it\/wp-json\/wp\/v2\/pages"}],"about":[{"href":"https:\/\/fishing-guides-slovenia.com\/it\/wp-json\/wp\/v2\/types\/page"}],"author":[{"embeddable":true,"href":"https:\/\/fishing-guides-slovenia.com\/it\/wp-json\/wp\/v2\/users\/46"}],"replies":[{"embeddable":true,"href":"https:\/\/fishing-guides-slovenia.com\/it\/wp-json\/wp\/v2\/comments?post=1274"}],"version-history":[{"count":4,"href":"https:\/\/fishing-guides-slovenia.com\/it\/wp-json\/wp\/v2\/pages\/1274\/revisions"}],"predecessor-version":[{"id":2158,"href":"https:\/\/fishing-guides-slovenia.com\/it\/wp-json\/wp\/v2\/pages\/1274\/revisions\/2158"}],"wp:attachment":[{"href":"https:\/\/fishing-guides-slovenia.com\/it\/wp-json\/wp\/v2\/media?parent=1274"}],"curies":[{"name":"wp","href":"https:\/\/api.w.org\/{rel}","templated":true}]}}