{"id":542,"date":"2020-01-13T14:41:29","date_gmt":"2020-01-13T14:41:29","guid":{"rendered":"http:\/\/fishing-guides-slovenia.com\/fishing-seasons-in-slovenia\/"},"modified":"2020-01-13T14:41:29","modified_gmt":"2020-01-13T14:41:29","slug":"stagioni-di-pesca-in-slovenia","status":"publish","type":"page","link":"https:\/\/fishing-guides-slovenia.com\/it\/fishing-seasons-in-slovenia\/","title":{"rendered":"Stagioni di pesca in Slovenia"},"content":{"rendered":"<h3 class=\"wp-block-heading\" id=\"January\"><strong>Gennaio<\/strong><\/h3>\n\n\n\n<p>A gennaio l'Huchen, il re dei pesci sloveni, \u00e8 costantemente alla ricerca di prede, quindi catturare i pesci pi\u00f9 grandi non \u00e8 un'impresa impossibile. Ma tenete presente che avete tempo fino alla met\u00e0 di febbraio per farlo. Per quanto riguarda il luccio, questo predatore d'acqua dolce sloveno \u00e8 attivo durante i freddi mesi invernali.<\/p>\n\n\n\n<h3 class=\"wp-block-heading\" id=\"February\"><strong>Febbraio<\/strong><\/h3>\n\n\n\n<p>Durante questo mese di gelo, l'Huchen e il Luccio sono attivi e possono essere catturati in dimensioni invidiabili. Sono necessari abiti caldi e pazienza.&nbsp;<\/p>\n\n\n\n<figure class=\"wp-block-image\"><img decoding=\"async\" src=\"https:\/\/960335.smushcdn.com\/2671427\/wp-content\/uploads\/2020\/04\/webp_net_resizeimage_9sfN9.webp?lossy=1&amp;strip=1&amp;webp=1\" alt=\"Risultato delle mattinate di pesca a mosca sul fiume So\u010da\"\/><\/figure>\n\n\n\n<h3 class=\"wp-block-heading\" id=\"March\"><strong>Marzo<\/strong><\/h3>\n\n\n\n<p>All'inizio di questo mese la natura inizia a risvegliarsi e con essa le carpe. Verso la fine di marzo, alcuni fiumi offrono anche trote in quantit\u00e0 ragionevoli.&nbsp;&nbsp;&nbsp;<\/p>\n\n\n\n<h3 class=\"wp-block-heading\" id=\"April\"><strong>Aprile<\/strong><\/h3>\n\n\n\n<p>La stagione della pesca a mosca \u00e8 ufficialmente aperta con tutti i tipi di trota in abbondanza.&nbsp;<\/p>\n\n\n\n<figure class=\"wp-block-image\"><img decoding=\"async\" src=\"https:\/\/960335.smushcdn.com\/2671427\/wp-content\/uploads\/2020\/04\/webp_net_resizeimage_3CyJz.webp?lossy=1&amp;strip=1&amp;webp=1\" alt=\"Trota iridea di taglia lunga catturata sul fiume Savinja\"\/><\/figure>\n\n\n\n<h3 class=\"wp-block-heading\" id=\"May\"><strong>Maggio<\/strong><\/h3>\n\n\n\n<p>Questo meraviglioso periodo dell'anno segna l'inizio della stagione dei lucci. \u00c8 il momento ideale per catturare questo straordinario predatore. A met\u00e0 maggio si apre la stagione del temolo, che durer\u00e0 fino all'autunno inoltrato.&nbsp;&nbsp;<\/p>\n\n\n\n<p>Il mese di maggio \u00e8 ottimo anche per chi vuole catturare un grosso pesce gatto di Wels. Insieme al barbo, il Wels \u00e8 pi\u00f9 attivo in primavera, con un periodo di protezione che va dal 1\u00b0 maggio al 30 giugno.&nbsp;<\/p>\n\n\n\n<h3 class=\"wp-block-heading\" id=\"July and August\"><strong>Luglio e agosto<\/strong><\/h3>\n\n\n\n<p>I mesi estivi sono i pi\u00f9 abbondanti. In questo periodo caldo \u00e8 possibile pescare ogni specie di pesce. Le giornate sono pi\u00f9 lunghe e cos\u00ec anche il tempo per pescare. La pesca notturna alla carpa \u00e8 sempre un'ottima idea.&nbsp;<\/p>\n\n\n\n<figure class=\"wp-block-image\"><img decoding=\"async\" src=\"https:\/\/960335.smushcdn.com\/2671427\/wp-content\/uploads\/2020\/02\/pike-2.webp?lossy=1&amp;strip=1&amp;webp=1\" alt=\"Un pescatore e la sua pi\u00f9 grande cattura del giorno\"\/><\/figure>\n\n\n\n<h3 class=\"wp-block-heading\" id=\"September\"><strong>Settembre<\/strong><\/h3>\n\n\n\n<p>L'inizio dell'autunno tramonta lentamente e i pesci sono impegnati a nutrirsi in vista del riposo invernale. L'autunno \u00e8 perfetto per catturare pesci di quasi tutte le specie.&nbsp;<\/p>\n\n\n\n<h3 class=\"wp-block-heading\" id=\"October\"><strong>Ottobre<\/strong><\/h3>\n\n\n\n<p>All'inizio di questo mese si riapre la stagione per la cattura del re delle acque slovene, il salmone del Danubio. \u00c8 possibile catturare questo splendido pesce fino al 15 febbraio. A fine ottobre si conclude la stagione della trota marmorata. Se i mesi autunnali sono abbastanza caldi, la maggior parte dei pesci sloveni pu\u00f2 essere catturata fino a novembre.&nbsp;&nbsp;<\/p>\n\n\n\n<figure class=\"wp-block-image\"><img decoding=\"async\" src=\"https:\/\/960335.smushcdn.com\/2671427\/wp-content\/uploads\/2020\/02\/rainbow-trout-1.webp?lossy=1&amp;strip=1&amp;webp=1\" alt=\"Pescatore che tiene tra le mani una trota iridea\"\/><\/figure>\n\n\n\n<h3 class=\"wp-block-heading\" id=\"November\"><strong>Novembre<\/strong><\/h3>\n\n\n\n<p>\u00c8 il momento in cui la natura inizia a calmarsi. Per gli amanti della pace e della solitudine \u00e8 il momento di avventurarsi nei fiumi e nei laghi con l'obiettivo di catturare carpe, temoli e trote da trofeo.<\/p>\n\n\n\n<figure class=\"wp-block-image\"><img decoding=\"async\" src=\"https:\/\/960335.smushcdn.com\/2671427\/wp-content\/uploads\/2020\/03\/Robert-R.webp?lossy=1&amp;strip=1&amp;webp=1\" alt=\"Pesca nel mare sloveno\"\/><figcaption>Robert R Guida di pesca<\/figcaption><\/figure>\n\n\n\n<h3 class=\"wp-block-heading\" id=\"December\"><strong>Dicembre<\/strong><\/h3>\n\n\n\n<p>\u00c8 il periodo in cui la maggior parte dei pesci \u00e8 meno attiva, ma la stagione invernale ha i suoi vantaggi. Il grande Huchen pu\u00f2 essere catturato fino a met\u00e0 febbraio, il luccio rimane una cattura gratificante fino alla fine di gennaio e una carpa di dimensioni da trofeo attende ancora nelle acque gelide del lago di Bled.<\/p>","protected":false},"excerpt":{"rendered":"<p>Gennaio A gennaio l'Huchen, il re dei pesci sloveni, \u00e8 costantemente alla ricerca di prede, quindi catturare i pesci pi\u00f9 grandi non \u00e8 un'impresa impossibile. Ma tenete presente che avete tempo fino alla met\u00e0 di febbraio per farlo. Per quanto riguarda il luccio, questo predatore d'acqua dolce sloveno \u00e8 attivo durante i freddi mesi invernali. Febbraio Durante questo gelido ... <a href=\"https:\/\/fishing-guides-slovenia.com\/it\/fishing-seasons-in-slovenia\/\">Continua<\/a><\/p>","protected":false},"author":46,"featured_media":0,"parent":0,"menu_order":12,"comment_status":"open","ping_status":"open","template":"","meta":{"footnotes":""},"class_list":["post-542","page","type-page","status-publish","hentry"],"acf":{"page_subheading":"The good news is that fishing can be enjoyed in Slovenia all year round. Check out the months to enjoy Fly, Carp or Sea fishing in Slovenia."},"_links":{"self":[{"href":"https:\/\/fishing-guides-slovenia.com\/it\/wp-json\/wp\/v2\/pages\/542","targetHints":{"allow":["GET"]}}],"collection":[{"href":"https:\/\/fishing-guides-slovenia.com\/it\/wp-json\/wp\/v2\/pages"}],"about":[{"href":"https:\/\/fishing-guides-slovenia.com\/it\/wp-json\/wp\/v2\/types\/page"}],"author":[{"embeddable":true,"href":"https:\/\/fishing-guides-slovenia.com\/it\/wp-json\/wp\/v2\/users\/46"}],"replies":[{"embeddable":true,"href":"https:\/\/fishing-guides-slovenia.com\/it\/wp-json\/wp\/v2\/comments?post=542"}],"version-history":[{"count":0,"href":"https:\/\/fishing-guides-slovenia.com\/it\/wp-json\/wp\/v2\/pages\/542\/revisions"}],"wp:attachment":[{"href":"https:\/\/fishing-guides-slovenia.com\/it\/wp-json\/wp\/v2\/media?parent=542"}],"curies":[{"name":"wp","href":"https:\/\/api.w.org\/{rel}","templated":true}]}}