{"id":560,"date":"2020-04-22T21:48:47","date_gmt":"2020-04-22T21:48:47","guid":{"rendered":"http:\/\/fishing-guides-slovenia.com\/tailor-made\/"},"modified":"2022-12-05T11:00:38","modified_gmt":"2022-12-05T11:00:38","slug":"su-misura","status":"publish","type":"page","link":"https:\/\/fishing-guides-slovenia.com\/it\/tailor-made\/","title":{"rendered":"Su misura"},"content":{"rendered":"<p>Garantiamo che ogni prodotto presente sul nostro sito \u00e8 stato progettato per darvi il massimo della qualit\u00e0.&nbsp;<strong>la migliore esperienza di pesca<\/strong>&nbsp;Slovenia ha da offrire. Poich\u00e9 siamo consapevoli che \u00e8 impossibile coprire tutto e che i vostri desideri possono differire dalla nostra offerta, vi diamo la possibilit\u00e0 di progettare le vostre vacanze di pesca personalizzate.&nbsp;<\/p>\n\n\n\n<p>\u00c8 possibile personalizzare completamente il proprio<strong>Vacanze di pesca su misura in Slovenia<\/strong>Secondo i vostri desideri, siamo qui per aiutarvi in ogni fase del viaggio. Scegliete quanti giorni volete soggiornare, le acque in cui volete pescare, le tecniche di pesca che volete provare, il tipo di alloggio che preferite... Potete anche scegliere dove o cosa mangiare.<\/p>\n\n\n\n<p>Siamo qui per rendere tutto ci\u00f2 possibile, per darvi il<strong>Le migliori guide di pesca<\/strong>e per assicurarci che un giorno torniate. Quindi non esitate a dirci tutto quello che volete e come lo volete.<\/p>\n\n\n\n<p>Come funziona?<\/p>\n\n\n\n<p>Potete scegliere uno dei nostri&nbsp;<strong>pacchetti di vacanze di pesca esistenti<\/strong>&nbsp;e modificarlo in base ai vostri desideri, oppure possiamo creare una&nbsp;<strong>pacchetto personalizzato studiato appositamente per voi<\/strong>.<\/p>\n\n\n\n<p>Tutto ci\u00f2 che dovete fare \u00e8&nbsp;<strong>compilare la richiesta di informazioni<\/strong>&nbsp;dove potrete indicare tutte le vostre richieste e noi ci metteremo in contatto con voi per discutere ogni dettaglio delle vostre prossime vacanze di pesca perfette.<\/p>","protected":false},"excerpt":{"rendered":"<p>Vi garantiamo che ogni prodotto presente sul nostro sito \u00e8 stato progettato per offrirvi la migliore esperienza di pesca che la Slovenia possa offrire. Poich\u00e9 siamo consapevoli che \u00e8 impossibile coprire tutto e che i vostri desideri possono differire dalla nostra offerta, vi diamo la possibilit\u00e0 di progettare le vostre vacanze di pesca.  Potete personalizzare completamente ... <a href=\"https:\/\/fishing-guides-slovenia.com\/it\/tailor-made\/\">Continua<\/a><\/p>","protected":false},"author":46,"featured_media":1553,"parent":0,"menu_order":28,"comment_status":"open","ping_status":"open","template":"","meta":{"footnotes":""},"class_list":["post-560","page","type-page","status-publish","has-post-thumbnail","hentry"],"acf":{"page_subheading":"Personalise your fishing holidays in Slovenia and get an all-inclusive experience. Everything tailored exactly to your needs and wishes."},"_links":{"self":[{"href":"https:\/\/fishing-guides-slovenia.com\/it\/wp-json\/wp\/v2\/pages\/560","targetHints":{"allow":["GET"]}}],"collection":[{"href":"https:\/\/fishing-guides-slovenia.com\/it\/wp-json\/wp\/v2\/pages"}],"about":[{"href":"https:\/\/fishing-guides-slovenia.com\/it\/wp-json\/wp\/v2\/types\/page"}],"author":[{"embeddable":true,"href":"https:\/\/fishing-guides-slovenia.com\/it\/wp-json\/wp\/v2\/users\/46"}],"replies":[{"embeddable":true,"href":"https:\/\/fishing-guides-slovenia.com\/it\/wp-json\/wp\/v2\/comments?post=560"}],"version-history":[{"count":2,"href":"https:\/\/fishing-guides-slovenia.com\/it\/wp-json\/wp\/v2\/pages\/560\/revisions"}],"predecessor-version":[{"id":1271,"href":"https:\/\/fishing-guides-slovenia.com\/it\/wp-json\/wp\/v2\/pages\/560\/revisions\/1271"}],"wp:featuredmedia":[{"embeddable":true,"href":"https:\/\/fishing-guides-slovenia.com\/it\/wp-json\/wp\/v2\/media\/1553"}],"wp:attachment":[{"href":"https:\/\/fishing-guides-slovenia.com\/it\/wp-json\/wp\/v2\/media?parent=560"}],"curies":[{"name":"wp","href":"https:\/\/api.w.org\/{rel}","templated":true}]}}