{"id":561,"date":"2020-04-22T22:31:31","date_gmt":"2020-04-22T22:31:31","guid":{"rendered":"http:\/\/fishing-guides-slovenia.com\/equipment-rental\/"},"modified":"2022-12-05T09:59:38","modified_gmt":"2022-12-05T09:59:38","slug":"noleggio-attrezzature","status":"publish","type":"page","link":"https:\/\/fishing-guides-slovenia.com\/it\/equipment-rental\/","title":{"rendered":"Noleggio di attrezzature"},"content":{"rendered":"<p><\/p>\n\n\n\n<p>Alcuni di voi hanno gi\u00e0 pianificato il vostro viaggio di pesca in Slovenia, hanno gi\u00e0 tutti i dettagli e sanno dove pescare, ma il vostro problema \u00e8 che avete l'aereo o altri problemi per trasportare l'attrezzatura da pesca nel nostro Paese. Non preoccupatevi, possiamo occuparci anche di questo. Soprattutto per casi come questo, abbiamo un sacco di attrezzature extra che \u00e8 possibile noleggiare. Per ogni tipo di pesca (tranne quella in mare) abbiamo tutta l'attrezzatura necessaria, dalle canne, ai waders, alle tende, fino al pi\u00f9 piccolo amo da mosca.<\/p>\n\n\n\n<p>La nostra agenzia si trova a Lubiana, dove potrete ritirare l'attrezzatura e poi riconsegnarla, ma per un prezzo aggiuntivo possiamo anche consegnarvi l'attrezzatura e poi ritirarla alla fine della giornata\/sessione.<\/p>\n\n\n\n<figure class=\"wp-block-image\"><img decoding=\"async\" src=\"https:\/\/960335.smushcdn.com\/2671427\/wp-content\/uploads\/2020\/07\/fishing-equipment.webp?lossy=1&amp;strip=1&amp;webp=1\" alt=\"\"\/><\/figure>\n\n\n\n<h3 class=\"wp-block-heading\" id=\"headline-92-1209\">Attrezzatura per la pesca a mosca<\/h3>\n\n\n\n<ul class=\"wp-block-list\"><li>Canna (Orvis) - 30 \u20ac<\/li><li>Trampolieri - 30 \u20ac<\/li><li>Rete da sbarco - 5 \u20ac<\/li><li>Mosche (10 in un pacchetto, si possono tenere) - 30 \u20ac<\/li><li>Belly boat - 50 \u20ac<\/li><li><strong>Pacchetto completo&nbsp;<\/strong>(canna, trampolieri, rete da sbarco) - 50<\/li><li>Consegna e ritiro - 40 \u20ac<\/li><\/ul>\n\n\n\n<figure class=\"wp-block-image\"><img decoding=\"async\" src=\"https:\/\/960335.smushcdn.com\/2671427\/wp-content\/uploads\/2020\/04\/fly-fishing-bait.webp?lossy=1&amp;strip=1&amp;webp=1\" alt=\"\"\/><\/figure>\n\n\n\n<h3 class=\"wp-block-heading\" id=\"headline-94-1209\">Attrezzatura per il Carp Fishing<\/h3>\n\n\n\n<ul class=\"wp-block-list\"><li>2 canne (Daiwa) - 30 \u20ac<\/li><li>Rod Pod , allarmi di morso, scambisti - 20 \u20ac<\/li><li>Tenda, sedia a sdraio, sacco a pelo - 30 \u20ac<\/li><li>Culla, imbragatura, rete di atterraggio, bilancia, secchio - 20 \u20ac<\/li><li>Barca - 30 \u20ac<\/li><li>Boilies (5kg) - 30 \u20ac<\/li><li>Particelle (10 kg) - 10 \u20ac<\/li><li>Attrezzatura da cucina (piatti, posate, fornello, tavolino, borsa termica) - 20 \u20ac<\/li><li><strong>Pacchetto completo Sessione diurna<\/strong>&nbsp;( 2 canne, rod pod, allarmi per esche, culla, imbragatura per pesi, rete di atterraggio, bilancia, secchio) - 70 \u20ac<\/li><li><strong>Pacchetto completo Campagne di pesca&nbsp;<\/strong>( canne, rodpod, allarme esca, culla, imbragatura per il peso, rete di atterraggio, bilancia, secchio, tenda, sedia a sdraio, sacco a pelo, attrezzatura da cucina) - 100 \u20ac<\/li><li>Consegna e ritiro - 40 \u20ac<\/li><\/ul>\n\n\n\n<figure class=\"wp-block-image\"><img decoding=\"async\" src=\"https:\/\/960335.smushcdn.com\/2671427\/wp-content\/uploads\/2020\/01\/bled-carp-1.webp?lossy=1&amp;strip=1&amp;webp=1\" alt=\"\"\/><\/figure>\n\n\n\n<h3 class=\"wp-block-heading\" id=\"headline-97-1209\">Attrezzatura per la pesca a spinning<\/h3>\n\n\n\n<ul class=\"wp-block-list\"><li>Asta (Sportex) - 30 \u20ac<\/li><li>Esche (10) - 20 \u20ac<\/li><li>Trampolieri - 30 \u20ac<\/li><li>Rete da sbarco - 5 \u20ac<\/li><li><strong>Pacchetto completo<\/strong>&nbsp;(canna, esche, trampolieri, rete da sbarco) - 50 \u20ac<\/li><li>Consegna e ritiro - 40 \u20ac<\/li><\/ul>","protected":false},"excerpt":{"rendered":"<p>Alcuni di voi hanno gi\u00e0 pianificato il vostro viaggio di pesca in Slovenia, hanno gi\u00e0 tutti i dettagli e sanno dove pescare, ma il vostro problema \u00e8 che avete l'aereo o altri problemi per trasportare l'attrezzatura da pesca nel nostro Paese. Non preoccupatevi, possiamo occuparci anche di questo. Proprio per casi come questo, noi ... <a href=\"https:\/\/fishing-guides-slovenia.com\/it\/equipment-rental\/\">Continua<\/a><\/p>","protected":false},"author":46,"featured_media":1525,"parent":0,"menu_order":7,"comment_status":"open","ping_status":"open","template":"","meta":{"footnotes":""},"class_list":["post-561","page","type-page","status-publish","has-post-thumbnail","hentry"],"acf":{"page_subheading":"A perfect solution for those, who can\u2019t bring your own equipment with you. We'll have you covered with rods, waders, baits and tents."},"_links":{"self":[{"href":"https:\/\/fishing-guides-slovenia.com\/it\/wp-json\/wp\/v2\/pages\/561","targetHints":{"allow":["GET"]}}],"collection":[{"href":"https:\/\/fishing-guides-slovenia.com\/it\/wp-json\/wp\/v2\/pages"}],"about":[{"href":"https:\/\/fishing-guides-slovenia.com\/it\/wp-json\/wp\/v2\/types\/page"}],"author":[{"embeddable":true,"href":"https:\/\/fishing-guides-slovenia.com\/it\/wp-json\/wp\/v2\/users\/46"}],"replies":[{"embeddable":true,"href":"https:\/\/fishing-guides-slovenia.com\/it\/wp-json\/wp\/v2\/comments?post=561"}],"version-history":[{"count":4,"href":"https:\/\/fishing-guides-slovenia.com\/it\/wp-json\/wp\/v2\/pages\/561\/revisions"}],"predecessor-version":[{"id":1914,"href":"https:\/\/fishing-guides-slovenia.com\/it\/wp-json\/wp\/v2\/pages\/561\/revisions\/1914"}],"wp:featuredmedia":[{"embeddable":true,"href":"https:\/\/fishing-guides-slovenia.com\/it\/wp-json\/wp\/v2\/media\/1525"}],"wp:attachment":[{"href":"https:\/\/fishing-guides-slovenia.com\/it\/wp-json\/wp\/v2\/media?parent=561"}],"curies":[{"name":"wp","href":"https:\/\/api.w.org\/{rel}","templated":true}]}}