{"id":566,"date":"2020-04-23T10:07:09","date_gmt":"2020-04-23T10:07:09","guid":{"rendered":"http:\/\/fishing-guides-slovenia.com\/carp-fishing-season\/"},"modified":"2024-07-30T09:59:21","modified_gmt":"2024-07-30T09:59:21","slug":"stagione-di-pesca-alla-carpa","status":"publish","type":"page","link":"https:\/\/fishing-guides-slovenia.com\/it\/carp-fishing-season\/","title":{"rendered":"Stagione di pesca alla carpa"},"content":{"rendered":"<h2 class=\"wp-block-heading\">Gennaio<\/h2>\n\n\n\n<p>Un mese per i pescatori di carpe pi\u00f9 tenaci. I laghi sono per lo pi\u00f9 ghiacciati, quindi i fiumi sono perfetti se volete catturare una carpa invernale. Con un po' di pre-baiting, le possibilit\u00e0 di successo non sono affatto scarse!<\/p>\n\n\n\n<figure class=\"wp-block-image size-large\"><img loading=\"lazy\" decoding=\"async\" width=\"1024\" height=\"645\" src=\"https:\/\/fishing-guides-slovenia.com\/wp-content\/uploads\/Lake-Bled-in-winter-1024x645.webp\" alt=\"Visita alla chiesa gotica sull&#039;isola del lago di Bled, Slovenia\" class=\"wp-image-2406\" srcset=\"https:\/\/fishing-guides-slovenia.com\/wp-content\/uploads\/Lake-Bled-in-winter-1024x645.webp 1024w, https:\/\/fishing-guides-slovenia.com\/wp-content\/uploads\/Lake-Bled-in-winter-300x189.webp 300w, https:\/\/fishing-guides-slovenia.com\/wp-content\/uploads\/Lake-Bled-in-winter-768x484.webp 768w, https:\/\/fishing-guides-slovenia.com\/wp-content\/uploads\/Lake-Bled-in-winter-1536x968.webp 1536w, https:\/\/fishing-guides-slovenia.com\/wp-content\/uploads\/Lake-Bled-in-winter-18x12.webp 18w, https:\/\/fishing-guides-slovenia.com\/wp-content\/uploads\/Lake-Bled-in-winter.webp 2000w\" sizes=\"auto, (max-width: 1024px) 100vw, 1024px\" \/><figcaption class=\"wp-element-caption\">Il lago di Bled in inverno<\/figcaption><\/figure>\n\n\n\n<h2 class=\"wp-block-heading\">Febbraio<\/h2>\n\n\n\n<p>A febbraio, la pesca alla carpa in Slovenia dipende da quanto \u00e8 stato rigido l'inverno di quell'anno. Nella maggior parte dei casi, la seconda met\u00e0 di febbraio \u00e8 sempre un buon momento per catturare le prime carpe; se le condizioni sono buone, si possono anche ottenere molte abboccate in un solo giorno. I pesci sono ancora un po' assonnati, quindi potete sfruttare questa situazione a vostro vantaggio e ingannare una grossa carpa per farla abboccare.<\/p>\n\n\n\n<figure class=\"wp-block-image size-large\"><img loading=\"lazy\" decoding=\"async\" width=\"1024\" height=\"682\" src=\"https:\/\/fishing-guides-slovenia.com\/wp-content\/uploads\/carp-1-1-1024x682.webp\" alt=\"\" class=\"wp-image-1947\" srcset=\"https:\/\/fishing-guides-slovenia.com\/wp-content\/uploads\/carp-1-1-1024x682.webp 1024w, https:\/\/fishing-guides-slovenia.com\/wp-content\/uploads\/carp-1-1-300x200.webp 300w, https:\/\/fishing-guides-slovenia.com\/wp-content\/uploads\/carp-1-1-768x511.webp 768w, https:\/\/fishing-guides-slovenia.com\/wp-content\/uploads\/carp-1-1-18x12.webp 18w, https:\/\/fishing-guides-slovenia.com\/wp-content\/uploads\/carp-1-1.webp 1250w\" sizes=\"auto, (max-width: 1024px) 100vw, 1024px\" \/><figcaption class=\"wp-element-caption\">Guida di pesca con in mano una carpa<\/figcaption><\/figure>\n\n\n\n<h2 class=\"wp-block-heading\">Marzo<\/h2>\n\n\n\n<p>Marzo \u00e8 l'apertura non ufficiale della stagione di pesca alla carpa. Il tempo si fa pi\u00f9 caldo e cos\u00ec anche l'acqua, i pesci diventano pi\u00f9 attivi e sono affamati dal sonno invernale, quindi le condizioni per la pesca alla carpa sono buone. Poich\u00e9 la pesca alla carpa sul lago di Bled non \u00e8 consentita fino ad aprile, il lago \u0160martinsko \u00e8 il luogo perfetto per qualche giorno e i primi oltre 20 pesci della stagione sono a pochi lanci.<\/p>\n\n\n\n<figure class=\"wp-block-image size-large\"><img loading=\"lazy\" decoding=\"async\" width=\"1024\" height=\"768\" src=\"https:\/\/fishing-guides-slovenia.com\/wp-content\/uploads\/smartinsko-5-days-1024x768.webp\" alt=\"smartinsko 5 giorni\" class=\"wp-image-2268\" srcset=\"https:\/\/fishing-guides-slovenia.com\/wp-content\/uploads\/smartinsko-5-days-1024x768.webp 1024w, https:\/\/fishing-guides-slovenia.com\/wp-content\/uploads\/smartinsko-5-days-300x225.webp 300w, https:\/\/fishing-guides-slovenia.com\/wp-content\/uploads\/smartinsko-5-days-768x576.webp 768w, https:\/\/fishing-guides-slovenia.com\/wp-content\/uploads\/smartinsko-5-days-1536x1152.webp 1536w, https:\/\/fishing-guides-slovenia.com\/wp-content\/uploads\/smartinsko-5-days-2048x1536.webp 2048w, https:\/\/fishing-guides-slovenia.com\/wp-content\/uploads\/smartinsko-5-days-16x12.webp 16w, https:\/\/fishing-guides-slovenia.com\/wp-content\/uploads\/smartinsko-5-days-scaled.webp 1920w\" sizes=\"auto, (max-width: 1024px) 100vw, 1024px\" \/><figcaption class=\"wp-element-caption\">Lago \u0160martinsko<\/figcaption><\/figure>\n\n\n\n<h2 class=\"wp-block-heading\">Aprile<\/h2>\n\n\n\n<p>Una stagione di punta dei primi sei mesi. Se c'\u00e8 un momento per catturare una carpa \u00e8 proprio questo. La temperatura dell'acqua sale fino al punto in cui i pesci iniziano a nutrirsi massicciamente per prepararsi alla deposizione delle uova. Le giornate si allungano, le notti non sono pi\u00f9 cos\u00ec fredde e la natura mostra i suoi attributi. Tutte le acque per la pesca alla carpa del nostro elenco sono ora disponibili, compreso il lago di Bled.<\/p>\n\n\n\n<figure class=\"wp-block-image size-large\"><img loading=\"lazy\" decoding=\"async\" width=\"1024\" height=\"578\" src=\"https:\/\/fishing-guides-slovenia.com\/wp-content\/uploads\/bled-carp-2-1-1024x578.webp\" alt=\"Pescatore che pesca sul lago di Bled\" class=\"wp-image-1957\" srcset=\"https:\/\/fishing-guides-slovenia.com\/wp-content\/uploads\/bled-carp-2-1-1024x578.webp 1024w, https:\/\/fishing-guides-slovenia.com\/wp-content\/uploads\/bled-carp-2-1-300x169.webp 300w, https:\/\/fishing-guides-slovenia.com\/wp-content\/uploads\/bled-carp-2-1-768x434.webp 768w, https:\/\/fishing-guides-slovenia.com\/wp-content\/uploads\/bled-carp-2-1-18x10.webp 18w, https:\/\/fishing-guides-slovenia.com\/wp-content\/uploads\/bled-carp-2-1.webp 1250w\" sizes=\"auto, (max-width: 1024px) 100vw, 1024px\" \/><figcaption class=\"wp-element-caption\">Pesca sul bellissimo lago di Bled<\/figcaption><\/figure>\n\n\n\n<h2 class=\"wp-block-heading\">Maggio<\/h2>\n\n\n\n<p>In alcuni laghi, l'acqua \u00e8 abbastanza calda da permettere alle carpe di iniziare la deposizione delle uova, ma di solito non \u00e8 il caso del lago di Bled e del lago \u0160martinsko, che sono pi\u00f9 profondi e quindi pi\u00f9 freddi. Ma anche se l'acqua \u00e8 un po' pi\u00f9 calda del solito, in questi laghi i pesci non si riproducono tutti nello stesso momento, quindi se decidete di venire a fare carp fishing in Slovenia, maggio \u00e8 un ottimo periodo per farlo.<\/p>\n\n\n\n<figure class=\"wp-block-image size-full\"><img loading=\"lazy\" decoding=\"async\" width=\"1250\" height=\"703\" src=\"https:\/\/fishing-guides-slovenia.com\/wp-content\/uploads\/smartinsko-lake-6.webp\" alt=\"\" class=\"wp-image-1785\" srcset=\"https:\/\/fishing-guides-slovenia.com\/wp-content\/uploads\/smartinsko-lake-6.webp 1250w, https:\/\/fishing-guides-slovenia.com\/wp-content\/uploads\/smartinsko-lake-6-300x169.webp 300w, https:\/\/fishing-guides-slovenia.com\/wp-content\/uploads\/smartinsko-lake-6-1024x576.webp 1024w, https:\/\/fishing-guides-slovenia.com\/wp-content\/uploads\/smartinsko-lake-6-768x432.webp 768w, https:\/\/fishing-guides-slovenia.com\/wp-content\/uploads\/smartinsko-lake-6-18x10.webp 18w\" sizes=\"auto, (max-width: 1250px) 100vw, 1250px\" \/><figcaption class=\"wp-element-caption\">Catturate la vostra carpa mostruosa<\/figcaption><\/figure>\n\n\n\n<h2 class=\"wp-block-heading\">Giugno, luglio, agosto<\/h2>\n\n\n\n<p>All'inizio dell'estate ci possono essere ancora alcuni segni di deposizione delle uova, ma le condizioni per la pesca alla carpa in Slovenia sono le migliori durante l'estate. Clima caldo, giornate lunghe e notti brevi per recuperare le energie, carpe attive e buona compagnia sono tutto ci\u00f2 che si pu\u00f2 chiedere. Quindi, se volete catturare grandi pesci guardando il tramonto con una birra in mano, venite in Slovenia per qualche giorno di pesca alla carpa.<\/p>\n\n\n\n<figure class=\"wp-block-image size-large\"><img loading=\"lazy\" decoding=\"async\" width=\"1024\" height=\"682\" src=\"https:\/\/fishing-guides-slovenia.com\/wp-content\/uploads\/carp-2-1024x682.webp\" alt=\"\" class=\"wp-image-1486\" srcset=\"https:\/\/fishing-guides-slovenia.com\/wp-content\/uploads\/carp-2-1024x682.webp 1024w, https:\/\/fishing-guides-slovenia.com\/wp-content\/uploads\/carp-2-300x200.webp 300w, https:\/\/fishing-guides-slovenia.com\/wp-content\/uploads\/carp-2-768x512.webp 768w, https:\/\/fishing-guides-slovenia.com\/wp-content\/uploads\/carp-2-18x12.webp 18w, https:\/\/fishing-guides-slovenia.com\/wp-content\/uploads\/carp-2.webp 1250w\" sizes=\"auto, (max-width: 1024px) 100vw, 1024px\" \/><figcaption class=\"wp-element-caption\">Una carpa in libert\u00e0<\/figcaption><\/figure>\n\n\n\n<h2 class=\"wp-block-heading\">Settembre<\/h2>\n\n\n\n<p>Un inizio di pesca alla carpa grossa. Le temperature scendono un po' e questo d\u00e0 ai pesci il segnale di iniziare a nutrirsi per i mesi pi\u00f9 freddi. Di conseguenza, noi pescatori di carpe riceviamo pi\u00f9 abboccate e pesci pi\u00f9 pesanti. C'\u00e8 meno confusione in acqua, i turisti se ne vanno e torna la tranquillit\u00e0, rendendo questo periodo ideale per la pesca. La natura sta cambiando i suoi colori in tonalit\u00e0 pi\u00f9 calde, e lo stesso vale per le carpe.<\/p>\n\n\n\n<figure class=\"wp-block-image size-large\"><img loading=\"lazy\" decoding=\"async\" width=\"1024\" height=\"569\" src=\"https:\/\/fishing-guides-slovenia.com\/wp-content\/uploads\/79149652_3868800523145553_1050175643389526016_o-1024x569.webp\" alt=\"\" class=\"wp-image-1390\" srcset=\"https:\/\/fishing-guides-slovenia.com\/wp-content\/uploads\/79149652_3868800523145553_1050175643389526016_o-1024x569.webp 1024w, https:\/\/fishing-guides-slovenia.com\/wp-content\/uploads\/79149652_3868800523145553_1050175643389526016_o-300x167.webp 300w, https:\/\/fishing-guides-slovenia.com\/wp-content\/uploads\/79149652_3868800523145553_1050175643389526016_o-768x427.webp 768w, https:\/\/fishing-guides-slovenia.com\/wp-content\/uploads\/79149652_3868800523145553_1050175643389526016_o-18x10.webp 18w, https:\/\/fishing-guides-slovenia.com\/wp-content\/uploads\/79149652_3868800523145553_1050175643389526016_o.webp 1440w\" sizes=\"auto, (max-width: 1024px) 100vw, 1024px\" \/><figcaption class=\"wp-element-caption\">Tempo freddo significa buona stagione per la pesca alla carpa<\/figcaption><\/figure>\n\n\n\n<h2 class=\"wp-block-heading\">Ottobre<\/h2>\n\n\n\n<p>\u00c8 il mese ideale per battere il vostro record personale di carpe e riuscire a tenerlo in mano per una foto senza che le dita si congelino a causa delle basse temperature. L'alimentazione \u00e8 al massimo, l'ultima occasione per le carpe di ingrassare prima dell'inverno. S\u00ec, fa un po' pi\u00f9 freddo, ma le ricompense sono pi\u00f9 grandi, o meglio, pi\u00f9 pesanti. Il periodo migliore per andare a pesca di carpe in Slovenia \u00e8 un'opinione comune a tutte le nostre guide di pesca alla carpa.<\/p>\n\n\n\n<figure class=\"wp-block-image size-full\"><img loading=\"lazy\" decoding=\"async\" width=\"1250\" height=\"703\" src=\"https:\/\/fishing-guides-slovenia.com\/wp-content\/uploads\/bled-carp-7.webp\" alt=\"\" class=\"wp-image-1446\" srcset=\"https:\/\/fishing-guides-slovenia.com\/wp-content\/uploads\/bled-carp-7.webp 1250w, https:\/\/fishing-guides-slovenia.com\/wp-content\/uploads\/bled-carp-7-300x169.webp 300w, https:\/\/fishing-guides-slovenia.com\/wp-content\/uploads\/bled-carp-7-1024x576.webp 1024w, https:\/\/fishing-guides-slovenia.com\/wp-content\/uploads\/bled-carp-7-768x432.webp 768w, https:\/\/fishing-guides-slovenia.com\/wp-content\/uploads\/bled-carp-7-18x10.webp 18w\" sizes=\"auto, (max-width: 1250px) 100vw, 1250px\" \/><figcaption class=\"wp-element-caption\">La pazienza viene premiata<\/figcaption><\/figure>\n\n\n\n<h2 class=\"wp-block-heading\">Novembre<\/h2>\n\n\n\n<p>Se fate una passeggiata intorno al lago vedrete molti pescatori di carpe locali, e hanno un buon motivo. Tutti aspettano i pesci pi\u00f9 grandi che si stanno ancora nutrendo. Le abboccate tendono ad essere lente, ma quando arrivano, potreste avere il pesce della vostra vita all'estremit\u00e0 della lenza. Certo, fa freddo, ma pescare sul lago di Bled durante il giorno o campeggiare sul lago \u0160martinsko con una stufa nella tenda pu\u00f2 essere sopportabile se si tiene conto della possibilit\u00e0 di catture di oltre 30 kg.<\/p>\n\n\n\n<figure class=\"wp-block-image size-large\"><img loading=\"lazy\" decoding=\"async\" width=\"1024\" height=\"524\" src=\"https:\/\/fishing-guides-slovenia.com\/wp-content\/uploads\/bled-carp-fishing-scaled-1024x524.webp\" alt=\"Pesca sul bellissimo lago di Bled\" class=\"wp-image-2263\" srcset=\"https:\/\/fishing-guides-slovenia.com\/wp-content\/uploads\/bled-carp-fishing-scaled-1024x524.webp 1024w, https:\/\/fishing-guides-slovenia.com\/wp-content\/uploads\/bled-carp-fishing-scaled-300x154.webp 300w, https:\/\/fishing-guides-slovenia.com\/wp-content\/uploads\/bled-carp-fishing-scaled-768x393.webp 768w, https:\/\/fishing-guides-slovenia.com\/wp-content\/uploads\/bled-carp-fishing-scaled-1536x786.webp 1536w, https:\/\/fishing-guides-slovenia.com\/wp-content\/uploads\/bled-carp-fishing-scaled-18x9.webp 18w, https:\/\/fishing-guides-slovenia.com\/wp-content\/uploads\/bled-carp-fishing-scaled.webp 2000w\" sizes=\"auto, (max-width: 1024px) 100vw, 1024px\" \/><figcaption class=\"wp-element-caption\">\u00c8 possibile pescare sulle rive del lago di Bled durante il tramonto<\/figcaption><\/figure>\n\n\n\n<h2 class=\"wp-block-heading\">Dicembre<\/h2>\n\n\n\n<p>La pesca si sposta lentamente sui fiumi, mentre le ultime carpe possono essere pescate nei laghi, a patto che siate abbastanza ostinati. Se volete provare a pescare una bestia invernale, siamo pronti a guidarvi.<\/p>\n\n\n\n<figure class=\"wp-block-image size-large is-resized\"><img loading=\"lazy\" decoding=\"async\" width=\"1024\" height=\"576\" src=\"https:\/\/fishing-guides-slovenia.com\/wp-content\/uploads\/Ljubljanica-River-1024x576.webp\" alt=\"La Ljubljanica \u00e8 un fiume della Slovenia centrale. Il Ljubljanica nasce a sud della citt\u00e0 di Vrhnika e sfocia nel fiume Sava circa 10 chilometri a valle di Lubiana.\" class=\"wp-image-2407\" style=\"width:1450px;height:auto\" srcset=\"https:\/\/fishing-guides-slovenia.com\/wp-content\/uploads\/Ljubljanica-River-1024x576.webp 1024w, https:\/\/fishing-guides-slovenia.com\/wp-content\/uploads\/Ljubljanica-River-300x169.webp 300w, https:\/\/fishing-guides-slovenia.com\/wp-content\/uploads\/Ljubljanica-River-768x432.webp 768w, https:\/\/fishing-guides-slovenia.com\/wp-content\/uploads\/Ljubljanica-River-1536x864.webp 1536w, https:\/\/fishing-guides-slovenia.com\/wp-content\/uploads\/Ljubljanica-River-18x10.webp 18w, https:\/\/fishing-guides-slovenia.com\/wp-content\/uploads\/Ljubljanica-River.webp 2000w\" sizes=\"auto, (max-width: 1024px) 100vw, 1024px\" \/><figcaption class=\"wp-element-caption\">Tentare la fortuna sul fiume Ljubljanica<\/figcaption><\/figure>","protected":false},"excerpt":{"rendered":"<p>Gennaio Un mese per i pescatori di carpe pi\u00f9 tenaci. I laghi sono per lo pi\u00f9 ghiacciati, quindi i fiumi sono perfetti se volete catturare una carpa invernale. Con un po' di pre-baiting, le possibilit\u00e0 di successo non sono affatto scarse! Febbraio A febbraio, la pesca alla carpa in Slovenia dipende da quanto \u00e8 stato rigido l'inverno ... <a href=\"https:\/\/fishing-guides-slovenia.com\/it\/carp-fishing-season\/\">Continua<\/a><\/p>","protected":false},"author":46,"featured_media":0,"parent":0,"menu_order":4,"comment_status":"open","ping_status":"open","template":"","meta":{"footnotes":""},"class_list":["post-566","page","type-page","status-publish","hentry"],"acf":{"page_subheading":"Slovenia offers year-round fishing. Check out the best months for Carp fishing in Slovenia in order to catch the most and the biggest."},"_links":{"self":[{"href":"https:\/\/fishing-guides-slovenia.com\/it\/wp-json\/wp\/v2\/pages\/566","targetHints":{"allow":["GET"]}}],"collection":[{"href":"https:\/\/fishing-guides-slovenia.com\/it\/wp-json\/wp\/v2\/pages"}],"about":[{"href":"https:\/\/fishing-guides-slovenia.com\/it\/wp-json\/wp\/v2\/types\/page"}],"author":[{"embeddable":true,"href":"https:\/\/fishing-guides-slovenia.com\/it\/wp-json\/wp\/v2\/users\/46"}],"replies":[{"embeddable":true,"href":"https:\/\/fishing-guides-slovenia.com\/it\/wp-json\/wp\/v2\/comments?post=566"}],"version-history":[{"count":6,"href":"https:\/\/fishing-guides-slovenia.com\/it\/wp-json\/wp\/v2\/pages\/566\/revisions"}],"predecessor-version":[{"id":2408,"href":"https:\/\/fishing-guides-slovenia.com\/it\/wp-json\/wp\/v2\/pages\/566\/revisions\/2408"}],"wp:attachment":[{"href":"https:\/\/fishing-guides-slovenia.com\/it\/wp-json\/wp\/v2\/media?parent=566"}],"curies":[{"name":"wp","href":"https:\/\/api.w.org\/{rel}","templated":true}]}}