{"id":567,"date":"2020-04-23T10:14:11","date_gmt":"2020-04-23T10:14:11","guid":{"rendered":"http:\/\/fishing-guides-slovenia.com\/spin-fishing-season\/"},"modified":"2022-10-05T13:11:22","modified_gmt":"2022-10-05T13:11:22","slug":"stagione-di-pesca-a-spinning","status":"publish","type":"page","link":"https:\/\/fishing-guides-slovenia.com\/it\/spin-fishing-season\/","title":{"rendered":"Stagione di pesca a spinning"},"content":{"rendered":"<h2 class=\"wp-block-heading\"><strong>Gennaio<\/strong><\/h2>\n\n\n\n<p>Questo \u00e8 il periodo per i pescatori estremi, che non si preoccupano del freddo e della neve e hanno gli occhi puntati sul premio. Nel caso della pesca a spinning in Slovenia, il premio \u00e8 un grosso Huchen, che \u00e8 il re dei fiumi durante i mesi invernali, o un grosso luccio, che \u00e8 ancora affamato di prede. I fiumi migliori per la pesca invernale a spinning sono la Sava, la Sava Dolinka e la Krka; se volete un'esperienza urbana, provate l'Urban spin fishing sul fiume Ljubljanica.<\/p>\n\n\n\n<h2 class=\"wp-block-heading\"><strong>Febbraio<\/strong><\/h2>\n\n\n\n<p>La stagione degli huchen termina a met\u00e0 febbraio, quindi ricordatevi di visitare i nostri fiumi prima di quella data. Una volta persa l'occasione, dovrete aspettare fino a ottobre per riprovarci. Anche la stagione dei lucci termina a febbraio.<\/p>\n\n\n\n<figure class=\"wp-block-image\"><img decoding=\"async\" src=\"https:\/\/960335.smushcdn.com\/2671427\/wp-content\/uploads\/2020\/02\/ljubljanica-spin-2.webp?lossy=1&amp;strip=1&amp;webp=1\" alt=\"Il fiume Ljubljanica nella capitale slovena\"\/><\/figure>\n\n\n\n<h2 class=\"wp-block-heading\"><strong>Marzo<\/strong><\/h2>\n\n\n\n<p>Un mese noioso per la pesca a spinning, molte specie di pesci sono fuori dalla tavola. La cosa positiva \u00e8 che il pesce gatto sta diventando pi\u00f9 attivo a causa del clima pi\u00f9 caldo e potete visitare la Slovenia per sperimentare una battaglia con esemplari mostruosi che risiedono nei fiumi Sava o Vipava.<\/p>\n\n\n\n<h2 class=\"wp-block-heading\"><strong>Aprile<\/strong><\/h2>\n\n\n\n<p>Il tempo \u00e8 ancora poco e le opzioni di pesca sono scarse: si pu\u00f2 ancora pescare il pesce gatto o tentare di far abboccare all'amo un'aspide. Ma la maggior parte dei pescatori a spinning ha gi\u00e0 gli occhi puntati su maggio e sull'inizio della stagione dei lucci.<\/p>\n\n\n\n<figure class=\"wp-block-image\"><img decoding=\"async\" src=\"https:\/\/960335.smushcdn.com\/2671427\/wp-content\/uploads\/2020\/02\/vipava-1.webp?lossy=1&amp;strip=1&amp;webp=1\" alt=\"La pesca serale si \u00e8 conclusa con una grande cattura\"\/><\/figure>\n\n\n\n<h2 class=\"wp-block-heading\"><strong>Maggio<\/strong><\/h2>\n\n\n\n<p>Un momento che tutti i pescatori a spinning aspettavano, la stagione del luccio \u00e8 finalmente arrivata. Le acque sono piene di pescatori a spinning che cercano di catturare un predatore affamato, appena uscito dalla riproduzione e pronto per essere mangiato. Naturalmente \u00e8 possibile catturare altre specie lungo il percorso, ma molte di esse sono ancora protette, quindi \u00e8 necessario rilasciarle immediatamente.<\/p>\n\n\n\n<h2 class=\"wp-block-heading\"><strong>Giugno<\/strong><\/h2>\n\n\n\n<p>Il luccio \u00e8 gi\u00e0 a caccia e un altro predatore, che risiede sia nei fiumi che nei laghi, \u00e8 di nuovo sulla lista degli obiettivi. Si tratta del lucioperca. Entrambi possono essere pescati sul lago di Bled, quindi se state cercando un'avventura di pesca a spinning in Slovenia, \u00e8 quello che vi consigliamo. Il pesce gatto \u00e8 in fase di riproduzione e per qualche tempo non \u00e8 pi\u00f9 possibile pescare.<\/p>\n\n\n\n<figure class=\"wp-block-image\"><img decoding=\"async\" src=\"https:\/\/960335.smushcdn.com\/2671427\/wp-content\/uploads\/2020\/02\/sava-3.webp?lossy=1&amp;strip=1&amp;webp=1\" alt=\"Un grande pesce dal fiume Sava\"\/><\/figure>\n\n\n\n<h2 class=\"wp-block-heading\"><strong>Luglio, agosto<\/strong><\/h2>\n\n\n\n<p>I mesi estivi vanno di pari passo con lo spinning. Il clima caldo del mattino permette di pescare efficacemente e di riposare durante il giorno, di vedere qualche luogo e di tornare nel pomeriggio quando le temperature si abbassano e tutto il chiasso dei turisti in acqua scompare.&nbsp;<\/p>\n\n\n\n<h2 class=\"wp-block-heading\"><strong>Settembre<\/strong><\/h2>\n\n\n\n<p>Il luccio colpisce quando le foglie cadono, \u00e8 un proverbio che usiamo in Slovenia per la pesca a spinning. I pesci iniziano a nutrirsi pi\u00f9 regolarmente a causa dell'abbassamento della temperatura e le possibilit\u00e0 di una buona cattura aumentano. Se a questo si aggiungono i colori della natura, che si trasformano in tonalit\u00e0 calde, la pesca in autunno \u00e8 perfetta!<\/p>\n\n\n\n<figure class=\"wp-block-image\"><img decoding=\"async\" src=\"https:\/\/960335.smushcdn.com\/2671427\/wp-content\/uploads\/2020\/02\/sava-1.webp?lossy=1&amp;strip=1&amp;webp=1\" alt=\"Trota del fiume Sava\"\/><\/figure>\n\n\n\n<h2 class=\"wp-block-heading\"><strong>Ottobre<\/strong><\/h2>\n\n\n\n<p>Ottobre \u00e8 tutto dedicato alla pesca a Huchen. La lunga attesa \u00e8 finita e il re dei fiumi \u00e8 di nuovo attivo, pronto per essere pescato. \u00c8 difficile, ma se ci si riesce, la gioia \u00e8 indescrivibile. Se non sapete come prenderlo o non avete idea da dove iniziare, le nostre guide vi assisteranno e vi aiuteranno a catturare il vostro primo re.<\/p>\n\n\n\n<h2 class=\"wp-block-heading\"><strong>Novembre e dicembre<\/strong><\/h2>\n\n\n\n<p>Nei picchi della stagione di pesca dell'Huchen, tutti gli altri pescatori lasciano il posto a quei pochi estremi che sanno apprezzare una cattura di una creatura cos\u00ec maestosa come l'Huchen.<\/p>\n\n\n\n<figure class=\"wp-block-image size-large\"><img decoding=\"async\" src=\"https:\/\/fishing-guides-slovenia.com\/wp-content\/uploads\/image-1-1024x682.webp\" alt=\"\" class=\"wp-image-1281\"\/><\/figure>","protected":false},"excerpt":{"rendered":"<p>Gennaio Questo \u00e8 il periodo per i pescatori estremi, che non badano al freddo e alla neve e hanno gli occhi puntati sul premio. Nel caso della pesca a spinning in Slovenia, il premio \u00e8 un grosso Huchen, che \u00e8 il re dei fiumi durante i mesi invernali, o un grosso luccio, che \u00e8 ancora affamato di prede. I migliori ... <a href=\"https:\/\/fishing-guides-slovenia.com\/it\/spin-fishing-season\/\">Continua<\/a><\/p>","protected":false},"author":46,"featured_media":0,"parent":0,"menu_order":27,"comment_status":"open","ping_status":"open","template":"","meta":{"footnotes":""},"class_list":["post-567","page","type-page","status-publish","hentry"],"acf":{"page_subheading":"Check out which parts of the year suit most to each freshwater predator in order to maximize your chances to catch Pike, Huchen, Catfish or Zander."},"_links":{"self":[{"href":"https:\/\/fishing-guides-slovenia.com\/it\/wp-json\/wp\/v2\/pages\/567","targetHints":{"allow":["GET"]}}],"collection":[{"href":"https:\/\/fishing-guides-slovenia.com\/it\/wp-json\/wp\/v2\/pages"}],"about":[{"href":"https:\/\/fishing-guides-slovenia.com\/it\/wp-json\/wp\/v2\/types\/page"}],"author":[{"embeddable":true,"href":"https:\/\/fishing-guides-slovenia.com\/it\/wp-json\/wp\/v2\/users\/46"}],"replies":[{"embeddable":true,"href":"https:\/\/fishing-guides-slovenia.com\/it\/wp-json\/wp\/v2\/comments?post=567"}],"version-history":[{"count":1,"href":"https:\/\/fishing-guides-slovenia.com\/it\/wp-json\/wp\/v2\/pages\/567\/revisions"}],"predecessor-version":[{"id":1283,"href":"https:\/\/fishing-guides-slovenia.com\/it\/wp-json\/wp\/v2\/pages\/567\/revisions\/1283"}],"wp:attachment":[{"href":"https:\/\/fishing-guides-slovenia.com\/it\/wp-json\/wp\/v2\/media?parent=567"}],"curies":[{"name":"wp","href":"https:\/\/api.w.org\/{rel}","templated":true}]}}