{"id":569,"date":"2020-04-23T10:22:06","date_gmt":"2020-04-23T10:22:06","guid":{"rendered":"http:\/\/fishing-guides-slovenia.com\/sea-fishing-season\/"},"modified":"2022-10-05T13:17:10","modified_gmt":"2022-10-05T13:17:10","slug":"stagione-di-pesca-in-mare","status":"publish","type":"page","link":"https:\/\/fishing-guides-slovenia.com\/it\/sea-fishing-season\/","title":{"rendered":"Stagione di pesca in mare"},"content":{"rendered":"<h2 class=\"wp-block-heading\"><strong>Inverno<\/strong><\/h2>\n\n\n\n<p>La pesca dei big games \u00e8 attiva durante l'inverno, le condizioni non sono ideali, ma per chi vuole catturare un grosso tonno o un altro mostro marino, il cattivo tempo non \u00e8 un ostacolo. Se preferite variet\u00e0 di pesca meno estreme, potete provare a pescare Calamari o Spigole dalla costa slovena.<\/p>\n\n\n\n<figure class=\"wp-block-image\"><img decoding=\"async\" src=\"https:\/\/960335.smushcdn.com\/2671427\/wp-content\/uploads\/2020\/04\/webp_net_resizeimage_z8rzO.webp?lossy=1&amp;strip=1&amp;webp=1\" alt=\"Un&#039;altra specie di pesce catturata durante la pesca del tonno nell&#039;Adriatico\"\/><\/figure>\n\n\n\n<h2 class=\"wp-block-heading\"><strong>Primavera<\/strong><\/h2>\n\n\n\n<p>In primavera, con l'innalzamento delle temperature, l'attivit\u00e0 dei pesci si fa sempre pi\u00f9 intensa, il che significa catturare un numero maggiore di pesci. La pesca grossa \u00e8 in pieno svolgimento, quindi se non avete deciso di provarla in inverno, fatelo in primavera, quando le condizioni sono molto migliori. Anche la pesca costiera \u00e8 buona in primavera, quindi se siete alla ricerca di un'avventura, siete sulla pagina giusta.<\/p>\n\n\n\n<figure class=\"wp-block-image\"><img decoding=\"async\" src=\"https:\/\/960335.smushcdn.com\/2671427\/wp-content\/uploads\/2020\/04\/webp_net_resizeimage_jFEcQ.webp?lossy=1&amp;strip=1&amp;webp=1\" alt=\"\"\/><\/figure>\n\n\n\n<h2 class=\"wp-block-heading\"><strong>Estate<\/strong><\/h2>\n\n\n\n<p>La pesca grossa non \u00e8 perfetta durante i mesi estivi, quindi \u00e8 meglio concentrarsi sulla pesca di specie diverse. In questo periodo, potete provare a pescare pesci pi\u00f9 piccoli, come nel nostro viaggio di pesca in mare, e passare un po' di tempo in piacevole compagnia dei vostri amici o familiari. Un altro possibile tipo di pesca, molto popolare durante i caldi mesi estivi, \u00e8 la pesca con il fucile subacqueo. Se siete appassionati di pesca con il fucile subacqueo e volete pescare nel mare Adriatico, le nostre guide di pesca in mare, che amano anche questo tipo di pesca, vi porteranno sotto la superficie dove potrete ammirare il variegato mondo marino dell'Adriatico.<\/p>\n\n\n\n<figure class=\"wp-block-image\"><img decoding=\"async\" src=\"https:\/\/960335.smushcdn.com\/2671427\/wp-content\/uploads\/2020\/04\/webp_net_resizeimage_ArFjC.webp?lossy=1&amp;strip=1&amp;webp=1\" alt=\"Tonno dell&#039;Adriatico delle dimensioni di un uomo adulto\"\/><\/figure>\n\n\n\n<h2 class=\"wp-block-heading\"><strong>Autunno<\/strong><\/h2>\n\n\n\n<p>In autunno, sulla costa slovena si pesca il mahi mahi, gli esemplari non battono alcun record, ma si battono comunque bene.<br>\u00c8 tornata la pesca al tonno e con essa a tutte le altre grandi specie marine dell'Adriatico. Se il vento non soffia troppo forte, si ha la possibilit\u00e0 di catturare un bel pezzo di pesce, quindi questo periodo dell'anno \u00e8 ideale per prenotare un'escursione di qualche giorno e unirsi alla nostra guida di pesca Big game sulla sua barca.<\/p>","protected":false},"excerpt":{"rendered":"<p>Inverno La pesca dei big games \u00e8 attiva durante l'inverno, le condizioni non sono ideali, ma per chi vuole catturare un grosso tonno o un altro mostro marino, il cattivo tempo non \u00e8 un ostacolo. Se preferite variet\u00e0 di pesca meno estreme, potete provare a pescare Calamari o Spigole dalla costa slovena. Primavera in ... <a href=\"https:\/\/fishing-guides-slovenia.com\/it\/sea-fishing-season\/\">Continua<\/a><\/p>","protected":false},"author":46,"featured_media":0,"parent":0,"menu_order":26,"comment_status":"open","ping_status":"open","template":"","meta":{"footnotes":""},"class_list":["post-569","page","type-page","status-publish","hentry"],"acf":{"page_subheading":"Check out the best parts of the sea fishing season to help you catch more fish in the Adriatic sea, weather catching Sea Bass, Tuna or Mahi Mahi."},"_links":{"self":[{"href":"https:\/\/fishing-guides-slovenia.com\/it\/wp-json\/wp\/v2\/pages\/569","targetHints":{"allow":["GET"]}}],"collection":[{"href":"https:\/\/fishing-guides-slovenia.com\/it\/wp-json\/wp\/v2\/pages"}],"about":[{"href":"https:\/\/fishing-guides-slovenia.com\/it\/wp-json\/wp\/v2\/types\/page"}],"author":[{"embeddable":true,"href":"https:\/\/fishing-guides-slovenia.com\/it\/wp-json\/wp\/v2\/users\/46"}],"replies":[{"embeddable":true,"href":"https:\/\/fishing-guides-slovenia.com\/it\/wp-json\/wp\/v2\/comments?post=569"}],"version-history":[{"count":1,"href":"https:\/\/fishing-guides-slovenia.com\/it\/wp-json\/wp\/v2\/pages\/569\/revisions"}],"predecessor-version":[{"id":1285,"href":"https:\/\/fishing-guides-slovenia.com\/it\/wp-json\/wp\/v2\/pages\/569\/revisions\/1285"}],"wp:attachment":[{"href":"https:\/\/fishing-guides-slovenia.com\/it\/wp-json\/wp\/v2\/media?parent=569"}],"curies":[{"name":"wp","href":"https:\/\/api.w.org\/{rel}","templated":true}]}}