{"id":571,"date":"2020-06-01T19:31:51","date_gmt":"2020-06-01T19:31:51","guid":{"rendered":"http:\/\/fishing-guides-slovenia.com\/partners\/"},"modified":"2020-06-01T19:31:51","modified_gmt":"2020-06-01T19:31:51","slug":"partner","status":"publish","type":"page","link":"https:\/\/fishing-guides-slovenia.com\/it\/partners\/","title":{"rendered":"Partner"},"content":{"rendered":"<h2 class=\"partners-h2\"><strong><a href=\"https:\/\/bearwatchingslovenia.com\/\" target=\"_blank\" rel=\"noreferrer noopener\">OSSERVAZIONE DEGLI ORSI IN SLOVENIA<\/a><\/strong><\/h2>\n\n\n\n<p>Provate l'emozione di osservare gli orsi nelle foreste naturali incontaminate della Slovenia. Seguite un esperto di fauna selvatica nelle profondit\u00e0 della foresta, dove incontrerete l'orso bruno nativo della Slovenia attraverso le ampie finestre di un belvedere in legno sicuro, perfetto per scattare foto straordinarie.<\/p>\n\n\n\n<h2 class=\"partners-h2\"><a href=\"https:\/\/farmlifeslovenia.com\" data-type=\"URL\"><strong>VITA IN FATTORIA IN SLOVENIA<\/strong><\/a><\/h2>\n\n\n\n<p>Trascorrete una giornata in una tipica fattoria slovena, dove potrete vedere e sperimentare in prima persona una serie di attivit\u00e0. A seconda della stagione, potrete partecipare al lavoro nei campi, alla mondatura del mais, alla raccolta delle uova, alla preparazione del pane, all'apicoltura, ecc.<\/p>\n\n\n\n<h2 class=\"partners-h2\"><a rel=\"noreferrer noopener\" href=\"https:\/\/slovenia-activities.com\/\" target=\"_blank\"><strong>ATTIVIT\u00c0 IN SLOVENIA<\/strong><\/a><\/h2>\n\n\n\n<p>Un'ampia variet\u00e0 delle migliori cose da fare in Slovenia, dalla bicicletta, all'escursionismo, alle attivit\u00e0 invernali, all'arrampicata, alla speleologia, al canyoning, al rafting e ad altre attivit\u00e0 all'aperto.<\/p>\n\n\n\n<h2 class=\"partners-h2\"><strong><a href=\"https:\/\/wine-tours-slovenia.com\/\" target=\"_blank\" rel=\"noreferrer noopener\">TOUR DEL VINO IN SLOVENIA<\/a><\/strong><\/h2>\n\n\n\n<p>I tour del vino sono perfetti sia per i degustatori alle prime armi che per quelli esperti. Non \u00e8 necessaria alcuna conoscenza preliminare. L'unica cosa richiesta \u00e8 il desiderio di rilassarsi, bere vino e rilassarsi ancora.<\/p>\n\n\n\n<p>Non c'\u00e8 modo migliore di vivere in prima persona la ricca tradizione vitivinicola slovena, di socializzare con altri viaggiatori e di assaporare le meraviglie della natura in un solo giorno.<\/p>\n\n\n\n<h2 class=\"partners-h2\"><strong><a href=\"https:\/\/sloveniaprivatetours.com\/\" target=\"_blank\" rel=\"noreferrer noopener\">TOUR PRIVATI IN SLOVENIA<\/a><\/strong><\/h2>\n\n\n\n<p>I tour privati della Slovenia sono l'occasione per vivere il nostro Paese senza stress, in compagnia di un autista e di una guida locali professionisti che vi mostreranno le caratteristiche della Slovenia.<\/p>\n\n\n\n<h2 class=\"partners-h2\"><a href=\"https:\/\/winetastingljubljana.com\/\" target=\"_blank\" rel=\"noreferrer noopener\"><strong>DEGUSTAZIONE DI VINI A LUBIANA<\/strong><\/a><\/h2>\n\n\n\n<p>Un'esperienza di degustazione di vini unica nel suo genere nel centro della vivace capitale slovena.<\/p>\n\n\n\n<h2 class=\"partners-h2\"><a href=\"https:\/\/triglavtours.com\/\" target=\"_blank\" rel=\"noreferrer noopener\"><strong>TOUR TRIGLAV<\/strong><\/a><\/h2>\n\n\n\n<p>Escursioni guidate sulla montagna pi\u00f9 alta della Slovenia<\/p>\n\n\n\n<h2 class=\"partners-h2\"><strong><a href=\"https:\/\/thebalkantours.com\/\" target=\"_blank\" rel=\"noreferrer noopener\">I TOUR NEI BALCANI<\/a><\/strong><\/h2>\n\n\n\n<p>Vacanze indimenticabili nei Paesi balcanici.<\/p>\n\n\n\n<h2 class=\"partners-h2\"><strong><a href=\"https:\/\/sloveniacyclingholidays.com\/\" target=\"_blank\" rel=\"noreferrer noopener\">VACANZE IN BICICLETTA IN SLOVENIA<\/a><\/strong><\/h2>\n\n\n\n<p>Cycling Holidays Slovenia \u00e8 un'agenzia di viaggi emergente, la cui missione \u00e8 offrire ai propri clienti l'opportunit\u00e0 di conoscere i diversi paesaggi della Slovenia in bicicletta.<\/p>\n\n\n\n<h2 class=\"partners-h2\"><strong><a href=\"https:\/\/huttohuthikingslovenia.com\/\" target=\"_blank\" rel=\"noreferrer noopener\">ESCURSIONI DA RIFUGIO A RIFUGIO IN SLOVENIA<\/a><\/strong><\/h2>\n\n\n\n<p>Escursioni guidate e autoguidate su sentieri di montagna con vista sulle cime alpine e sulla natura circostante, riposando in baite e gustando piatti fatti in casa.&nbsp;<\/p>\n\n\n\n<h2 class=\"partners-h2\"><strong><a href=\"https:\/\/walking-holidays-slovenia.com\/\" target=\"_blank\" rel=\"noreferrer noopener\">VACANZE A PIEDI IN SLOVENIA<\/a><\/strong><\/h2>\n\n\n\n<p>Le escursioni a piedi sono progettate per portare gli ospiti attraverso i verdi paesaggi della Slovenia, le valli lussureggianti e i fiumi color smeraldo con lo sfondo delle montagne.<\/p>\n\n\n\n<h2 class=\"partners-h2\"><strong><a href=\"https:\/\/hvarstagdo.com\/\" target=\"_blank\" rel=\"noreferrer noopener\">HVAR STAG DO<\/a><\/strong><\/h2>\n\n\n\n<p>Il posto migliore per organizzare un addio al celibato indimenticabile sull'incredibile isola di Hvar per regalare al vostro amico qualche ultima notte di festa prima di sposarsi.<\/p>\n\n\n\n<h2 class=\"partners-h2\"><strong><a href=\"https:\/\/croatiatunafishing.com\/\" target=\"_blank\" rel=\"noreferrer noopener\">PESCA DEL TONNO IN CROAZIA<\/a><\/strong><\/h2>\n\n\n\n<p>Charter di pesca grossa in tutta la costa croata con un'indimenticabile esperienza di pesca in mare per catturare i pi\u00f9 grandi predatori dell'Adriatico.<\/p>","protected":false},"excerpt":{"rendered":"<p>SLOVENIA - ORSO - Sperimentate l'emozione dell'osservazione dell'orso nelle foreste naturali incontaminate della Slovenia. Seguite un esperto di fauna selvatica nelle profondit\u00e0 della foresta, dove incontrerete l'orso bruno nativo della Slovenia attraverso le ampie finestre di un sicuro belvedere in legno, perfetto per scattare foto straordinarie FARM LIFE SLOVENIA Trascorrete una giornata ... <a href=\"https:\/\/fishing-guides-slovenia.com\/it\/partners\/\">Continua<\/a><\/p>","protected":false},"author":46,"featured_media":0,"parent":0,"menu_order":23,"comment_status":"open","ping_status":"open","template":"","meta":{"footnotes":""},"class_list":["post-571","page","type-page","status-publish","hentry"],"acf":{"page_subheading":""},"_links":{"self":[{"href":"https:\/\/fishing-guides-slovenia.com\/it\/wp-json\/wp\/v2\/pages\/571","targetHints":{"allow":["GET"]}}],"collection":[{"href":"https:\/\/fishing-guides-slovenia.com\/it\/wp-json\/wp\/v2\/pages"}],"about":[{"href":"https:\/\/fishing-guides-slovenia.com\/it\/wp-json\/wp\/v2\/types\/page"}],"author":[{"embeddable":true,"href":"https:\/\/fishing-guides-slovenia.com\/it\/wp-json\/wp\/v2\/users\/46"}],"replies":[{"embeddable":true,"href":"https:\/\/fishing-guides-slovenia.com\/it\/wp-json\/wp\/v2\/comments?post=571"}],"version-history":[{"count":0,"href":"https:\/\/fishing-guides-slovenia.com\/it\/wp-json\/wp\/v2\/pages\/571\/revisions"}],"wp:attachment":[{"href":"https:\/\/fishing-guides-slovenia.com\/it\/wp-json\/wp\/v2\/media?parent=571"}],"curies":[{"name":"wp","href":"https:\/\/api.w.org\/{rel}","templated":true}]}}