{"id":583,"date":"2021-04-26T09:54:07","date_gmt":"2021-04-26T09:54:07","guid":{"rendered":"http:\/\/fishing-guides-slovenia.com\/know-before-you-go\/"},"modified":"2023-07-27T09:44:11","modified_gmt":"2023-07-27T09:44:11","slug":"sapere-prima-di-partire","status":"publish","type":"page","link":"https:\/\/fishing-guides-slovenia.com\/it\/know-before-you-go\/","title":{"rendered":"Informarsi prima di partire"},"content":{"rendered":"<h2 class=\"wp-block-heading\" id=\"block-when-to-go-fishing\">Quando andare a pesca?<\/h2>\n\n\n\n<p>Indipendentemente dal tipo di pesca che preferite, il periodo migliore per andare a pesca in Slovenia \u00e8 la primavera e l'autunno. \u00c8 il momento in cui i pesci iniziano a risvegliarsi o a prepararsi per l'inverno e quindi si nutrono in modo eccessivo. I laghi e i fiumi sono meno frequentati rispetto all'estate, il che \u00e8 un fatto particolarmente importante da tenere in considerazione se si intende pescare vicino ai luoghi pi\u00f9 famosi della Slovenia.<br><br>Grazie alla sua posizione favorevole, la Slovenia ha primavere calde ed estati non troppo torride, il che significa che la pesca pu\u00f2 essere praticata tutto l'anno. Ad eccezione del salmone del Danubio, che si pu\u00f2 pescare solo in inverno. Per saperne di pi\u00f9 sul periodo migliore per andare a pescare, in termini di tipi di pesca specifici, si pu\u00f2 leggere&nbsp;<a href=\"https:\/\/fishing-guides-slovenia.com\/it\/stagioni-di-pesca-in-slovenia\/\">qui<\/a>. &nbsp;<\/p>\n\n\n\n<h2 class=\"wp-block-heading\" id=\"block-what-and-where-to-fish\">Cosa e dove pescare?<\/h2>\n\n\n\n<p>La Slovenia offre eccellenti condizioni di pesca su\u00a0<a href=\"https:\/\/fishing-guides-slovenia.com\/it\/fiume\/\">fiumi<\/a>,\u00a0<a href=\"https:\/\/fishing-guides-slovenia.com\/it\/lago\/\">laghi<\/a>\u00a0e il\u00a0<a href=\"https:\/\/fishing-guides-slovenia.com\/it\/mare\/mare-adriatico-3\/\">Mare Adriatico<\/a>, in modo da poter catturare praticamente tutti i\u00a0<a href=\"https:\/\/fishing-guides-slovenia.com\/it\/pesce\/\">esemplari locali<\/a>\u00a0in ogni modo possibile. Se vi piace la pesca a mosca, i fiumi alpini e carsici fanno sicuramente al caso vostro. Vi si trova di tutto, dalla trota marmorata, al temolo e alla trota iridea, fino alla trota fario e talvolta anche al barbo.<br><br>Abbiamo preparato un'offerta speciale per tutti gli amanti della carpa nei famosi laghi di Bled e \u0160martinsko, dove in passato sono state catturate pi\u00f9 volte carpe di oltre 30 kg. Se invece siete amanti della pesca a spinning, i posti giusti sono il lago di Bled o il fiume Vipava, dove vengono pescati pesci gatto pluripremiati.<br><br>Il fiume Sava \u00e8 il pi\u00f9 adatto per la caccia al salmone del Danubio, mentre sul fiume Ljubljanica potrete tentare la fortuna con la pesca al luccio. Per tutti i pescatori di mare che desiderano rendere pi\u00f9 vivaci le loro vacanze estive sulla costa slovena, i nostri capitani sono a disposizione per portarvi a pescare in mare aperto. Se siete alla ricerca di un'avventura particolare che metta alla prova le vostre abilit\u00e0 di pesca, potete anche andare a caccia di tonni. \u00a0<\/p>\n\n\n\n<h2 class=\"wp-block-heading\" id=\"block-what-about-permits\">E i permessi?<\/h2>\n\n\n\n<p>In Slovenia, tutte le acque di pesca, ad eccezione del mare, sono suddivise tra i club di pesca. Ogni club di pesca possiede alcuni fiumi e laghi per i quali rilascia permessi. Secondo la nuova legge, la maggior parte delle persone pu\u00f2 acquistare un permesso online: basta cercare il tipo di pesca e il nome del fiume o del lago e i permessi necessari appariranno tra i primi risultati della ricerca.<br><br>I permessi possono essere acquistati anche fisicamente sul posto, presso bar, ristoranti o alberghi nelle vicinanze. I prezzi cambiano leggermente nel corso degli anni e i prezzi attuali dei permessi per tutte le principali acque slovene sono disponibili&nbsp;<a href=\"https:\/\/fishing-guides-slovenia.com\/it\/licenze-di-pesca\/\">qui<\/a>. &nbsp;<\/p>\n\n\n\n<h2 class=\"wp-block-heading\" id=\"block-waht-to-take\">Cosa portare con s\u00e9?<\/h2>\n\n\n\n<p>Ognuno viaggia in Slovenia in modo diverso, alcuni possono portare con s\u00e9 enormi quantit\u00e0 di attrezzatura, mentre altri viaggiano leggeri. Per questo motivo, abbiamo deciso di offrire il&nbsp;<a href=\"https:\/\/fishing-guides-slovenia.com\/it\/noleggio-attrezzature\/\">noleggio<\/a>&nbsp;di tutte le attrezzature necessarie per qualsiasi tipo di pesca, nonch\u00e9 di quelle specifiche che vi mancano. \u00c8 consigliabile, tuttavia, portare con s\u00e9 l'attrezzatura finale, poich\u00e9 questo argomento \u00e8 molto delicato per la maggior parte degli appassionati di pesca e fidarsi della propria \u00e8 sempre la cosa migliore.<\/p>\n\n\n\n<p>Per la pesca a mosca offriamo eccellenti mosche fatte in casa, che vengono fornite dalle nostre guide, mentre per la pesca al tonno non \u00e8 necessario portare con s\u00e9 nulla, poich\u00e9 tutto \u00e8 incluso nel prezzo e fornito sul posto.<\/p>","protected":false},"excerpt":{"rendered":"<p>Quando andare a pesca? Indipendentemente dal tipo di pesca che preferite, il periodo migliore per andare a pesca in Slovenia \u00e8 la primavera e l'autunno. \u00c8 il momento in cui i pesci iniziano a risvegliarsi o a prepararsi per l'inverno e quindi si nutrono in modo eccessivo. I laghi e i fiumi sono meno frequentati rispetto all'estate, il che \u00e8 un fatto particolarmente importante da considerare ... <a href=\"https:\/\/fishing-guides-slovenia.com\/it\/know-before-you-go\/\">Continua<\/a><\/p>","protected":false},"author":46,"featured_media":1525,"parent":0,"menu_order":20,"comment_status":"open","ping_status":"open","template":"","meta":{"footnotes":""},"class_list":["post-583","page","type-page","status-publish","has-post-thumbnail","hentry"],"acf":{"page_subheading":"A few important information about fishing in Slovenia you should know before the arrival so when you are here, the only thing to focus on is fishing."},"_links":{"self":[{"href":"https:\/\/fishing-guides-slovenia.com\/it\/wp-json\/wp\/v2\/pages\/583","targetHints":{"allow":["GET"]}}],"collection":[{"href":"https:\/\/fishing-guides-slovenia.com\/it\/wp-json\/wp\/v2\/pages"}],"about":[{"href":"https:\/\/fishing-guides-slovenia.com\/it\/wp-json\/wp\/v2\/types\/page"}],"author":[{"embeddable":true,"href":"https:\/\/fishing-guides-slovenia.com\/it\/wp-json\/wp\/v2\/users\/46"}],"replies":[{"embeddable":true,"href":"https:\/\/fishing-guides-slovenia.com\/it\/wp-json\/wp\/v2\/comments?post=583"}],"version-history":[{"count":2,"href":"https:\/\/fishing-guides-slovenia.com\/it\/wp-json\/wp\/v2\/pages\/583\/revisions"}],"predecessor-version":[{"id":2302,"href":"https:\/\/fishing-guides-slovenia.com\/it\/wp-json\/wp\/v2\/pages\/583\/revisions\/2302"}],"wp:featuredmedia":[{"embeddable":true,"href":"https:\/\/fishing-guides-slovenia.com\/it\/wp-json\/wp\/v2\/media\/1525"}],"wp:attachment":[{"href":"https:\/\/fishing-guides-slovenia.com\/it\/wp-json\/wp\/v2\/media?parent=583"}],"curies":[{"name":"wp","href":"https:\/\/api.w.org\/{rel}","templated":true}]}}