{"id":1274,"date":"2022-10-05T13:06:37","date_gmt":"2022-10-05T13:06:37","guid":{"rendered":"http:\/\/fishing-guides-slovenia.com\/?page_id=1274"},"modified":"2022-12-27T13:14:16","modified_gmt":"2022-12-27T13:14:16","slug":"fluefiskesesongen","status":"publish","type":"page","link":"https:\/\/fishing-guides-slovenia.com\/nb\/fly-fishing-season\/","title":{"rendered":"Sesong for fluefiske"},"content":{"rendered":"<h2 class=\"wp-block-heading\"><strong>Januar og februar<\/strong><\/h2>\n\n\n\n<p>\u00d8rretfiskesesongen er p\u00e5 hell, og de mest ekstreme fluefiskerne kan pr\u00f8ve seg p\u00e5 slovensk Huchen, som er sv\u00e6rt popul\u00e6r blant lokalbefolkningen. Elvene Sava Bohinjka og Sava byr p\u00e5 perfekte steder for denne typen fiske. Men husk at det er mulig \u00e5 fiske Huchen frem til 15. februar.<\/p>\n\n\n\n<h2 class=\"wp-block-heading\"><strong>Mars<\/strong><\/h2>\n\n\n\n<p>Fluefiskesesongen er i gang for alle som har ventet nerv\u00f8st hjemme og dr\u00f8mt om \u00e5 sette sn\u00f8ret i vannet og fange \u00e5rets f\u00f8rste \u00f8rret. Elvene er fortsatt kalde og vannet kan v\u00e6re litt h\u00f8yere enn vanlig p\u00e5 grunn av sn\u00f8smeltingen i fjellene, men ekte fiskere vil likevel pr\u00f8ve lykken i elvene som \u00e5pner denne m\u00e5neden, og innsatsen bel\u00f8nnes som regel med en fin fangst. Mars er sannsynligvis den tiden da du har mest behov for en guide som kan hjelpe deg med \u00e5 finne det rette stedet, og siden vi er en av de beste fluefiskeguidene i Slovenia, kan du v\u00e6re sikker p\u00e5 at guidene v\u00e5re f\u00e5r deg p\u00e5 kroken.<\/p>\n\n\n\n<h2 class=\"wp-block-heading\"><strong>April<\/strong><\/h2>\n\n\n\n<p>April er&nbsp;<strong>en av de travleste m\u00e5nedene n\u00e5r det gjelder fluefiske.<\/strong>&nbsp;i Slovenia. Selv de som tvilte p\u00e5 om de skulle fiske i mars, hopper n\u00e5 i vadeskoene og fisker i sine favorittelver, som n\u00e5 er \u00e5pne over hele Slovenia (bortsett fra Unica, som \u00e5pner 1.5). Vanntemperaturen stiger, og det samme gj\u00f8r fiskeaktiviteten. Livet ved elven v\u00e5kner etter den kalde, m\u00f8rke vinteren, noe som betyr mer mat i elven for sultne fisk og flere napp for fiskesugne fiskere. Definitivt en av de beste m\u00e5nedene for fluefiske i Slovenia.<\/p>\n\n\n\n<figure class=\"wp-block-image\"><img decoding=\"async\" src=\"https:\/\/960335.smushcdn.com\/2671427\/wp-content\/uploads\/2020\/02\/unica-3.webp?lossy=1&amp;strip=1&amp;webp=1\" alt=\"Holder en fisk i Unica-elven\"\/><\/figure>\n\n\n\n<h2 class=\"wp-block-heading\"><strong>mai<\/strong><\/h2>\n\n\n\n<p>Fortsatt&nbsp;<strong>h\u00f8ysesong<\/strong>&nbsp;for fluefiske i Slovenia, b\u00e5de n\u00e5r det gjelder antall fluefiskere og antall napp. Etter den omskiftelige aprilm\u00e5neden har v\u00e6ret n\u00e5 roet seg, det er varmt, dagene blir lengre, og det, sammen med fiskeaktiviteten, gj\u00f8r at naturen oppfordrer fluefiskere til \u00e5 komme og fiske s\u00e5 mye de kan. Husk at dette er tiden f\u00f8r sommerferien, og den siste m\u00e5neden f\u00f8r september da elvene fortsatt bare tilh\u00f8rer fiskerne. Hvis du vil ha fred og ro, er dette din siste sjanse til \u00e5 pr\u00f8ve fluefiske i Slovenia.<\/p>\n\n\n\n<figure class=\"wp-block-image\"><img decoding=\"async\" src=\"https:\/\/960335.smushcdn.com\/2671427\/wp-content\/uploads\/2020\/02\/sava-3.webp?lossy=1&amp;strip=1&amp;webp=1\" alt=\"Stor fisk fra elven Sava\"\/><\/figure>\n\n\n\n<h2 class=\"wp-block-heading\"><strong>Juni, juli, august<\/strong><\/h2>\n\n\n\n<p>Perfekt&nbsp;<strong>tid for ferie<\/strong>Ikke bare ved sj\u00f8en, men ogs\u00e5 ved elven. Hvis du reiser til Slovenia, m\u00e5 du ikke glemme \u00e5 ta med deg en fiskestang og sette av en dag til fluefiske i en av de mange vakre slovenske elvene. Siden det kan v\u00e6re vanskelig \u00e5 fiske p\u00e5 dagtid p\u00e5 de mest popul\u00e6re turistdestinasjonene, kan du velge fluefiske i elver som er mindre overfylte, eller jakte tidlig om morgenen og sent p\u00e5 ettermiddagen, som er den vakreste og mest produktive tiden for fluefiske om sommeren.<\/p>\n\n\n\n<figure class=\"wp-block-image\"><img decoding=\"async\" src=\"https:\/\/960335.smushcdn.com\/2671427\/wp-content\/uploads\/2020\/02\/sava-water.webp?lossy=1&amp;strip=1&amp;webp=1\" alt=\"Elven Sava som renner gjennom byen Kranj\"\/><figcaption class=\"wp-element-caption\">Elven Sava som renner gjennom byen Kranj<\/figcaption><\/figure>\n\n\n\n<h2 class=\"wp-block-heading\"><strong>September<\/strong><\/h2>\n\n\n\n<p>September er den&nbsp;<strong>andre h\u00f8ysesong for fluefiske i Slovenia<\/strong>. Folkemengdene p\u00e5 elva forsvinner og elvene tilh\u00f8rer igjen fiskerne. Fisken er sulten etter sommerens forstyrrelser, og de kommer tilbake til de plassene som ble tatt fra dem i l\u00f8pet av sommeren. Temperaturene er fortsatt h\u00f8ye, dagene er lange og du kan fiske hele dagen, s\u00e5 det er den perfekte tiden for fluefiskeferier. Du kan forflytte deg fra elv til elv, sette deg et m\u00e5l om \u00e5 fange en bestemt fiskeart, som for eksempel Marbel-\u00f8rret, eller rett og slett bare nyte \u00e5 fiske og se naturen sakte skifte til de vakreste farger.<\/p>\n\n\n\n<figure class=\"wp-block-image\"><img decoding=\"async\" src=\"https:\/\/960335.smushcdn.com\/2671427\/wp-content\/uploads\/2020\/01\/idrijca-7-1.webp?lossy=1&amp;strip=1&amp;webp=1\" alt=\"Fisker som holder en fisk han har fanget\"\/><\/figure>\n\n\n\n<h2 class=\"wp-block-heading\"><strong>Oktober<\/strong><\/h2>\n\n\n\n<p>H\u00f8sten er i anmarsj, elvene er p\u00e5 sitt vakreste p\u00e5 denne tiden av \u00e5ret, og det samme er fisken. Dette er tiden for \u00e5 f\u00e5 en harr p\u00e5 kroken, siden denne fiskearten er spesielt aktiv under h\u00f8stens fluefiskesesong. Et av de beste stedene er elvene Unica og Idrijca. Men husk at noen elver stenger i slutten av m\u00e5neden, s\u00e5 f\u00f8lg med p\u00e5 datoene! Denne m\u00e5neden starter ogs\u00e5 sesongen for Huchen, enda en grunn til \u00e5 bes\u00f8ke oss.<\/p>\n\n\n\n<figure class=\"wp-block-image\"><img decoding=\"async\" src=\"https:\/\/960335.smushcdn.com\/2671427\/wp-content\/uploads\/2020\/01\/idrijca-4.webp?lossy=1&amp;strip=1&amp;webp=1\" alt=\"Sette ut en harr i en elv i Alpene\"\/><\/figure>\n\n\n\n<h2 class=\"wp-block-heading\"><strong>November<\/strong><\/h2>\n\n\n\n<p>De siste dagene av fluefiskesesongen i Slovenia. Dette er tiden for utholdende fiskere, siden forholdene ikke er s\u00e5 ideelle som de var i de varme m\u00e5nedene. Naturen forbereder seg p\u00e5 noen m\u00e5neders hvile, s\u00e5 dette er tiden for deg som virkelig \u00f8nsker \u00e5 v\u00e6re p\u00e5 elven hvis du liker fred og ro, bare deg, elven, fisken og selvf\u00f8lgelig fluefiskeguiden v\u00e5r til \u00e5 hjelpe deg.<\/p>\n\n\n\n<figure class=\"wp-block-image\"><img decoding=\"async\" src=\"https:\/\/960335.smushcdn.com\/2671427\/wp-content\/uploads\/2020\/02\/unica-2.webp?lossy=1&amp;strip=1&amp;webp=1\" alt=\"Fisketur p\u00e5 elven Unica\"\/><\/figure>\n\n\n\n<h2 class=\"wp-block-heading\"><strong>desember<\/strong><\/h2>\n\n\n\n<p>I desember ligger alt i ro, bortsett fra at Huchen er sv\u00e6rt aktiv i disse vinterm\u00e5nedene.<\/p>","protected":false},"excerpt":{"rendered":"<p>I januar og februar st\u00e5r \u00f8rretfiskesesongen stille, og de mest ekstreme fluefiskerne kan pr\u00f8ve seg p\u00e5 slovensk Huchen, som er sv\u00e6rt popul\u00e6r blant lokalbefolkningen. Elvene Sava Bohinjka og Sava byr p\u00e5 perfekte steder for denne typen fiske. Men husk at det er mulig \u00e5 fiske Huchen helt frem til 15.... <a href=\"https:\/\/fishing-guides-slovenia.com\/nb\/fly-fishing-season\/\">Fortsettelse<\/a><\/p>","protected":false},"author":46,"featured_media":0,"parent":0,"menu_order":0,"comment_status":"closed","ping_status":"closed","template":"","meta":{"footnotes":""},"class_list":["post-1274","page","type-page","status-publish","hentry"],"acf":{"page_subheading":"Fishing in Slovenia differs throughout the season, so here are the tips to help you decide when is the best time to go fly fishing."},"_links":{"self":[{"href":"https:\/\/fishing-guides-slovenia.com\/nb\/wp-json\/wp\/v2\/pages\/1274","targetHints":{"allow":["GET"]}}],"collection":[{"href":"https:\/\/fishing-guides-slovenia.com\/nb\/wp-json\/wp\/v2\/pages"}],"about":[{"href":"https:\/\/fishing-guides-slovenia.com\/nb\/wp-json\/wp\/v2\/types\/page"}],"author":[{"embeddable":true,"href":"https:\/\/fishing-guides-slovenia.com\/nb\/wp-json\/wp\/v2\/users\/46"}],"replies":[{"embeddable":true,"href":"https:\/\/fishing-guides-slovenia.com\/nb\/wp-json\/wp\/v2\/comments?post=1274"}],"version-history":[{"count":4,"href":"https:\/\/fishing-guides-slovenia.com\/nb\/wp-json\/wp\/v2\/pages\/1274\/revisions"}],"predecessor-version":[{"id":2158,"href":"https:\/\/fishing-guides-slovenia.com\/nb\/wp-json\/wp\/v2\/pages\/1274\/revisions\/2158"}],"wp:attachment":[{"href":"https:\/\/fishing-guides-slovenia.com\/nb\/wp-json\/wp\/v2\/media?parent=1274"}],"curies":[{"name":"wp","href":"https:\/\/api.w.org\/{rel}","templated":true}]}}