{"id":542,"date":"2020-01-13T14:41:29","date_gmt":"2020-01-13T14:41:29","guid":{"rendered":"http:\/\/fishing-guides-slovenia.com\/fishing-seasons-in-slovenia\/"},"modified":"2020-01-13T14:41:29","modified_gmt":"2020-01-13T14:41:29","slug":"fiskesesonger-i-slovenia","status":"publish","type":"page","link":"https:\/\/fishing-guides-slovenia.com\/nb\/fishing-seasons-in-slovenia\/","title":{"rendered":"Fiskesesonger i Slovenia"},"content":{"rendered":"<h3 class=\"wp-block-heading\" id=\"January\"><strong>Januar<\/strong><\/h3>\n\n\n\n<p>I januar er Huchen, kongen av slovensk fisk, stadig p\u00e5 jakt etter byttedyr, s\u00e5 det er ingen umulig oppgave \u00e5 fange de store. Men husk at du har frem til midten av februar p\u00e5 deg. N\u00e5r det gjelder gjedde, er dette slovenske ferskvannsrovdyret aktivt i de kalde vinterm\u00e5nedene.<\/p>\n\n\n\n<h3 class=\"wp-block-heading\" id=\"February\"><strong>Februar<\/strong><\/h3>\n\n\n\n<p>I l\u00f8pet av denne iskalde m\u00e5neden er huchen og gjedda aktive og kan fanges i store st\u00f8rrelser. Varme kl\u00e6r og t\u00e5lmodighet er n\u00f8dvendig.&nbsp;<\/p>\n\n\n\n<figure class=\"wp-block-image\"><img decoding=\"async\" src=\"https:\/\/960335.smushcdn.com\/2671427\/wp-content\/uploads\/2020\/04\/webp_net_resizeimage_9sfN9.webp?lossy=1&amp;strip=1&amp;webp=1\" alt=\"Resultat av fluefiske om morgenen i elven So\u010da\"\/><\/figure>\n\n\n\n<h3 class=\"wp-block-heading\" id=\"March\"><strong>Mars<\/strong><\/h3>\n\n\n\n<p>I begynnelsen av denne m\u00e5neden begynner naturen \u00e5 v\u00e5kne, og med den karpen. Mot slutten av mars kan enkelte elver ogs\u00e5 by p\u00e5 \u00f8rret i rimelig antall.&nbsp;&nbsp;&nbsp;<\/p>\n\n\n\n<h3 class=\"wp-block-heading\" id=\"April\"><strong>April<\/strong><\/h3>\n\n\n\n<p>Fluefiskesesongen er offisielt \u00e5pnet, og det er rikelig med \u00f8rret av alle slag.&nbsp;<\/p>\n\n\n\n<figure class=\"wp-block-image\"><img decoding=\"async\" src=\"https:\/\/960335.smushcdn.com\/2671427\/wp-content\/uploads\/2020\/04\/webp_net_resizeimage_3CyJz.webp?lossy=1&amp;strip=1&amp;webp=1\" alt=\"Langmagret regnbue\u00f8rret fanget i elven Savinja\"\/><\/figure>\n\n\n\n<h3 class=\"wp-block-heading\" id=\"May\"><strong>mai<\/strong><\/h3>\n\n\n\n<p>Denne fantastiske tiden p\u00e5 \u00e5ret markerer begynnelsen p\u00e5 gjeddesesongen. Det er den perfekte tiden for \u00e5 fange dette uhyrlige rovdyret. I midten av mai starter harrsesongen, som varer til sent p\u00e5 h\u00f8sten.&nbsp;&nbsp;<\/p>\n\n\n\n<p>Mai er ogs\u00e5 en fin tid for de som har lyst til \u00e5 fange en stor Wels Catfish. Sammen med Barbel er Wels mest aktiv om v\u00e5ren, med en fredningsperiode fra 1. mai til 30. juni.&nbsp;<\/p>\n\n\n\n<h3 class=\"wp-block-heading\" id=\"July and August\"><strong>Juli og august<\/strong><\/h3>\n\n\n\n<p>Sommerm\u00e5nedene er de rikeste. Alle fiskearter kan fanges i denne varme perioden. Dagene er lengre, og det samme er tiden for \u00e5 fiske. Nattfiske etter karpe er alltid en god id\u00e9.&nbsp;<\/p>\n\n\n\n<figure class=\"wp-block-image\"><img decoding=\"async\" src=\"https:\/\/960335.smushcdn.com\/2671427\/wp-content\/uploads\/2020\/02\/pike-2.webp?lossy=1&amp;strip=1&amp;webp=1\" alt=\"Fisker og dagens st\u00f8rste fangst\"\/><\/figure>\n\n\n\n<h3 class=\"wp-block-heading\" id=\"September\"><strong>September<\/strong><\/h3>\n\n\n\n<p>Tidlig p\u00e5 h\u00f8sten g\u00e5r det sakte nedover, og fisken er travelt opptatt med \u00e5 spise f\u00f8r vinterhvilen. H\u00f8sten er perfekt for \u00e5 fange fisk av nesten alle arter.&nbsp;<\/p>\n\n\n\n<h3 class=\"wp-block-heading\" id=\"October\"><strong>Oktober<\/strong><\/h3>\n\n\n\n<p>I begynnelsen av denne m\u00e5neden \u00e5pner sesongen for fangst av kongen av slovenske farvann, Donaulaksen, igjen. Du kan fange denne fantastiske fisken helt frem til 15. februar. I slutten av oktober avsluttes sesongen for marmor\u00f8rret. Hvis h\u00f8stm\u00e5nedene er varme nok, kan de fleste slovenske fiskene fanges helt frem til november.&nbsp;&nbsp;<\/p>\n\n\n\n<figure class=\"wp-block-image\"><img decoding=\"async\" src=\"https:\/\/960335.smushcdn.com\/2671427\/wp-content\/uploads\/2020\/02\/rainbow-trout-1.webp?lossy=1&amp;strip=1&amp;webp=1\" alt=\"Fisker med regnbue\u00f8rret i hendene\"\/><\/figure>\n\n\n\n<h3 class=\"wp-block-heading\" id=\"November\"><strong>November<\/strong><\/h3>\n\n\n\n<p>Tiden da naturen begynner \u00e5 roe seg. Det er tid for de som elsker fred og ensomhet \u00e5 begi seg ut i elver og innsj\u00f8er med sikte p\u00e5 \u00e5 fange karpe, harr og \u00f8rret i trof\u00e9st\u00f8rrelse.<\/p>\n\n\n\n<figure class=\"wp-block-image\"><img decoding=\"async\" src=\"https:\/\/960335.smushcdn.com\/2671427\/wp-content\/uploads\/2020\/03\/Robert-R.webp?lossy=1&amp;strip=1&amp;webp=1\" alt=\"Fiske p\u00e5 det slovenske havet\"\/><figcaption>Robert R Fiskeguide<\/figcaption><\/figure>\n\n\n\n<h3 class=\"wp-block-heading\" id=\"December\"><strong>desember<\/strong><\/h3>\n\n\n\n<p>Det er da de fleste fiskene er mindre aktive, men vintersesongen har sine fordeler. Den store Huchen kan fanges helt frem til midten av februar, gjedda er fortsatt en givende fangst helt frem til slutten av januar, og i det iskalde vannet i Bledsj\u00f8en venter fortsatt en karpe i trof\u00e9st\u00f8rrelse.<\/p>","protected":false},"excerpt":{"rendered":"<p>Januar I januar er Huchen, kongen av slovensk fisk, stadig p\u00e5 jakt etter byttedyr, s\u00e5 det er ingen umulig oppgave \u00e5 fange de store. Men husk at du har frem til midten av februar p\u00e5 deg. N\u00e5r det gjelder gjedde, er dette slovenske ferskvannsrovdyret aktivt i de kalde vinterm\u00e5nedene. Februar I l\u00f8pet av denne iskalde ... <a href=\"https:\/\/fishing-guides-slovenia.com\/nb\/fishing-seasons-in-slovenia\/\">Fortsettelse<\/a><\/p>","protected":false},"author":46,"featured_media":0,"parent":0,"menu_order":12,"comment_status":"open","ping_status":"open","template":"","meta":{"footnotes":""},"class_list":["post-542","page","type-page","status-publish","hentry"],"acf":{"page_subheading":"The good news is that fishing can be enjoyed in Slovenia all year round. Check out the months to enjoy Fly, Carp or Sea fishing in Slovenia."},"_links":{"self":[{"href":"https:\/\/fishing-guides-slovenia.com\/nb\/wp-json\/wp\/v2\/pages\/542","targetHints":{"allow":["GET"]}}],"collection":[{"href":"https:\/\/fishing-guides-slovenia.com\/nb\/wp-json\/wp\/v2\/pages"}],"about":[{"href":"https:\/\/fishing-guides-slovenia.com\/nb\/wp-json\/wp\/v2\/types\/page"}],"author":[{"embeddable":true,"href":"https:\/\/fishing-guides-slovenia.com\/nb\/wp-json\/wp\/v2\/users\/46"}],"replies":[{"embeddable":true,"href":"https:\/\/fishing-guides-slovenia.com\/nb\/wp-json\/wp\/v2\/comments?post=542"}],"version-history":[{"count":0,"href":"https:\/\/fishing-guides-slovenia.com\/nb\/wp-json\/wp\/v2\/pages\/542\/revisions"}],"wp:attachment":[{"href":"https:\/\/fishing-guides-slovenia.com\/nb\/wp-json\/wp\/v2\/media?parent=542"}],"curies":[{"name":"wp","href":"https:\/\/api.w.org\/{rel}","templated":true}]}}