{"id":560,"date":"2020-04-22T21:48:47","date_gmt":"2020-04-22T21:48:47","guid":{"rendered":"http:\/\/fishing-guides-slovenia.com\/tailor-made\/"},"modified":"2022-12-05T11:00:38","modified_gmt":"2022-12-05T11:00:38","slug":"skreddersydd","status":"publish","type":"page","link":"https:\/\/fishing-guides-slovenia.com\/nb\/tailor-made\/","title":{"rendered":"Skreddersydd"},"content":{"rendered":"<p>Vi garanterer at hvert eneste produkt p\u00e5 nettstedet v\u00e5rt er utviklet for \u00e5 gi deg den beste&nbsp;<strong>beste fiskeopplevelsen<\/strong>&nbsp;Slovenia har \u00e5 by p\u00e5. Vi er klar over at det er umulig \u00e5 dekke alt, og at dine \u00f8nsker kan avvike fra v\u00e5rt tilbud, s\u00e5 vi gir deg muligheten til \u00e5 designe din helt egen fiskeferie.&nbsp;<\/p>\n\n\n\n<p>Du kan tilpasse din egen<strong>Taylor-laget fiskeferie i Slovenia<\/strong>etter dine \u00f8nsker, og vi er her for \u00e5 hjelpe deg hele veien. Du kan velge hvor mange dager du vil bli, hvilket vann du vil fiske i, hvilke fisketeknikker du vil pr\u00f8ve, hva slags innkvartering du foretrekker ... Du kan til og med velge hvor og hva du vil spise.<\/p>\n\n\n\n<p>Vi er her for \u00e5 gj\u00f8re det hele mulig, for \u00e5 gi deg den<strong>De beste fiskeguidene<\/strong>der ute og s\u00f8rge for at du kommer tilbake en dag. S\u00e5 ikke n\u00f8l med \u00e5 fortelle oss alt du vil ha og n\u00f8yaktig hvordan du vil ha det.<\/p>\n\n\n\n<p>Hvordan fungerer det?<\/p>\n\n\n\n<p>Du kan enten velge en av v\u00e5re&nbsp;<strong>eksisterende fiskeferiepakker<\/strong>&nbsp;og modifisere den etter dine \u00f8nsker, eller vi kan opprette en&nbsp;<strong>personlig tilpasset pakke designet spesielt for deg<\/strong>.<\/p>\n\n\n\n<p>Alt du trenger \u00e5 gj\u00f8re er \u00e5&nbsp;<strong>fyll ut henvendelsen<\/strong>&nbsp;der du oppgir alle dine \u00f8nsker, s\u00e5 tar vi kontakt med deg for \u00e5 diskutere alle detaljer rundt din neste perfekte fiskeferie.<\/p>","protected":false},"excerpt":{"rendered":"<p>Vi garanterer at hvert eneste produkt p\u00e5 nettstedet v\u00e5rt er designet for \u00e5 gi deg den beste fiskeopplevelsen Slovenia har \u00e5 by p\u00e5. Siden vi er klar over at det er umulig \u00e5 dekke alt, og at dine \u00f8nsker kan avvike fra det vi tilbyr, gir vi deg muligheten til \u00e5 designe din helt egen fiskeferie.  Du kan tilpasse ... <a href=\"https:\/\/fishing-guides-slovenia.com\/nb\/tailor-made\/\">Fortsettelse<\/a><\/p>","protected":false},"author":46,"featured_media":1553,"parent":0,"menu_order":28,"comment_status":"open","ping_status":"open","template":"","meta":{"footnotes":""},"class_list":["post-560","page","type-page","status-publish","has-post-thumbnail","hentry"],"acf":{"page_subheading":"Personalise your fishing holidays in Slovenia and get an all-inclusive experience. Everything tailored exactly to your needs and wishes."},"_links":{"self":[{"href":"https:\/\/fishing-guides-slovenia.com\/nb\/wp-json\/wp\/v2\/pages\/560","targetHints":{"allow":["GET"]}}],"collection":[{"href":"https:\/\/fishing-guides-slovenia.com\/nb\/wp-json\/wp\/v2\/pages"}],"about":[{"href":"https:\/\/fishing-guides-slovenia.com\/nb\/wp-json\/wp\/v2\/types\/page"}],"author":[{"embeddable":true,"href":"https:\/\/fishing-guides-slovenia.com\/nb\/wp-json\/wp\/v2\/users\/46"}],"replies":[{"embeddable":true,"href":"https:\/\/fishing-guides-slovenia.com\/nb\/wp-json\/wp\/v2\/comments?post=560"}],"version-history":[{"count":2,"href":"https:\/\/fishing-guides-slovenia.com\/nb\/wp-json\/wp\/v2\/pages\/560\/revisions"}],"predecessor-version":[{"id":1271,"href":"https:\/\/fishing-guides-slovenia.com\/nb\/wp-json\/wp\/v2\/pages\/560\/revisions\/1271"}],"wp:featuredmedia":[{"embeddable":true,"href":"https:\/\/fishing-guides-slovenia.com\/nb\/wp-json\/wp\/v2\/media\/1553"}],"wp:attachment":[{"href":"https:\/\/fishing-guides-slovenia.com\/nb\/wp-json\/wp\/v2\/media?parent=560"}],"curies":[{"name":"wp","href":"https:\/\/api.w.org\/{rel}","templated":true}]}}