{"id":566,"date":"2020-04-23T10:07:09","date_gmt":"2020-04-23T10:07:09","guid":{"rendered":"http:\/\/fishing-guides-slovenia.com\/carp-fishing-season\/"},"modified":"2024-07-30T09:59:21","modified_gmt":"2024-07-30T09:59:21","slug":"sesongen-for-karpefiske","status":"publish","type":"page","link":"https:\/\/fishing-guides-slovenia.com\/nb\/carp-fishing-season\/","title":{"rendered":"Sesong for karpefiske"},"content":{"rendered":"<h2 class=\"wp-block-heading\">Januar<\/h2>\n\n\n\n<p>En m\u00e5ned for de mest iherdige karpefiskerne. Innsj\u00f8ene er for det meste frosset til, s\u00e5 elvene er perfekte hvis du vil fange en vinterkarpe. Med litt agn p\u00e5 forh\u00e5nd er sjansene for \u00e5 lykkes slett ikke sm\u00e5!<\/p>\n\n\n\n<figure class=\"wp-block-image size-large\"><img loading=\"lazy\" decoding=\"async\" width=\"1024\" height=\"645\" src=\"https:\/\/fishing-guides-slovenia.com\/wp-content\/uploads\/Lake-Bled-in-winter-1024x645.webp\" alt=\"Se over den gotiske kirken p\u00e5 \u00f8ya Bled i Slovenia\" class=\"wp-image-2406\" srcset=\"https:\/\/fishing-guides-slovenia.com\/wp-content\/uploads\/Lake-Bled-in-winter-1024x645.webp 1024w, https:\/\/fishing-guides-slovenia.com\/wp-content\/uploads\/Lake-Bled-in-winter-300x189.webp 300w, https:\/\/fishing-guides-slovenia.com\/wp-content\/uploads\/Lake-Bled-in-winter-768x484.webp 768w, https:\/\/fishing-guides-slovenia.com\/wp-content\/uploads\/Lake-Bled-in-winter-1536x968.webp 1536w, https:\/\/fishing-guides-slovenia.com\/wp-content\/uploads\/Lake-Bled-in-winter-18x12.webp 18w, https:\/\/fishing-guides-slovenia.com\/wp-content\/uploads\/Lake-Bled-in-winter.webp 2000w\" sizes=\"auto, (max-width: 1024px) 100vw, 1024px\" \/><figcaption class=\"wp-element-caption\">Bledsj\u00f8en om vinteren<\/figcaption><\/figure>\n\n\n\n<h2 class=\"wp-block-heading\">Februar<\/h2>\n\n\n\n<p>I februar avhenger karpefisket i Slovenia av hvor streng vinteren var det \u00e5ret. Andre halvdel av februar er som regel en god tid for \u00e5 fange den f\u00f8rste karpen, og hvis forholdene er gode, kan du til og med f\u00e5 mange napp p\u00e5 \u00e9n dag. Fisken er fortsatt litt s\u00f8vnig, s\u00e5 du kan utnytte dette til din fordel og lure en stor karpe til \u00e5 ta agnet ditt.<\/p>\n\n\n\n<figure class=\"wp-block-image size-large\"><img loading=\"lazy\" decoding=\"async\" width=\"1024\" height=\"682\" src=\"https:\/\/fishing-guides-slovenia.com\/wp-content\/uploads\/carp-1-1-1024x682.webp\" alt=\"\" class=\"wp-image-1947\" srcset=\"https:\/\/fishing-guides-slovenia.com\/wp-content\/uploads\/carp-1-1-1024x682.webp 1024w, https:\/\/fishing-guides-slovenia.com\/wp-content\/uploads\/carp-1-1-300x200.webp 300w, https:\/\/fishing-guides-slovenia.com\/wp-content\/uploads\/carp-1-1-768x511.webp 768w, https:\/\/fishing-guides-slovenia.com\/wp-content\/uploads\/carp-1-1-18x12.webp 18w, https:\/\/fishing-guides-slovenia.com\/wp-content\/uploads\/carp-1-1.webp 1250w\" sizes=\"auto, (max-width: 1024px) 100vw, 1024px\" \/><figcaption class=\"wp-element-caption\">Fiskeguide med en karpe i h\u00e5nden<\/figcaption><\/figure>\n\n\n\n<h2 class=\"wp-block-heading\">Mars<\/h2>\n\n\n\n<p>Mars er en uoffisiell \u00e5pning av karpefiskesesongen. V\u00e6ret blir varmere, vannet blir varmere, fisken blir mer aktiv og den er sulten etter vinters\u00f8vnen, s\u00e5 forholdene for karpefiske er gode. Siden karpefiske i Bledsj\u00f8en ikke er tillatt f\u00f8r i april, er \u0160martinsko-sj\u00f8en det perfekte stedet \u00e5 v\u00e6re i noen dager, og sesongens f\u00f8rste 20+ fisk er bare noen f\u00e5 kast unna.<\/p>\n\n\n\n<figure class=\"wp-block-image size-large\"><img loading=\"lazy\" decoding=\"async\" width=\"1024\" height=\"768\" src=\"https:\/\/fishing-guides-slovenia.com\/wp-content\/uploads\/smartinsko-5-days-1024x768.webp\" alt=\"smartinsko 5 dager\" class=\"wp-image-2268\" srcset=\"https:\/\/fishing-guides-slovenia.com\/wp-content\/uploads\/smartinsko-5-days-1024x768.webp 1024w, https:\/\/fishing-guides-slovenia.com\/wp-content\/uploads\/smartinsko-5-days-300x225.webp 300w, https:\/\/fishing-guides-slovenia.com\/wp-content\/uploads\/smartinsko-5-days-768x576.webp 768w, https:\/\/fishing-guides-slovenia.com\/wp-content\/uploads\/smartinsko-5-days-1536x1152.webp 1536w, https:\/\/fishing-guides-slovenia.com\/wp-content\/uploads\/smartinsko-5-days-2048x1536.webp 2048w, https:\/\/fishing-guides-slovenia.com\/wp-content\/uploads\/smartinsko-5-days-16x12.webp 16w, https:\/\/fishing-guides-slovenia.com\/wp-content\/uploads\/smartinsko-5-days-scaled.webp 1920w\" sizes=\"auto, (max-width: 1024px) 100vw, 1024px\" \/><figcaption class=\"wp-element-caption\">\u0160martinsko-sj\u00f8en<\/figcaption><\/figure>\n\n\n\n<h2 class=\"wp-block-heading\">April<\/h2>\n\n\n\n<p>En h\u00f8ysesong de f\u00f8rste seks m\u00e5nedene. Hvis det noen gang er tid for \u00e5 fange en karpe, s\u00e5 er det n\u00e5. Vanntemperaturen stiger til et punkt der fisken begynner \u00e5 spise massivt for \u00e5 forberede seg p\u00e5 gytingen. Dagene blir lengre, nettene er ikke s\u00e5 kalde lenger, og naturen viser sine egenskaper. Alle karpefiskevann fra listen v\u00e5r er n\u00e5 tilgjengelige, inkludert Bledsj\u00f8en.<\/p>\n\n\n\n<figure class=\"wp-block-image size-large\"><img loading=\"lazy\" decoding=\"async\" width=\"1024\" height=\"578\" src=\"https:\/\/fishing-guides-slovenia.com\/wp-content\/uploads\/bled-carp-2-1-1024x578.webp\" alt=\"Fisker som fisker p\u00e5 innsj\u00f8en Bled\" class=\"wp-image-1957\" srcset=\"https:\/\/fishing-guides-slovenia.com\/wp-content\/uploads\/bled-carp-2-1-1024x578.webp 1024w, https:\/\/fishing-guides-slovenia.com\/wp-content\/uploads\/bled-carp-2-1-300x169.webp 300w, https:\/\/fishing-guides-slovenia.com\/wp-content\/uploads\/bled-carp-2-1-768x434.webp 768w, https:\/\/fishing-guides-slovenia.com\/wp-content\/uploads\/bled-carp-2-1-18x10.webp 18w, https:\/\/fishing-guides-slovenia.com\/wp-content\/uploads\/bled-carp-2-1.webp 1250w\" sizes=\"auto, (max-width: 1024px) 100vw, 1024px\" \/><figcaption class=\"wp-element-caption\">Fiske p\u00e5 den vakre Bledsj\u00f8en<\/figcaption><\/figure>\n\n\n\n<h2 class=\"wp-block-heading\">mai<\/h2>\n\n\n\n<p>I noen innsj\u00f8er er vannet varmt nok til at karpene begynner \u00e5 gyte, men vanligvis er det ikke tilfelle med Bled-sj\u00f8en og \u0160martinsko-sj\u00f8en, som ligger dypere og dermed er kaldere. Men selv om vannet er litt varmere enn vanlig, gyter ikke alle fiskene i disse innsj\u00f8ene samtidig, s\u00e5 hvis du bestemmer deg for \u00e5 dra p\u00e5 karpefiske i Slovenia, er mai en flott tid \u00e5 gj\u00f8re det p\u00e5.<\/p>\n\n\n\n<figure class=\"wp-block-image size-full\"><img loading=\"lazy\" decoding=\"async\" width=\"1250\" height=\"703\" src=\"https:\/\/fishing-guides-slovenia.com\/wp-content\/uploads\/smartinsko-lake-6.webp\" alt=\"\" class=\"wp-image-1785\" srcset=\"https:\/\/fishing-guides-slovenia.com\/wp-content\/uploads\/smartinsko-lake-6.webp 1250w, https:\/\/fishing-guides-slovenia.com\/wp-content\/uploads\/smartinsko-lake-6-300x169.webp 300w, https:\/\/fishing-guides-slovenia.com\/wp-content\/uploads\/smartinsko-lake-6-1024x576.webp 1024w, https:\/\/fishing-guides-slovenia.com\/wp-content\/uploads\/smartinsko-lake-6-768x432.webp 768w, https:\/\/fishing-guides-slovenia.com\/wp-content\/uploads\/smartinsko-lake-6-18x10.webp 18w\" sizes=\"auto, (max-width: 1250px) 100vw, 1250px\" \/><figcaption class=\"wp-element-caption\">Fang din egen monsterkarpe<\/figcaption><\/figure>\n\n\n\n<h2 class=\"wp-block-heading\">Juni, juli, august<\/h2>\n\n\n\n<p>P\u00e5 begynnelsen av sommeren kan det fortsatt v\u00e6re noen tegn til gyting, men forholdene for karpefiske i Slovenia er de beste om sommeren. Varmt v\u00e6r, lange dager med korte netter som gir deg ny energi, aktive karper og godt selskap er alt du kan be om. S\u00e5 hvis du vil fange stor fisk mens du ser p\u00e5 solnedgangen med en \u00f8l i h\u00e5nden, skal du komme til Slovenia for noen dager med karpefiske.<\/p>\n\n\n\n<figure class=\"wp-block-image size-large\"><img loading=\"lazy\" decoding=\"async\" width=\"1024\" height=\"682\" src=\"https:\/\/fishing-guides-slovenia.com\/wp-content\/uploads\/carp-2-1024x682.webp\" alt=\"\" class=\"wp-image-1486\" srcset=\"https:\/\/fishing-guides-slovenia.com\/wp-content\/uploads\/carp-2-1024x682.webp 1024w, https:\/\/fishing-guides-slovenia.com\/wp-content\/uploads\/carp-2-300x200.webp 300w, https:\/\/fishing-guides-slovenia.com\/wp-content\/uploads\/carp-2-768x512.webp 768w, https:\/\/fishing-guides-slovenia.com\/wp-content\/uploads\/carp-2-18x12.webp 18w, https:\/\/fishing-guides-slovenia.com\/wp-content\/uploads\/carp-2.webp 1250w\" sizes=\"auto, (max-width: 1024px) 100vw, 1024px\" \/><figcaption class=\"wp-element-caption\">En karpe i naturen<\/figcaption><\/figure>\n\n\n\n<h2 class=\"wp-block-heading\">September<\/h2>\n\n\n\n<p>En start p\u00e5 Big Carp-fiske. Temperaturene faller litt, og dette gir fisken et signal om \u00e5 begynne \u00e5 mate for kaldere m\u00e5neder. F\u00f8lgelig f\u00e5r vi karpefiskere flere napp og tyngre fisk. Det er mindre liv og r\u00f8re p\u00e5 vannet, turistene reiser bort og roen vender tilbake, noe som gj\u00f8r det til en ideell tid for fiske. Naturen skifter farger til varmere nyanser, og det samme gj\u00f8r karpene.<\/p>\n\n\n\n<figure class=\"wp-block-image size-large\"><img loading=\"lazy\" decoding=\"async\" width=\"1024\" height=\"569\" src=\"https:\/\/fishing-guides-slovenia.com\/wp-content\/uploads\/79149652_3868800523145553_1050175643389526016_o-1024x569.webp\" alt=\"\" class=\"wp-image-1390\" srcset=\"https:\/\/fishing-guides-slovenia.com\/wp-content\/uploads\/79149652_3868800523145553_1050175643389526016_o-1024x569.webp 1024w, https:\/\/fishing-guides-slovenia.com\/wp-content\/uploads\/79149652_3868800523145553_1050175643389526016_o-300x167.webp 300w, https:\/\/fishing-guides-slovenia.com\/wp-content\/uploads\/79149652_3868800523145553_1050175643389526016_o-768x427.webp 768w, https:\/\/fishing-guides-slovenia.com\/wp-content\/uploads\/79149652_3868800523145553_1050175643389526016_o-18x10.webp 18w, https:\/\/fishing-guides-slovenia.com\/wp-content\/uploads\/79149652_3868800523145553_1050175643389526016_o.webp 1440w\" sizes=\"auto, (max-width: 1024px) 100vw, 1024px\" \/><figcaption class=\"wp-element-caption\">Kj\u00f8lig v\u00e6r betyr god sesong for karpefiske<\/figcaption><\/figure>\n\n\n\n<h2 class=\"wp-block-heading\">Oktober<\/h2>\n\n\n\n<p>En ypperlig m\u00e5ned for \u00e5 sl\u00e5 din personlige karperekord og fortsatt v\u00e6re i stand til \u00e5 holde den for et bilde uten at fingrene dine fryser av lave temperaturer. F\u00f4ringsaktiviteten er p\u00e5 sitt h\u00f8yeste, karpens siste sjanse til \u00e5 legge p\u00e5 seg f\u00f8r vinteren. Ja, det er litt kaldere, men bel\u00f8nningen er st\u00f8rre, eller skal vi si tyngre. Den beste tiden \u00e5 fiske karpe i Slovenia er en felles oppfatning fra alle v\u00e5re karpeguider.<\/p>\n\n\n\n<figure class=\"wp-block-image size-full\"><img loading=\"lazy\" decoding=\"async\" width=\"1250\" height=\"703\" src=\"https:\/\/fishing-guides-slovenia.com\/wp-content\/uploads\/bled-carp-7.webp\" alt=\"\" class=\"wp-image-1446\" srcset=\"https:\/\/fishing-guides-slovenia.com\/wp-content\/uploads\/bled-carp-7.webp 1250w, https:\/\/fishing-guides-slovenia.com\/wp-content\/uploads\/bled-carp-7-300x169.webp 300w, https:\/\/fishing-guides-slovenia.com\/wp-content\/uploads\/bled-carp-7-1024x576.webp 1024w, https:\/\/fishing-guides-slovenia.com\/wp-content\/uploads\/bled-carp-7-768x432.webp 768w, https:\/\/fishing-guides-slovenia.com\/wp-content\/uploads\/bled-carp-7-18x10.webp 18w\" sizes=\"auto, (max-width: 1250px) 100vw, 1250px\" \/><figcaption class=\"wp-element-caption\">T\u00e5lmodighet bel\u00f8nnes<\/figcaption><\/figure>\n\n\n\n<h2 class=\"wp-block-heading\">November<\/h2>\n\n\n\n<p>Hvis du tar en tur rundt innsj\u00f8en, vil du se mange lokale karpefiskere, og de har en god grunn til det. Alle venter p\u00e5 de st\u00f8rste fiskene som fortsatt spiser. Bittene kommer gjerne tregt, men n\u00e5r de kommer, kan du ha ditt livs fisk i enden av sn\u00f8ret. Det er kaldt, men \u00e5 fiske p\u00e5 Bled-sj\u00f8en om dagen eller campe ved \u0160martinsko-sj\u00f8en med en varmeovn i bivyen kan v\u00e6re til \u00e5 leve med n\u00e5r man tar i betraktning muligheten for fangst p\u00e5 over 30 kg.<\/p>\n\n\n\n<figure class=\"wp-block-image size-large\"><img loading=\"lazy\" decoding=\"async\" width=\"1024\" height=\"524\" src=\"https:\/\/fishing-guides-slovenia.com\/wp-content\/uploads\/bled-carp-fishing-scaled-1024x524.webp\" alt=\"Fiske p\u00e5 den vakre innsj\u00f8en Bled\" class=\"wp-image-2263\" srcset=\"https:\/\/fishing-guides-slovenia.com\/wp-content\/uploads\/bled-carp-fishing-scaled-1024x524.webp 1024w, https:\/\/fishing-guides-slovenia.com\/wp-content\/uploads\/bled-carp-fishing-scaled-300x154.webp 300w, https:\/\/fishing-guides-slovenia.com\/wp-content\/uploads\/bled-carp-fishing-scaled-768x393.webp 768w, https:\/\/fishing-guides-slovenia.com\/wp-content\/uploads\/bled-carp-fishing-scaled-1536x786.webp 1536w, https:\/\/fishing-guides-slovenia.com\/wp-content\/uploads\/bled-carp-fishing-scaled-18x9.webp 18w, https:\/\/fishing-guides-slovenia.com\/wp-content\/uploads\/bled-carp-fishing-scaled.webp 2000w\" sizes=\"auto, (max-width: 1024px) 100vw, 1024px\" \/><figcaption class=\"wp-element-caption\">Du kan fiske ved bredden av Bledsj\u00f8en i solnedgangen<\/figcaption><\/figure>\n\n\n\n<h2 class=\"wp-block-heading\">desember<\/h2>\n\n\n\n<p>Fisket flytter sakte ut i elvene, og de siste store karpene kan fanges fra innsj\u00f8ene s\u00e5 lenge du er utholdende nok. Hvis du vil pr\u00f8ve deg p\u00e5 et vinterdyr, er vi klare til \u00e5 veilede deg.<\/p>\n\n\n\n<figure class=\"wp-block-image size-large is-resized\"><img loading=\"lazy\" decoding=\"async\" width=\"1024\" height=\"576\" src=\"https:\/\/fishing-guides-slovenia.com\/wp-content\/uploads\/Ljubljanica-River-1024x576.webp\" alt=\"Ljubljanica er en elv i det sentrale Slovenia. Ljubljanica har sitt utspring s\u00f8r for byen Vrhnika og renner ut i elven Sava omtrent 10 kilometer nedstr\u00f8ms Ljubljana.\" class=\"wp-image-2407\" style=\"width:1450px;height:auto\" srcset=\"https:\/\/fishing-guides-slovenia.com\/wp-content\/uploads\/Ljubljanica-River-1024x576.webp 1024w, https:\/\/fishing-guides-slovenia.com\/wp-content\/uploads\/Ljubljanica-River-300x169.webp 300w, https:\/\/fishing-guides-slovenia.com\/wp-content\/uploads\/Ljubljanica-River-768x432.webp 768w, https:\/\/fishing-guides-slovenia.com\/wp-content\/uploads\/Ljubljanica-River-1536x864.webp 1536w, https:\/\/fishing-guides-slovenia.com\/wp-content\/uploads\/Ljubljanica-River-18x10.webp 18w, https:\/\/fishing-guides-slovenia.com\/wp-content\/uploads\/Ljubljanica-River.webp 2000w\" sizes=\"auto, (max-width: 1024px) 100vw, 1024px\" \/><figcaption class=\"wp-element-caption\">Pr\u00f8v lykken p\u00e5 elven Ljubljanica<\/figcaption><\/figure>","protected":false},"excerpt":{"rendered":"<p>Januar En m\u00e5ned for de mest iherdige karpefiskerne. Innsj\u00f8ene er for det meste frosne, s\u00e5 elvene er perfekte hvis du vil fange en vinterkarpe. Med litt foragn er sjansene for suksess ikke sm\u00e5 i det hele tatt! Februar I februar avhenger karpefiske i Slovenia av hvor hard vinteren var ... <a href=\"https:\/\/fishing-guides-slovenia.com\/nb\/carp-fishing-season\/\">Fortsettelse<\/a><\/p>","protected":false},"author":46,"featured_media":0,"parent":0,"menu_order":4,"comment_status":"open","ping_status":"open","template":"","meta":{"footnotes":""},"class_list":["post-566","page","type-page","status-publish","hentry"],"acf":{"page_subheading":"Slovenia offers year-round fishing. Check out the best months for Carp fishing in Slovenia in order to catch the most and the biggest."},"_links":{"self":[{"href":"https:\/\/fishing-guides-slovenia.com\/nb\/wp-json\/wp\/v2\/pages\/566","targetHints":{"allow":["GET"]}}],"collection":[{"href":"https:\/\/fishing-guides-slovenia.com\/nb\/wp-json\/wp\/v2\/pages"}],"about":[{"href":"https:\/\/fishing-guides-slovenia.com\/nb\/wp-json\/wp\/v2\/types\/page"}],"author":[{"embeddable":true,"href":"https:\/\/fishing-guides-slovenia.com\/nb\/wp-json\/wp\/v2\/users\/46"}],"replies":[{"embeddable":true,"href":"https:\/\/fishing-guides-slovenia.com\/nb\/wp-json\/wp\/v2\/comments?post=566"}],"version-history":[{"count":6,"href":"https:\/\/fishing-guides-slovenia.com\/nb\/wp-json\/wp\/v2\/pages\/566\/revisions"}],"predecessor-version":[{"id":2408,"href":"https:\/\/fishing-guides-slovenia.com\/nb\/wp-json\/wp\/v2\/pages\/566\/revisions\/2408"}],"wp:attachment":[{"href":"https:\/\/fishing-guides-slovenia.com\/nb\/wp-json\/wp\/v2\/media?parent=566"}],"curies":[{"name":"wp","href":"https:\/\/api.w.org\/{rel}","templated":true}]}}