{"id":567,"date":"2020-04-23T10:14:11","date_gmt":"2020-04-23T10:14:11","guid":{"rendered":"http:\/\/fishing-guides-slovenia.com\/spin-fishing-season\/"},"modified":"2022-10-05T13:11:22","modified_gmt":"2022-10-05T13:11:22","slug":"sesong-for-spinnfiske","status":"publish","type":"page","link":"https:\/\/fishing-guides-slovenia.com\/nb\/spin-fishing-season\/","title":{"rendered":"Sesong for spinnfiske"},"content":{"rendered":"<h2 class=\"wp-block-heading\"><strong>Januar<\/strong><\/h2>\n\n\n\n<p>Dette er tiden for ekstremfiskere som ikke har noe imot kulde og sn\u00f8, og som har blikket rettet mot premien. N\u00e5r det gjelder spinnfiske i Slovenia, er premien en stor Huchen, som er elvenes konge i vinterm\u00e5nedene, eller en stor gjedde som fortsatt er sulten p\u00e5 byttet. De beste elvene for spinnfiske om vinteren er Sava, Sava Dolinka og Krka, og hvis du vil ha en urban opplevelse, kan du pr\u00f8ve urban spinnfiske i Ljubljanica.<\/p>\n\n\n\n<h2 class=\"wp-block-heading\"><strong>Februar<\/strong><\/h2>\n\n\n\n<p>Huchen-sesongen slutter i midten av februar, s\u00e5 husk \u00e5 bes\u00f8ke elvene v\u00e5re f\u00f8r det. G\u00e5r du glipp av sjansen, m\u00e5 du vente til oktober f\u00f8r du kan pr\u00f8ve igjen. Gjeddesesongen slutter ogs\u00e5 i februar.<\/p>\n\n\n\n<figure class=\"wp-block-image\"><img decoding=\"async\" src=\"https:\/\/960335.smushcdn.com\/2671427\/wp-content\/uploads\/2020\/02\/ljubljanica-spin-2.webp?lossy=1&amp;strip=1&amp;webp=1\" alt=\"Ljubljanica-elven i den slovenske hovedstaden\"\/><\/figure>\n\n\n\n<h2 class=\"wp-block-heading\"><strong>Mars<\/strong><\/h2>\n\n\n\n<p>En kjedelig m\u00e5ned for spinnfiske, og mange fiskearter er borte fra bordet. Det som er bra, er at steinbitene blir mer aktive p\u00e5 grunn av det varmere v\u00e6ret, og du kan bes\u00f8ke Slovenia for \u00e5 oppleve en kamp med monstereksemplarer som holder til i elvene Sava eller Vipava.<\/p>\n\n\n\n<h2 class=\"wp-block-heading\"><strong>April<\/strong><\/h2>\n\n\n\n<p>Du kan fortsatt fiske etter steinbit eller pr\u00f8ve \u00e5 friste en asp til \u00e5 ta agnet ditt. Men de fleste spinnfiskere har allerede blikket rettet mot mai og dermed starten p\u00e5 gjeddesesongen.<\/p>\n\n\n\n<figure class=\"wp-block-image\"><img decoding=\"async\" src=\"https:\/\/960335.smushcdn.com\/2671427\/wp-content\/uploads\/2020\/02\/vipava-1.webp?lossy=1&amp;strip=1&amp;webp=1\" alt=\"Kveldsfisket endte med storfangst\"\/><\/figure>\n\n\n\n<h2 class=\"wp-block-heading\"><strong>mai<\/strong><\/h2>\n\n\n\n<p>Gjeddesesongen, som alle spinnfiskere har ventet p\u00e5, har endelig kommet. Vannene er fulle av spinnfiskere som pr\u00f8ver \u00e5 fange et sultent rovdyr som akkurat har gytt og er klar til \u00e5 spise. Du kan selvsagt fange andre arter underveis, men mange av dem er fortsatt fredet, s\u00e5 du m\u00e5 slippe dem ut igjen med en gang.<\/p>\n\n\n\n<h2 class=\"wp-block-heading\"><strong>Juni<\/strong><\/h2>\n\n\n\n<p>Gjedda er allerede p\u00e5 jakt, og et annet rovdyr som ogs\u00e5 holder til i b\u00e5de elver og innsj\u00f8er, er tilbake p\u00e5 jaktlisten. Det er sandarten. Begge kan fiskes i Bledsj\u00f8en, s\u00e5 hvis du er ute etter et spinnfiskeeventyr i Slovenia, er det det vi anbefaler. Steinbit er i gyteperioden og er ikke aktuell p\u00e5 en stund.<\/p>\n\n\n\n<figure class=\"wp-block-image\"><img decoding=\"async\" src=\"https:\/\/960335.smushcdn.com\/2671427\/wp-content\/uploads\/2020\/02\/sava-3.webp?lossy=1&amp;strip=1&amp;webp=1\" alt=\"Stor fisk fra elven Sava\"\/><\/figure>\n\n\n\n<h2 class=\"wp-block-heading\"><strong>Juli, august<\/strong><\/h2>\n\n\n\n<p>Sommerm\u00e5nedene g\u00e5r h\u00e5nd i h\u00e5nd med spinning. Det varme v\u00e6ret om morgenen gj\u00f8r at du kan fiske effektivt og hvile deg p\u00e5 dagen, se noen severdigheter og komme tilbake p\u00e5 ettermiddagen n\u00e5r temperaturen synker og alt oppstyret fra turistene p\u00e5 vannet forsvinner.&nbsp;<\/p>\n\n\n\n<h2 class=\"wp-block-heading\"><strong>September<\/strong><\/h2>\n\n\n\n<p>Gjedda sl\u00e5r til n\u00e5r bladene faller ned, er et ordtak vi bruker i Slovenia i forbindelse med spinnfiske. Fisken begynner \u00e5 spise mer regelmessig p\u00e5 grunn av temperaturfallet, og sjansene for en god fangst \u00f8ker. Hvis du i tillegg legger til naturens farger, som g\u00e5r over i varme nyanser, er det perfekt \u00e5 fiske om h\u00f8sten!<\/p>\n\n\n\n<figure class=\"wp-block-image\"><img decoding=\"async\" src=\"https:\/\/960335.smushcdn.com\/2671427\/wp-content\/uploads\/2020\/02\/sava-1.webp?lossy=1&amp;strip=1&amp;webp=1\" alt=\"\u00d8rret fra elven Sava\"\/><\/figure>\n\n\n\n<h2 class=\"wp-block-heading\"><strong>Oktober<\/strong><\/h2>\n\n\n\n<p>Oktober st\u00e5r i Huchen-fiskets tegn. Den lange ventetiden er over, og elvenes konge er aktiv igjen, klar til \u00e5 bli fanget. Det er vanskelig, men hvis du lykkes, er gleden ubeskrivelig. Hvis du ikke vet hvordan du skal fange den eller ikke aner hvor du skal begynne, vil guidene v\u00e5re hjelpe deg med \u00e5 lande din f\u00f8rste konge.<\/p>\n\n\n\n<h2 class=\"wp-block-heading\"><strong>November og desember<\/strong><\/h2>\n\n\n\n<p>P\u00e5 toppene av Huchen-fiskesesongen m\u00e5 alle andre fiskere vike plass for de ytterst f\u00e5 som vet \u00e5 sette pris p\u00e5 en fangst av en s\u00e5 majestetisk skapning som Huchen.<\/p>\n\n\n\n<figure class=\"wp-block-image size-large\"><img decoding=\"async\" src=\"https:\/\/fishing-guides-slovenia.com\/wp-content\/uploads\/image-1-1024x682.webp\" alt=\"\" class=\"wp-image-1281\"\/><\/figure>","protected":false},"excerpt":{"rendered":"<p>Januar Dette er tiden for ekstremfiskere, som ikke har noe imot kulde og sn\u00f8 og har \u00f8ynene rettet mot premien. N\u00e5r det gjelder spinnfiske i Slovenia, er premien en stor Huchen, som er kongen av elvene i vinterm\u00e5nedene eller en stor gjedde, som fortsatt er sulten p\u00e5 byttet. Best ... <a href=\"https:\/\/fishing-guides-slovenia.com\/nb\/spin-fishing-season\/\">Fortsettelse<\/a><\/p>","protected":false},"author":46,"featured_media":0,"parent":0,"menu_order":27,"comment_status":"open","ping_status":"open","template":"","meta":{"footnotes":""},"class_list":["post-567","page","type-page","status-publish","hentry"],"acf":{"page_subheading":"Check out which parts of the year suit most to each freshwater predator in order to maximize your chances to catch Pike, Huchen, Catfish or Zander."},"_links":{"self":[{"href":"https:\/\/fishing-guides-slovenia.com\/nb\/wp-json\/wp\/v2\/pages\/567","targetHints":{"allow":["GET"]}}],"collection":[{"href":"https:\/\/fishing-guides-slovenia.com\/nb\/wp-json\/wp\/v2\/pages"}],"about":[{"href":"https:\/\/fishing-guides-slovenia.com\/nb\/wp-json\/wp\/v2\/types\/page"}],"author":[{"embeddable":true,"href":"https:\/\/fishing-guides-slovenia.com\/nb\/wp-json\/wp\/v2\/users\/46"}],"replies":[{"embeddable":true,"href":"https:\/\/fishing-guides-slovenia.com\/nb\/wp-json\/wp\/v2\/comments?post=567"}],"version-history":[{"count":1,"href":"https:\/\/fishing-guides-slovenia.com\/nb\/wp-json\/wp\/v2\/pages\/567\/revisions"}],"predecessor-version":[{"id":1283,"href":"https:\/\/fishing-guides-slovenia.com\/nb\/wp-json\/wp\/v2\/pages\/567\/revisions\/1283"}],"wp:attachment":[{"href":"https:\/\/fishing-guides-slovenia.com\/nb\/wp-json\/wp\/v2\/media?parent=567"}],"curies":[{"name":"wp","href":"https:\/\/api.w.org\/{rel}","templated":true}]}}