{"id":569,"date":"2020-04-23T10:22:06","date_gmt":"2020-04-23T10:22:06","guid":{"rendered":"http:\/\/fishing-guides-slovenia.com\/sea-fishing-season\/"},"modified":"2022-10-05T13:17:10","modified_gmt":"2022-10-05T13:17:10","slug":"havfiskesesongen","status":"publish","type":"page","link":"https:\/\/fishing-guides-slovenia.com\/nb\/sea-fishing-season\/","title":{"rendered":"Sesong for sj\u00f8fiske"},"content":{"rendered":"<h2 class=\"wp-block-heading\"><strong>Vinter<\/strong><\/h2>\n\n\n\n<p>Det fiskes etter storvilt om vinteren, og forholdene er ikke ideelle, men for de som \u00f8nsker \u00e5 fange en stor tunfisk eller andre sj\u00f8uhyrer, er ikke d\u00e5rlig v\u00e6r noe hinder. Hvis du foretrekker mindre ekstreme fiskevarianter, kan du pr\u00f8ve \u00e5 fiske etter calamari eller havabbor fra den slovenske kysten.<\/p>\n\n\n\n<figure class=\"wp-block-image\"><img decoding=\"async\" src=\"https:\/\/960335.smushcdn.com\/2671427\/wp-content\/uploads\/2020\/04\/webp_net_resizeimage_z8rzO.webp?lossy=1&amp;strip=1&amp;webp=1\" alt=\"En annen fiskeart fanget under tunfiskfiske i Adriaterhavet\"\/><\/figure>\n\n\n\n<h2 class=\"wp-block-heading\"><strong>V\u00e5r<\/strong><\/h2>\n\n\n\n<p>Om v\u00e5ren, n\u00e5r temperaturene stiger, blir fiskeaktiviteten bedre og bedre, noe som betyr at man f\u00e5r st\u00f8rre og flere fisk. Storviltfisket er i full gang, s\u00e5 hvis du ikke har bestemt deg for \u00e5 pr\u00f8ve det om vinteren, b\u00f8r du gj\u00f8re det om v\u00e5ren n\u00e5r forholdene er mye bedre. Ogs\u00e5 kystfisket er bra om v\u00e5ren, s\u00e5 hvis du er ute etter et eventyr, er du p\u00e5 rett side.<\/p>\n\n\n\n<figure class=\"wp-block-image\"><img decoding=\"async\" src=\"https:\/\/960335.smushcdn.com\/2671427\/wp-content\/uploads\/2020\/04\/webp_net_resizeimage_jFEcQ.webp?lossy=1&amp;strip=1&amp;webp=1\" alt=\"\"\/><\/figure>\n\n\n\n<h2 class=\"wp-block-heading\"><strong>Sommer<\/strong><\/h2>\n\n\n\n<p>Storviltfiske er ikke perfekt i sommerm\u00e5nedene, s\u00e5 det er bedre \u00e5 fokusere p\u00e5 fiske etter andre arter. I l\u00f8pet av denne tiden kan du pr\u00f8ve \u00e5 fiske etter mindre fisk, som p\u00e5 v\u00e5r havfisketur, og tilbringe litt tid i hyggelig selskap med venner eller familiemedlemmer. En annen type fiske som er sv\u00e6rt popul\u00e6rt i de varme sommerm\u00e5nedene, er fiske med harpun. Hvis du er glad i \u00e5 fiske med harpun og \u00f8nsker \u00e5 fiske i Adriaterhavet, vil v\u00e5re Sea fiskeguider, som ogs\u00e5 elsker denne typen fiske, ta deg med under overflaten der du kan nyte Adriaterhavets mangfoldige havverden.<\/p>\n\n\n\n<figure class=\"wp-block-image\"><img decoding=\"async\" src=\"https:\/\/960335.smushcdn.com\/2671427\/wp-content\/uploads\/2020\/04\/webp_net_resizeimage_ArFjC.webp?lossy=1&amp;strip=1&amp;webp=1\" alt=\"Tunfisk fra Adriaterhavet p\u00e5 st\u00f8rrelse med en voksen mann\"\/><\/figure>\n\n\n\n<h2 class=\"wp-block-heading\"><strong>H\u00f8st<\/strong><\/h2>\n\n\n\n<p>P\u00e5 h\u00f8sten fiskes det etter Mahi mahi ved den slovenske kysten, og eksemplarene sl\u00e5r ingen rekorder, men kjemper likevel en god kamp.<br>Tunfisket er tilbake p\u00e5 menyen, og med det alle de andre store artene i Adriaterhavet. Hvis det ikke bl\u00e5ser for mye, har du sjansen til \u00e5 fange store mengder fisk, s\u00e5 p\u00e5 denne tiden av \u00e5ret er det perfekt \u00e5 bestille noen dagers tur og bli med storviltfiskeguiden v\u00e5r p\u00e5 b\u00e5ten.<\/p>","protected":false},"excerpt":{"rendered":"<p>Vinterfiske er aktivt om vinteren, forholdene er ikke ideelle, men for de som \u00f8nsker \u00e5 fange en stor tunfisk eller et annet sj\u00f8monster, er d\u00e5rlig v\u00e6r ikke noe hinder. Hvis du foretrekker mindre ekstreme varianter av fiske, kan du pr\u00f8ve \u00e5 fiske etter Calamari eller Sea Bass fra den slovenske kysten. V\u00e5ren i ... <a href=\"https:\/\/fishing-guides-slovenia.com\/nb\/sea-fishing-season\/\">Fortsettelse<\/a><\/p>","protected":false},"author":46,"featured_media":0,"parent":0,"menu_order":26,"comment_status":"open","ping_status":"open","template":"","meta":{"footnotes":""},"class_list":["post-569","page","type-page","status-publish","hentry"],"acf":{"page_subheading":"Check out the best parts of the sea fishing season to help you catch more fish in the Adriatic sea, weather catching Sea Bass, Tuna or Mahi Mahi."},"_links":{"self":[{"href":"https:\/\/fishing-guides-slovenia.com\/nb\/wp-json\/wp\/v2\/pages\/569","targetHints":{"allow":["GET"]}}],"collection":[{"href":"https:\/\/fishing-guides-slovenia.com\/nb\/wp-json\/wp\/v2\/pages"}],"about":[{"href":"https:\/\/fishing-guides-slovenia.com\/nb\/wp-json\/wp\/v2\/types\/page"}],"author":[{"embeddable":true,"href":"https:\/\/fishing-guides-slovenia.com\/nb\/wp-json\/wp\/v2\/users\/46"}],"replies":[{"embeddable":true,"href":"https:\/\/fishing-guides-slovenia.com\/nb\/wp-json\/wp\/v2\/comments?post=569"}],"version-history":[{"count":1,"href":"https:\/\/fishing-guides-slovenia.com\/nb\/wp-json\/wp\/v2\/pages\/569\/revisions"}],"predecessor-version":[{"id":1285,"href":"https:\/\/fishing-guides-slovenia.com\/nb\/wp-json\/wp\/v2\/pages\/569\/revisions\/1285"}],"wp:attachment":[{"href":"https:\/\/fishing-guides-slovenia.com\/nb\/wp-json\/wp\/v2\/media?parent=569"}],"curies":[{"name":"wp","href":"https:\/\/api.w.org\/{rel}","templated":true}]}}