{"id":571,"date":"2020-06-01T19:31:51","date_gmt":"2020-06-01T19:31:51","guid":{"rendered":"http:\/\/fishing-guides-slovenia.com\/partners\/"},"modified":"2020-06-01T19:31:51","modified_gmt":"2020-06-01T19:31:51","slug":"partnere","status":"publish","type":"page","link":"https:\/\/fishing-guides-slovenia.com\/nb\/partners\/","title":{"rendered":"Partnere"},"content":{"rendered":"<h2 class=\"partners-h2\"><strong><a href=\"https:\/\/bearwatchingslovenia.com\/\" target=\"_blank\" rel=\"noreferrer noopener\">BJ\u00d8RNESAFARI SLOVENIA<\/a><\/strong><\/h2>\n\n\n\n<p>Opplev spenningen ved \u00e5 se p\u00e5 bj\u00f8rn i Slovenias uber\u00f8rte naturskoger. F\u00f8lg med en dyrekspert dypt inn i skogen, der du f\u00e5r m\u00f8te Slovenias opprinnelige brunbj\u00f8rn gjennom de store vinduene p\u00e5 et trygt utkikkspunkt i tre - perfekt for \u00e5 ta fantastiske bilder.<\/p>\n\n\n\n<h2 class=\"partners-h2\"><a href=\"https:\/\/farmlifeslovenia.com\" data-type=\"URL\"><strong>LIVET P\u00c5 G\u00c5RDEN SLOVENIA<\/strong><\/a><\/h2>\n\n\n\n<p>Tilbring en dag p\u00e5 en typisk slovensk g\u00e5rd, der du kan se og oppleve en rekke aktiviteter p\u00e5 n\u00e6rt hold. Avhengig av \u00e5rstiden kan du delta i arbeidet p\u00e5 \u00e5keren, skrelle mais, samle inn egg, bake br\u00f8d, drive bir\u00f8kt osv.<\/p>\n\n\n\n<h2 class=\"partners-h2\"><a rel=\"noreferrer noopener\" href=\"https:\/\/slovenia-activities.com\/\" target=\"_blank\"><strong>AKTIVITETER I SLOVENIA<\/strong><\/a><\/h2>\n\n\n\n<p>Et bredt utvalg av de beste tingene \u00e5 gj\u00f8re i Slovenia, fra sykling, fotturer, vinteraktiviteter, klatring, grotting, juving, rafting og andre utend\u00f8rsaktiviteter.<\/p>\n\n\n\n<h2 class=\"partners-h2\"><strong><a href=\"https:\/\/wine-tours-slovenia.com\/\" target=\"_blank\" rel=\"noreferrer noopener\">VINTURER SLOVENIA<\/a><\/strong><\/h2>\n\n\n\n<p>Vinturer er perfekte for b\u00e5de nybegynnere og erfarne vinsmakere. Du trenger ingen forkunnskaper. Det eneste som kreves er lysten til \u00e5 slappe av, drikke vin og slappe av litt til.<\/p>\n\n\n\n<p>Det finnes ingen bedre m\u00e5te \u00e5 oppleve Slovenias rike vinproduksjonstradisjon p\u00e5, samtidig som du kan sosialisere med andre reisende og smake p\u00e5 naturens herligheter p\u00e5 \u00e9n og samme dag.<\/p>\n\n\n\n<h2 class=\"partners-h2\"><strong><a href=\"https:\/\/sloveniaprivatetours.com\/\" target=\"_blank\" rel=\"noreferrer noopener\">SLOVENIA PRIVATE TURER<\/a><\/strong><\/h2>\n\n\n\n<p>Slovenia Private Tours er din sjanse til \u00e5 oppleve landet v\u00e5rt helt uten stress, i selskap med en profesjonell lokal sj\u00e5f\u00f8r og guide som viser deg hva Slovenia handler om.<\/p>\n\n\n\n<h2 class=\"partners-h2\"><a href=\"https:\/\/winetastingljubljana.com\/\" target=\"_blank\" rel=\"noreferrer noopener\"><strong>VINSMAKING I LJUBLJANA<\/strong><\/a><\/h2>\n\n\n\n<p>En unik vinsmakingsopplevelse i sentrum av Slovenias pulserende hovedstad.<\/p>\n\n\n\n<h2 class=\"partners-h2\"><a href=\"https:\/\/triglavtours.com\/\" target=\"_blank\" rel=\"noreferrer noopener\"><strong>TRIGLAV TOURS<\/strong><\/a><\/h2>\n\n\n\n<p>Guidede fotturer opp Slovenias h\u00f8yeste fjell<\/p>\n\n\n\n<h2 class=\"partners-h2\"><strong><a href=\"https:\/\/thebalkantours.com\/\" target=\"_blank\" rel=\"noreferrer noopener\">TURER P\u00c5 BALKAN<\/a><\/strong><\/h2>\n\n\n\n<p>Uforglemmelige ferier p\u00e5 tvers av landene p\u00e5 Balkan.<\/p>\n\n\n\n<h2 class=\"partners-h2\"><strong><a href=\"https:\/\/sloveniacyclingholidays.com\/\" target=\"_blank\" rel=\"noreferrer noopener\">SYKKELFERIE I SLOVENIA<\/a><\/strong><\/h2>\n\n\n\n<p>Cycling Holidays Slovenia er et fremadstormende reisebyr\u00e5 som har som m\u00e5l \u00e5 gi kundene sine muligheten til \u00e5 oppleve Slovenias mangfoldige landskap p\u00e5 sykkel.<\/p>\n\n\n\n<h2 class=\"partners-h2\"><strong><a href=\"https:\/\/huttohuthikingslovenia.com\/\" target=\"_blank\" rel=\"noreferrer noopener\">FOTTURER FRA HYTTE TIL HYTTE SLOVENIA<\/a><\/strong><\/h2>\n\n\n\n<p>Guidede og selvguidede fotturer p\u00e5 fjellstier med utsikt over alpetoppene og den omkringliggende naturen, hvile i hytter og nyte hjemmelagde retter.&nbsp;<\/p>\n\n\n\n<h2 class=\"partners-h2\"><strong><a href=\"https:\/\/walking-holidays-slovenia.com\/\" target=\"_blank\" rel=\"noreferrer noopener\">VANDREFERIE SLOVENIA<\/a><\/strong><\/h2>\n\n\n\n<p>Fotturene er designet for \u00e5 ta gjestene gjennom Slovenias gr\u00f8nne landskap, frodige daler og smaragdgr\u00f8nne elver med fjell i bakgrunnen.<\/p>\n\n\n\n<h2 class=\"partners-h2\"><strong><a href=\"https:\/\/hvarstagdo.com\/\" target=\"_blank\" rel=\"noreferrer noopener\">HVAR STAG DO<\/a><\/strong><\/h2>\n\n\n\n<p>Det beste stedet \u00e5 organisere en uforglemmelig utdrikningslag p\u00e5 den utrolige \u00f8ya Hvar for \u00e5 gi vennen din noen siste netter med fest f\u00f8r han gifter seg.<\/p>\n\n\n\n<h2 class=\"partners-h2\"><strong><a href=\"https:\/\/croatiatunafishing.com\/\" target=\"_blank\" rel=\"noreferrer noopener\">TUNFISKFISKE I KROATIEN<\/a><\/strong><\/h2>\n\n\n\n<p>Storviltfiskecharter langs hele Kroatias kystlinje med en uforglemmelig fiskeopplevelse der du kan fange de st\u00f8rste rovdyrene i Adriaterhavet.<\/p>","protected":false},"excerpt":{"rendered":"<p>Bj\u00f8rnesafari i Slovenia Opplev spenningen ved \u00e5 se p\u00e5 bj\u00f8rn i Slovenias uber\u00f8rte naturskoger. F\u00f8lg en ekspert p\u00e5 dyreliv dypt inn i skogen, der du m\u00f8ter Slovenias opprinnelige brunbj\u00f8rn gjennom de store vinduene i en trygg utkikkspost i tre - perfekt for \u00e5 ta fantastiske bilder FARM LIFE SLOVENIA Tilbring en dag p\u00e5 en... <a href=\"https:\/\/fishing-guides-slovenia.com\/nb\/partners\/\">Fortsettelse<\/a><\/p>","protected":false},"author":46,"featured_media":0,"parent":0,"menu_order":23,"comment_status":"open","ping_status":"open","template":"","meta":{"footnotes":""},"class_list":["post-571","page","type-page","status-publish","hentry"],"acf":{"page_subheading":""},"_links":{"self":[{"href":"https:\/\/fishing-guides-slovenia.com\/nb\/wp-json\/wp\/v2\/pages\/571","targetHints":{"allow":["GET"]}}],"collection":[{"href":"https:\/\/fishing-guides-slovenia.com\/nb\/wp-json\/wp\/v2\/pages"}],"about":[{"href":"https:\/\/fishing-guides-slovenia.com\/nb\/wp-json\/wp\/v2\/types\/page"}],"author":[{"embeddable":true,"href":"https:\/\/fishing-guides-slovenia.com\/nb\/wp-json\/wp\/v2\/users\/46"}],"replies":[{"embeddable":true,"href":"https:\/\/fishing-guides-slovenia.com\/nb\/wp-json\/wp\/v2\/comments?post=571"}],"version-history":[{"count":0,"href":"https:\/\/fishing-guides-slovenia.com\/nb\/wp-json\/wp\/v2\/pages\/571\/revisions"}],"wp:attachment":[{"href":"https:\/\/fishing-guides-slovenia.com\/nb\/wp-json\/wp\/v2\/media?parent=571"}],"curies":[{"name":"wp","href":"https:\/\/api.w.org\/{rel}","templated":true}]}}